{"id":3287,"date":"2025-02-07T21:17:04","date_gmt":"2025-02-07T14:17:04","guid":{"rendered":"http:\/\/royalstone.com.vn\/?post_type=product&#038;p=3287"},"modified":"2025-03-09T21:03:37","modified_gmt":"2025-03-09T14:03:37","slug":"vicostone-white-fusion-bq8825","status":"publish","type":"product","link":"https:\/\/royalstone.com.vn\/en\/vicostone-white-fusion-bq8825\/","title":{"rendered":"Vicostone White Fusion BQ8825"},"content":{"rendered":"<h2>White Fusion BQ8825<\/h2>\n<p>Thu\u1ed9c B\u1ed9 s\u01b0u t\u1eadp Exotic cao c\u1ea5p, n\u01a1i nh\u1eefng thi\u1ebft k\u1ebf \u0111\u1ed9c \u0111\u00e1o, tinh t\u1ebf v\u00e0 qu\u00fd ph\u00e1i \u0111\u01b0\u1ee3c t\u00e1i hi\u1ec7n t\u1eeb \u0111\u00e1 t\u1ef1 nhi\u00ean v\u00e0 v\u1ebb \u0111\u1eb9p v\u00f4 gi\u00e1 c\u1ee7a thi\u00ean nhi\u00ean, White Fusion BQ8825 c\u1ee7a <b><a href=\"https:\/\/royalstone.com.vn\/en\/vicostone-denali-bq2605\/\">Vicostone<\/a><\/b> n\u1ed5i b\u1eadt v\u1edbi nh\u1eefng \u0111\u01b0\u1eddng v\u00e2n x\u00e1m v\u1ea7n v\u0169, h\u00f2a quy\u1ec7n v\u00e0o nhau t\u1ea1o th\u00e0nh nh\u1eefng v\u00f2ng xo\u00e1y nh\u01b0 con m\u1eaft b\u00e3o. Hi\u1ec7u \u1ee9ng chuy\u1ec3n ti\u1ebfp nh\u1eb9 nh\u00e0ng v\u00e0 t\u1ef1 nhi\u00ean gi\u1eefa v\u00e2n v\u00e0 n\u1ec1n \u0111\u00e1 c\u00e0ng l\u00e0m t\u0103ng th\u00eam v\u1ebb \u0111\u1eb9p \u0111\u1ed9c \u0111\u00e1o cho s\u1ea3n ph\u1ea9m.<\/p>\n<h2>T\u1eeb B\u1ed9 s\u01b0u t\u1eadp Exotic<\/h2>\n<p>B\u1ed9 s\u01b0u t\u1eadp cao c\u1ea5p Exotic t\u00e1i t\u1ea1o nh\u1eefng thi\u1ebft k\u1ebf \u0111\u1ed9c \u0111\u00e1o, tinh t\u1ebf, qu\u00fd ph\u00e1i kh\u00f4ng ch\u1ec9 c\u1ee7a c\u00e1c s\u1ea3n ph\u1ea9m \u0111\u00e1 t\u1ef1 nhi\u00ean m\u00e0 c\u00f2n t\u1eeb nh\u1eefng v\u1ebb \u0111\u1eb9p v\u00f4 gi\u00e1 c\u1ee7a thi\u00ean nhi\u00ean, l\u00e0 ngu\u1ed3n c\u1ea3m h\u1ee9ng b\u1ea5t t\u1eadn cho m\u1ecdi s\u00e1ng t\u1ea1o.<\/p>\n<figure id=\"attachment_3288\" aria-describedby=\"caption-attachment-3288\" style=\"width: 441px\" class=\"wp-caption alignnone\"><img decoding=\"async\" class=\"size-full wp-image-3288\" src=\"http:\/\/royalstone.com.vn\/wp-content\/uploads\/2025\/02\/BQ8825.png\" alt=\"Bq8825\" width=\"441\" height=\"349\" title=\"\" srcset=\"https:\/\/royalstone.com.vn\/wp-content\/uploads\/2025\/02\/BQ8825.png 441w, https:\/\/royalstone.com.vn\/wp-content\/uploads\/2025\/02\/BQ8825-300x237.png 300w, https:\/\/royalstone.com.vn\/wp-content\/uploads\/2025\/02\/BQ8825-15x12.png 15w\" sizes=\"(max-width: 441px) 100vw, 441px\" \/><figcaption id=\"caption-attachment-3288\" class=\"wp-caption-text\">Bq8825<\/figcaption><\/figure>\n<p>Nh\u1eefng ng\u01b0\u1eddi con tr\u00ean m\u1ea3nh \u0111\u1ea5t h\u00ecnh ch\u1eef S n\u00e0y d\u01b0\u1eddng nh\u01b0 \u0111\u00e3 qu\u00e1 quen thu\u1ed9c v\u1edbi nh\u1eefng m\u00f9a b\u00e3o v\u1ec1, ng\u01b0\u1eddi ta s\u1ed1ng chung v\u1edbi n\u00f3 b\u1eb1ng s\u1ef1 ch\u1ecbu \u0111\u1ef1ng xen l\u1eabn s\u1ee3 h\u00e3i. Nh\u01b0ng tr\u01b0\u1edbc kho\u1ea3nh kh\u1eafc nghi\u1ec7t ng\u00e3 \u0111\u00f3 c\u1ee7a thi\u00ean nhi\u00ean, nh\u1eefng ng\u01b0\u1eddi Vicostone l\u1ea1i \u0111\u1ed1i di\u1ec7n v\u1edbi m\u1ed9t t\u00e2m th\u1ebf kh\u00e1c. S\u1ed1ng trong m\u1eaft b\u00e3o c\u1ee7a nh\u1eefng tr\u1eadn cu\u1ed3ng phong v\u1edbi ngu\u1ed3n n\u0103ng l\u01b0\u1ee3ng kh\u1ed5ng l\u1ed3, h\u1ecd nh\u1eadn th\u1ea5y m\u1ed9t v\u1ebb \u0111\u1eb9p r\u1ea5t l\u1ea1 c\u1ee7a t\u1ef1 nhi\u00ean, l\u00e0 h\u00ecnh \u1ea3nh nh\u1eefng c\u01a1n b\u00e3o khi nh\u00ecn t\u1eeb m\u1ed9t \u0111i\u1ec3m th\u1eadt xa m\u1eb7t \u0111\u1ea5t, th\u00f4i th\u00fac ni\u1ec1m c\u1ea3m h\u1ee9ng \u0111\u1ec3 s\u00e1ng t\u1ea1o ra d\u00f2ng s\u1ea3n ph\u1ea9m White Fusion BQ8825 v\u1edbi v\u0169 \u0111i\u1ec7u v\u1ea7n v\u0169 c\u1ee7a thi\u00ean nhi\u00ean.<\/p>","protected":false},"excerpt":{"rendered":"<div class=\"product-top clearfix\">\n<h1 class=\"title-head\">Vicostone White Fusion BQ8825<\/h1>\n<div class=\"sku-product clearfix\">\n<div class=\"item-sku\">SKU:\u00a0<span class=\"variant-sku\">BQ8825<\/span><\/div>\n<div class=\"item-sku\">\u00a0Th\u01b0\u01a1ng hi\u1ec7u:\u00a0<span class=\"vendor\">VICOSTONE<\/span><\/div>\n<\/div>\n<\/div>\n<div class=\"product-detail-price\">\n<div class=\"price-box clearfix\">\n<div class=\"special-price\"><span class=\"price product-price\">10.500.000\u20ab<\/span><\/div>\n<\/div>\n<div class=\"inventory_quantity\"><span class=\"stock-brand-title\">T\u00ecnh tr\u1ea1ng:<\/span>\u00a0<span class=\"a-stock a2\">C\u00f2n h\u00e0ng<\/span><\/div>\n<div class=\"evo-product-summary product_description margin-bottom-10\">\n<div class=\"rte description rte-summary\">\n<h2>Th\u00f4ng s\u1ed1 k\u1ef9 thu\u1eadt<\/h2>\n<p>KH\u1ed4 K\u00cdCH TH\u01af\u1edaC C\u1ee6A T\u1ea4M \u0110\u00c1<\/p>\n<p>K\u00edch th\u01b0\u1edbc ti\u00eau chu\u1ea9n (normal size) 143cm x 303cm (119\u201d x 56\u201d)<\/p>\n<p>K\u00edch th\u01b0\u1edbc kh\u1ed5 l\u1edbn (jumbo size) 330cm x 165cm (130\u201d x 65\u201d)<\/p>\n<p>\u0110\u1ed8 D\u00c0Y TI\u00caU CHU\u1ea8N<\/p>\n<p>12mm (1\/2\u201d)<br \/>\n20mm (3\/4\u201d)<br \/>\n30mm (1 1\/6\u201d)<\/p>\n<p>C\u00c1C LO\u1ea0I B\u1ec0 M\u1eb6T<\/p>\n<p>Polished<\/p>\n<\/div>\n<\/div>\n<\/div>","protected":false},"featured_media":3288,"comment_status":"closed","ping_status":"closed","template":"","meta":{"inline_featured_image":false},"product_cat":[101],"product_tag":[],"class_list":{"0":"post-3287","1":"product","2":"type-product","3":"status-publish","4":"has-post-thumbnail","6":"product_cat-vicostone-nhom-e","8":"first","9":"instock","10":"shipping-taxable","11":"purchasable","12":"product-type-simple"},"_links":{"self":[{"href":"https:\/\/royalstone.com.vn\/en\/wp-json\/wp\/v2\/product\/3287","targetHints":{"allow":["GET"]}}],"collection":[{"href":"https:\/\/royalstone.com.vn\/en\/wp-json\/wp\/v2\/product"}],"about":[{"href":"https:\/\/royalstone.com.vn\/en\/wp-json\/wp\/v2\/types\/product"}],"replies":[{"embeddable":true,"href":"https:\/\/royalstone.com.vn\/en\/wp-json\/wp\/v2\/comments?post=3287"}],"wp:featuredmedia":[{"embeddable":true,"href":"https:\/\/royalstone.com.vn\/en\/wp-json\/wp\/v2\/media\/3288"}],"wp:attachment":[{"href":"https:\/\/royalstone.com.vn\/en\/wp-json\/wp\/v2\/media?parent=3287"}],"wp:term":[{"taxonomy":"product_cat","embeddable":true,"href":"https:\/\/royalstone.com.vn\/en\/wp-json\/wp\/v2\/product_cat?post=3287"},{"taxonomy":"product_tag","embeddable":true,"href":"https:\/\/royalstone.com.vn\/en\/wp-json\/wp\/v2\/product_tag?post=3287"}],"curies":[{"name":"wp","href":"https:\/\/api.w.org\/{rel}","templated":true}]}}