{"id":3283,"date":"2025-02-07T21:14:41","date_gmt":"2025-02-07T14:14:41","guid":{"rendered":"http:\/\/royalstone.com.vn\/?post_type=product&#038;p=3283"},"modified":"2025-03-09T21:03:39","modified_gmt":"2025-03-09T14:03:39","slug":"vicostone-arabescato-bq8912","status":"publish","type":"product","link":"https:\/\/royalstone.com.vn\/en\/vicostone-arabescato-bq8912\/","title":{"rendered":"Vicostone Arabescato BQ8912"},"content":{"rendered":"<h2>Arabescato BQ8912<\/h2>\n<p>L\u1ea5y c\u1ea3m h\u1ee9ng t\u1eeb Calacatta, d\u00f2ng \u0111\u00e1 c\u1ea9m th\u1ea1ch n\u1ed5i ti\u1ebfng c\u1ee7a \u00dd \u0111\u01b0\u1ee3c m\u1ec7nh danh l\u00e0 &#8220;n\u1eef ho\u00e0ng c\u1ee7a \u0111\u00e1 t\u1ef1 nhi\u00ean&#8221;, <b><a href=\"https:\/\/royalstone.com.vn\/en\/vicostone-denali-bq2605\/\">Vicostone<\/a><\/b> Arabescato BQ8912 \u0111\u01b0\u1ee3c thi\u1ebft k\u1ebf l\u1ea1i m\u1ed9t c\u00e1ch tinh t\u1ebf v\u00e0 sang tr\u1ecdng. Tr\u00ean n\u1ec1n c\u1ea9m th\u1ea1ch tr\u1eafng, nh\u1eefng \u0111\u01b0\u1eddng v\u00e2n x\u00e1m \u1ea5m thanh tho\u00e1t v\u00e0 nh\u1eb9 nh\u00e0ng k\u1ebft h\u1ee3p c\u00f9ng c\u00e1c \u0111\u01b0\u1eddng v\u00e2n ph\u1ee5 h\u00e0i h\u00f2a, t\u1ea1o n\u00ean m\u1ed9t v\u1ebb \u0111\u1eb9p quy\u1ebfn r\u0169 v\u00e0 \u0111\u1ed9c \u0111\u00e1o.<\/p>\n<h2>T\u1eeb B\u1ed9 s\u01b0u t\u1eadp Exotic<\/h2>\n<p>Thu\u1ed9c B\u1ed9 s\u01b0u t\u1eadp Exotic cao c\u1ea5p, n\u01a1i nh\u1eefng thi\u1ebft k\u1ebf \u0111\u1ed9c \u0111\u00e1o, tinh t\u1ebf v\u00e0 qu\u00fd ph\u00e1i \u0111\u01b0\u1ee3c t\u00e1i hi\u1ec7n t\u1eeb \u0111\u00e1 t\u1ef1 nhi\u00ean v\u00e0 v\u1ebb \u0111\u1eb9p v\u00f4 gi\u00e1 c\u1ee7a thi\u00ean nhi\u00ean, Arabescato BQ8912 l\u00e0 k\u1ebft tinh c\u1ee7a ngu\u1ed3n c\u1ea3m h\u1ee9ng b\u1ea5t t\u1eadn cho m\u1ecdi s\u00e1ng t\u1ea1o.<\/p>\n<figure id=\"attachment_3284\" aria-describedby=\"caption-attachment-3284\" style=\"width: 442px\" class=\"wp-caption alignnone\"><img decoding=\"async\" class=\"size-full wp-image-3284\" src=\"http:\/\/royalstone.com.vn\/wp-content\/uploads\/2025\/02\/BQ8912.png\" alt=\"Bq8912\" width=\"442\" height=\"350\" title=\"\" srcset=\"https:\/\/royalstone.com.vn\/wp-content\/uploads\/2025\/02\/BQ8912.png 442w, https:\/\/royalstone.com.vn\/wp-content\/uploads\/2025\/02\/BQ8912-300x238.png 300w, https:\/\/royalstone.com.vn\/wp-content\/uploads\/2025\/02\/BQ8912-15x12.png 15w\" sizes=\"(max-width: 442px) 100vw, 442px\" \/><figcaption id=\"caption-attachment-3284\" class=\"wp-caption-text\">Bq8912<\/figcaption><\/figure>\n<p>V\u00f9ng \u0111\u1ea5t Carrara \u2013 \u00dd l\u00e0 c\u1ed9i ngu\u1ed3n c\u1ee7a nh\u1eefng phi\u1ebfn \u0111\u00e1 Calacatta tuy\u1ec7t \u0111\u1eb9p. V\u1ebb \u0111\u1eb9p quy\u1ebfn r\u0169, ki\u00eau sa v\u00e0 qu\u00fd hi\u1ebfm c\u1ee7a d\u00f2ng \u0111\u00e1 n\u00e0y lu\u00f4n l\u00e0 ngu\u1ed3n c\u1ea3m h\u1ee9ng cho nh\u1eefng ng\u01b0\u1eddi kh\u00e1t v\u1ecdng t\u1ea1o ra nh\u1eefng t\u1ea5m <b><a href=\"https:\/\/royalstone.com.vn\/en\/da-nung-ket-ve-dep-hoan-hao-cho-khong-gian\/\">\u0111\u00e1 nh\u00e2n t\u1ea1o<\/a><\/b> gi\u1eef l\u1ea1i v\u1eb9n nguy\u00ean v\u1ebb \u0111\u1eb9p \u0111\u00f3. Vicostone t\u1ef1 h\u00e0o l\u00e0 nh\u1eefng ng\u01b0\u1eddi ti\u00ean phong ph\u00e1t tri\u1ec3n v\u00e0 s\u1ea3n xu\u1ea5t th\u00e0nh c\u00f4ng s\u1ea3n ph\u1ea9m Calacatta BQ8270 v\u00e0 Arabescato BQ8912.&#8221;<\/p>","protected":false},"excerpt":{"rendered":"<h2>Th\u00f4ng s\u1ed1 k\u1ef9 thu\u1eadt<\/h2>\n<p>KH\u1ed4 K\u00cdCH TH\u01af\u1edaC C\u1ee6A T\u1ea4M \u0110\u00c1<\/p>\n<p>K\u00edch th\u01b0\u1edbc ti\u00eau chu\u1ea9n (normal size) 303cm x 143cm (119\u201d x 56\u201d)<br \/>\nK\u00edch th\u01b0\u1edbc kh\u1ed5 l\u1edbn (jumbo size) 330cm x 165cm (130\u201d x 65\u201d)<\/p>\n<p>\u0110\u1ed8 D\u00c0Y TI\u00caU CHU\u1ea8N<\/p>\n<p>12mm (1\/2\u201d)<br \/>\n20mm (3\/4\u201d)<br \/>\n30mm (1 1\/6\u201d)<\/p>\n<p>C\u00c1C LO\u1ea0I B\u1ec0 M\u1eb6T<\/p>\n<p>Polished<\/p>","protected":false},"featured_media":3284,"comment_status":"closed","ping_status":"closed","template":"","meta":{"inline_featured_image":false},"product_cat":[101],"product_tag":[],"class_list":{"0":"post-3283","1":"product","2":"type-product","3":"status-publish","4":"has-post-thumbnail","6":"product_cat-vicostone-nhom-e","8":"first","9":"instock","10":"shipping-taxable","11":"purchasable","12":"product-type-simple"},"_links":{"self":[{"href":"https:\/\/royalstone.com.vn\/en\/wp-json\/wp\/v2\/product\/3283","targetHints":{"allow":["GET"]}}],"collection":[{"href":"https:\/\/royalstone.com.vn\/en\/wp-json\/wp\/v2\/product"}],"about":[{"href":"https:\/\/royalstone.com.vn\/en\/wp-json\/wp\/v2\/types\/product"}],"replies":[{"embeddable":true,"href":"https:\/\/royalstone.com.vn\/en\/wp-json\/wp\/v2\/comments?post=3283"}],"wp:featuredmedia":[{"embeddable":true,"href":"https:\/\/royalstone.com.vn\/en\/wp-json\/wp\/v2\/media\/3284"}],"wp:attachment":[{"href":"https:\/\/royalstone.com.vn\/en\/wp-json\/wp\/v2\/media?parent=3283"}],"wp:term":[{"taxonomy":"product_cat","embeddable":true,"href":"https:\/\/royalstone.com.vn\/en\/wp-json\/wp\/v2\/product_cat?post=3283"},{"taxonomy":"product_tag","embeddable":true,"href":"https:\/\/royalstone.com.vn\/en\/wp-json\/wp\/v2\/product_tag?post=3283"}],"curies":[{"name":"wp","href":"https:\/\/api.w.org\/{rel}","templated":true}]}}