{"id":3275,"date":"2025-02-07T21:11:14","date_gmt":"2025-02-07T14:11:14","guid":{"rendered":"http:\/\/royalstone.com.vn\/?post_type=product&#038;p=3275"},"modified":"2025-03-11T09:34:58","modified_gmt":"2025-03-11T02:34:58","slug":"vicostone-amarcord-bq9500","status":"publish","type":"product","link":"https:\/\/royalstone.com.vn\/en\/vicostone-amarcord-bq9500\/","title":{"rendered":"Vicostone Amarcord BQ9500"},"content":{"rendered":"<h2>\u0110\u00e1 Vicostone Amarcord BQ9500<\/h2>\n<p><b><a href=\"https:\/\/royalstone.com.vn\/en\/vicostone-denali-bq2605\/\">Vicostone<\/a><\/b> Amarcord BQ9500 l\u00e0 s\u1ef1 k\u1ebft h\u1ee3p ho\u00e0n h\u1ea3o gi\u1eefa v\u1ebb \u0111\u1eb9p t\u1ef1 nhi\u00ean c\u1ee7a \u0111\u00e1 Calacatta Amarcord v\u00e0 s\u1ef1 sang tr\u1ecdng, tinh t\u1ebf.<\/p>\n<h2>T\u1eeb B\u1ed9 s\u01b0u t\u1eadp Exotic<\/h2>\n<p>L\u1ea5y c\u1ea3m h\u1ee9ng t\u1eeb v\u1ebb \u0111\u1eb9p t\u1ef1 nhi\u00ean c\u1ee7a \u0111\u00e1 Calacatta Amarcord, Vicostone Amarcord BQ9500 mang \u0111\u1ebfn m\u1ed9t thi\u1ebft k\u1ebf \u0111\u1ed9c \u0111\u00e1o v\u1edbi n\u1ec1n \u0111\u00e1 c\u1ea9m th\u1ea1ch tr\u1eafng tinh kh\u00f4i k\u1ebft h\u1ee3p c\u00f9ng hoa v\u0103n v\u00e2n x\u00e1m n\u00e2u m\u1ea1nh m\u1ebd v\u00e0 th\u1eddi th\u01b0\u1ee3ng. S\u1ea3n ph\u1ea9m thu\u1ed9c B\u1ed9 s\u01b0u t\u1eadp Exotic cao c\u1ea5p, n\u01a1i nh\u1eefng thi\u1ebft k\u1ebf \u0111\u1ed9c \u0111\u00e1o, tinh t\u1ebf v\u00e0 qu\u00fd ph\u00e1i \u0111\u01b0\u1ee3c t\u00e1i hi\u1ec7n t\u1eeb v\u1ebb \u0111\u1eb9p v\u00f4 gi\u00e1 c\u1ee7a thi\u00ean nhi\u00ean, ngu\u1ed3n c\u1ea3m h\u1ee9ng b\u1ea5t t\u1eadn cho m\u1ecdi s\u00e1ng t\u1ea1o.<\/p>\n<figure id=\"attachment_3276\" aria-describedby=\"caption-attachment-3276\" style=\"width: 444px\" class=\"wp-caption alignnone\"><img decoding=\"async\" class=\"size-full wp-image-3276\" src=\"http:\/\/royalstone.com.vn\/wp-content\/uploads\/2025\/02\/BQ9500.png\" alt=\"Bq9500\" width=\"444\" height=\"347\" title=\"\" srcset=\"https:\/\/royalstone.com.vn\/wp-content\/uploads\/2025\/02\/BQ9500.png 444w, https:\/\/royalstone.com.vn\/wp-content\/uploads\/2025\/02\/BQ9500-300x234.png 300w, https:\/\/royalstone.com.vn\/wp-content\/uploads\/2025\/02\/BQ9500-15x12.png 15w\" sizes=\"(max-width: 444px) 100vw, 444px\" \/><figcaption id=\"caption-attachment-3276\" class=\"wp-caption-text\">Bq9500<\/figcaption><\/figure>","protected":false},"excerpt":{"rendered":"<h2>Th\u00f4ng s\u1ed1 k\u1ef9 thu\u1eadt<\/h2>\n<p>KH\u1ed4 K\u00cdCH TH\u01af\u1edaC C\u1ee6A T\u1ea4M \u0110\u00c1<\/p>\n<p>K\u00edch th\u01b0\u1edbc ti\u00eau chu\u1ea9n (normal size) 303cm x 143cm (119\u201d x 56\u201d)<br \/>\nK\u00edch th\u01b0\u1edbc kh\u1ed5 l\u1edbn (jumbo size) 330cm x 165cm (130\u201d x 65\u201d)<\/p>\n<p>\u0110\u1ed8 D\u00c0Y TI\u00caU CHU\u1ea8N<\/p>\n<p>12mm (1\/2\u201d)<br \/>\n20mm (3\/4\u201d)<br \/>\n30mm (1 1\/6\u201d)<\/p>\n<p>C\u00c1C LO\u1ea0I B\u1ec0 M\u1eb6T<\/p>\n<p>Polished<\/p>","protected":false},"featured_media":3276,"comment_status":"closed","ping_status":"closed","template":"","meta":{"inline_featured_image":false},"product_cat":[101],"product_tag":[],"class_list":{"0":"post-3275","1":"product","2":"type-product","3":"status-publish","4":"has-post-thumbnail","6":"product_cat-vicostone-nhom-e","8":"first","9":"instock","10":"shipping-taxable","11":"purchasable","12":"product-type-simple"},"_links":{"self":[{"href":"https:\/\/royalstone.com.vn\/en\/wp-json\/wp\/v2\/product\/3275","targetHints":{"allow":["GET"]}}],"collection":[{"href":"https:\/\/royalstone.com.vn\/en\/wp-json\/wp\/v2\/product"}],"about":[{"href":"https:\/\/royalstone.com.vn\/en\/wp-json\/wp\/v2\/types\/product"}],"replies":[{"embeddable":true,"href":"https:\/\/royalstone.com.vn\/en\/wp-json\/wp\/v2\/comments?post=3275"}],"wp:featuredmedia":[{"embeddable":true,"href":"https:\/\/royalstone.com.vn\/en\/wp-json\/wp\/v2\/media\/3276"}],"wp:attachment":[{"href":"https:\/\/royalstone.com.vn\/en\/wp-json\/wp\/v2\/media?parent=3275"}],"wp:term":[{"taxonomy":"product_cat","embeddable":true,"href":"https:\/\/royalstone.com.vn\/en\/wp-json\/wp\/v2\/product_cat?post=3275"},{"taxonomy":"product_tag","embeddable":true,"href":"https:\/\/royalstone.com.vn\/en\/wp-json\/wp\/v2\/product_tag?post=3275"}],"curies":[{"name":"wp","href":"https:\/\/api.w.org\/{rel}","templated":true}]}}