{"id":3271,"date":"2025-02-07T21:08:33","date_gmt":"2025-02-07T14:08:33","guid":{"rendered":"http:\/\/royalstone.com.vn\/?post_type=product&#038;p=3271"},"modified":"2025-03-09T20:55:47","modified_gmt":"2025-03-09T13:55:47","slug":"vicostone-vitoria-regia-bq6716","status":"publish","type":"product","link":"https:\/\/royalstone.com.vn\/en\/vicostone-vitoria-regia-bq6716\/","title":{"rendered":"Vicostone Vitoria Regia BQ6716"},"content":{"rendered":"<h2>Vitoria Regia BQ6716<\/h2>\n<p>VICOSTONE\u00ae Vitoria Regia\u2122 v\u1edbi nh\u1eefng \u0111\u01b0\u1eddng v\u00e2n tr\u1eafng \u0111an xen tinh t\u1ebf tr\u00ean n\u1ec1n xanh x\u00f4 nh\u1eb9 nh\u00e0ng, g\u1ee3i l\u00ean h\u00ecnh \u1ea3nh d\u00f2ng s\u00f4ng u\u1ed1n l\u01b0\u1ee3n trong khu r\u1eebng nhi\u1ec7t \u0111\u1edbi t\u00ecm ra b\u1edd bi\u1ec3n, mang l\u1ea1i c\u1ea3m gi\u00e1c thi\u00ean nhi\u00ean lan t\u1ecfa trong t\u1eebng kh\u00f4ng gian s\u1ed1ng.<\/p>\n<figure id=\"attachment_3272\" aria-describedby=\"caption-attachment-3272\" style=\"width: 562px\" class=\"wp-caption alignnone\"><img decoding=\"async\" class=\"size-full wp-image-3272\" src=\"http:\/\/royalstone.com.vn\/wp-content\/uploads\/2025\/02\/BQ6716.png\" alt=\"Bq6716\" width=\"562\" height=\"475\" title=\"\" srcset=\"https:\/\/royalstone.com.vn\/wp-content\/uploads\/2025\/02\/BQ6716.png 562w, https:\/\/royalstone.com.vn\/wp-content\/uploads\/2025\/02\/BQ6716-300x254.png 300w, https:\/\/royalstone.com.vn\/wp-content\/uploads\/2025\/02\/BQ6716-14x12.png 14w\" sizes=\"(max-width: 562px) 100vw, 562px\" \/><figcaption id=\"caption-attachment-3272\" class=\"wp-caption-text\">Bq6716<\/figcaption><\/figure>","protected":false},"excerpt":{"rendered":"<h3><strong>Th\u00f4ng s\u1ed1 k\u1ef9 thu\u1eadt<\/strong><\/h3>\n<p>KH\u1ed4 K\u00cdCH TH\u01af\u1edaC C\u1ee6A T\u1ea4M \u0110\u00c1<\/p>\n<p>K\u00edch th\u01b0\u1edbc ti\u00eau chu\u1ea9n (normal size) 303cm x 143cm (119\u201d x 56\u201d)<\/p>\n<p>K\u00edch th\u01b0\u1edbc kh\u1ed5 l\u1edbn (jumbo size) 330cm x 165cm (130\u201d x 65\u201d<\/p>\n<p>\u0110\u1ed8 D\u00c0Y TI\u00caU CHU\u1ea8N<\/p>\n<p>12mm (1\/2\u201d)<br \/>\n20mm (3\/4\u201d)<br \/>\n30mm (1 1\/6\u201d)<\/p>\n<p>C\u00c1C LO\u1ea0I B\u1ec0 M\u1eb6T<\/p>\n<p>Polished<\/p>","protected":false},"featured_media":3272,"comment_status":"closed","ping_status":"closed","template":"","meta":{"inline_featured_image":false},"product_cat":[100],"product_tag":[],"class_list":{"0":"post-3271","1":"product","2":"type-product","3":"status-publish","4":"has-post-thumbnail","6":"product_cat-vicostone-nhom-d","8":"first","9":"instock","10":"shipping-taxable","11":"purchasable","12":"product-type-simple"},"_links":{"self":[{"href":"https:\/\/royalstone.com.vn\/en\/wp-json\/wp\/v2\/product\/3271","targetHints":{"allow":["GET"]}}],"collection":[{"href":"https:\/\/royalstone.com.vn\/en\/wp-json\/wp\/v2\/product"}],"about":[{"href":"https:\/\/royalstone.com.vn\/en\/wp-json\/wp\/v2\/types\/product"}],"replies":[{"embeddable":true,"href":"https:\/\/royalstone.com.vn\/en\/wp-json\/wp\/v2\/comments?post=3271"}],"wp:featuredmedia":[{"embeddable":true,"href":"https:\/\/royalstone.com.vn\/en\/wp-json\/wp\/v2\/media\/3272"}],"wp:attachment":[{"href":"https:\/\/royalstone.com.vn\/en\/wp-json\/wp\/v2\/media?parent=3271"}],"wp:term":[{"taxonomy":"product_cat","embeddable":true,"href":"https:\/\/royalstone.com.vn\/en\/wp-json\/wp\/v2\/product_cat?post=3271"},{"taxonomy":"product_tag","embeddable":true,"href":"https:\/\/royalstone.com.vn\/en\/wp-json\/wp\/v2\/product_tag?post=3271"}],"curies":[{"name":"wp","href":"https:\/\/api.w.org\/{rel}","templated":true}]}}