{"id":3267,"date":"2025-02-07T21:06:59","date_gmt":"2025-02-07T14:06:59","guid":{"rendered":"http:\/\/royalstone.com.vn\/?post_type=product&#038;p=3267"},"modified":"2025-03-09T20:55:54","modified_gmt":"2025-03-09T13:55:54","slug":"vicostone-nefeli-bq6710","status":"publish","type":"product","link":"https:\/\/royalstone.com.vn\/en\/vicostone-nefeli-bq6710\/","title":{"rendered":"Vicostone Nefeli BQ6710"},"content":{"rendered":"<h2>Nefeli BQ6710<\/h2>\n<p>VICOSTONE\u00ae Nefeli\u2122 BQ6710 mang v\u1ebb \u0111\u1eb9p hi\u1ec7n \u0111\u1ea1i v\u00e0 s\u00e2u s\u1eafc, g\u1ee3i nh\u1edb \u0111\u1ebfn d\u00f2ng su\u1ed1i \u1ea9n m\u00ecnh gi\u1eefa r\u1eebng c\u00e2y. Thi\u1ebft k\u1ebf n\u00e0y mang \u0111\u1ebfn c\u1ea3m gi\u00e1c th\u01b0 th\u00e1i v\u00e0 t\u0129nh l\u1eb7ng, gi\u00fap b\u1ea1n t\u1eadn h\u01b0\u1edfng kh\u00f4ng gian y\u00ean b\u00ecnh v\u00e0 th\u01b0 gi\u00e3n.<\/p>\n<figure id=\"attachment_3268\" aria-describedby=\"caption-attachment-3268\" style=\"width: 566px\" class=\"wp-caption alignnone\"><img decoding=\"async\" class=\"size-full wp-image-3268\" src=\"http:\/\/royalstone.com.vn\/wp-content\/uploads\/2025\/02\/BQ6710.png\" alt=\"Bq6710\" width=\"566\" height=\"564\" title=\"\" srcset=\"https:\/\/royalstone.com.vn\/wp-content\/uploads\/2025\/02\/BQ6710.png 566w, https:\/\/royalstone.com.vn\/wp-content\/uploads\/2025\/02\/BQ6710-300x300.png 300w, https:\/\/royalstone.com.vn\/wp-content\/uploads\/2025\/02\/BQ6710-150x150.png 150w, https:\/\/royalstone.com.vn\/wp-content\/uploads\/2025\/02\/BQ6710-12x12.png 12w, https:\/\/royalstone.com.vn\/wp-content\/uploads\/2025\/02\/BQ6710-45x45.png 45w, https:\/\/royalstone.com.vn\/wp-content\/uploads\/2025\/02\/BQ6710-100x100.png 100w\" sizes=\"(max-width: 566px) 100vw, 566px\" \/><figcaption id=\"caption-attachment-3268\" class=\"wp-caption-text\">Bq6710<\/figcaption><\/figure>","protected":false},"excerpt":{"rendered":"<div class=\"product-detail-price\">\n<div class=\"evo-product-summary product_description margin-bottom-10\">\n<div class=\"rte description rte-summary\">\n<h3><strong>Th\u00f4ng s\u1ed1 k\u1ef9 thu\u1eadt<\/strong><\/h3>\n<p>KH\u1ed4 K\u00cdCH TH\u01af\u1edaC C\u1ee6A T\u1ea4M \u0110\u00c1<\/p>\n<p>K\u00edch th\u01b0\u1edbc ti\u00eau chu\u1ea9n (normal size) 303cm x 143cm (119\u201d x 56\u201d)<\/p>\n<p>K\u00edch th\u01b0\u1edbc kh\u1ed5 l\u1edbn (jumbo size) 330cm x 165cm (130\u201d x 65\u201d<\/p>\n<p>\u0110\u1ed8 D\u00c0Y TI\u00caU CHU\u1ea8N<\/p>\n<p>12mm (1\/2\u201d)<br \/>\n20mm (3\/4\u201d)<br \/>\n30mm (1 1\/6\u201d)<\/p>\n<p>C\u00c1C LO\u1ea0I B\u1ec0 M\u1eb6T<\/p>\n<p>Polished<\/p>\n<\/div>\n<\/div>\n<\/div>\n<div class=\"form-product\">\n<form id=\"add-to-cart-form\" class=\"clearfix form-inline has-validation-callback\" action=\"https:\/\/www.dacaocap.vn\/cart\/add\" enctype=\"multipart\/form-data\" method=\"post\" data-trp-original-action=\"https:\/\/www.dacaocap.vn\/cart\/add\">\n<div class=\"clearfix form-group\">\n<div class=\"qty-ant clearfix custom-btn-number\"><\/div>\n<\/div>\n<input type=\"hidden\" name=\"trp-form-language\" value=\"en\"\/><\/form>\n<\/div>","protected":false},"featured_media":3268,"comment_status":"closed","ping_status":"closed","template":"","meta":{"inline_featured_image":false},"product_cat":[100],"product_tag":[],"class_list":{"0":"post-3267","1":"product","2":"type-product","3":"status-publish","4":"has-post-thumbnail","6":"product_cat-vicostone-nhom-d","8":"first","9":"instock","10":"shipping-taxable","11":"purchasable","12":"product-type-simple"},"_links":{"self":[{"href":"https:\/\/royalstone.com.vn\/en\/wp-json\/wp\/v2\/product\/3267","targetHints":{"allow":["GET"]}}],"collection":[{"href":"https:\/\/royalstone.com.vn\/en\/wp-json\/wp\/v2\/product"}],"about":[{"href":"https:\/\/royalstone.com.vn\/en\/wp-json\/wp\/v2\/types\/product"}],"replies":[{"embeddable":true,"href":"https:\/\/royalstone.com.vn\/en\/wp-json\/wp\/v2\/comments?post=3267"}],"wp:featuredmedia":[{"embeddable":true,"href":"https:\/\/royalstone.com.vn\/en\/wp-json\/wp\/v2\/media\/3268"}],"wp:attachment":[{"href":"https:\/\/royalstone.com.vn\/en\/wp-json\/wp\/v2\/media?parent=3267"}],"wp:term":[{"taxonomy":"product_cat","embeddable":true,"href":"https:\/\/royalstone.com.vn\/en\/wp-json\/wp\/v2\/product_cat?post=3267"},{"taxonomy":"product_tag","embeddable":true,"href":"https:\/\/royalstone.com.vn\/en\/wp-json\/wp\/v2\/product_tag?post=3267"}],"curies":[{"name":"wp","href":"https:\/\/api.w.org\/{rel}","templated":true}]}}