{"id":3263,"date":"2025-02-07T21:04:40","date_gmt":"2025-02-07T14:04:40","guid":{"rendered":"http:\/\/royalstone.com.vn\/?post_type=product&#038;p=3263"},"modified":"2025-03-09T20:55:58","modified_gmt":"2025-03-09T13:55:58","slug":"vicostone-matarazzo-bq6712","status":"publish","type":"product","link":"https:\/\/royalstone.com.vn\/en\/vicostone-matarazzo-bq6712\/","title":{"rendered":"Vicostone Matarazzo BQ6712"},"content":{"rendered":"<h2>Matarazzo<\/h2>\n<p>VICOSTONE\u00ae Matarazzo\u2122 mang \u0111\u1ebfn v\u1ebb \u0111\u1eb9p t\u1ef1 nhi\u00ean v\u00e0 c\u1ea3m gi\u00e1c th\u01b0 th\u00e1i, l\u1ea5y c\u1ea3m h\u1ee9ng t\u1eeb nh\u1eefng d\u00f2ng th\u00e1c trong r\u1eebng nhi\u1ec7t \u0111\u1edbi. V\u00f4 s\u1ed1 v\u00e2n \u0111\u00e1 nh\u1ecf \u0111an xen gi\u1eefa c\u00e1c t\u1ea7ng m\u00e0u x\u00e1m tr\u1eafng xanh x\u1ebfp ch\u1ed3ng l\u00ean nhau, t\u1ea1o n\u00ean m\u1ed9t hi\u1ec7u \u1ee9ng th\u1ecb gi\u00e1c \u0111\u1ed9c \u0111\u00e1o, mang \u0111\u1ebfn c\u1ea3m gi\u00e1c m\u00e1t l\u1ea1nh v\u00e0 s\u1ea3ng kho\u00e1i nh\u01b0 \u0111ang h\u00f2a m\u00ecnh v\u00e0o thi\u00ean nhi\u00ean.<\/p>\n<figure id=\"attachment_3264\" aria-describedby=\"caption-attachment-3264\" style=\"width: 559px\" class=\"wp-caption alignnone\"><img decoding=\"async\" class=\"size-full wp-image-3264\" src=\"http:\/\/royalstone.com.vn\/wp-content\/uploads\/2025\/02\/BQ6712.png\" alt=\"Bq6712\" width=\"559\" height=\"563\" title=\"\" srcset=\"https:\/\/royalstone.com.vn\/wp-content\/uploads\/2025\/02\/BQ6712.png 559w, https:\/\/royalstone.com.vn\/wp-content\/uploads\/2025\/02\/BQ6712-298x300.png 298w, https:\/\/royalstone.com.vn\/wp-content\/uploads\/2025\/02\/BQ6712-150x150.png 150w, https:\/\/royalstone.com.vn\/wp-content\/uploads\/2025\/02\/BQ6712-12x12.png 12w, https:\/\/royalstone.com.vn\/wp-content\/uploads\/2025\/02\/BQ6712-45x45.png 45w, https:\/\/royalstone.com.vn\/wp-content\/uploads\/2025\/02\/BQ6712-100x100.png 100w\" sizes=\"(max-width: 559px) 100vw, 559px\" \/><figcaption id=\"caption-attachment-3264\" class=\"wp-caption-text\">Bq6712<\/figcaption><\/figure>","protected":false},"excerpt":{"rendered":"<p>Matarazzo VICOSTONE\u00ae Matarazzo\u2122 mang \u0111\u1ebfn v\u1ebb \u0111\u1eb9p t\u1ef1 nhi\u00ean v\u00e0 c\u1ea3m gi\u00e1c th\u01b0 th\u00e1i, l\u1ea5y c\u1ea3m h\u1ee9ng t\u1eeb nh\u1eefng d\u00f2ng th\u00e1c trong r\u1eebng nhi\u1ec7t \u0111\u1edbi. V\u00f4 s\u1ed1 v\u00e2n \u0111\u00e1 nh\u1ecf \u0111an xen gi\u1eefa c\u00e1c t\u1ea7ng m\u00e0u x\u00e1m tr\u1eafng xanh x\u1ebfp ch\u1ed3ng l\u00ean nhau, t\u1ea1o n\u00ean m\u1ed9t hi\u1ec7u \u1ee9ng th\u1ecb gi\u00e1c \u0111\u1ed9c \u0111\u00e1o, mang \u0111\u1ebfn c\u1ea3m&#8230;<\/p>","protected":false},"featured_media":3264,"comment_status":"closed","ping_status":"closed","template":"","meta":{"inline_featured_image":false},"product_cat":[100],"product_tag":[],"class_list":{"0":"post-3263","1":"product","2":"type-product","3":"status-publish","4":"has-post-thumbnail","6":"product_cat-vicostone-nhom-d","8":"first","9":"instock","10":"shipping-taxable","11":"purchasable","12":"product-type-simple"},"_links":{"self":[{"href":"https:\/\/royalstone.com.vn\/en\/wp-json\/wp\/v2\/product\/3263","targetHints":{"allow":["GET"]}}],"collection":[{"href":"https:\/\/royalstone.com.vn\/en\/wp-json\/wp\/v2\/product"}],"about":[{"href":"https:\/\/royalstone.com.vn\/en\/wp-json\/wp\/v2\/types\/product"}],"replies":[{"embeddable":true,"href":"https:\/\/royalstone.com.vn\/en\/wp-json\/wp\/v2\/comments?post=3263"}],"wp:featuredmedia":[{"embeddable":true,"href":"https:\/\/royalstone.com.vn\/en\/wp-json\/wp\/v2\/media\/3264"}],"wp:attachment":[{"href":"https:\/\/royalstone.com.vn\/en\/wp-json\/wp\/v2\/media?parent=3263"}],"wp:term":[{"taxonomy":"product_cat","embeddable":true,"href":"https:\/\/royalstone.com.vn\/en\/wp-json\/wp\/v2\/product_cat?post=3263"},{"taxonomy":"product_tag","embeddable":true,"href":"https:\/\/royalstone.com.vn\/en\/wp-json\/wp\/v2\/product_tag?post=3263"}],"curies":[{"name":"wp","href":"https:\/\/api.w.org\/{rel}","templated":true}]}}