{"id":3259,"date":"2025-02-07T21:02:53","date_gmt":"2025-02-07T14:02:53","guid":{"rendered":"http:\/\/royalstone.com.vn\/?post_type=product&#038;p=3259"},"modified":"2025-03-09T20:56:05","modified_gmt":"2025-03-09T13:56:05","slug":"vicostone-statuario-bq8628","status":"publish","type":"product","link":"https:\/\/royalstone.com.vn\/en\/vicostone-statuario-bq8628\/","title":{"rendered":"Vicostone Statuario BQ8628"},"content":{"rendered":"<h2>Statuario BQ8628<\/h2>\n<p>Thu\u1ed9c B\u1ed9 s\u01b0u t\u1eadp Exotic cao c\u1ea5p, n\u01a1i nh\u1eefng thi\u1ebft k\u1ebf \u0111\u1ed9c \u0111\u00e1o, tinh t\u1ebf v\u00e0 qu\u00fd ph\u00e1i \u0111\u01b0\u1ee3c t\u00e1i hi\u1ec7n t\u1eeb \u0111\u00e1 t\u1ef1 nhi\u00ean v\u00e0 v\u1ebb \u0111\u1eb9p v\u00f4 gi\u00e1 c\u1ee7a thi\u00ean nhi\u00ean, Statuario BQ8628 c\u1ee7a <b><a href=\"https:\/\/royalstone.com.vn\/en\/vicostone-denali-bq2605\/\">Vicostone<\/a><\/b> m\u00f4 ph\u1ecfng d\u00f2ng ch\u1ea3y c\u1ee7a nh\u1eefng d\u00f2ng s\u00f4ng tr\u00ean n\u1ec1n tuy\u1ebft tr\u1eafng tuy\u1ec7t \u0111\u1ed1i. \u0110i\u1ec3m \u0111\u1eb7c bi\u1ec7t l\u00e0 nh\u1eefng d\u00f2ng s\u00f4ng kh\u00f4ng ch\u1ec9 \u0111\u01a1n \u0111i\u1ec7u m\u00e0 tr\u1edf n\u00ean ph\u00e1 c\u00e1ch v\u1edbi d\u1ea1ng v\u00e2n l\u01b0\u1edbi, nh\u01b0 h\u00ecnh \u1ea3nh nh\u1eefng kh\u1ed1i \u0111\u00e1 l\u1edbn ph\u1ee7 tuy\u1ebft tr\u1eafng gi\u1eefa d\u00f2ng ch\u1ea3y xi\u1ebft.<\/p>\n<h2>T\u1eeb B\u1ed9 s\u01b0u t\u1eadp Exotic<\/h2>\n<p>B\u1ed9 s\u01b0u t\u1eadp cao c\u1ea5p Exotic t\u00e1i t\u1ea1o nh\u1eefng thi\u1ebft k\u1ebf \u0111\u1ed9c \u0111\u00e1o, tinh t\u1ebf, qu\u00fd ph\u00e1i kh\u00f4ng ch\u1ec9 c\u1ee7a c\u00e1c s\u1ea3n ph\u1ea9m \u0111\u00e1 t\u1ef1 nhi\u00ean m\u00e0 c\u00f2n t\u1eeb nh\u1eefng v\u1ebb \u0111\u1eb9p v\u00f4 gi\u00e1 c\u1ee7a thi\u00ean nhi\u00ean, l\u00e0 ngu\u1ed3n c\u1ea3m h\u1ee9ng b\u1ea5t t\u1eadn cho m\u1ecdi s\u00e1ng t\u1ea1o.<\/p>\n<figure id=\"attachment_3260\" aria-describedby=\"caption-attachment-3260\" style=\"width: 442px\" class=\"wp-caption alignnone\"><img decoding=\"async\" class=\"size-full wp-image-3260\" src=\"http:\/\/royalstone.com.vn\/wp-content\/uploads\/2025\/02\/BQ8628.png\" alt=\"Bq8628\" width=\"442\" height=\"347\" title=\"\" srcset=\"https:\/\/royalstone.com.vn\/wp-content\/uploads\/2025\/02\/BQ8628.png 442w, https:\/\/royalstone.com.vn\/wp-content\/uploads\/2025\/02\/BQ8628-300x236.png 300w, https:\/\/royalstone.com.vn\/wp-content\/uploads\/2025\/02\/BQ8628-15x12.png 15w\" sizes=\"(max-width: 442px) 100vw, 442px\" \/><figcaption id=\"caption-attachment-3260\" class=\"wp-caption-text\">Bq8628<\/figcaption><\/figure>\n<p>L\u1ea5y c\u1ea3m h\u1ee9ng t\u1eeb v\u1ebb \u0111\u1eb9p c\u1ee7a qu\u1ed1c \u0111\u1ea3o Greenland v\u1edbi nh\u1eefng d\u00f2ng s\u00f4ng b\u0103ng k\u1ef3 v\u0129, Statuario BQ8628 mang \u0111\u1ebfn v\u1ebb \u0111\u1eb9p tinh kh\u00f4i c\u1ee7a tuy\u1ebft tr\u1eafng, m\u00e0u x\u00e1m tro c\u1ee7a th\u1eddi gian v\u00e0 s\u1ef1 huy\u1ec1n \u1ea3o c\u1ee7a d\u00f2ng s\u00f4ng b\u0103ng. S\u1ea3n ph\u1ea9m l\u00e0 k\u1ebft tinh c\u1ee7a c\u1ea3m h\u1ee9ng s\u00e1ng t\u1ea1o t\u1eeb v\u1ebb \u0111\u1eb9p quy\u1ebfn r\u0169 c\u1ee7a t\u1ea1o h\u00f3a.<\/p>","protected":false},"excerpt":{"rendered":"<h2>Th\u00f4ng s\u1ed1 k\u1ef9 thu\u1eadt<\/h2>\n<p>KH\u1ed4 K\u00cdCH TH\u01af\u1edaC C\u1ee6A T\u1ea4M \u0110\u00c1<\/p>\n<p>K\u00edch th\u01b0\u1edbc ti\u00eau chu\u1ea9n (normal size) 303cm x 143cm (119\u201d x 56\u201d)<br \/>\nK\u00edch th\u01b0\u1edbc kh\u1ed5 l\u1edbn (jumbo size) 330cm x 165cm (130\u201d x 65\u201d)<\/p>\n<p>\u0110\u1ed8 D\u00c0Y TI\u00caU CHU\u1ea8N<\/p>\n<p>12mm (1\/2\u201d)<br \/>\n20mm (3\/4\u201d)<br \/>\n30mm (1 1\/6\u201d)<\/p>\n<p>C\u00c1C LO\u1ea0I B\u1ec0 M\u1eb6T<\/p>\n<p>Polished<\/p>","protected":false},"featured_media":3260,"comment_status":"closed","ping_status":"closed","template":"","meta":{"inline_featured_image":false},"product_cat":[100],"product_tag":[],"class_list":{"0":"post-3259","1":"product","2":"type-product","3":"status-publish","4":"has-post-thumbnail","6":"product_cat-vicostone-nhom-d","8":"first","9":"instock","10":"shipping-taxable","11":"purchasable","12":"product-type-simple"},"_links":{"self":[{"href":"https:\/\/royalstone.com.vn\/en\/wp-json\/wp\/v2\/product\/3259","targetHints":{"allow":["GET"]}}],"collection":[{"href":"https:\/\/royalstone.com.vn\/en\/wp-json\/wp\/v2\/product"}],"about":[{"href":"https:\/\/royalstone.com.vn\/en\/wp-json\/wp\/v2\/types\/product"}],"replies":[{"embeddable":true,"href":"https:\/\/royalstone.com.vn\/en\/wp-json\/wp\/v2\/comments?post=3259"}],"wp:featuredmedia":[{"embeddable":true,"href":"https:\/\/royalstone.com.vn\/en\/wp-json\/wp\/v2\/media\/3260"}],"wp:attachment":[{"href":"https:\/\/royalstone.com.vn\/en\/wp-json\/wp\/v2\/media?parent=3259"}],"wp:term":[{"taxonomy":"product_cat","embeddable":true,"href":"https:\/\/royalstone.com.vn\/en\/wp-json\/wp\/v2\/product_cat?post=3259"},{"taxonomy":"product_tag","embeddable":true,"href":"https:\/\/royalstone.com.vn\/en\/wp-json\/wp\/v2\/product_tag?post=3259"}],"curies":[{"name":"wp","href":"https:\/\/api.w.org\/{rel}","templated":true}]}}