{"id":3255,"date":"2025-02-07T21:01:21","date_gmt":"2025-02-07T14:01:21","guid":{"rendered":"http:\/\/royalstone.com.vn\/?post_type=product&#038;p=3255"},"modified":"2025-03-09T20:56:13","modified_gmt":"2025-03-09T13:56:13","slug":"vicostone-venatino-bq8660","status":"publish","type":"product","link":"https:\/\/royalstone.com.vn\/en\/vicostone-venatino-bq8660\/","title":{"rendered":"Vicostone Venatino BQ8660"},"content":{"rendered":"<h2>Venatino BQ8660<\/h2>\n<p>Venatino\u00a0 c\u1ee7a <b><a href=\"https:\/\/royalstone.com.vn\/en\/vicostone-denali-bq2605\/\">Vicostone<\/a><\/b> n\u1ed5i b\u1eadt v\u1edbi nh\u1eefng \u0111\u01b0\u1eddng v\u00e2n x\u00e1m \u0111an xen, t\u1ea1o th\u00e0nh h\u00ecnh \u1ea3nh nh\u1eefng c\u00e0nh ph\u01b0\u1ee3ng nh\u1eb9 nh\u00e0ng, thanh tho\u00e1t.<\/p>\n<h2>T\u1eeb B\u1ed9 s\u01b0u t\u1eadp Exotic<\/h2>\n<p>Thu\u1ed9c B\u1ed9 s\u01b0u t\u1eadp Exotic cao c\u1ea5p, n\u01a1i nh\u1eefng thi\u1ebft k\u1ebf \u0111\u1ed9c \u0111\u00e1o, tinh t\u1ebf v\u00e0 qu\u00fd ph\u00e1i \u0111\u01b0\u1ee3c t\u00e1i hi\u1ec7n t\u1eeb \u0111\u00e1 t\u1ef1 nhi\u00ean v\u00e0 v\u1ebb \u0111\u1eb9p v\u00f4 gi\u00e1 c\u1ee7a thi\u00ean nhi\u00ean<\/p>\n<figure id=\"attachment_3256\" aria-describedby=\"caption-attachment-3256\" style=\"width: 445px\" class=\"wp-caption alignnone\"><img decoding=\"async\" class=\"size-full wp-image-3256\" src=\"http:\/\/royalstone.com.vn\/wp-content\/uploads\/2025\/02\/BQ8660.png\" alt=\"Bq8660\" width=\"445\" height=\"352\" title=\"\" srcset=\"https:\/\/royalstone.com.vn\/wp-content\/uploads\/2025\/02\/BQ8660.png 445w, https:\/\/royalstone.com.vn\/wp-content\/uploads\/2025\/02\/BQ8660-300x237.png 300w, https:\/\/royalstone.com.vn\/wp-content\/uploads\/2025\/02\/BQ8660-15x12.png 15w\" sizes=\"(max-width: 445px) 100vw, 445px\" \/><figcaption id=\"caption-attachment-3256\" class=\"wp-caption-text\">Bq8660<\/figcaption><\/figure>\n<p>L\u1ea5y c\u1ea3m h\u1ee9ng t\u1eeb nh\u1eefng c\u00e0nh c\u00e2y kh\u1eb3ng khiu soi b\u00f3ng xu\u1ed1ng m\u1eb7t h\u1ed3 G\u01b0\u01a1m v\u00e0o m\u1ed9t bu\u1ed5i s\u00e1ng m\u00f9a \u0111\u00f4ng, Venatino mang \u0111\u1ebfn v\u1ebb \u0111\u1eb9p can tr\u01b0\u1eddng v\u00e0 s\u1ee9c s\u1ed1ng m\u00e3nh li\u1ec7t. S\u1ea3n ph\u1ea9m l\u00e0 k\u1ebft tinh c\u1ee7a c\u1ea3m h\u1ee9ng ngh\u1ec7 thu\u1eadt v\u00e0 t\u00ecnh y\u00eau thi\u00ean nhi\u00ean.<\/p>","protected":false},"excerpt":{"rendered":"<p>Venatino BQ8660 Venatino\u00a0 c\u1ee7a Vicostone n\u1ed5i b\u1eadt v\u1edbi nh\u1eefng \u0111\u01b0\u1eddng v\u00e2n x\u00e1m \u0111an xen, t\u1ea1o th\u00e0nh h\u00ecnh \u1ea3nh nh\u1eefng c\u00e0nh ph\u01b0\u1ee3ng nh\u1eb9 nh\u00e0ng, thanh tho\u00e1t. T\u1eeb B\u1ed9 s\u01b0u t\u1eadp Exotic Thu\u1ed9c B\u1ed9 s\u01b0u t\u1eadp Exotic cao c\u1ea5p, n\u01a1i nh\u1eefng thi\u1ebft k\u1ebf \u0111\u1ed9c \u0111\u00e1o, tinh t\u1ebf v\u00e0 qu\u00fd ph\u00e1i \u0111\u01b0\u1ee3c t\u00e1i hi\u1ec7n t\u1eeb \u0111\u00e1 t\u1ef1 nhi\u00ean&#8230;<\/p>","protected":false},"featured_media":3256,"comment_status":"closed","ping_status":"closed","template":"","meta":{"inline_featured_image":false},"product_cat":[100],"product_tag":[],"class_list":{"0":"post-3255","1":"product","2":"type-product","3":"status-publish","4":"has-post-thumbnail","6":"product_cat-vicostone-nhom-d","8":"first","9":"instock","10":"shipping-taxable","11":"purchasable","12":"product-type-simple"},"_links":{"self":[{"href":"https:\/\/royalstone.com.vn\/en\/wp-json\/wp\/v2\/product\/3255","targetHints":{"allow":["GET"]}}],"collection":[{"href":"https:\/\/royalstone.com.vn\/en\/wp-json\/wp\/v2\/product"}],"about":[{"href":"https:\/\/royalstone.com.vn\/en\/wp-json\/wp\/v2\/types\/product"}],"replies":[{"embeddable":true,"href":"https:\/\/royalstone.com.vn\/en\/wp-json\/wp\/v2\/comments?post=3255"}],"wp:featuredmedia":[{"embeddable":true,"href":"https:\/\/royalstone.com.vn\/en\/wp-json\/wp\/v2\/media\/3256"}],"wp:attachment":[{"href":"https:\/\/royalstone.com.vn\/en\/wp-json\/wp\/v2\/media?parent=3255"}],"wp:term":[{"taxonomy":"product_cat","embeddable":true,"href":"https:\/\/royalstone.com.vn\/en\/wp-json\/wp\/v2\/product_cat?post=3255"},{"taxonomy":"product_tag","embeddable":true,"href":"https:\/\/royalstone.com.vn\/en\/wp-json\/wp\/v2\/product_tag?post=3255"}],"curies":[{"name":"wp","href":"https:\/\/api.w.org\/{rel}","templated":true}]}}