{"id":3251,"date":"2025-02-07T20:59:42","date_gmt":"2025-02-07T13:59:42","guid":{"rendered":"http:\/\/royalstone.com.vn\/?post_type=product&#038;p=3251"},"modified":"2025-03-09T20:56:18","modified_gmt":"2025-03-09T13:56:18","slug":"vicostone-karacabey-bq8852","status":"publish","type":"product","link":"https:\/\/royalstone.com.vn\/en\/vicostone-karacabey-bq8852\/","title":{"rendered":"Vicostone Karacabey BQ8852"},"content":{"rendered":"<p>L\u1ea5y c\u1ea3m h\u1ee9ng t\u1eeb nh\u1eefng c\u01a1n m\u01b0a sao b\u0103ng, <b><a href=\"https:\/\/royalstone.com.vn\/en\/vicostone-denali-bq2605\/\">Vicostone<\/a><\/b> Karacabey mang v\u1ebb \u0111\u1eb9p huy\u1ec1n b\u00ed v\u00e0 ngu\u1ed3n n\u0103ng l\u01b0\u1ee3ng v\u00f4 t\u1eadn c\u1ee7a v\u0169 tr\u1ee5. Nh\u1eefng \u0111\u01b0\u1eddng v\u00e2n tr\u1eafng ch\u1ea1y ch\u00e9o tr\u00ean n\u1ec1n \u0111\u00e1 t\u1ef1a c\u1ea9m th\u1ea1ch \u0111en nh\u01b0 nh\u1eefng v\u1ec7t sao b\u0103ng, \u0111\u01b0a ch\u00fang ta v\u00e0o h\u00e0nh tr\u00ecnh kh\u00e1m ph\u00e1 b\u1ea7u tr\u1eddi \u0111\u00eam v\u1edbi h\u00e0ng tri\u1ec7u ng\u00f4i sao l\u1ea5p l\u00e1nh.<\/p>\n<figure id=\"attachment_3252\" aria-describedby=\"caption-attachment-3252\" style=\"width: 444px\" class=\"wp-caption alignnone\"><img decoding=\"async\" class=\"size-full wp-image-3252\" src=\"http:\/\/royalstone.com.vn\/wp-content\/uploads\/2025\/02\/BQ8852.png\" alt=\"Bq8852\" width=\"444\" height=\"348\" title=\"\" srcset=\"https:\/\/royalstone.com.vn\/wp-content\/uploads\/2025\/02\/BQ8852.png 444w, https:\/\/royalstone.com.vn\/wp-content\/uploads\/2025\/02\/BQ8852-300x235.png 300w, https:\/\/royalstone.com.vn\/wp-content\/uploads\/2025\/02\/BQ8852-15x12.png 15w\" sizes=\"(max-width: 444px) 100vw, 444px\" \/><figcaption id=\"caption-attachment-3252\" class=\"wp-caption-text\">Bq8852<\/figcaption><\/figure>","protected":false},"excerpt":{"rendered":"<p>L\u1ea5y c\u1ea3m h\u1ee9ng t\u1eeb nh\u1eefng c\u01a1n m\u01b0a sao b\u0103ng, Vicostone Karacabey mang v\u1ebb \u0111\u1eb9p huy\u1ec1n b\u00ed v\u00e0 ngu\u1ed3n n\u0103ng l\u01b0\u1ee3ng v\u00f4 t\u1eadn c\u1ee7a v\u0169 tr\u1ee5. Nh\u1eefng \u0111\u01b0\u1eddng v\u00e2n tr\u1eafng ch\u1ea1y ch\u00e9o tr\u00ean n\u1ec1n \u0111\u00e1 t\u1ef1a c\u1ea9m th\u1ea1ch \u0111en nh\u01b0 nh\u1eefng v\u1ec7t sao b\u0103ng, \u0111\u01b0a ch\u00fang ta v\u00e0o h\u00e0nh tr\u00ecnh kh\u00e1m ph\u00e1 b\u1ea7u tr\u1eddi \u0111\u00eam v\u1edbi&#8230;<\/p>","protected":false},"featured_media":3252,"comment_status":"closed","ping_status":"closed","template":"","meta":{"inline_featured_image":false},"product_cat":[100],"product_tag":[],"class_list":{"0":"post-3251","1":"product","2":"type-product","3":"status-publish","4":"has-post-thumbnail","6":"product_cat-vicostone-nhom-d","8":"first","9":"instock","10":"shipping-taxable","11":"purchasable","12":"product-type-simple"},"_links":{"self":[{"href":"https:\/\/royalstone.com.vn\/en\/wp-json\/wp\/v2\/product\/3251","targetHints":{"allow":["GET"]}}],"collection":[{"href":"https:\/\/royalstone.com.vn\/en\/wp-json\/wp\/v2\/product"}],"about":[{"href":"https:\/\/royalstone.com.vn\/en\/wp-json\/wp\/v2\/types\/product"}],"replies":[{"embeddable":true,"href":"https:\/\/royalstone.com.vn\/en\/wp-json\/wp\/v2\/comments?post=3251"}],"wp:featuredmedia":[{"embeddable":true,"href":"https:\/\/royalstone.com.vn\/en\/wp-json\/wp\/v2\/media\/3252"}],"wp:attachment":[{"href":"https:\/\/royalstone.com.vn\/en\/wp-json\/wp\/v2\/media?parent=3251"}],"wp:term":[{"taxonomy":"product_cat","embeddable":true,"href":"https:\/\/royalstone.com.vn\/en\/wp-json\/wp\/v2\/product_cat?post=3251"},{"taxonomy":"product_tag","embeddable":true,"href":"https:\/\/royalstone.com.vn\/en\/wp-json\/wp\/v2\/product_tag?post=3251"}],"curies":[{"name":"wp","href":"https:\/\/api.w.org\/{rel}","templated":true}]}}