{"id":325,"date":"2023-11-21T10:13:51","date_gmt":"2023-11-21T10:13:51","guid":{"rendered":"http:\/\/royalstone.com.vn\/?post_type=product&#038;p=325"},"modified":"2023-11-22T07:24:27","modified_gmt":"2023-11-22T07:24:27","slug":"da-marble-botticino-van-vang","status":"publish","type":"product","link":"https:\/\/royalstone.com.vn\/en\/da-marble-botticino-van-vang\/","title":{"rendered":"Marble Botticino Van Gold"},"content":{"rendered":"<h2><strong>\u0110\u00e1 Marble Botticino V\u00e2n V\u00e0ng l\u00e0 g\u00ec?<\/strong><\/h2>\n<p><a href=\"http:\/\/royalstone.com.vn\/en\/da-marble-botticino-van-vang\/\"><em><strong>Marble Botticino Van Gold<\/strong><\/em><\/a> is a kind of <b><a href=\"https:\/\/royalstone.com.vn\/en\/da-marble-3-cm-san-pham-danh-cho-noi-that\/\">marble<\/a><\/b> n\u1ed5i ti\u1ebfng, v\u00e0 &#8220;V\u00e2n V\u00e0ng&#8221; trong t\u00ean th\u01b0\u1eddng ch\u1ec9 \u0111\u1ebfn m\u00e0u s\u1eafc ch\u1ee7 \u0111\u1ea1o ho\u1eb7c c\u00e1c \u0111\u01b0\u1eddng v\u00e2n m\u00e0u v\u00e0ng c\u1ee7a lo\u1ea1i \u0111\u00e1 n\u00e0y. Botticino Marble th\u01b0\u1eddng c\u00f3 m\u00e0u ch\u1ee7 \u0111\u1ea1o l\u00e0 be ho\u1eb7c n\u00e2u nh\u1ea1t v\u00e0 th\u01b0\u1eddng k\u00e8m theo c\u00e1c \u0111\u01b0\u1eddng v\u00e2n v\u00e0 \u0111i\u1ec3m nh\u1ea5n m\u00e0u v\u00e0ng, n\u00e2u, v\u00e0 tr\u1eafng.<\/p>\n<p>M\u1eb7t b\u1ec1 m\u1eb7t c\u1ee7a <b><a href=\"https:\/\/royalstone.com.vn\/en\/da-marble-mau-kem-ve-dep-dem-lai-su-tuyet-tac\/\">Marble<\/a><\/b> Botticino th\u01b0\u1eddng c\u00f3 \u0111\u1ed9 b\u00f3ng cao v\u00e0 \u0111\u01b0\u1ee3c \u01b0a chu\u1ed9ng trong trang tr\u00ed n\u1ed9i th\u1ea5t. N\u00f3 th\u01b0\u1eddng \u0111\u01b0\u1ee3c s\u1eed d\u1ee5ng cho m\u1eb7t \u0111\u00e1 b\u00e0n l\u00e0m vi\u1ec7c, <b><a href=\"https:\/\/royalstone.com.vn\/en\/ban-an-net-dep-sang-trong-cho-khong-gian-bep\/\">b\u00e0n \u0103n<\/a><\/b>, m\u1eb7t \u0111\u00e1 b\u1ebfp, s\u00e0n nh\u00e0, v\u00e0 c\u00e1c \u1ee9ng d\u1ee5ng trang tr\u00ed kh\u00e1c.<\/p>\n<p>Nh\u01b0 v\u1edbi m\u1ecdi lo\u1ea1i \u0111\u00e1 t\u1ef1 nhi\u00ean, t\u1eebng t\u1ea5m <b><a href=\"https:\/\/royalstone.com.vn\/en\/da-trang-tri-phong-khach\/\">Marble<\/a><\/b> Botticino l\u00e0 duy nh\u1ea5t v\u1edbi c\u00e1c \u0111\u1eb7c \u0111i\u1ec3m v\u00e0 hoa v\u0103n ri\u00eang bi\u1ec7t, kh\u00f4ng t\u1ea5m n\u00e0o gi\u1ed1ng t\u1ea5m n\u00e0o. Do \u0111\u00f3 n\u00f3 \u0111\u01b0\u1ee3c s\u1eed d\u1ee5ng \u0111\u1ec3 t\u1ea1o ra c\u00e1c kh\u00f4ng gian n\u1ed9i th\u1ea5t sang tr\u1ecdng v\u00e0 \u1ea5n t\u01b0\u1ee3ng trong c\u00e1c c\u00f4ng tr\u00ecnh ki\u1ebfn tr\u00fac<\/p>\n<figure id=\"attachment_326\" aria-describedby=\"caption-attachment-326\" style=\"width: 467px\" class=\"wp-caption alignnone\"><img decoding=\"async\" class=\"wp-image-326 size-full\" title=\"Marble Botticino Van Gold\" src=\"http:\/\/royalstone.com.vn\/wp-content\/uploads\/2023\/11\/da-marble-botticino-van-vang.jpg\" alt=\"Marble Botticino Van Gold\" width=\"467\" height=\"331\" srcset=\"https:\/\/royalstone.com.vn\/wp-content\/uploads\/2023\/11\/da-marble-botticino-van-vang.jpg 467w, https:\/\/royalstone.com.vn\/wp-content\/uploads\/2023\/11\/da-marble-botticino-van-vang-300x213.jpg 300w\" sizes=\"(max-width: 467px) 100vw, 467px\" \/><figcaption id=\"caption-attachment-326\" class=\"wp-caption-text\">Marble Botticino Van Gold<\/figcaption><\/figure>\n<p data-sourcepos=\"1:1-1:355\">\u0110\u00e1 Marble Botticino V\u00e2n V\u00e0ng l\u00e0 m\u1ed9t lo\u1ea1i \u0111\u00e1 c\u1ea9m th\u1ea1ch t\u1ef1 nhi\u00ean c\u00f3 ngu\u1ed3n g\u1ed1c t\u1eeb Italia. N\u00f3 c\u00f3 m\u00e0u kem ch\u1ee7 \u0111\u1ea1o, k\u1ebft h\u1ee3p v\u1edbi c\u00e1c v\u00e2n m\u00e0u v\u00e0ng nh\u1ea1t ho\u1eb7c v\u00e0ng \u0111\u1eadm t\u1ea1o n\u00ean v\u1ebb \u0111\u1eb9p sang tr\u1ecdng v\u00e0 tinh t\u1ebf. \u0110\u00e1 Marble Botticino V\u00e2n V\u00e0ng c\u00f3 \u0111\u1ed9 c\u1ee9ng cao, ch\u1ed1ng tr\u1ea7y x\u01b0\u1edbc, ch\u1ed1ng th\u1ea5m n\u01b0\u1edbc v\u00e0 ch\u1ecbu nhi\u1ec7t t\u1ed1t. Do \u0111\u00f3, n\u00f3 \u0111\u01b0\u1ee3c s\u1eed d\u1ee5ng r\u1ed9ng r\u00e3i trong c\u00e1c h\u1ea1ng m\u1ee5c \u1ed1p l\u00e1t nh\u01b0:<\/p>\n<ul data-sourcepos=\"3:1-10:0\">\n<li data-sourcepos=\"35:1-35:126\">\u1ed0p m\u1eb7t ti\u1ec1n: \u0110\u00e1 Marble Botticino V\u00e2n V\u00e0ng c\u00f3 m\u00e0u s\u1eafc trang nh\u00e3, sang tr\u1ecdng, ph\u00f9 h\u1ee3p v\u1edbi nh\u1eefng c\u00f4ng tr\u00ecnh ki\u1ebfn tr\u00fac hi\u1ec7n \u0111\u1ea1i.<\/li>\n<li data-sourcepos=\"36:1-36:155\">\u1ed0p c\u1ea7u thang: \u0110\u00e1 Marble Botticino V\u00e2n V\u00e0ng c\u00f3 \u0111\u1ed9 c\u1ee9ng cao, ch\u1ed1ng tr\u1ea7y x\u01b0\u1edbc, ch\u1ed1ng tr\u01a1n tr\u01b0\u1ee3t, ph\u00f9 h\u1ee3p v\u1edbi c\u00e1c khu v\u1ef1c c\u00f3 m\u1eadt \u0111\u1ed9 \u0111i l\u1ea1i cao nh\u01b0 c\u1ea7u thang.<\/li>\n<li data-sourcepos=\"37:1-37:107\">L\u00e1t n\u1ec1n: \u0110\u00e1 Marble Botticino V\u00e2n V\u00e0ng c\u00f3 m\u00e0u s\u1eafc h\u00e0i h\u00f2a, ph\u00f9 h\u1ee3p v\u1edbi nhi\u1ec1u phong c\u00e1ch thi\u1ebft k\u1ebf n\u1ed9i th\u1ea5t.<\/li>\n<li data-sourcepos=\"38:1-38:114\">B\u00e0n b\u1ebfp: \u0110\u00e1 Marble Botticino V\u00e2n V\u00e0ng c\u00f3 \u0111\u1ed9 c\u1ee9ng cao, ch\u1ed1ng th\u1ea5m n\u01b0\u1edbc, ph\u00f9 h\u1ee3p v\u1edbi vi\u1ec7c s\u1eed d\u1ee5ng trong ph\u00f2ng b\u1ebfp.<\/li>\n<li data-sourcepos=\"39:1-40:0\">V\u00e1ch tivi: \u0110\u00e1 Marble Botticino V\u00e2n V\u00e0ng c\u00f3 m\u00e0u s\u1eafc sang tr\u1ecdng, ph\u00f9 h\u1ee3p v\u1edbi vi\u1ec7c s\u1eed d\u1ee5ng l\u00e0m v\u00e1ch tivi trong ph\u00f2ng kh\u00e1ch.<\/li>\n<li data-sourcepos=\"9:1-10:0\">&#8230;<\/li>\n<\/ul>\n<h3 data-sourcepos=\"11:1-11:130\"><strong>\u01afu \u0111i\u1ec3m c\u1ee7a \u0110\u00e1 Marble Botticino V\u00e2n V\u00e0ng<\/strong><\/h3>\n<ul data-sourcepos=\"15:1-19:0\">\n<li data-sourcepos=\"15:1-15:145\">Color: <a href=\"http:\/\/royalstone.com.vn\/en\/da-marble\/\"><em><strong>Marble<\/strong><\/em><\/a> Botticino V\u00e2n V\u00e0ng c\u00f3 m\u00e0u kem ch\u1ee7 \u0111\u1ea1o, k\u1ebft h\u1ee3p v\u1edbi c\u00e1c v\u00e2n m\u00e0u v\u00e0ng nh\u1ea1t ho\u1eb7c v\u00e0ng \u0111\u1eadm t\u1ea1o n\u00ean v\u1ebb \u0111\u1eb9p sang tr\u1ecdng v\u00e0 tinh t\u1ebf.<\/li>\n<li data-sourcepos=\"16:1-16:95\">\u0110\u1ed9 c\u1ee9ng: \u0110\u00e1 Marble Botticino V\u00e2n V\u00e0ng c\u00f3 \u0111\u1ed9 c\u1ee9ng cao, ch\u1ed1ng tr\u1ea7y x\u01b0\u1edbc v\u00e0 ch\u1ed1ng th\u1ea5m n\u01b0\u1edbc t\u1ed1t.<\/li>\n<li data-sourcepos=\"17:1-17:140\">Kh\u1ea3 n\u0103ng ch\u1ecbu nhi\u1ec7t: \u0110\u00e1 Marble Botticino V\u00e2n V\u00e0ng c\u00f3 kh\u1ea3 n\u0103ng ch\u1ecbu nhi\u1ec7t t\u1ed1t, kh\u00f4ng b\u1ecb bi\u1ebfn d\u1ea1ng hay n\u1ee9t v\u1ee1 khi ti\u1ebfp x\u00fac v\u1edbi nhi\u1ec7t \u0111\u1ed9 cao.<\/li>\n<li data-sourcepos=\"18:1-19:0\">T\u00ednh th\u1ea9m m\u1ef9: \u0110\u00e1 Marble Botticino V\u00e2n V\u00e0ng c\u00f3 v\u00e2n \u0111\u00e1 t\u1ef1 nhi\u00ean, t\u1ea1o n\u00ean v\u1ebb \u0111\u1eb9p \u0111\u1ed9c \u0111\u00e1o v\u00e0 \u1ea5n t\u01b0\u1ee3ng.<\/li>\n<\/ul>\n<h3 data-sourcepos=\"11:1-11:130\"><strong>Nh\u1eefng l\u01b0u \u00fd khi s\u1eed d\u1ee5ng \u0110\u00e1 Marble Botticino V\u00e2n V\u00e0ng<\/strong><\/h3>\n<ul data-sourcepos=\"29:1-32:0\">\n<li data-sourcepos=\"29:1-29:106\">Do \u0111\u00e1 c\u00f3 m\u00e0u v\u00e0ng n\u00ean c\u1ea7n tr\u00e1nh ti\u1ebfp x\u00fac v\u1edbi c\u00e1c ch\u1ea5t t\u1ea9y r\u1eeda c\u00f3 t\u00ednh axit m\u1ea1nh \u0111\u1ec3 tr\u00e1nh l\u00e0m m\u1ea5t m\u00e0u \u0111\u00e1.<\/li>\n<li data-sourcepos=\"30:1-30:87\">Should clean stone regularly with clean water and a soft towel to keep the stones are polished.<\/li>\n<li data-sourcepos=\"31:1-32:0\">If the stone scratches, can use the cream polished dedicated to cleaning.<\/li>\n<\/ul>\n<h2><strong>C\u00f4ng tr\u00ecnh th\u1ef1c t\u1ebf s\u1eed d\u1ee5ng \u0110\u00e1 Marble Botticino V\u00e2n V\u00e0ng do Royal Stone th\u1ef1c hi\u1ec7n<\/strong><\/h2>\n<p>\u0110\u00e1 Marble Botticino V\u00e2n V\u00e0ng \u1ed1p b\u00e0n b\u1ebfp<\/p>\n<p>\u0110\u00e1 Marble Botticino V\u00e2n V\u00e0ng \u1ed1p b\u00e0n <b><a href=\"https:\/\/royalstone.com.vn\/en\/lavabo-rua-mat-bang-da-ua-chuong-nhat-hien-nay\/\">lavabo<\/a><\/b><\/p>\n<h3><strong>Contact information Royal Stone<\/strong><\/h3>\n<p><strong>COMPANY LIMITED ROYAL STONE<\/strong><\/p>\n<p>\u260e Hotline: 0963 689 531<\/p>\n<p>\ud83c\udfe0 Office : 283 Tay Mo Ward, Dai Mo ward, Nam tu Liem district, Ha Noi City.<\/p>\n<p>\ud83c\udfe0 Factory: T<span style=\"color: #333333; font-size: 14.4px;\">drive 10 Yen The town, Luc Yen district, Yen Bai province<\/span><\/p>\n<p>\ud83c\udfe0 Warehouse Ha Noi: Lane 24, Dai Mo, tu Liem, Ha Noi (falling edge 4 Van Phuc, Ha Dong)<\/p>\n<p>\ud83c\udf10 Website:\u00a0<a href=\"https:\/\/royalstone.com.vn\/en\/\">www.royalstone.com.vn<\/a><\/p>\n<h3 class=\"ftwp-heading\"><strong>Connect with Royal Stone<\/strong><\/h3>\n<div class=\"textwidget custom-html-widget\">\n<div class=\"textwidget custom-html-widget\">\n<div><a href=\"http:\/\/www.youtube.com\/@royalstone-datunhiencaocap\" target=\"_blank\" rel=\"noopener nofollow\"><img decoding=\"async\" class=\"entered lazyloaded\" title=\"ROYAL STONE - natural Stone premium\" src=\"http:\/\/royalstone.com.vn\/wp-content\/uploads\/2023\/11\/youtube-royalstone.jpg\" alt=\"ROYAL STONE - natural Stone premium\" width=\"30\" height=\"30\" data-lazy-src=\"http:\/\/royalstone.com.vn\/wp-content\/uploads\/2023\/11\/youtube-royalstone.jpg\" data-ll-status=\"loaded\" data-lazy-=\"\" \/><\/a><a href=\"https:\/\/www.facebook.com\/RoyalstoneDaTuNhienCaoCap\" target=\"_blank\" rel=\"noopener nofollow\"><img decoding=\"async\" class=\"entered lazyloaded\" title=\"ROYAL STONE - natural Stone premium\" src=\"http:\/\/royalstone.com.vn\/wp-content\/uploads\/2023\/11\/facebook-royalstone.jpg\" alt=\"ROYAL STONE - natural Stone premium\" width=\"30\" height=\"30\" data-lazy-src=\"http:\/\/royalstone.com.vn\/wp-content\/uploads\/2023\/11\/facebook-royalstone.jpg\" data-ll-status=\"loaded\" data-lazy-=\"\" \/><\/a><a href=\"https:\/\/twitter.com\/royalstonedatn\" target=\"_blank\" rel=\"noopener nofollow\"><img decoding=\"async\" class=\"entered lazyloaded\" title=\"ROYAL STONE - natural Stone premium\" src=\"http:\/\/royalstone.com.vn\/wp-content\/uploads\/2023\/11\/twitter-royalstone.jpg\" alt=\"ROYAL STONE - natural Stone premium\" width=\"30\" height=\"30\" data-lazy-src=\"http:\/\/royalstone.com.vn\/wp-content\/uploads\/2023\/11\/twitter-royalstone.jpg\" data-ll-status=\"loaded\" data-lazy-=\"\" \/><\/a><a href=\"https:\/\/www.pinterest.com\/royalstonedatunhiencaocap\/\" target=\"_blank\" rel=\"noopener nofollow\"><img decoding=\"async\" class=\"entered lazyloaded\" title=\"ROYAL STONE - natural Stone premium\" src=\"http:\/\/royalstone.com.vn\/wp-content\/uploads\/2023\/11\/printerest-royalstone.jpg\" alt=\"ROYAL STONE - natural Stone premium\" width=\"30\" height=\"30\" data-lazy-src=\"http:\/\/royalstone.com.vn\/wp-content\/uploads\/2023\/11\/printerest-royalstone.jpg\" data-ll-status=\"loaded\" data-lazy-=\"\" \/><\/a><a href=\"https:\/\/www.linkedin.com\/in\/royalstone-datunhien\/\" target=\"_blank\" rel=\"noopener nofollow\"><img decoding=\"async\" class=\"entered lazyloaded\" title=\"ROYAL STONE - natural Stone premium\" src=\"http:\/\/royalstone.com.vn\/wp-content\/uploads\/2023\/11\/linkedin-royalstone.jpg\" alt=\"ROYAL STONE - natural Stone premium\" width=\"30\" height=\"30\" data-lazy-src=\"http:\/\/royalstone.com.vn\/wp-content\/uploads\/2023\/11\/linkedin-royalstone.jpg\" data-ll-status=\"loaded\" data-lazy-=\"\" \/><\/a><\/div>\n<\/div>\n<\/div>","protected":false},"excerpt":{"rendered":"<ul class=\"l pr-des-featured\">\n<li>MSP: RSMBVV2023<\/li>\n<li>Xu\u1ea5t x\u1ee9: \u00dd<\/li>\n<li>Color: Cream<\/li>\n<li>Type of stone: Marble<\/li>\n<li>Size: large<\/li>\n<li>Thickness: 1.8 cm<\/li>\n<\/ul>","protected":false},"featured_media":326,"comment_status":"closed","ping_status":"closed","template":"","meta":{"inline_featured_image":false},"product_cat":[35,37],"product_tag":[],"class_list":{"0":"post-325","1":"product","2":"type-product","3":"status-publish","4":"has-post-thumbnail","6":"product_cat-da-marble","7":"product_cat-da-marble-mau-kem","9":"first","10":"instock","11":"shipping-taxable","12":"product-type-simple"},"_links":{"self":[{"href":"https:\/\/royalstone.com.vn\/en\/wp-json\/wp\/v2\/product\/325","targetHints":{"allow":["GET"]}}],"collection":[{"href":"https:\/\/royalstone.com.vn\/en\/wp-json\/wp\/v2\/product"}],"about":[{"href":"https:\/\/royalstone.com.vn\/en\/wp-json\/wp\/v2\/types\/product"}],"replies":[{"embeddable":true,"href":"https:\/\/royalstone.com.vn\/en\/wp-json\/wp\/v2\/comments?post=325"}],"wp:featuredmedia":[{"embeddable":true,"href":"https:\/\/royalstone.com.vn\/en\/wp-json\/wp\/v2\/media\/326"}],"wp:attachment":[{"href":"https:\/\/royalstone.com.vn\/en\/wp-json\/wp\/v2\/media?parent=325"}],"wp:term":[{"taxonomy":"product_cat","embeddable":true,"href":"https:\/\/royalstone.com.vn\/en\/wp-json\/wp\/v2\/product_cat?post=325"},{"taxonomy":"product_tag","embeddable":true,"href":"https:\/\/royalstone.com.vn\/en\/wp-json\/wp\/v2\/product_tag?post=325"}],"curies":[{"name":"wp","href":"https:\/\/api.w.org\/{rel}","templated":true}]}}