{"id":3218,"date":"2025-02-07T20:46:42","date_gmt":"2025-02-07T13:46:42","guid":{"rendered":"http:\/\/royalstone.com.vn\/?post_type=product&#038;p=3218"},"modified":"2025-03-09T20:56:55","modified_gmt":"2025-03-09T13:56:55","slug":"vicostone-thunder-grey-bq8716","status":"publish","type":"product","link":"https:\/\/royalstone.com.vn\/en\/vicostone-thunder-grey-bq8716\/","title":{"rendered":"Vicostone Thunder Grey BQ8716"},"content":{"rendered":"<h2>Thunder Grey BQ8716<\/h2>\n<p>Thunder Grey BQ8716 c\u1ee7a <b><a href=\"https:\/\/royalstone.com.vn\/en\/vicostone-denali-bq2605\/\">Vicostone<\/a><\/b> n\u1ed5i b\u1eadt v\u1edbi nh\u1eefng \u0111\u01b0\u1eddng v\u00e2n r\u1ea1n nh\u01b0 tia s\u00e9t, m\u1ea1nh m\u1ebd tr\u1ea3i d\u00e0i tr\u00ean n\u1ec1n x\u00e1m s\u00e1ng ph\u00f3ng kho\u00e1ng, m\u00f4 ph\u1ecfng hi\u1ec7u \u1ee9ng granite (granite-looking)<\/p>\n<p>L\u1ea5y c\u1ea3m h\u1ee9ng t\u1eeb &#8220;thi\u00ean \u0111\u01b0\u1eddng c\u1ee7a nh\u1eefng v\u0169 \u0111i\u1ec7u s\u1ea5m s\u00e9t&#8221; &#8211; h\u1ed3 Maracaibo \u1edf Venezuela, n\u01a1i c\u00f3 h\u00e0ng tri\u1ec7u tia s\u00e9t m\u1ed7i n\u0103m, b\u1ed9 s\u01b0u t\u1eadp Thunder Collection ra \u0111\u1eddi, mang \u0111\u1ebfn s\u1ee9c m\u1ea1nh v\u00e0 n\u0103ng l\u01b0\u1ee3ng c\u1ee7a nh\u1eefng tia s\u00e9t r\u1ef1c s\u00e1ng v\u00e0o kh\u00f4ng gian s\u1ed1ng.<\/p>\n<figure id=\"attachment_3219\" aria-describedby=\"caption-attachment-3219\" style=\"width: 444px\" class=\"wp-caption alignnone\"><img decoding=\"async\" class=\"size-full wp-image-3219\" src=\"http:\/\/royalstone.com.vn\/wp-content\/uploads\/2025\/02\/BQ8716.png\" alt=\"Bq8716\" width=\"444\" height=\"347\" title=\"\" srcset=\"https:\/\/royalstone.com.vn\/wp-content\/uploads\/2025\/02\/BQ8716.png 444w, https:\/\/royalstone.com.vn\/wp-content\/uploads\/2025\/02\/BQ8716-300x234.png 300w, https:\/\/royalstone.com.vn\/wp-content\/uploads\/2025\/02\/BQ8716-15x12.png 15w\" sizes=\"(max-width: 444px) 100vw, 444px\" \/><figcaption id=\"caption-attachment-3219\" class=\"wp-caption-text\">Bq8716<\/figcaption><\/figure>","protected":false},"excerpt":{"rendered":"<h2>Th\u00f4ng s\u1ed1 k\u1ef9 thu\u1eadt<\/h2>\n<p>KH\u1ed4 K\u00cdCH TH\u01af\u1edaC C\u1ee6A T\u1ea4M \u0110\u00c1<\/p>\n<p>K\u00edch th\u01b0\u1edbc ti\u00eau chu\u1ea9n (normal size) 303cm x 143cm (119\u201d x 56\u201d)<br \/>\nK\u00edch th\u01b0\u1edbc kh\u1ed5 l\u1edbn (jumbo size) 330cm x 165cm (130\u201d x 65\u201d)<\/p>\n<p>\u0110\u1ed8 D\u00c0Y TI\u00caU CHU\u1ea8N<\/p>\n<p>12mm (1\/2\u201d)<br \/>\n20mm (3\/4\u201d)<br \/>\n30mm (1 1\/6\u201d)<\/p>\n<p>C\u00c1C LO\u1ea0I B\u1ec0 M\u1eb6T<\/p>\n<p>Polished<\/p>","protected":false},"featured_media":3219,"comment_status":"closed","ping_status":"closed","template":"","meta":{"inline_featured_image":false},"product_cat":[100],"product_tag":[],"class_list":{"0":"post-3218","1":"product","2":"type-product","3":"status-publish","4":"has-post-thumbnail","6":"product_cat-vicostone-nhom-d","8":"first","9":"instock","10":"shipping-taxable","11":"purchasable","12":"product-type-simple"},"_links":{"self":[{"href":"https:\/\/royalstone.com.vn\/en\/wp-json\/wp\/v2\/product\/3218","targetHints":{"allow":["GET"]}}],"collection":[{"href":"https:\/\/royalstone.com.vn\/en\/wp-json\/wp\/v2\/product"}],"about":[{"href":"https:\/\/royalstone.com.vn\/en\/wp-json\/wp\/v2\/types\/product"}],"replies":[{"embeddable":true,"href":"https:\/\/royalstone.com.vn\/en\/wp-json\/wp\/v2\/comments?post=3218"}],"wp:featuredmedia":[{"embeddable":true,"href":"https:\/\/royalstone.com.vn\/en\/wp-json\/wp\/v2\/media\/3219"}],"wp:attachment":[{"href":"https:\/\/royalstone.com.vn\/en\/wp-json\/wp\/v2\/media?parent=3218"}],"wp:term":[{"taxonomy":"product_cat","embeddable":true,"href":"https:\/\/royalstone.com.vn\/en\/wp-json\/wp\/v2\/product_cat?post=3218"},{"taxonomy":"product_tag","embeddable":true,"href":"https:\/\/royalstone.com.vn\/en\/wp-json\/wp\/v2\/product_tag?post=3218"}],"curies":[{"name":"wp","href":"https:\/\/api.w.org\/{rel}","templated":true}]}}