{"id":3205,"date":"2025-02-07T20:40:48","date_gmt":"2025-02-07T13:40:48","guid":{"rendered":"http:\/\/royalstone.com.vn\/?post_type=product&#038;p=3205"},"modified":"2025-03-09T20:57:16","modified_gmt":"2025-03-09T13:57:16","slug":"vicostone-pietra-grey-bq8380","status":"publish","type":"product","link":"https:\/\/royalstone.com.vn\/en\/vicostone-pietra-grey-bq8380\/","title":{"rendered":"Vicostone Pietra Grey BQ8380"},"content":{"rendered":"<h2>Pietra Grey BQ8380<\/h2>\n<p>Pietra Grey, hay c\u00f2n g\u1ecdi l\u00e0 \u0110\u00e1 x\u00e1m, l\u00e0 d\u00f2ng \u0111\u00e1 c\u1ea9m th\u1ea1ch quen thu\u1ed9c c\u1ee7a \u00dd v\u1edbi \u0111\u1eb7c tr\u01b0ng l\u00e0 nh\u1eefng \u0111\u01b0\u1eddng v\u00e2n tr\u1eafng t\u01b0\u01a1ng ph\u1ea3n tr\u00ean n\u1ec1n \u0111\u00e1 x\u00e1m sang tr\u1ecdng. <b><a href=\"https:\/\/royalstone.com.vn\/en\/vicostone-denali-bq2605\/\">Vicostone<\/a><\/b> Pietra Grey\u00a0 mang \u0111\u1ebfn m\u1ed9t di\u1ec7n m\u1ea1o m\u1edbi m\u1ebb v\u00e0 \u0111\u1ed9c \u0111\u00e1o cho d\u00f2ng \u0111\u00e1 n\u00e0y v\u1edbi nh\u1eefng \u0111\u01b0\u1eddng v\u00e2n m\u1ec1m m\u1ea1i, nh\u1ecf nh\u1eb9, \u0111i\u1ec3m xuy\u1ebft tr\u00ean to\u00e0n b\u1ed9 b\u1ec1 m\u1eb7t \u0111\u00e1.<\/p>\n<figure id=\"attachment_3206\" aria-describedby=\"caption-attachment-3206\" style=\"width: 443px\" class=\"wp-caption alignnone\"><img decoding=\"async\" class=\"size-full wp-image-3206\" src=\"http:\/\/royalstone.com.vn\/wp-content\/uploads\/2025\/02\/BQ8380.png\" alt=\"Bq8380\" width=\"443\" height=\"346\" title=\"\" srcset=\"https:\/\/royalstone.com.vn\/wp-content\/uploads\/2025\/02\/BQ8380.png 443w, https:\/\/royalstone.com.vn\/wp-content\/uploads\/2025\/02\/BQ8380-300x234.png 300w, https:\/\/royalstone.com.vn\/wp-content\/uploads\/2025\/02\/BQ8380-15x12.png 15w\" sizes=\"(max-width: 443px) 100vw, 443px\" \/><figcaption id=\"caption-attachment-3206\" class=\"wp-caption-text\">Bq8380<\/figcaption><\/figure>","protected":false},"excerpt":{"rendered":"<h2>Th\u00f4ng s\u1ed1 k\u1ef9 thu\u1eadt<\/h2>\n<p>KH\u1ed4 K\u00cdCH TH\u01af\u1edaC C\u1ee6A T\u1ea4M \u0110\u00c1<\/p>\n<p>K\u00edch th\u01b0\u1edbc ti\u00eau chu\u1ea9n (normal size) 144cm x 305cm (119\u201d x 56\u201d)<\/p>\n<p>\u0110\u1ed8 D\u00c0Y TI\u00caU CHU\u1ea8N<\/p>\n<p>12mm (1\/2\u201d)<br \/>\n20mm (3\/4\u201d)<br \/>\n30mm (1 1\/6\u201d)<\/p>\n<p>C\u00c1C LO\u1ea0I B\u1ec0 M\u1eb6T<\/p>\n<p>Polished<\/p>","protected":false},"featured_media":3206,"comment_status":"closed","ping_status":"closed","template":"","meta":{"inline_featured_image":false},"product_cat":[100],"product_tag":[],"class_list":{"0":"post-3205","1":"product","2":"type-product","3":"status-publish","4":"has-post-thumbnail","6":"product_cat-vicostone-nhom-d","8":"first","9":"instock","10":"shipping-taxable","11":"purchasable","12":"product-type-simple"},"_links":{"self":[{"href":"https:\/\/royalstone.com.vn\/en\/wp-json\/wp\/v2\/product\/3205","targetHints":{"allow":["GET"]}}],"collection":[{"href":"https:\/\/royalstone.com.vn\/en\/wp-json\/wp\/v2\/product"}],"about":[{"href":"https:\/\/royalstone.com.vn\/en\/wp-json\/wp\/v2\/types\/product"}],"replies":[{"embeddable":true,"href":"https:\/\/royalstone.com.vn\/en\/wp-json\/wp\/v2\/comments?post=3205"}],"wp:featuredmedia":[{"embeddable":true,"href":"https:\/\/royalstone.com.vn\/en\/wp-json\/wp\/v2\/media\/3206"}],"wp:attachment":[{"href":"https:\/\/royalstone.com.vn\/en\/wp-json\/wp\/v2\/media?parent=3205"}],"wp:term":[{"taxonomy":"product_cat","embeddable":true,"href":"https:\/\/royalstone.com.vn\/en\/wp-json\/wp\/v2\/product_cat?post=3205"},{"taxonomy":"product_tag","embeddable":true,"href":"https:\/\/royalstone.com.vn\/en\/wp-json\/wp\/v2\/product_tag?post=3205"}],"curies":[{"name":"wp","href":"https:\/\/api.w.org\/{rel}","templated":true}]}}