{"id":3189,"date":"2025-02-07T20:33:36","date_gmt":"2025-02-07T13:33:36","guid":{"rendered":"http:\/\/royalstone.com.vn\/?post_type=product&#038;p=3189"},"modified":"2025-03-09T20:58:39","modified_gmt":"2025-03-09T13:58:39","slug":"vicostone-avorio-bq9606","status":"publish","type":"product","link":"https:\/\/royalstone.com.vn\/en\/vicostone-avorio-bq9606\/","title":{"rendered":"Vicostone Avorio BQ9606"},"content":{"rendered":"<h2>T\u1eeb B\u1ed9 s\u01b0u t\u1eadp Exotic<\/h2>\n<p>B\u1ed9 s\u01b0u t\u1eadp Exotic cao c\u1ea5p c\u1ee7a <b><a href=\"https:\/\/royalstone.com.vn\/en\/vicostone-denali-bq2605\/\">Vicostone<\/a><\/b> t\u00e1i hi\u1ec7n nh\u1eefng thi\u1ebft k\u1ebf \u0111\u1ed9c \u0111\u00e1o, tinh t\u1ebf v\u00e0 qu\u00fd ph\u00e1i, kh\u00f4ng ch\u1ec9 t\u1eeb \u0111\u00e1 t\u1ef1 nhi\u00ean m\u00e0 c\u00f2n t\u1eeb v\u1ebb \u0111\u1eb9p v\u00f4 gi\u00e1 c\u1ee7a thi\u00ean nhi\u00ean, ngu\u1ed3n c\u1ea3m h\u1ee9ng b\u1ea5t t\u1eadn cho m\u1ecdi s\u00e1ng t\u1ea1o.<\/p>\n<figure id=\"attachment_3190\" aria-describedby=\"caption-attachment-3190\" style=\"width: 442px\" class=\"wp-caption alignnone\"><img decoding=\"async\" class=\"size-full wp-image-3190\" src=\"http:\/\/royalstone.com.vn\/wp-content\/uploads\/2025\/02\/BQ9606.png\" alt=\"Bq9606\" width=\"442\" height=\"347\" title=\"\" srcset=\"https:\/\/royalstone.com.vn\/wp-content\/uploads\/2025\/02\/BQ9606.png 442w, https:\/\/royalstone.com.vn\/wp-content\/uploads\/2025\/02\/BQ9606-300x236.png 300w, https:\/\/royalstone.com.vn\/wp-content\/uploads\/2025\/02\/BQ9606-15x12.png 15w\" sizes=\"(max-width: 442px) 100vw, 442px\" \/><figcaption id=\"caption-attachment-3190\" class=\"wp-caption-text\">Bq9606<\/figcaption><\/figure>\n<h2>Avorio BQ9606<\/h2>\n<p>Avorio BQ9606 l\u00e0 m\u1ed9t minh ch\u1ee9ng cho \u0111i\u1ec1u \u0111\u00f3. V\u1edbi thi\u1ebft k\u1ebf \u0111\u1ed9c \u0111\u00e1o, kh\u00e1c bi\u1ec7t ho\u00e0n to\u00e0n so v\u1edbi nh\u1eefng <b><a href=\"https:\/\/royalstone.com.vn\/en\/da-ban-bep-hien-dai-cho-khong-gian-bep-cua-ban\/\">s\u1ea3n ph\u1ea9m kh\u00e1c<\/a><\/b> tr\u00ean th\u1ecb tr\u01b0\u1eddng, Avorio BQ9606 m\u00f4 ph\u1ecfng g\u1ea7n nh\u01b0 tr\u1ecdn v\u1eb9n v\u1ebb \u0111\u1eb9p c\u1ee7a nh\u1eefng th\u00e2n g\u1ed7 l\u1edbn trong r\u1eebng nguy\u00ean sinh. \u0110i\u1ec3m \u0111\u1eb7c bi\u1ec7t l\u00e0 b\u1ec1 m\u1eb7t \u0111\u00e1 tr\u1eafng thanh tho\u00e1t v\u00e0 nh\u1eefng \u0111\u01b0\u1eddng v\u00e2n m\u1ea3nh mai, tinh t\u1ebf, mang \u0111\u1ebfn m\u1ed9t v\u1ebb \u0111\u1eb9p s\u00e1ng t\u1ea1o v\u00e0 \u0111\u1ea7y \u1ea5n t\u01b0\u1ee3ng.<\/p>","protected":false},"excerpt":{"rendered":"<div class=\"product-detail-price\">\n<div class=\"evo-product-summary product_description margin-bottom-10\">\n<div class=\"rte description rte-summary\">\n<h2>Th\u00f4ng s\u1ed1 k\u1ef9 thu\u1eadt<\/h2>\n<p>KH\u1ed4 K\u00cdCH TH\u01af\u1edaC C\u1ee6A T\u1ea4M \u0110\u00c1<\/p>\n<p>K\u00edch th\u01b0\u1edbc ti\u00eau chu\u1ea9n (normal size) 143cm x 303cm (119\u201d x 56\u201d)<\/p>\n<p>K\u00edch th\u01b0\u1edbc kh\u1ed5 l\u1edbn (jumbo size) 330cm x 165cm (130\u201d x 65\u201d)<\/p>\n<p>\u0110\u1ed8 D\u00c0Y TI\u00caU CHU\u1ea8N<\/p>\n<p>12mm (1\/2\u201d)<br \/>\n20mm (3\/4\u201d)<br \/>\n30mm (1 1\/6\u201d)<\/p>\n<p>C\u00c1C LO\u1ea0I B\u1ec0 M\u1eb6T<\/p>\n<p>Polished<\/p>\n<\/div>\n<\/div>\n<\/div>\n<div class=\"form-product\">\n<form id=\"add-to-cart-form\" class=\"clearfix form-inline has-validation-callback\" action=\"https:\/\/www.dacaocap.vn\/cart\/add\" enctype=\"multipart\/form-data\" method=\"post\" data-trp-original-action=\"https:\/\/www.dacaocap.vn\/cart\/add\">\n<div class=\"clearfix form-group\">\n<div class=\"qty-ant clearfix custom-btn-number\"><\/div>\n<\/div>\n<input type=\"hidden\" name=\"trp-form-language\" value=\"en\"\/><\/form>\n<\/div>","protected":false},"featured_media":3190,"comment_status":"closed","ping_status":"closed","template":"","meta":{"inline_featured_image":false},"product_cat":[100],"product_tag":[],"class_list":{"0":"post-3189","1":"product","2":"type-product","3":"status-publish","4":"has-post-thumbnail","6":"product_cat-vicostone-nhom-d","8":"first","9":"instock","10":"shipping-taxable","11":"purchasable","12":"product-type-simple"},"_links":{"self":[{"href":"https:\/\/royalstone.com.vn\/en\/wp-json\/wp\/v2\/product\/3189","targetHints":{"allow":["GET"]}}],"collection":[{"href":"https:\/\/royalstone.com.vn\/en\/wp-json\/wp\/v2\/product"}],"about":[{"href":"https:\/\/royalstone.com.vn\/en\/wp-json\/wp\/v2\/types\/product"}],"replies":[{"embeddable":true,"href":"https:\/\/royalstone.com.vn\/en\/wp-json\/wp\/v2\/comments?post=3189"}],"wp:featuredmedia":[{"embeddable":true,"href":"https:\/\/royalstone.com.vn\/en\/wp-json\/wp\/v2\/media\/3190"}],"wp:attachment":[{"href":"https:\/\/royalstone.com.vn\/en\/wp-json\/wp\/v2\/media?parent=3189"}],"wp:term":[{"taxonomy":"product_cat","embeddable":true,"href":"https:\/\/royalstone.com.vn\/en\/wp-json\/wp\/v2\/product_cat?post=3189"},{"taxonomy":"product_tag","embeddable":true,"href":"https:\/\/royalstone.com.vn\/en\/wp-json\/wp\/v2\/product_tag?post=3189"}],"curies":[{"name":"wp","href":"https:\/\/api.w.org\/{rel}","templated":true}]}}