{"id":3181,"date":"2025-02-07T20:29:42","date_gmt":"2025-02-07T13:29:42","guid":{"rendered":"http:\/\/royalstone.com.vn\/?post_type=product&#038;p=3181"},"modified":"2025-03-09T20:58:50","modified_gmt":"2025-03-09T13:58:50","slug":"vicostone-misterio-bq8815","status":"publish","type":"product","link":"https:\/\/royalstone.com.vn\/en\/vicostone-misterio-bq8815\/","title":{"rendered":"Vicostone Misterio BQ8815"},"content":{"rendered":"<h2>T\u1eeb B\u1ed9 s\u01b0u t\u1eadp Natural<\/h2>\n<p>B\u1ed9 s\u01b0u t\u1eadp Natural mang s\u1eafc th\u00e1i m\u1ea1nh m\u1ebd c\u1ee7a <b><a href=\"https:\/\/royalstone.com.vn\/en\/da-granite-3-cm-la-lua-chon-hoan-hao\/\">granite<\/a><\/b> c\u00f9ng s\u1ef1 thanh tho\u00e1t c\u1ee7a \u0111\u00e1 c\u1ea9m th\u1ea1ch, t\u1ea1o d\u1ef1ng kh\u00f4ng gian n\u1ed9i th\u1ea5t th\u00e2n thi\u1ec7n v\u1edbi thi\u00ean nhi\u00ean.<\/p>\n<h2>Misterio BQ8815<\/h2>\n<p data-sourcepos=\"5:1-5:298\">Thu\u1ed9c B\u1ed9 s\u01b0u t\u1eadp Natural, n\u01a1i v\u1ebb \u0111\u1eb9p m\u1ea1nh m\u1ebd c\u1ee7a \u0111\u00e1 granite v\u00e0 n\u00e9t thanh tho\u00e1t c\u1ee7a \u0111\u00e1 c\u1ea9m th\u1ea1ch h\u00f2a quy\u1ec7n, Misterio BQ8815 c\u1ee7a <b><a href=\"https:\/\/royalstone.com.vn\/en\/vicostone-denali-bq2605\/\">Vicostone<\/a><\/b> \u0111\u01b0\u1ee3c thi\u1ebft k\u1ebf \u0111\u1ed9c \u0111\u00e1o v\u1edbi s\u1ef1 k\u1ebft h\u1ee3p c\u1ee7a hai l\u1edbp v\u00e2n: l\u1edbp v\u00e2n r\u1ed1i n\u1ec1n nh\u1eb9 nh\u00e0ng v\u00e0 l\u1edbp v\u00e2n ch\u1ec9 m\u1ecfng m\u00e0u n\u00e2u x\u00e1m, h\u00e0i h\u00f2a tr\u00ean n\u1ec1n \u0111\u00e1 tr\u1eafng c\u1ea9m th\u1ea1ch sang tr\u1ecdng.<\/p>\n<p data-sourcepos=\"7:1-7:265\">L\u1ea5y c\u1ea3m h\u1ee9ng t\u1eeb v\u1ebb \u0111\u1eb9p tinh kh\u00f4i c\u1ee7a nh\u1eefng khu r\u1eebng ph\u1ee7 tuy\u1ebft tr\u1eafng, \u0111i\u1ec3m xuy\u1ebft m\u00e0u \u0111en n\u00e2u c\u1ee7a c\u00e0nh c\u00e2y kh\u1eb3ng khiu, Misterio BQ8815 mang \u0111\u1ebfn v\u1ebb \u0111\u1eb9p v\u1eeba t\u0129nh l\u1eb7ng, v\u1eeba m\u1ea1nh m\u1ebd. S\u1ea3n ph\u1ea9m l\u00e0 k\u1ebft qu\u1ea3 c\u1ee7a t\u00ecnh y\u00eau \u0111\u00e1 m\u00e3nh li\u1ec7t v\u00e0 ngu\u1ed3n c\u1ea3m h\u1ee9ng b\u1ea5t t\u1eadn t\u1eeb thi\u00ean nhi\u00ean.<\/p>\n<p>&nbsp;<\/p>\n<figure id=\"attachment_3182\" aria-describedby=\"caption-attachment-3182\" style=\"width: 442px\" class=\"wp-caption alignnone\"><img decoding=\"async\" class=\"size-full wp-image-3182\" src=\"http:\/\/royalstone.com.vn\/wp-content\/uploads\/2025\/02\/BQ8815.png\" alt=\"Bq8815\" width=\"442\" height=\"346\" title=\"\" srcset=\"https:\/\/royalstone.com.vn\/wp-content\/uploads\/2025\/02\/BQ8815.png 442w, https:\/\/royalstone.com.vn\/wp-content\/uploads\/2025\/02\/BQ8815-300x235.png 300w, https:\/\/royalstone.com.vn\/wp-content\/uploads\/2025\/02\/BQ8815-15x12.png 15w\" sizes=\"(max-width: 442px) 100vw, 442px\" \/><figcaption id=\"caption-attachment-3182\" class=\"wp-caption-text\">Bq8815<\/figcaption><\/figure>\n<p>Misterio BQ8815 (Vicostone): V\u00e2n r\u1ed1i n\u1ec1n nh\u1eb9 nh\u00e0ng, v\u00e2n ch\u1ec9 m\u1ecfng n\u00e2u x\u00e1m tr\u00ean n\u1ec1n \u0111\u00e1 c\u1ea9m th\u1ea1ch tr\u1eafng. C\u1ea3m h\u1ee9ng t\u1eeb r\u1eebng tuy\u1ebft tr\u1eafng, v\u1ebb \u0111\u1eb9p tinh kh\u00f4i v\u00e0 m\u1ea1nh m\u1ebd.&#8221;<\/p>\n<p>Tr\u01b0\u1edbc v\u1ebb \u0111\u1eb9p tinh kh\u00f4i \u0111\u00f3, k\u1ebft h\u1ee3p v\u1edbi t\u00ecnh y\u00eau \u0111\u00e1 m\u00e3nh li\u1ec7t \u0111\u00e3 t\u1ea1o ngu\u1ed3n c\u1ea3m h\u1ee9ng cho ch\u00fang t\u00f4i s\u00e1ng t\u00e1c ra s\u1ea3n ph\u1ea9m \u0111\u1ebfn t\u1eeb tr\u00e1i tim mang t\u00ean Misterio \u2013 BQ8815.<\/p>","protected":false},"excerpt":{"rendered":"<h2>Th\u00f4ng s\u1ed1 k\u1ef9 thu\u1eadt<\/h2>\n<p>KH\u1ed4 K\u00cdCH TH\u01af\u1edaC C\u1ee6A T\u1ea4M \u0110\u00c1<\/p>\n<p>K\u00edch th\u01b0\u1edbc ti\u00eau chu\u1ea9n (normal size) 303cm x 143cm (119\u201d x 56\u201d)<br \/>\nK\u00edch th\u01b0\u1edbc kh\u1ed5 l\u1edbn (jumbo size) 330cm x 165cm (130\u201d x 65\u201d)<\/p>\n<p>\u0110\u1ed8 D\u00c0Y TI\u00caU CHU\u1ea8N<\/p>\n<p>12mm (1\/2\u201d)<br \/>\n20mm (3\/4\u201d)<br \/>\n30mm (1 1\/6\u201d)<\/p>\n<p>C\u00c1C LO\u1ea0I B\u1ec0 M\u1eb6T<\/p>\n<p>Polished<\/p>","protected":false},"featured_media":3182,"comment_status":"closed","ping_status":"closed","template":"","meta":{"inline_featured_image":false},"product_cat":[100],"product_tag":[],"class_list":{"0":"post-3181","1":"product","2":"type-product","3":"status-publish","4":"has-post-thumbnail","6":"product_cat-vicostone-nhom-d","8":"first","9":"instock","10":"shipping-taxable","11":"purchasable","12":"product-type-simple"},"_links":{"self":[{"href":"https:\/\/royalstone.com.vn\/en\/wp-json\/wp\/v2\/product\/3181","targetHints":{"allow":["GET"]}}],"collection":[{"href":"https:\/\/royalstone.com.vn\/en\/wp-json\/wp\/v2\/product"}],"about":[{"href":"https:\/\/royalstone.com.vn\/en\/wp-json\/wp\/v2\/types\/product"}],"replies":[{"embeddable":true,"href":"https:\/\/royalstone.com.vn\/en\/wp-json\/wp\/v2\/comments?post=3181"}],"wp:featuredmedia":[{"embeddable":true,"href":"https:\/\/royalstone.com.vn\/en\/wp-json\/wp\/v2\/media\/3182"}],"wp:attachment":[{"href":"https:\/\/royalstone.com.vn\/en\/wp-json\/wp\/v2\/media?parent=3181"}],"wp:term":[{"taxonomy":"product_cat","embeddable":true,"href":"https:\/\/royalstone.com.vn\/en\/wp-json\/wp\/v2\/product_cat?post=3181"},{"taxonomy":"product_tag","embeddable":true,"href":"https:\/\/royalstone.com.vn\/en\/wp-json\/wp\/v2\/product_tag?post=3181"}],"curies":[{"name":"wp","href":"https:\/\/api.w.org\/{rel}","templated":true}]}}