{"id":3169,"date":"2025-02-07T20:23:30","date_gmt":"2025-02-07T13:23:30","guid":{"rendered":"http:\/\/royalstone.com.vn\/?post_type=product&#038;p=3169"},"modified":"2025-03-09T20:59:12","modified_gmt":"2025-03-09T13:59:12","slug":"vicostone-icelake-bq8668","status":"publish","type":"product","link":"https:\/\/royalstone.com.vn\/en\/vicostone-icelake-bq8668\/","title":{"rendered":"Vicostone IceLake BQ8668"},"content":{"rendered":"<h2>IceLake BQ8668<\/h2>\n<p>L\u1ea5y c\u1ea3m h\u1ee9ng t\u1eeb v\u1ebb \u0111\u1eb9p c\u1ee7a nh\u1eefng h\u1ed3 b\u0103ng v\u00f9ng h\u00e0n \u0111\u1edbi khi xu\u00e2n v\u1ec1, v\u1edbi nh\u1eefng v\u1ebft n\u1ee9t \u0111an xen tr\u00ean b\u1ec1 m\u1eb7t b\u0103ng, c\u00e1c k\u1ef9 s\u01b0 <b><a href=\"https:\/\/royalstone.com.vn\/en\/vicostone-denali-bq2605\/\">Vicostone<\/a><\/b> \u0111\u00e3 s\u00e1ng t\u1ea1o n\u00ean s\u1ea3n ph\u1ea9m IceLake. S\u1ea3n ph\u1ea9m n\u1ed5i b\u1eadt v\u1edbi t\u00f4ng m\u00e0u tr\u1eafng xanh m\u00e1t l\u1ea1nh v\u00e0 nh\u1eefng \u0111\u01b0\u1eddng v\u00e2n tr\u1eafng m\u1ea1nh m\u1ebd, t\u00e1i hi\u1ec7n l\u1ea1i nh\u1eefng v\u1ebft n\u1ee9t b\u0103ng gi\u00e1 \u0111\u1ea7y \u1ea5n t\u01b0\u1ee3ng<\/p>\n<figure id=\"attachment_3170\" aria-describedby=\"caption-attachment-3170\" style=\"width: 442px\" class=\"wp-caption alignnone\"><img decoding=\"async\" class=\"size-full wp-image-3170\" src=\"http:\/\/royalstone.com.vn\/wp-content\/uploads\/2025\/02\/BQ8668.png\" alt=\"Bq8668\" width=\"442\" height=\"347\" title=\"\" srcset=\"https:\/\/royalstone.com.vn\/wp-content\/uploads\/2025\/02\/BQ8668.png 442w, https:\/\/royalstone.com.vn\/wp-content\/uploads\/2025\/02\/BQ8668-300x236.png 300w, https:\/\/royalstone.com.vn\/wp-content\/uploads\/2025\/02\/BQ8668-15x12.png 15w\" sizes=\"(max-width: 442px) 100vw, 442px\" \/><figcaption id=\"caption-attachment-3170\" class=\"wp-caption-text\">Bq8668<\/figcaption><\/figure>","protected":false},"excerpt":{"rendered":"<h2>Th\u00f4ng s\u1ed1 k\u1ef9 thu\u1eadt<\/h2>\n<p>KH\u1ed4 K\u00cdCH TH\u01af\u1edaC C\u1ee6A T\u1ea4M \u0110\u00c1<\/p>\n<p>K\u00edch th\u01b0\u1edbc ti\u00eau chu\u1ea9n (normal size) 303cm x 143cm (119\u201d x 56\u201d)<br \/>\nK\u00edch th\u01b0\u1edbc kh\u1ed5 l\u1edbn (jumbo size) 330cm x 165cm (130\u201d x 65\u201d)<\/p>\n<p>\u0110\u1ed8 D\u00c0Y TI\u00caU CHU\u1ea8N<\/p>\n<p>12mm (1\/2\u201d)<br \/>\n20mm (3\/4\u201d)<br \/>\n30mm (1 1\/6\u201d)<\/p>\n<p>C\u00c1C LO\u1ea0I B\u1ec0 M\u1eb6T<\/p>\n<p>Polished<\/p>","protected":false},"featured_media":3170,"comment_status":"closed","ping_status":"closed","template":"","meta":{"inline_featured_image":false},"product_cat":[100],"product_tag":[],"class_list":{"0":"post-3169","1":"product","2":"type-product","3":"status-publish","4":"has-post-thumbnail","6":"product_cat-vicostone-nhom-d","8":"first","9":"instock","10":"shipping-taxable","11":"purchasable","12":"product-type-simple"},"_links":{"self":[{"href":"https:\/\/royalstone.com.vn\/en\/wp-json\/wp\/v2\/product\/3169","targetHints":{"allow":["GET"]}}],"collection":[{"href":"https:\/\/royalstone.com.vn\/en\/wp-json\/wp\/v2\/product"}],"about":[{"href":"https:\/\/royalstone.com.vn\/en\/wp-json\/wp\/v2\/types\/product"}],"replies":[{"embeddable":true,"href":"https:\/\/royalstone.com.vn\/en\/wp-json\/wp\/v2\/comments?post=3169"}],"wp:featuredmedia":[{"embeddable":true,"href":"https:\/\/royalstone.com.vn\/en\/wp-json\/wp\/v2\/media\/3170"}],"wp:attachment":[{"href":"https:\/\/royalstone.com.vn\/en\/wp-json\/wp\/v2\/media?parent=3169"}],"wp:term":[{"taxonomy":"product_cat","embeddable":true,"href":"https:\/\/royalstone.com.vn\/en\/wp-json\/wp\/v2\/product_cat?post=3169"},{"taxonomy":"product_tag","embeddable":true,"href":"https:\/\/royalstone.com.vn\/en\/wp-json\/wp\/v2\/product_tag?post=3169"}],"curies":[{"name":"wp","href":"https:\/\/api.w.org\/{rel}","templated":true}]}}