{"id":3165,"date":"2025-02-07T20:21:50","date_gmt":"2025-02-07T13:21:50","guid":{"rendered":"http:\/\/royalstone.com.vn\/?post_type=product&#038;p=3165"},"modified":"2025-03-09T20:59:19","modified_gmt":"2025-03-09T13:59:19","slug":"vicostone-diamante-bq8788","status":"publish","type":"product","link":"https:\/\/royalstone.com.vn\/en\/vicostone-diamante-bq8788\/","title":{"rendered":"Vicostone Diamante BQ8788"},"content":{"rendered":"<h2>T\u1eeb B\u1ed9 s\u01b0u t\u1eadp Exotic<\/h2>\n<p>B\u1ed9 s\u01b0u t\u1eadp cao c\u1ea5p Exotic t\u00e1i t\u1ea1o nh\u1eefng thi\u1ebft k\u1ebf \u0111\u1ed9c \u0111\u00e1o, tinh t\u1ebf, qu\u00fd ph\u00e1i kh\u00f4ng ch\u1ec9 c\u1ee7a c\u00e1c s\u1ea3n ph\u1ea9m \u0111\u00e1 t\u1ef1 nhi\u00ean m\u00e0 c\u00f2n t\u1eeb nh\u1eefng v\u1ebb \u0111\u1eb9p v\u00f4 gi\u00e1 c\u1ee7a thi\u00ean nhi\u00ean, l\u00e0 ngu\u1ed3n c\u1ea3m h\u1ee9ng b\u1ea5t t\u1eadn cho m\u1ecdi s\u00e1ng t\u1ea1o.<\/p>\n<h2>Diamante BQ8788<\/h2>\n<p>S\u1ea3n ph\u1ea9m \u0111\u00e1 <b><a href=\"https:\/\/royalstone.com.vn\/en\/vicostone-denali-bq2605\/\">Vicostone<\/a><\/b> Diamante n\u1ed5i b\u1eadt v\u1edbi nh\u1eefng \u0111\u01b0\u1eddng v\u00e2n r\u1ea1n, nh\u01b0 nh\u1eefng tia s\u00e9t \u0111\u00e1nh m\u1ea1nh m\u1ebd tr\u1ea3i d\u00e0i to\u00e0n t\u1ea5m. C\u00e1c \u0111\u01b0\u1eddng v\u00e2n n\u00e0y c\u00e0ng tr\u1edf n\u00ean n\u1ed5i b\u1eadt h\u01a1n tr\u00ean b\u1ec1 m\u1eb7t m\u00f4 ph\u1ecfng hi\u1ec7u \u1ee9ng t\u01b0\u01a1ng t\u1ef1 granite (granite-looking) m\u00e0u tr\u1eafng ph\u00f3ng kho\u00e1ng.<\/p>\n<figure id=\"attachment_3166\" aria-describedby=\"caption-attachment-3166\" style=\"width: 443px\" class=\"wp-caption alignnone\"><img decoding=\"async\" class=\"size-full wp-image-3166\" src=\"http:\/\/royalstone.com.vn\/wp-content\/uploads\/2025\/02\/BQ8788.png\" alt=\"Bq8788\" width=\"443\" height=\"347\" title=\"\" srcset=\"https:\/\/royalstone.com.vn\/wp-content\/uploads\/2025\/02\/BQ8788.png 443w, https:\/\/royalstone.com.vn\/wp-content\/uploads\/2025\/02\/BQ8788-300x235.png 300w, https:\/\/royalstone.com.vn\/wp-content\/uploads\/2025\/02\/BQ8788-15x12.png 15w\" sizes=\"(max-width: 443px) 100vw, 443px\" \/><figcaption id=\"caption-attachment-3166\" class=\"wp-caption-text\">Bq8788<\/figcaption><\/figure>\n<p>H\u1ed3 Maracaibo \u1edf Venezuela \u0111\u01b0\u1ee3c m\u1ec7nh danh l\u00e0 \u201cthi\u00ean \u0111\u01b0\u1eddng c\u1ee7a nh\u1eefng v\u0169 \u0111i\u1ec7u s\u1ea5m s\u00e9t\u201d v\u1edbi x\u1ea5p x\u1ec9 3 tri\u1ec7u c\u00fa s\u00e9t m\u1ed7i n\u0103m, c\u00f3 s\u1ee9c cu\u1ed1n h\u00fat l\u1ea1 k\u1ef3. H\u00e0ng tr\u0103m ngh\u00ecn c\u00e1c nhi\u1ebfp \u1ea3nh gia n\u1ed5i ti\u1ebfng tr\u00ean th\u1ebf gi\u1edbi t\u1ee5 h\u1ed9i v\u1ec1 \u0111\u00e2y \u0111\u1ec3 t\u1eadn h\u01b0\u1edfng nh\u1eefng c\u1ea3m gi\u00e1c th\u00fa v\u1ecb khi s\u0103n l\u00f9ng nh\u1eefng kho\u1ea3nh kh\u1eafc \u1ea5n t\u01b0\u1ee3ng \u1ea5y. \u0110i\u1ec1u \u0111\u1eb7c bi\u1ec7t l\u00e0 c\u00e1c tia s\u00e9t \u1edf h\u1ed3 Maracaibo r\u1ea5t s\u00e1ng, t\u1edbi m\u1ee9c c\u00f3 th\u1ec3 nh\u00ecn r\u00f5 t\u1eeb kho\u1ea3ng c\u00e1ch 400 km gi\u00fap c\u00e1c th\u1ee7y th\u1ee7 \u0111\u1ecbnh h\u01b0\u1edbng trong \u0111\u00eam t\u1ed1i gi\u1eefa bi\u1ec3n l\u1edbn m\u00eanh m\u00f4ng&#8230; L\u1ea5y c\u1ea3m h\u1ee9ng t\u1eeb hi\u1ec7n t\u01b0\u1ee3ng thi\u00ean nhi\u00ean \u0111\u1ea7y th\u00fa v\u1ecb \u0111\u00f3, ch\u00fang t\u00f4i \u0111\u00e3 truy\u1ec1n t\u1ea3i s\u1ee9c m\u1ea1nh c\u1ee7a nh\u1eefng tia s\u00e9t r\u1ef1c s\u00e1ng tr\u00e0n \u0111\u1ea7y n\u0103ng l\u01b0\u1ee3ng v\u00e0o b\u1ed9 s\u1ea3n ph\u1ea9m Thunder Collection. BQ8788 BQ8788<\/p>","protected":false},"excerpt":{"rendered":"<h2>Th\u00f4ng s\u1ed1 k\u1ef9 thu\u1eadt<\/h2>\n<p>KH\u1ed4 K\u00cdCH TH\u01af\u1edaC C\u1ee6A T\u1ea4M \u0110\u00c1<\/p>\n<p>K\u00edch th\u01b0\u1edbc ti\u00eau chu\u1ea9n (normal size) 303cm x 143cm (119\u201d x 56\u201d)<br \/>\nK\u00edch th\u01b0\u1edbc kh\u1ed5 l\u1edbn (jumbo size) 330cm x 165cm (130\u201d x 65\u201d)<\/p>\n<p>\u0110\u1ed8 D\u00c0Y TI\u00caU CHU\u1ea8N<\/p>\n<p>12mm (1\/2\u201d)<br \/>\n20mm (3\/4\u201d)<br \/>\n30mm (1 1\/6\u201d)<\/p>\n<p>C\u00c1C LO\u1ea0I B\u1ec0 M\u1eb6T<\/p>\n<p>Polished<\/p>","protected":false},"featured_media":3166,"comment_status":"closed","ping_status":"closed","template":"","meta":{"inline_featured_image":false},"product_cat":[100],"product_tag":[],"class_list":{"0":"post-3165","1":"product","2":"type-product","3":"status-publish","4":"has-post-thumbnail","6":"product_cat-vicostone-nhom-d","8":"first","9":"instock","10":"shipping-taxable","11":"purchasable","12":"product-type-simple"},"_links":{"self":[{"href":"https:\/\/royalstone.com.vn\/en\/wp-json\/wp\/v2\/product\/3165","targetHints":{"allow":["GET"]}}],"collection":[{"href":"https:\/\/royalstone.com.vn\/en\/wp-json\/wp\/v2\/product"}],"about":[{"href":"https:\/\/royalstone.com.vn\/en\/wp-json\/wp\/v2\/types\/product"}],"replies":[{"embeddable":true,"href":"https:\/\/royalstone.com.vn\/en\/wp-json\/wp\/v2\/comments?post=3165"}],"wp:featuredmedia":[{"embeddable":true,"href":"https:\/\/royalstone.com.vn\/en\/wp-json\/wp\/v2\/media\/3166"}],"wp:attachment":[{"href":"https:\/\/royalstone.com.vn\/en\/wp-json\/wp\/v2\/media?parent=3165"}],"wp:term":[{"taxonomy":"product_cat","embeddable":true,"href":"https:\/\/royalstone.com.vn\/en\/wp-json\/wp\/v2\/product_cat?post=3165"},{"taxonomy":"product_tag","embeddable":true,"href":"https:\/\/royalstone.com.vn\/en\/wp-json\/wp\/v2\/product_tag?post=3165"}],"curies":[{"name":"wp","href":"https:\/\/api.w.org\/{rel}","templated":true}]}}