{"id":3142,"date":"2025-02-07T20:03:40","date_gmt":"2025-02-07T13:03:40","guid":{"rendered":"http:\/\/royalstone.com.vn\/?post_type=product&#038;p=3142"},"modified":"2025-03-09T22:07:09","modified_gmt":"2025-03-09T15:07:09","slug":"vicostone-tyrol-bq6705","status":"publish","type":"product","link":"https:\/\/royalstone.com.vn\/en\/vicostone-tyrol-bq6705\/","title":{"rendered":"Vicostone Tyrol BQ6705"},"content":{"rendered":"<h2>Tyrol BQ6705<\/h2>\n<p>L\u1ea5y c\u1ea3m h\u1ee9ng t\u1eeb nh\u1eefng gi\u1ecdt m\u01b0a r\u01a1i tr\u00ean t\u00e1n l\u00e1 v\u00e0 th\u00e2n c\u00e2y c\u1ed5 th\u1ee5, VICOSTONE\u00ae Tyrol\u2122 BQ6705 k\u1ebft h\u1ee3p tinh t\u1ebf nhi\u1ec1u l\u1edbp v\u00e2n x\u00e1m \u0111\u1eadm, x\u00e1m nh\u1ea1t v\u00e0 n\u00e2u v\u00e0ng, t\u1ea1o n\u00ean v\u1ebb \u0111\u1eb9p s\u1ed1ng \u0111\u1ed9ng v\u00e0 chi\u1ec1u s\u00e2u cho m\u1ecdi kh\u00f4ng gian<\/p>\n<figure id=\"attachment_3143\" aria-describedby=\"caption-attachment-3143\" style=\"width: 566px\" class=\"wp-caption alignnone\"><img decoding=\"async\" class=\"size-full wp-image-3143\" src=\"http:\/\/royalstone.com.vn\/wp-content\/uploads\/2025\/02\/BQ6705.png\" alt=\"Bq6705\" width=\"566\" height=\"564\" title=\"\" srcset=\"https:\/\/royalstone.com.vn\/wp-content\/uploads\/2025\/02\/BQ6705.png 566w, https:\/\/royalstone.com.vn\/wp-content\/uploads\/2025\/02\/BQ6705-300x300.png 300w, https:\/\/royalstone.com.vn\/wp-content\/uploads\/2025\/02\/BQ6705-150x150.png 150w, https:\/\/royalstone.com.vn\/wp-content\/uploads\/2025\/02\/BQ6705-12x12.png 12w, https:\/\/royalstone.com.vn\/wp-content\/uploads\/2025\/02\/BQ6705-45x45.png 45w, https:\/\/royalstone.com.vn\/wp-content\/uploads\/2025\/02\/BQ6705-100x100.png 100w\" sizes=\"(max-width: 566px) 100vw, 566px\" \/><figcaption id=\"caption-attachment-3143\" class=\"wp-caption-text\">Bq6705<\/figcaption><\/figure>","protected":false},"excerpt":{"rendered":"<h3><strong>Th\u00f4ng s\u1ed1 k\u1ef9 thu\u1eadt<\/strong><\/h3>\n<p>KH\u1ed4 K\u00cdCH TH\u01af\u1edaC C\u1ee6A T\u1ea4M \u0110\u00c1<\/p>\n<p>K\u00edch th\u01b0\u1edbc ti\u00eau chu\u1ea9n (normal size) 303cm x 143cm (119\u201d x 56\u201d)<\/p>\n<p>K\u00edch th\u01b0\u1edbc kh\u1ed5 l\u1edbn (jumbo size) 330cm x 165cm (130\u201d x 65\u201d<\/p>\n<p>\u0110\u1ed8 D\u00c0Y TI\u00caU CHU\u1ea8N<\/p>\n<p>12mm (1\/2\u201d)<br \/>\n20mm (3\/4\u201d)<br \/>\n30mm (1 1\/6\u201d)<\/p>\n<p>C\u00c1C LO\u1ea0I B\u1ec0 M\u1eb6T<\/p>\n<p>Polished<\/p>","protected":false},"featured_media":3143,"comment_status":"closed","ping_status":"closed","template":"","meta":{"inline_featured_image":false},"product_cat":[102],"product_tag":[],"class_list":{"0":"post-3142","1":"product","2":"type-product","3":"status-publish","4":"has-post-thumbnail","6":"product_cat-vicostone-nhom-c","8":"first","9":"instock","10":"shipping-taxable","11":"purchasable","12":"product-type-simple"},"_links":{"self":[{"href":"https:\/\/royalstone.com.vn\/en\/wp-json\/wp\/v2\/product\/3142","targetHints":{"allow":["GET"]}}],"collection":[{"href":"https:\/\/royalstone.com.vn\/en\/wp-json\/wp\/v2\/product"}],"about":[{"href":"https:\/\/royalstone.com.vn\/en\/wp-json\/wp\/v2\/types\/product"}],"replies":[{"embeddable":true,"href":"https:\/\/royalstone.com.vn\/en\/wp-json\/wp\/v2\/comments?post=3142"}],"wp:featuredmedia":[{"embeddable":true,"href":"https:\/\/royalstone.com.vn\/en\/wp-json\/wp\/v2\/media\/3143"}],"wp:attachment":[{"href":"https:\/\/royalstone.com.vn\/en\/wp-json\/wp\/v2\/media?parent=3142"}],"wp:term":[{"taxonomy":"product_cat","embeddable":true,"href":"https:\/\/royalstone.com.vn\/en\/wp-json\/wp\/v2\/product_cat?post=3142"},{"taxonomy":"product_tag","embeddable":true,"href":"https:\/\/royalstone.com.vn\/en\/wp-json\/wp\/v2\/product_tag?post=3142"}],"curies":[{"name":"wp","href":"https:\/\/api.w.org\/{rel}","templated":true}]}}