{"id":3129,"date":"2025-02-07T19:58:33","date_gmt":"2025-02-07T12:58:33","guid":{"rendered":"http:\/\/royalstone.com.vn\/?post_type=product&#038;p=3129"},"modified":"2025-03-09T22:07:19","modified_gmt":"2025-03-09T15:07:19","slug":"vicostone-delta-bq8402","status":"publish","type":"product","link":"https:\/\/royalstone.com.vn\/en\/vicostone-delta-bq8402\/","title":{"rendered":"Vicostone Delta BQ8402"},"content":{"rendered":"<p><b><a href=\"https:\/\/royalstone.com.vn\/en\/vicostone-denali-bq2605\/\">Vicostone<\/a><\/b> Delta 8402 th\u1ec3 hi\u1ec7n s\u1ef1 chuy\u1ec3n \u0111\u1ed9ng s\u1ed1ng \u0111\u1ed9ng qua s\u1ef1 \u0111an xen gi\u1eefa nhi\u1ec1u l\u1edbp v\u00e2n v\u00e0 m\u00e0u s\u1eafc kh\u00e1c nhau tr\u00ean b\u1ec1 m\u1eb7t. C\u00e1c l\u1edbp v\u00e2n x\u00e1m \u0111\u1eadm nh\u1ea1t nh\u01b0 m\u00e0n s\u01b0\u01a1ng m\u00f9 huy\u1ec1n \u1ea3o, h\u00f2a quy\u1ec7n tr\u00ean n\u1ec1n \u0111\u00e1 c\u1ea9m th\u1ea1ch tr\u1eafng, t\u00e1i hi\u1ec7n khung c\u1ea3nh tuy\u1ec7t \u0111\u1eb9p c\u1ee7a nh\u1eefng \u0111\u00e1m m\u00e2y b\u1ee5i v\u0169 tr\u1ee5<\/p>\n<figure id=\"attachment_3130\" aria-describedby=\"caption-attachment-3130\" style=\"width: 441px\" class=\"wp-caption alignnone\"><img decoding=\"async\" class=\"size-full wp-image-3130\" src=\"http:\/\/royalstone.com.vn\/wp-content\/uploads\/2025\/02\/BQ8402.png\" alt=\"Bq8402\" width=\"441\" height=\"346\" title=\"\" srcset=\"https:\/\/royalstone.com.vn\/wp-content\/uploads\/2025\/02\/BQ8402.png 441w, https:\/\/royalstone.com.vn\/wp-content\/uploads\/2025\/02\/BQ8402-300x235.png 300w, https:\/\/royalstone.com.vn\/wp-content\/uploads\/2025\/02\/BQ8402-15x12.png 15w\" sizes=\"(max-width: 441px) 100vw, 441px\" \/><figcaption id=\"caption-attachment-3130\" class=\"wp-caption-text\">Bq8402<\/figcaption><\/figure>","protected":false},"excerpt":{"rendered":"<p>Vicostone Delta 8402 th\u1ec3 hi\u1ec7n s\u1ef1 chuy\u1ec3n \u0111\u1ed9ng s\u1ed1ng \u0111\u1ed9ng qua s\u1ef1 \u0111an xen gi\u1eefa nhi\u1ec1u l\u1edbp v\u00e2n v\u00e0 m\u00e0u s\u1eafc kh\u00e1c nhau tr\u00ean b\u1ec1 m\u1eb7t. C\u00e1c l\u1edbp v\u00e2n x\u00e1m \u0111\u1eadm nh\u1ea1t nh\u01b0 m\u00e0n s\u01b0\u01a1ng m\u00f9 huy\u1ec1n \u1ea3o, h\u00f2a quy\u1ec7n tr\u00ean n\u1ec1n \u0111\u00e1 c\u1ea9m th\u1ea1ch tr\u1eafng, t\u00e1i hi\u1ec7n khung c\u1ea3nh tuy\u1ec7t \u0111\u1eb9p c\u1ee7a nh\u1eefng \u0111\u00e1m&#8230;<\/p>","protected":false},"featured_media":3130,"comment_status":"closed","ping_status":"closed","template":"","meta":{"inline_featured_image":false},"product_cat":[102],"product_tag":[],"class_list":{"0":"post-3129","1":"product","2":"type-product","3":"status-publish","4":"has-post-thumbnail","6":"product_cat-vicostone-nhom-c","8":"first","9":"instock","10":"shipping-taxable","11":"purchasable","12":"product-type-simple"},"_links":{"self":[{"href":"https:\/\/royalstone.com.vn\/en\/wp-json\/wp\/v2\/product\/3129","targetHints":{"allow":["GET"]}}],"collection":[{"href":"https:\/\/royalstone.com.vn\/en\/wp-json\/wp\/v2\/product"}],"about":[{"href":"https:\/\/royalstone.com.vn\/en\/wp-json\/wp\/v2\/types\/product"}],"replies":[{"embeddable":true,"href":"https:\/\/royalstone.com.vn\/en\/wp-json\/wp\/v2\/comments?post=3129"}],"wp:featuredmedia":[{"embeddable":true,"href":"https:\/\/royalstone.com.vn\/en\/wp-json\/wp\/v2\/media\/3130"}],"wp:attachment":[{"href":"https:\/\/royalstone.com.vn\/en\/wp-json\/wp\/v2\/media?parent=3129"}],"wp:term":[{"taxonomy":"product_cat","embeddable":true,"href":"https:\/\/royalstone.com.vn\/en\/wp-json\/wp\/v2\/product_cat?post=3129"},{"taxonomy":"product_tag","embeddable":true,"href":"https:\/\/royalstone.com.vn\/en\/wp-json\/wp\/v2\/product_tag?post=3129"}],"curies":[{"name":"wp","href":"https:\/\/api.w.org\/{rel}","templated":true}]}}