{"id":3109,"date":"2025-02-07T19:49:31","date_gmt":"2025-02-07T12:49:31","guid":{"rendered":"http:\/\/royalstone.com.vn\/?post_type=product&#038;p=3109"},"modified":"2025-03-09T22:08:21","modified_gmt":"2025-03-09T15:08:21","slug":"vicostone-terreno-bq8791","status":"publish","type":"product","link":"https:\/\/royalstone.com.vn\/en\/vicostone-terreno-bq8791\/","title":{"rendered":"Vicostone Terreno BQ8791"},"content":{"rendered":"<h2>Terreno BQ8791<\/h2>\n<p>L\u1ea5y c\u1ea3m h\u1ee9ng t\u1eeb v\u1ebb \u0111\u1eb9p ho\u00e0i c\u1ed5 c\u1ee7a thi\u1ebft k\u1ebf Terrazzo, \u0111\u00e1 <b><a href=\"https:\/\/royalstone.com.vn\/en\/vicostone-denali-bq2605\/\">Vicostone<\/a><\/b> Terreno BQ8791 mang phong c\u00e1ch terrazzo looking \u0111\u1ed9c \u0111\u00e1o. S\u1ef1 k\u1ebft h\u1ee3p h\u00e0i h\u00f2a gi\u1eefa c\u00e1c c\u1ee5c\/t\u1ea3ng k\u00edch th\u01b0\u1edbc trung b\u00ecnh m\u00e0u tr\u1eafng tr\u00ean n\u1ec1n x\u00e1m nh\u1ea1t t\u1ea1o n\u00ean v\u1ebb \u0111\u1eb9p \u1ea5n t\u01b0\u1ee3ng v\u00e0 thu h\u00fat cho s\u1ea3n ph\u1ea9m. Terreno BQ8791 thu\u1ed9c B\u1ed9 s\u01b0u t\u1eadp Natural, n\u01a1i v\u1ebb \u0111\u1eb9p m\u1ea1nh m\u1ebd c\u1ee7a <b><a href=\"https:\/\/royalstone.com.vn\/en\/da-granite-3-cm-la-lua-chon-hoan-hao\/\">granite<\/a><\/b> v\u00e0 n\u00e9t thanh tho\u00e1t c\u1ee7a \u0111\u00e1 c\u1ea9m th\u1ea1ch h\u00f2a quy\u1ec7n, mang \u0111\u1ebfn kh\u00f4ng gian n\u1ed9i th\u1ea5t g\u1ea7n g\u0169i v\u1edbi thi\u00ean nhi\u00ean.<\/p>\n<h2>T\u1eeb B\u1ed9 s\u01b0u t\u1eadp Natural<\/h2>\n<p>B\u1ed9 s\u01b0u t\u1eadp Natural, n\u01a1i nh\u1eefng thi\u1ebft k\u1ebf \u0111\u1ed9c \u0111\u00e1o mang \u0111\u1ebfn v\u1ebb \u0111\u1eb9p t\u1ef1 nhi\u00ean, thanh l\u1ecbch cho kh\u00f4ng gian n\u1ed9i th\u1ea5t.<\/p>\n<figure id=\"attachment_3110\" aria-describedby=\"caption-attachment-3110\" style=\"width: 444px\" class=\"wp-caption alignnone\"><img decoding=\"async\" class=\"size-full wp-image-3110\" src=\"http:\/\/royalstone.com.vn\/wp-content\/uploads\/2025\/02\/BQ8791.png\" alt=\"Bq8791\" width=\"444\" height=\"347\" title=\"\" srcset=\"https:\/\/royalstone.com.vn\/wp-content\/uploads\/2025\/02\/BQ8791.png 444w, https:\/\/royalstone.com.vn\/wp-content\/uploads\/2025\/02\/BQ8791-300x234.png 300w, https:\/\/royalstone.com.vn\/wp-content\/uploads\/2025\/02\/BQ8791-15x12.png 15w\" sizes=\"(max-width: 444px) 100vw, 444px\" \/><figcaption id=\"caption-attachment-3110\" class=\"wp-caption-text\">Bq8791<\/figcaption><\/figure>","protected":false},"excerpt":{"rendered":"<h2>Th\u00f4ng s\u1ed1 k\u1ef9 thu\u1eadt<\/h2>\n<p>KH\u1ed4 K\u00cdCH TH\u01af\u1edaC C\u1ee6A T\u1ea4M \u0110\u00c1<\/p>\n<p>K\u00edch th\u01b0\u1edbc kh\u1ed5 l\u1edbn (jumbo size) 165cm x 330cm (129&#8243; x 65&#8243;)<\/p>\n<p>\u0110\u1ed8 D\u00c0Y TI\u00caU CHU\u1ea8N<\/p>\n<p>20mm (3\/4\u201d)<br \/>\n30mm (1 1\/6\u201d)<\/p>\n<p>C\u00c1C LO\u1ea0I B\u1ec0 M\u1eb6T<\/p>\n<p>Polished<\/p>","protected":false},"featured_media":3110,"comment_status":"closed","ping_status":"closed","template":"","meta":{"inline_featured_image":false},"product_cat":[102],"product_tag":[],"class_list":{"0":"post-3109","1":"product","2":"type-product","3":"status-publish","4":"has-post-thumbnail","6":"product_cat-vicostone-nhom-c","8":"first","9":"instock","10":"shipping-taxable","11":"purchasable","12":"product-type-simple"},"_links":{"self":[{"href":"https:\/\/royalstone.com.vn\/en\/wp-json\/wp\/v2\/product\/3109","targetHints":{"allow":["GET"]}}],"collection":[{"href":"https:\/\/royalstone.com.vn\/en\/wp-json\/wp\/v2\/product"}],"about":[{"href":"https:\/\/royalstone.com.vn\/en\/wp-json\/wp\/v2\/types\/product"}],"replies":[{"embeddable":true,"href":"https:\/\/royalstone.com.vn\/en\/wp-json\/wp\/v2\/comments?post=3109"}],"wp:featuredmedia":[{"embeddable":true,"href":"https:\/\/royalstone.com.vn\/en\/wp-json\/wp\/v2\/media\/3110"}],"wp:attachment":[{"href":"https:\/\/royalstone.com.vn\/en\/wp-json\/wp\/v2\/media?parent=3109"}],"wp:term":[{"taxonomy":"product_cat","embeddable":true,"href":"https:\/\/royalstone.com.vn\/en\/wp-json\/wp\/v2\/product_cat?post=3109"},{"taxonomy":"product_tag","embeddable":true,"href":"https:\/\/royalstone.com.vn\/en\/wp-json\/wp\/v2\/product_tag?post=3109"}],"curies":[{"name":"wp","href":"https:\/\/api.w.org\/{rel}","templated":true}]}}