{"id":3096,"date":"2025-02-07T19:44:21","date_gmt":"2025-02-07T12:44:21","guid":{"rendered":"http:\/\/royalstone.com.vn\/?post_type=product&#038;p=3096"},"modified":"2025-03-09T22:07:41","modified_gmt":"2025-03-09T15:07:41","slug":"vicostone-cinza-bq8808","status":"publish","type":"product","link":"https:\/\/royalstone.com.vn\/en\/vicostone-cinza-bq8808\/","title":{"rendered":"Vicostone Cinza BQ8808"},"content":{"rendered":"<h2>Cinza BQ8808<\/h2>\n<p>Cinza BQ8808 c\u1ee7a <b><a href=\"https:\/\/royalstone.com.vn\/en\/vicostone-denali-bq2605\/\">Vicostone<\/a><\/b> l\u00e0 m\u1ed9t s\u00e1ng t\u1ea1o \u0111\u1ed9c \u0111\u00e1o, l\u1ea5y c\u1ea3m h\u1ee9ng t\u1eeb v\u1ebb \u0111\u1eb9p tinh t\u1ebf c\u1ee7a \u0111\u00e1 c\u1ea9m th\u1ea1ch. Nh\u1eefng \u0111\u01b0\u1eddng v\u00e2n nh\u1ecf, m\u1ec1m m\u1ea1i, \u1ea9n hi\u1ec7n tr\u00ean b\u1ec1 m\u1eb7t \u0111\u00e1, k\u1ebft h\u1ee3p c\u00f9ng hai l\u1edbp v\u00e2n &#8211; v\u00e2n r\u1ed1i n\u1ec1n nh\u1eb9 nh\u00e0ng v\u00e0 v\u00e2n ch\u1ec9 m\u1ecfng &#8211; t\u1ea1o n\u00ean m\u1ed9t v\u1ebb \u0111\u1eb9p h\u00e0i h\u00f2a v\u00e0 \u0111\u1ed9c \u0111\u00e1o tr\u00ean n\u1ec1n x\u00e1m. Cinza BQ8808 thu\u1ed9c B\u1ed9 s\u01b0u t\u1eadp Natural, n\u01a1i v\u1ebb \u0111\u1eb9p m\u1ea1nh m\u1ebd c\u1ee7a <b><a href=\"https:\/\/royalstone.com.vn\/en\/da-granite-3-cm-la-lua-chon-hoan-hao\/\">granite<\/a><\/b> v\u00e0 n\u00e9t thanh tho\u00e1t c\u1ee7a \u0111\u00e1 c\u1ea9m th\u1ea1ch h\u00f2a quy\u1ec7n, mang \u0111\u1ebfn kh\u00f4ng gian n\u1ed9i th\u1ea5t g\u1ea7n g\u0169i v\u1edbi thi\u00ean nhi\u00ean.<\/p>\n<h2>T\u1eeb B\u1ed9 s\u01b0u t\u1eadp Natural<\/h2>\n<p>B\u1ed9 s\u01b0u t\u1eadp Natural, n\u01a1i nh\u1eefng thi\u1ebft k\u1ebf kinh \u0111i\u1ec3n v\u01b0\u1ee3t th\u1eddi gian mang \u0111\u1ebfn s\u1ef1 tao nh\u00e3 cho m\u1ecdi c\u00f4ng tr\u00ecnh ki\u1ebfn tr\u00fac.<\/p>\n<figure id=\"attachment_3097\" aria-describedby=\"caption-attachment-3097\" style=\"width: 442px\" class=\"wp-caption alignnone\"><img decoding=\"async\" class=\"size-full wp-image-3097\" src=\"http:\/\/royalstone.com.vn\/wp-content\/uploads\/2025\/02\/BQ8808.png\" alt=\"Bq8808\" width=\"442\" height=\"345\" title=\"\" srcset=\"https:\/\/royalstone.com.vn\/wp-content\/uploads\/2025\/02\/BQ8808.png 442w, https:\/\/royalstone.com.vn\/wp-content\/uploads\/2025\/02\/BQ8808-300x234.png 300w, https:\/\/royalstone.com.vn\/wp-content\/uploads\/2025\/02\/BQ8808-15x12.png 15w\" sizes=\"(max-width: 442px) 100vw, 442px\" \/><figcaption id=\"caption-attachment-3097\" class=\"wp-caption-text\">Bq8808<\/figcaption><\/figure>","protected":false},"excerpt":{"rendered":"<h2>Th\u00f4ng s\u1ed1 k\u1ef9 thu\u1eadt<\/h2>\n<p>KH\u1ed4 K\u00cdCH TH\u01af\u1edaC C\u1ee6A T\u1ea4M \u0110\u00c1<\/p>\n<p>K\u00edch th\u01b0\u1edbc ti\u00eau chu\u1ea9n (normal size) 303cm x 143cm (119\u201d x 56\u201d)<br \/>\nK\u00edch th\u01b0\u1edbc kh\u1ed5 l\u1edbn (jumbo size) 330cm x 165cm (130\u201d x 65\u201d)<\/p>\n<p>\u0110\u1ed8 D\u00c0Y TI\u00caU CHU\u1ea8N<\/p>\n<p>12mm (1\/2\u201d)<br \/>\n20mm (3\/4\u201d)<br \/>\n30mm (1 1\/6\u201d)<\/p>\n<p>C\u00c1C LO\u1ea0I B\u1ec0 M\u1eb6T<\/p>\n<p>Polished<\/p>","protected":false},"featured_media":3097,"comment_status":"closed","ping_status":"closed","template":"","meta":{"inline_featured_image":false},"product_cat":[102],"product_tag":[],"class_list":{"0":"post-3096","1":"product","2":"type-product","3":"status-publish","4":"has-post-thumbnail","6":"product_cat-vicostone-nhom-c","8":"first","9":"instock","10":"shipping-taxable","11":"purchasable","12":"product-type-simple"},"_links":{"self":[{"href":"https:\/\/royalstone.com.vn\/en\/wp-json\/wp\/v2\/product\/3096","targetHints":{"allow":["GET"]}}],"collection":[{"href":"https:\/\/royalstone.com.vn\/en\/wp-json\/wp\/v2\/product"}],"about":[{"href":"https:\/\/royalstone.com.vn\/en\/wp-json\/wp\/v2\/types\/product"}],"replies":[{"embeddable":true,"href":"https:\/\/royalstone.com.vn\/en\/wp-json\/wp\/v2\/comments?post=3096"}],"wp:featuredmedia":[{"embeddable":true,"href":"https:\/\/royalstone.com.vn\/en\/wp-json\/wp\/v2\/media\/3097"}],"wp:attachment":[{"href":"https:\/\/royalstone.com.vn\/en\/wp-json\/wp\/v2\/media?parent=3096"}],"wp:term":[{"taxonomy":"product_cat","embeddable":true,"href":"https:\/\/royalstone.com.vn\/en\/wp-json\/wp\/v2\/product_cat?post=3096"},{"taxonomy":"product_tag","embeddable":true,"href":"https:\/\/royalstone.com.vn\/en\/wp-json\/wp\/v2\/product_tag?post=3096"}],"curies":[{"name":"wp","href":"https:\/\/api.w.org\/{rel}","templated":true}]}}