{"id":3092,"date":"2025-02-07T19:42:39","date_gmt":"2025-02-07T12:42:39","guid":{"rendered":"http:\/\/royalstone.com.vn\/?post_type=product&#038;p=3092"},"modified":"2025-03-09T22:07:44","modified_gmt":"2025-03-09T15:07:44","slug":"vicostone-concret-bq8860","status":"publish","type":"product","link":"https:\/\/royalstone.com.vn\/en\/vicostone-concret-bq8860\/","title":{"rendered":"Vicostone Concret BQ8860"},"content":{"rendered":"<article>\n<h2>Concret BQ8860<\/h2>\n<p>L\u1ea5y c\u1ea3m h\u1ee9ng t\u1eeb b\u1ec1 m\u1eb7t xi m\u0103ng trong c\u00e1c thi\u1ebft k\u1ebf hi\u1ec7n \u0111\u1ea1i v\u00e0 phong c\u00e1ch urban &#8211; industrial, Concret BQ8860 c\u1ee7a <b><a href=\"https:\/\/royalstone.com.vn\/en\/vicostone-denali-bq2605\/\">Vicostone<\/a><\/b> tr\u1edf n\u00ean \u0111\u1ed9c \u0111\u00e1o h\u01a1n v\u1edbi hi\u1ec7u \u1ee9ng v\u00e2n m\u1ed1c tr\u00ean n\u1ec1n x\u00e1m s\u00e1ng. S\u1ea3n ph\u1ea9m n\u00e0y mang \u0111\u1ebfn v\u1ebb \u0111\u1eb9p m\u1ea1nh m\u1ebd, c\u00e1 t\u00ednh v\u00e0 \u0111\u1ea7y \u1ea5n t\u01b0\u1ee3ng cho kh\u00f4ng gian n\u1ed9i th\u1ea5t.<\/p>\n<\/article>\n<h2>T\u1eeb B\u1ed9 s\u01b0u t\u1eadp Natural<\/h2>\n<p>Kh\u00f4ng ch\u1ec9 mang t\u00ednh th\u1ea9m m\u1ef9 cao m\u00e0 c\u00f2n c\u00f3 t\u00ednh \u1ee9ng d\u1ee5ng linh ho\u1ea1t, ph\u00f9 h\u1ee3p v\u1edbi nhi\u1ec1u lo\u1ea1i c\u00f4ng tr\u00ecnh.<\/p>\n<figure id=\"attachment_3093\" aria-describedby=\"caption-attachment-3093\" style=\"width: 441px\" class=\"wp-caption alignnone\"><img decoding=\"async\" class=\"size-full wp-image-3093\" src=\"http:\/\/royalstone.com.vn\/wp-content\/uploads\/2025\/02\/BQ8860.png\" alt=\"Bq8860\" width=\"441\" height=\"348\" title=\"\" srcset=\"https:\/\/royalstone.com.vn\/wp-content\/uploads\/2025\/02\/BQ8860.png 441w, https:\/\/royalstone.com.vn\/wp-content\/uploads\/2025\/02\/BQ8860-300x237.png 300w, https:\/\/royalstone.com.vn\/wp-content\/uploads\/2025\/02\/BQ8860-15x12.png 15w\" sizes=\"(max-width: 441px) 100vw, 441px\" \/><figcaption id=\"caption-attachment-3093\" class=\"wp-caption-text\">Bq8860<\/figcaption><\/figure>","protected":false},"excerpt":{"rendered":"<h2>Th\u00f4ng s\u1ed1 k\u1ef9 thu\u1eadt<\/h2>\n<p>KH\u1ed4 K\u00cdCH TH\u01af\u1edaC C\u1ee6A T\u1ea4M \u0110\u00c1<\/p>\n<p>K\u00edch th\u01b0\u1edbc ti\u00eau chu\u1ea9n (normal size) 303cm x 143cm (119\u201d x 56\u201d)<br \/>\nK\u00edch th\u01b0\u1edbc kh\u1ed5 l\u1edbn (jumbo size) 330cm x 165cm (130\u201d x 65\u201d)<\/p>\n<p>\u0110\u1ed8 D\u00c0Y TI\u00caU CHU\u1ea8N<\/p>\n<p>12mm (1\/2\u201d)<br \/>\n20mm (3\/4\u201d)<br \/>\n30mm (1 1\/6\u201d)<\/p>\n<p>C\u00c1C LO\u1ea0I B\u1ec0 M\u1eb6T<\/p>\n<p>Honed<\/p>","protected":false},"featured_media":3093,"comment_status":"closed","ping_status":"closed","template":"","meta":{"inline_featured_image":false},"product_cat":[102],"product_tag":[],"class_list":{"0":"post-3092","1":"product","2":"type-product","3":"status-publish","4":"has-post-thumbnail","6":"product_cat-vicostone-nhom-c","8":"first","9":"instock","10":"shipping-taxable","11":"purchasable","12":"product-type-simple"},"_links":{"self":[{"href":"https:\/\/royalstone.com.vn\/en\/wp-json\/wp\/v2\/product\/3092","targetHints":{"allow":["GET"]}}],"collection":[{"href":"https:\/\/royalstone.com.vn\/en\/wp-json\/wp\/v2\/product"}],"about":[{"href":"https:\/\/royalstone.com.vn\/en\/wp-json\/wp\/v2\/types\/product"}],"replies":[{"embeddable":true,"href":"https:\/\/royalstone.com.vn\/en\/wp-json\/wp\/v2\/comments?post=3092"}],"wp:featuredmedia":[{"embeddable":true,"href":"https:\/\/royalstone.com.vn\/en\/wp-json\/wp\/v2\/media\/3093"}],"wp:attachment":[{"href":"https:\/\/royalstone.com.vn\/en\/wp-json\/wp\/v2\/media?parent=3092"}],"wp:term":[{"taxonomy":"product_cat","embeddable":true,"href":"https:\/\/royalstone.com.vn\/en\/wp-json\/wp\/v2\/product_cat?post=3092"},{"taxonomy":"product_tag","embeddable":true,"href":"https:\/\/royalstone.com.vn\/en\/wp-json\/wp\/v2\/product_tag?post=3092"}],"curies":[{"name":"wp","href":"https:\/\/api.w.org\/{rel}","templated":true}]}}