{"id":3080,"date":"2025-02-07T19:36:59","date_gmt":"2025-02-07T12:36:59","guid":{"rendered":"http:\/\/royalstone.com.vn\/?post_type=product&#038;p=3080"},"modified":"2025-03-09T22:07:55","modified_gmt":"2025-03-09T15:07:55","slug":"vicostone-carmen-brown-bq9340","status":"publish","type":"product","link":"https:\/\/royalstone.com.vn\/en\/vicostone-carmen-brown-bq9340\/","title":{"rendered":"Vicostone Carmen Brown BQ9340"},"content":{"rendered":"<h2>Carmen Brown BQ9340<\/h2>\n<p>Carmen Brown BQ9340 m\u00f4 ph\u1ecfng nh\u1eefng m\u1ea3ng h\u1ea1t l\u1edbn c\u1ee7a <b><a href=\"https:\/\/royalstone.com.vn\/en\/da-granite-3-cm-la-lua-chon-hoan-hao\/\">granite<\/a><\/b> t\u1ef1 nhi\u00ean, mang \u0111\u1ebfn v\u1ebb \u0111\u1eb9p m\u1ed9c m\u1ea1c v\u00e0 m\u1ea1nh m\u1ebd cho kh\u00f4ng gian n\u1ed9i th\u1ea5t. T\u00f4ng m\u00e0u v\u00e0ng \u1ea5m ch\u1ee7 \u0111\u1ea1o c\u1ee7a s\u1ea3n ph\u1ea9m d\u1ec5 d\u00e0ng ph\u1ed1i h\u1ee3p v\u1edbi nhi\u1ec1u phong c\u00e1ch thi\u1ebft k\u1ebf. Carmen Brown BQ9340 thu\u1ed9c B\u1ed9 s\u01b0u t\u1eadp Classic, n\u01a1i nh\u1eefng gam m\u00e0u kinh \u0111i\u1ec3n mang \u0111\u1ebfn n\u00e9t tao nh\u00e3, sang tr\u1ecdng, ph\u00f9 h\u1ee3p v\u1edbi m\u1ecdi c\u00f4ng tr\u00ecnh ki\u1ebfn tr\u00fac.<\/p>\n<h2>T\u1eeb B\u1ed9 s\u01b0u t\u1eadp Classic<\/h2>\n<p>B\u1ed9 s\u01b0u t\u1eadp Classic, n\u01a1i nh\u1eefng thi\u1ebft k\u1ebf kinh \u0111i\u1ec3n v\u01b0\u1ee3t th\u1eddi gian mang \u0111\u1ebfn s\u1ef1 tao nh\u00e3 cho m\u1ecdi c\u00f4ng tr\u00ecnh ki\u1ebfn tr\u00fac.<\/p>\n<figure id=\"attachment_3081\" aria-describedby=\"caption-attachment-3081\" style=\"width: 444px\" class=\"wp-caption alignnone\"><img decoding=\"async\" class=\"size-full wp-image-3081\" src=\"http:\/\/royalstone.com.vn\/wp-content\/uploads\/2025\/02\/BQ9340.png\" alt=\"Bq9340\" width=\"444\" height=\"347\" title=\"\" srcset=\"https:\/\/royalstone.com.vn\/wp-content\/uploads\/2025\/02\/BQ9340.png 444w, https:\/\/royalstone.com.vn\/wp-content\/uploads\/2025\/02\/BQ9340-300x234.png 300w, https:\/\/royalstone.com.vn\/wp-content\/uploads\/2025\/02\/BQ9340-15x12.png 15w\" sizes=\"(max-width: 444px) 100vw, 444px\" \/><figcaption id=\"caption-attachment-3081\" class=\"wp-caption-text\">Bq9340<\/figcaption><\/figure>","protected":false},"excerpt":{"rendered":"<h2>Th\u00f4ng s\u1ed1 k\u1ef9 thu\u1eadt<\/h2>\n<p>KH\u1ed4 K\u00cdCH TH\u01af\u1edaC C\u1ee6A T\u1ea4M \u0110\u00c1<\/p>\n<p>K\u00edch th\u01b0\u1edbc ti\u00eau chu\u1ea9n (normal size) 144cm x 305cm (119\u201d x 56\u201d)<\/p>\n<p>\u0110\u1ed8 D\u00c0Y TI\u00caU CHU\u1ea8N<\/p>\n<p>12mm (1\/2\u201d)<br \/>\n20mm (3\/4\u201d)<br \/>\n30mm (1 1\/6\u201d)<\/p>\n<p>C\u00c1C LO\u1ea0I B\u1ec0 M\u1eb6T<\/p>\n<p>Polished<\/p>","protected":false},"featured_media":3081,"comment_status":"closed","ping_status":"closed","template":"","meta":{"inline_featured_image":false},"product_cat":[102],"product_tag":[],"class_list":{"0":"post-3080","1":"product","2":"type-product","3":"status-publish","4":"has-post-thumbnail","6":"product_cat-vicostone-nhom-c","8":"first","9":"instock","10":"shipping-taxable","11":"purchasable","12":"product-type-simple"},"_links":{"self":[{"href":"https:\/\/royalstone.com.vn\/en\/wp-json\/wp\/v2\/product\/3080","targetHints":{"allow":["GET"]}}],"collection":[{"href":"https:\/\/royalstone.com.vn\/en\/wp-json\/wp\/v2\/product"}],"about":[{"href":"https:\/\/royalstone.com.vn\/en\/wp-json\/wp\/v2\/types\/product"}],"replies":[{"embeddable":true,"href":"https:\/\/royalstone.com.vn\/en\/wp-json\/wp\/v2\/comments?post=3080"}],"wp:featuredmedia":[{"embeddable":true,"href":"https:\/\/royalstone.com.vn\/en\/wp-json\/wp\/v2\/media\/3081"}],"wp:attachment":[{"href":"https:\/\/royalstone.com.vn\/en\/wp-json\/wp\/v2\/media?parent=3080"}],"wp:term":[{"taxonomy":"product_cat","embeddable":true,"href":"https:\/\/royalstone.com.vn\/en\/wp-json\/wp\/v2\/product_cat?post=3080"},{"taxonomy":"product_tag","embeddable":true,"href":"https:\/\/royalstone.com.vn\/en\/wp-json\/wp\/v2\/product_tag?post=3080"}],"curies":[{"name":"wp","href":"https:\/\/api.w.org\/{rel}","templated":true}]}}