{"id":3064,"date":"2025-02-07T19:15:25","date_gmt":"2025-02-07T12:15:25","guid":{"rendered":"http:\/\/royalstone.com.vn\/?post_type=product&#038;p=3064"},"modified":"2025-03-09T22:08:05","modified_gmt":"2025-03-09T15:08:05","slug":"vicostone-tobacco-bq9420","status":"publish","type":"product","link":"https:\/\/royalstone.com.vn\/en\/vicostone-tobacco-bq9420\/","title":{"rendered":"Vicostone Tobacco BQ9420"},"content":{"rendered":"<h2>Tobacco BQ9420<\/h2>\n<p>L\u1ea5y c\u1ea3m h\u1ee9ng t\u1eeb v\u1ebb \u0111\u1eb9p ph\u00f3ng kho\u00e1ng, m\u1ea1nh m\u1ebd c\u1ee7a <b><a href=\"https:\/\/royalstone.com.vn\/en\/da-granite-3-cm-la-lua-chon-hoan-hao\/\">granite<\/a><\/b> natural <b><a href=\"https:\/\/royalstone.com.vn\/en\/vicostone-denali-bq2605\/\">Vicostone<\/a><\/b> \u0111\u00e3 cho ra \u0111\u1eddi d\u00f2ng s\u1ea3n ph\u1ea9m Granite looking, t\u00e1i hi\u1ec7n g\u1ea7n nh\u01b0 tr\u1ecdn v\u1eb9n nh\u1eefng n\u00e9t \u0111\u1eb9p hoang d\u00e3, d\u1eef d\u1ed9i v\u00e0 \u0111\u1ea7y t\u1ef1 do c\u1ee7a lo\u1ea1i \u0111\u00e1 n\u00e0y. Tobacco BQ9420 l\u00e0 m\u1ed9t trong nh\u1eefng s\u1ea3n ph\u1ea9m ti\u00eau bi\u1ec3u c\u1ee7a d\u00f2ng Granite looking, mang \u0111\u1ebfn m\u1ed9t kh\u00f4ng gian n\u1ed9i th\u1ea5t m\u1ea1nh m\u1ebd v\u00e0 \u1ea5n t\u01b0\u1ee3ng.<\/p>\n<h2>T\u1eeb B\u1ed9 s\u01b0u t\u1eadp Natural<\/h2>\n<p>B\u1ed9 s\u01b0u t\u1eadp Natural, n\u01a1i v\u1ebb \u0111\u1eb9p m\u1ea1nh m\u1ebd c\u1ee7a \u0111\u00e1 granite c\u00f9ng s\u1ef1 thanh tho\u00e1t c\u1ee7a \u0111\u00e1 c\u1ea9m th\u1ea1ch \u0111\u01b0\u1ee3c t\u00f4n vinh, t\u1ea1o d\u1ef1ng kh\u00f4ng gian n\u1ed9i th\u1ea5t th\u00e2n thi\u1ec7n v\u1edbi thi\u00ean nhi\u00ean.<\/p>\n<figure id=\"attachment_3065\" aria-describedby=\"caption-attachment-3065\" style=\"width: 440px\" class=\"wp-caption alignnone\"><img decoding=\"async\" class=\"size-full wp-image-3065\" src=\"http:\/\/royalstone.com.vn\/wp-content\/uploads\/2025\/02\/BQ9420.png\" alt=\"Bq9420\" width=\"440\" height=\"348\" title=\"\" srcset=\"https:\/\/royalstone.com.vn\/wp-content\/uploads\/2025\/02\/BQ9420.png 440w, https:\/\/royalstone.com.vn\/wp-content\/uploads\/2025\/02\/BQ9420-300x237.png 300w, https:\/\/royalstone.com.vn\/wp-content\/uploads\/2025\/02\/BQ9420-15x12.png 15w\" sizes=\"(max-width: 440px) 100vw, 440px\" \/><figcaption id=\"caption-attachment-3065\" class=\"wp-caption-text\">Bq9420<\/figcaption><\/figure>","protected":false},"excerpt":{"rendered":"<h2>Th\u00f4ng s\u1ed1 k\u1ef9 thu\u1eadt<\/h2>\n<p>KH\u1ed4 K\u00cdCH TH\u01af\u1edaC C\u1ee6A T\u1ea4M \u0110\u00c1<\/p>\n<p>K\u00edch th\u01b0\u1edbc ti\u00eau chu\u1ea9n (normal size) 303cm x 143cm (119\u201d x 56\u201d)<br \/>\nK\u00edch th\u01b0\u1edbc kh\u1ed5 l\u1edbn (jumbo size) 330cm x 165cm (130\u201d x 65\u201d)<\/p>\n<p>\u0110\u1ed8 D\u00c0Y TI\u00caU CHU\u1ea8N<\/p>\n<p>12mm (1\/2\u201d)<br \/>\n20mm (3\/4\u201d)<br \/>\n30mm (1 1\/6\u201d)<\/p>\n<p>C\u00c1C LO\u1ea0I B\u1ec0 M\u1eb6T<\/p>\n<p>Polished<\/p>","protected":false},"featured_media":3065,"comment_status":"closed","ping_status":"closed","template":"","meta":{"inline_featured_image":false},"product_cat":[102],"product_tag":[],"class_list":{"0":"post-3064","1":"product","2":"type-product","3":"status-publish","4":"has-post-thumbnail","6":"product_cat-vicostone-nhom-c","8":"first","9":"instock","10":"shipping-taxable","11":"purchasable","12":"product-type-simple"},"_links":{"self":[{"href":"https:\/\/royalstone.com.vn\/en\/wp-json\/wp\/v2\/product\/3064","targetHints":{"allow":["GET"]}}],"collection":[{"href":"https:\/\/royalstone.com.vn\/en\/wp-json\/wp\/v2\/product"}],"about":[{"href":"https:\/\/royalstone.com.vn\/en\/wp-json\/wp\/v2\/types\/product"}],"replies":[{"embeddable":true,"href":"https:\/\/royalstone.com.vn\/en\/wp-json\/wp\/v2\/comments?post=3064"}],"wp:featuredmedia":[{"embeddable":true,"href":"https:\/\/royalstone.com.vn\/en\/wp-json\/wp\/v2\/media\/3065"}],"wp:attachment":[{"href":"https:\/\/royalstone.com.vn\/en\/wp-json\/wp\/v2\/media?parent=3064"}],"wp:term":[{"taxonomy":"product_cat","embeddable":true,"href":"https:\/\/royalstone.com.vn\/en\/wp-json\/wp\/v2\/product_cat?post=3064"},{"taxonomy":"product_tag","embeddable":true,"href":"https:\/\/royalstone.com.vn\/en\/wp-json\/wp\/v2\/product_tag?post=3064"}],"curies":[{"name":"wp","href":"https:\/\/api.w.org\/{rel}","templated":true}]}}