{"id":306,"date":"2023-11-21T07:58:44","date_gmt":"2023-11-21T07:58:44","guid":{"rendered":"http:\/\/royalstone.com.vn\/?post_type=product&#038;p=306"},"modified":"2023-11-22T07:24:57","modified_gmt":"2023-11-22T07:24:57","slug":"da-granite-bordeax-river","status":"publish","type":"product","link":"https:\/\/royalstone.com.vn\/en\/da-granite-bordeax-river\/","title":{"rendered":"Granite Bordeax River"},"content":{"rendered":"<h2><strong>Granite Bordeax River what is?<\/strong><\/h2>\n<p><a href=\"http:\/\/royalstone.com.vn\/en\/da-granite-bordeax-river\/\"><em><strong>Granite Bordeax River<\/strong><\/em><\/a>\u00a0is a kind of <b><a href=\"https:\/\/royalstone.com.vn\/en\/da-granite-3-cm-la-lua-chon-hoan-hao\/\">granite<\/a><\/b> dominant color is Bordeaux, a red color gamut, bold, often combined with the ridges and highlight in different tones. This color usually brings a feeling of warmth and luxury to the surface used in interior decoration and construction.<\/p>\n<p><b><a href=\"https:\/\/royalstone.com.vn\/en\/da-granite-den-ve-dep-tuyet-dinh-cho-khong-gian\/\">Granite<\/a><\/b> Bordeaux River th\u01b0\u1eddng \u0111\u01b0\u1ee3c \u1ee9ng d\u1ee5ng trong l\u00e0m b\u00e0n l\u00e0m vi\u1ec7c, <b><a href=\"https:\/\/royalstone.com.vn\/en\/ban-an-net-dep-sang-trong-cho-khong-gian-bep\/\">b\u00e0n \u0103n<\/a><\/b>, \u0111\u00e1 <b><a href=\"https:\/\/royalstone.com.vn\/en\/lavabo-rua-mat-bang-da-ua-chuong-nhat-hien-nay\/\">lavabo<\/a><\/b>facial stone kitchen, and decorative applications other. The characteristics of granite, such as hardness, durability, and resistance with time, making it become a popular choice in the construction industry and decoration.<\/p>\n<h2><strong>Granite Bordeax River used now?<\/strong><\/h2>\n<p data-sourcepos=\"1:1-1:326\"><a href=\"http:\/\/royalstone.com.vn\/en\/da-granite\/\"><em><strong>Granite<\/strong><\/em><\/a> Bordeax River is a type of marble naturally sourced from Brazil. It has creamy yellow with the van brown red river, creating beauty, luxury and sophistication. Stone Bordeax River has high hardness, anti-scratch, waterproof and heat resistant. Therefore, it is widely used in items tiling such as:<\/p>\n<ul data-sourcepos=\"3:1-10:0\">\n<li data-sourcepos=\"3:1-3:10\">Facade<\/li>\n<li data-sourcepos=\"4:1-4:11\">Stairs<\/li>\n<li data-sourcepos=\"5:1-5:13\">Ghat<\/li>\n<li data-sourcepos=\"6:1-6:9\">Paving<\/li>\n<li data-sourcepos=\"7:1-7:9\">Kitchen table<\/li>\n<\/ul>\n<p data-sourcepos=\"17:1-17:126\">Granite Bordeax River is a great option for those who are looking for a type of granite beautiful, luxurious and durable.<\/p>\n<figure id=\"attachment_307\" aria-describedby=\"caption-attachment-307\" style=\"width: 402px\" class=\"wp-caption aligncenter\"><img decoding=\"async\" class=\"wp-image-307 size-full\" title=\"Granite Bordeax River\" src=\"http:\/\/royalstone.com.vn\/wp-content\/uploads\/2023\/11\/da-granite-bordeax-river.jpg\" alt=\"Granite Bordeax River\" width=\"402\" height=\"288\" srcset=\"https:\/\/royalstone.com.vn\/wp-content\/uploads\/2023\/11\/da-granite-bordeax-river.jpg 402w, https:\/\/royalstone.com.vn\/wp-content\/uploads\/2023\/11\/da-granite-bordeax-river-300x215.jpg 300w\" sizes=\"(max-width: 402px) 100vw, 402px\" \/><figcaption id=\"caption-attachment-307\" class=\"wp-caption-text\">Granite Bordeax River<\/figcaption><\/figure>\n<h2><strong>Pros and cons of Granite Bordeax River<\/strong><\/h2>\n<h4 data-sourcepos=\"19:1-19:56\"><strong>Advantages of Granite Bordeax River<\/strong><\/h4>\n<ul data-sourcepos=\"21:1-25:0\">\n<li data-sourcepos=\"21:1-21:120\">Color: Stone Bordeax River are creamy yellow with the van brown red river, creating beauty, luxury and sophistication.<\/li>\n<li data-sourcepos=\"22:1-22:83\">Hardness: Stone Bordeax River has high hardness, anti-scratch and waterproof good.<\/li>\n<li data-sourcepos=\"23:1-23:128\">Heat resistant: the Stone Bordeax River has good heat resistance, not deformed or crack when exposed to high temperatures.<\/li>\n<li data-sourcepos=\"24:1-25:0\">Aesthetics: Stone Bordeax River has granite, creating a unique beauty and impressive.<\/li>\n<\/ul>\n<h4 data-sourcepos=\"26:1-26:66\"><strong>Granite Bordeax River also has a number of disadvantages<\/strong><\/h4>\n<ul data-sourcepos=\"28:1-30:0\">\n<li data-sourcepos=\"28:1-28:88\">Price: Rock Bordeax River have higher costs compared to a number of granite other.<\/li>\n<li data-sourcepos=\"29:1-30:0\">Weight: Stone Bordeax River has great weight, so that attention should be paid when actual construction<\/li>\n<\/ul>\n<p data-sourcepos=\"31:1-31:125\">Thus, Granite Bordeax River is a type of granite high quality can meet various requirements of customers.<\/p>\n<h3 data-sourcepos=\"33:1-33:50\"><strong>Some notes when using Granite Bordeax River<\/strong><\/h3>\n<ul data-sourcepos=\"35:1-38:0\">\n<li data-sourcepos=\"35:1-35:110\">Do stones have yellow cream should need to avoid contact with detergents, acidic strength to avoid losing colored stones.<\/li>\n<li data-sourcepos=\"36:1-36:87\">Should clean stone regularly with clean water and a soft towel to keep the stones are polished.<\/li>\n<li data-sourcepos=\"37:1-38:0\">If the stone scratches, can use the cream polished dedicated to cleaning.<\/li>\n<\/ul>\n<h2><strong>The actual process used Granite Blue Night due to Royal Stone made<\/strong><\/h2>\n<p>Granite Blue Night paneled kitchen table<\/p>\n<p>Granite Blue Night cladding desk lavabo<\/p>\n<h3><strong>Contact information Royal Stone<\/strong><\/h3>\n<p><strong>COMPANY LIMITED ROYAL STONE<\/strong><\/p>\n<p>\u260e Hotline: 0963 689 531<\/p>\n<p>\ud83c\udfe0 Office : 283 Tay Mo Ward, Dai Mo ward, Nam tu Liem district, Ha Noi City.<\/p>\n<p>\ud83c\udfe0 Factory: T<span style=\"color: #333333; font-size: 14.4px;\">drive 10 Yen The town, Luc Yen district, Yen Bai province<\/span><\/p>\n<p>\ud83c\udfe0 Warehouse Ha Noi: Lane 24, Dai Mo, tu Liem, Ha Noi (falling edge 4 Van Phuc, Ha Dong)<\/p>\n<p>\ud83c\udf10 Website:\u00a0<a href=\"https:\/\/royalstone.com.vn\/en\/\">www.royalstone.com.vn<\/a><\/p>\n<h3 class=\"ftwp-heading\"><strong>Connect with Royal Stone<\/strong><\/h3>\n<div class=\"textwidget custom-html-widget\">\n<div class=\"textwidget custom-html-widget\">\n<div><a href=\"http:\/\/www.youtube.com\/@royalstone-datunhiencaocap\" target=\"_blank\" rel=\"noopener nofollow\"><img decoding=\"async\" class=\"entered lazyloaded\" title=\"ROYAL STONE - natural Stone premium\" src=\"http:\/\/royalstone.com.vn\/wp-content\/uploads\/2023\/11\/youtube-royalstone.jpg\" alt=\"ROYAL STONE - natural Stone premium\" width=\"30\" height=\"30\" data-lazy-src=\"http:\/\/royalstone.com.vn\/wp-content\/uploads\/2023\/11\/youtube-royalstone.jpg\" data-ll-status=\"loaded\" data-lazy-=\"\" \/><\/a><a href=\"https:\/\/www.facebook.com\/RoyalstoneDaTuNhienCaoCap\" target=\"_blank\" rel=\"noopener nofollow\"><img decoding=\"async\" class=\"entered lazyloaded\" title=\"ROYAL STONE - natural Stone premium\" src=\"http:\/\/royalstone.com.vn\/wp-content\/uploads\/2023\/11\/facebook-royalstone.jpg\" alt=\"ROYAL STONE - natural Stone premium\" width=\"30\" height=\"30\" data-lazy-src=\"http:\/\/royalstone.com.vn\/wp-content\/uploads\/2023\/11\/facebook-royalstone.jpg\" data-ll-status=\"loaded\" data-lazy-=\"\" \/><\/a><a href=\"https:\/\/twitter.com\/royalstonedatn\" target=\"_blank\" rel=\"noopener nofollow\"><img decoding=\"async\" class=\"entered lazyloaded\" title=\"ROYAL STONE - natural Stone premium\" src=\"http:\/\/royalstone.com.vn\/wp-content\/uploads\/2023\/11\/twitter-royalstone.jpg\" alt=\"ROYAL STONE - natural Stone premium\" width=\"30\" height=\"30\" data-lazy-src=\"http:\/\/royalstone.com.vn\/wp-content\/uploads\/2023\/11\/twitter-royalstone.jpg\" data-ll-status=\"loaded\" data-lazy-=\"\" \/><\/a><a href=\"https:\/\/www.pinterest.com\/royalstonedatunhiencaocap\/\" target=\"_blank\" rel=\"noopener nofollow\"><img decoding=\"async\" class=\"entered lazyloaded\" title=\"ROYAL STONE - natural Stone premium\" src=\"http:\/\/royalstone.com.vn\/wp-content\/uploads\/2023\/11\/printerest-royalstone.jpg\" alt=\"ROYAL STONE - natural Stone premium\" width=\"30\" height=\"30\" data-lazy-src=\"http:\/\/royalstone.com.vn\/wp-content\/uploads\/2023\/11\/printerest-royalstone.jpg\" data-ll-status=\"loaded\" data-lazy-=\"\" \/><\/a><a href=\"https:\/\/www.linkedin.com\/in\/royalstone-datunhien\/\" target=\"_blank\" rel=\"noopener nofollow\"><img decoding=\"async\" class=\"entered lazyloaded\" title=\"ROYAL STONE - natural Stone premium\" src=\"http:\/\/royalstone.com.vn\/wp-content\/uploads\/2023\/11\/linkedin-royalstone.jpg\" alt=\"ROYAL STONE - natural Stone premium\" width=\"30\" height=\"30\" data-lazy-src=\"http:\/\/royalstone.com.vn\/wp-content\/uploads\/2023\/11\/linkedin-royalstone.jpg\" data-ll-status=\"loaded\" data-lazy-=\"\" \/><\/a><\/div>\n<\/div>\n<\/div>","protected":false},"excerpt":{"rendered":"<ul class=\"l pr-des-featured\">\n<li>PRODUCT CODE: RSGBR2023<\/li>\n<li>Place of origin: Brazil<\/li>\n<li>Color: Gray<\/li>\n<li>Type of stone: Granite<\/li>\n<li>Size: large<\/li>\n<li>Thickness: 3.0 cm<\/li>\n<\/ul>","protected":false},"featured_media":307,"comment_status":"closed","ping_status":"closed","template":"","meta":{"inline_featured_image":false},"product_cat":[23,24],"product_tag":[],"class_list":{"0":"post-306","1":"product","2":"type-product","3":"status-publish","4":"has-post-thumbnail","6":"product_cat-da-granite","7":"product_cat-da-granite-3-0-cm","9":"first","10":"instock","11":"shipping-taxable","12":"product-type-simple"},"_links":{"self":[{"href":"https:\/\/royalstone.com.vn\/en\/wp-json\/wp\/v2\/product\/306","targetHints":{"allow":["GET"]}}],"collection":[{"href":"https:\/\/royalstone.com.vn\/en\/wp-json\/wp\/v2\/product"}],"about":[{"href":"https:\/\/royalstone.com.vn\/en\/wp-json\/wp\/v2\/types\/product"}],"replies":[{"embeddable":true,"href":"https:\/\/royalstone.com.vn\/en\/wp-json\/wp\/v2\/comments?post=306"}],"wp:featuredmedia":[{"embeddable":true,"href":"https:\/\/royalstone.com.vn\/en\/wp-json\/wp\/v2\/media\/307"}],"wp:attachment":[{"href":"https:\/\/royalstone.com.vn\/en\/wp-json\/wp\/v2\/media?parent=306"}],"wp:term":[{"taxonomy":"product_cat","embeddable":true,"href":"https:\/\/royalstone.com.vn\/en\/wp-json\/wp\/v2\/product_cat?post=306"},{"taxonomy":"product_tag","embeddable":true,"href":"https:\/\/royalstone.com.vn\/en\/wp-json\/wp\/v2\/product_tag?post=306"}],"curies":[{"name":"wp","href":"https:\/\/api.w.org\/{rel}","templated":true}]}}