{"id":3052,"date":"2025-02-07T19:10:09","date_gmt":"2025-02-07T12:10:09","guid":{"rendered":"http:\/\/royalstone.com.vn\/?post_type=product&#038;p=3052"},"modified":"2025-03-09T22:09:03","modified_gmt":"2025-03-09T15:09:03","slug":"vicostone-azul-aran-bq9470","status":"publish","type":"product","link":"https:\/\/royalstone.com.vn\/en\/vicostone-azul-aran-bq9470\/","title":{"rendered":"Vicostone Azul Aran BQ9470"},"content":{"rendered":"<h2>Azul Aran BQ9470<\/h2>\n<p data-sourcepos=\"5:1-5:179\"><b><a href=\"https:\/\/royalstone.com.vn\/en\/vicostone-denali-bq2605\/\">Vicostone<\/a><\/b> Altissimo BQ8614 mang v\u1ebb \u0111\u1eb9p \u1ea5n t\u01b0\u1ee3ng v\u1edbi nh\u1eefng \u0111\u01b0\u1eddng v\u00e2n tr\u1eafng m\u1ecfng nh\u1eb9, m\u1ec1m m\u1ea1i tr\u1ea3i d\u00e0i tr\u00ean n\u1ec1n \u0111\u00e1 \u0111en, t\u1ef1a nh\u01b0 nh\u1eefng s\u1ee3i x\u00edch ma k\u1ebft n\u1ed1i c\u00e1c thi\u00ean h\u00e0 trong v\u0169 tr\u1ee5.<\/p>\n<p data-sourcepos=\"7:1-7:317\">L\u1ea5y c\u1ea3m h\u1ee9ng t\u1eeb v\u0169 tr\u1ee5 bao la v\u00e0 b\u00ed \u1ea9n, b\u1ed9 s\u01b0u t\u1eadp <b><a href=\"https:\/\/royalstone.com.vn\/en\/da-thach-anh-2-cm-ve-dep-hoan-hao-cho-khong-gian\/\">\u0111\u00e1 th\u1ea1ch anh<\/a><\/b> 2024 &#8220;Vicostone &#8211; N\u00e9t h\u1ecda ng\u00e2n h\u00e0&#8221; c\u1ee7a Vicostone \u0111\u01b0\u1ee3c ra \u0111\u1eddi. B\u1ed9 s\u01b0u t\u1eadp t\u1eadp trung m\u00f4 ph\u1ecfng nh\u1eefng kho\u1ea3nh kh\u1eafc \u0111\u1eb9p nh\u1ea5t c\u1ee7a v\u0169 tr\u1ee5 t\u1eeb thu\u1edf h\u1ed3ng hoang, truy\u1ec1n c\u1ea3m h\u1ee9ng b\u1ea5t t\u1eadn v\u00e0 mang \u0111\u1ebfn ngu\u1ed3n n\u0103ng l\u01b0\u1ee3ng t\u00edch c\u1ef1c cho kh\u00f4ng gian s\u1ed1ng \u0111\u1eadm ch\u1ea5t ngh\u1ec7 thu\u1eadt.<\/p>\n<h2>T\u1eeb B\u1ed9 s\u01b0u t\u1eadp Natural<\/h2>\n<p>B\u1ed9 s\u01b0u t\u1eadp kh\u00f4ng ch\u1ec9 l\u00e0 nh\u1eefng s\u1ea3n ph\u1ea9m \u0111\u00e1 th\u1ea1ch anh cao c\u1ea5p m\u00e0 c\u00f2n l\u00e0 ngu\u1ed3n c\u1ea3m h\u1ee9ng b\u1ea5t t\u1eadn, g\u00f3p ph\u1ea7n t\u1ea1o n\u00ean nh\u1eefng kh\u00f4ng gian s\u1ed1ng \u0111\u1ed9c \u0111\u00e1o, \u0111\u1eadm ch\u1ea5t ngh\u1ec7 thu\u1eadt.<\/p>\n<figure id=\"attachment_3053\" aria-describedby=\"caption-attachment-3053\" style=\"width: 440px\" class=\"wp-caption alignnone\"><img decoding=\"async\" class=\"size-full wp-image-3053\" src=\"http:\/\/royalstone.com.vn\/wp-content\/uploads\/2025\/02\/BQ9470.png\" alt=\"Bq9470\" width=\"440\" height=\"350\" title=\"\" srcset=\"https:\/\/royalstone.com.vn\/wp-content\/uploads\/2025\/02\/BQ9470.png 440w, https:\/\/royalstone.com.vn\/wp-content\/uploads\/2025\/02\/BQ9470-300x239.png 300w, https:\/\/royalstone.com.vn\/wp-content\/uploads\/2025\/02\/BQ9470-15x12.png 15w\" sizes=\"(max-width: 440px) 100vw, 440px\" \/><figcaption id=\"caption-attachment-3053\" class=\"wp-caption-text\">Bq9470<\/figcaption><\/figure>","protected":false},"excerpt":{"rendered":"<h2>Th\u00f4ng s\u1ed1 k\u1ef9 thu\u1eadt<\/h2>\n<p>KH\u1ed4 K\u00cdCH TH\u01af\u1edaC C\u1ee6A T\u1ea4M \u0110\u00c1<\/p>\n<p>K\u00edch th\u01b0\u1edbc ti\u00eau chu\u1ea9n (normal size) 303cm x 143cm (119\u201d x 56\u201d)<br \/>\nK\u00edch th\u01b0\u1edbc kh\u1ed5 l\u1edbn (jumbo size) 330cm x 165cm (130\u201d x 65\u201d)<\/p>\n<p>\u0110\u1ed8 D\u00c0Y TI\u00caU CHU\u1ea8N<\/p>\n<p>12mm (1\/2\u201d)<br \/>\n20mm (3\/4\u201d)<br \/>\n30mm (1 1\/6\u201d)<\/p>\n<p>C\u00c1C LO\u1ea0I B\u1ec0 M\u1eb6T<\/p>\n<p>Polished<\/p>","protected":false},"featured_media":3053,"comment_status":"closed","ping_status":"closed","template":"","meta":{"inline_featured_image":false},"product_cat":[102],"product_tag":[],"class_list":{"0":"post-3052","1":"product","2":"type-product","3":"status-publish","4":"has-post-thumbnail","6":"product_cat-vicostone-nhom-c","8":"first","9":"instock","10":"shipping-taxable","11":"purchasable","12":"product-type-simple"},"_links":{"self":[{"href":"https:\/\/royalstone.com.vn\/en\/wp-json\/wp\/v2\/product\/3052","targetHints":{"allow":["GET"]}}],"collection":[{"href":"https:\/\/royalstone.com.vn\/en\/wp-json\/wp\/v2\/product"}],"about":[{"href":"https:\/\/royalstone.com.vn\/en\/wp-json\/wp\/v2\/types\/product"}],"replies":[{"embeddable":true,"href":"https:\/\/royalstone.com.vn\/en\/wp-json\/wp\/v2\/comments?post=3052"}],"wp:featuredmedia":[{"embeddable":true,"href":"https:\/\/royalstone.com.vn\/en\/wp-json\/wp\/v2\/media\/3053"}],"wp:attachment":[{"href":"https:\/\/royalstone.com.vn\/en\/wp-json\/wp\/v2\/media?parent=3052"}],"wp:term":[{"taxonomy":"product_cat","embeddable":true,"href":"https:\/\/royalstone.com.vn\/en\/wp-json\/wp\/v2\/product_cat?post=3052"},{"taxonomy":"product_tag","embeddable":true,"href":"https:\/\/royalstone.com.vn\/en\/wp-json\/wp\/v2\/product_tag?post=3052"}],"curies":[{"name":"wp","href":"https:\/\/api.w.org\/{rel}","templated":true}]}}