{"id":3039,"date":"2025-02-07T19:05:04","date_gmt":"2025-02-07T12:05:04","guid":{"rendered":"http:\/\/royalstone.com.vn\/?post_type=product&#038;p=3039"},"modified":"2025-03-09T22:09:26","modified_gmt":"2025-03-09T15:09:26","slug":"vicostone-dark-emparador-bq8560","status":"publish","type":"product","link":"https:\/\/royalstone.com.vn\/en\/vicostone-dark-emparador-bq8560\/","title":{"rendered":"Vicostone Dark Emparador BQ8560"},"content":{"rendered":"<h2>Dark Emparador BQ8560<\/h2>\n<p>L\u1ea5y c\u1ea3m h\u1ee9ng t\u1eeb d\u00f2ng \u0111\u00e1 c\u1ea9m th\u1ea1ch Emparador n\u00e2u n\u1ed5i ti\u1ebfng, Dark Emparador BQ8560 c\u1ee7a <b><a href=\"https:\/\/royalstone.com.vn\/en\/vicostone-denali-bq2605\/\">Vicostone<\/a><\/b> \u0111\u01b0\u1ee3c t\u00e1i hi\u1ec7n v\u1edbi t\u00f4ng m\u00e0u n\u00e2u t\u1ed1i, \u0111i\u1ec3m xuy\u1ebft nh\u1eefng \u0111\u01b0\u1eddng v\u00e2n tr\u1eafng tinh t\u1ebf. S\u1ef1 k\u1ebft h\u1ee3p h\u00e0i h\u00f2a n\u00e0y t\u1ea1o n\u00ean v\u1ebb \u0111\u1eb9p sang tr\u1ecdng v\u00e0 tinh t\u1ebf cho kh\u00f4ng gian n\u1ed9i th\u1ea5t. S\u1ea3n ph\u1ea9m thu\u1ed9c B\u1ed9 s\u01b0u t\u1eadp Natural, n\u01a1i v\u1ebb \u0111\u1eb9p m\u1ea1nh m\u1ebd c\u1ee7a <b><a href=\"https:\/\/royalstone.com.vn\/en\/da-granite-3-cm-la-lua-chon-hoan-hao\/\">granite<\/a><\/b> v\u00e0 n\u00e9t thanh tho\u00e1t c\u1ee7a \u0111\u00e1 c\u1ea9m th\u1ea1ch h\u00f2a quy\u1ec7n, mang \u0111\u1ebfn kh\u00f4ng gian s\u1ed1ng g\u1ea7n g\u0169i v\u1edbi thi\u00ean nhi\u00ean.<\/p>\n<h2>T\u1eeb B\u1ed9 s\u01b0u t\u1eadp Natural<\/h2>\n<p>B\u1ed9 s\u01b0u t\u1eadp Natural, n\u01a1i nh\u1eefng thi\u1ebft k\u1ebf \u0111\u1ed9c \u0111\u00e1o mang \u0111\u1ebfn v\u1ebb \u0111\u1eb9p t\u1ef1 nhi\u00ean, thanh l\u1ecbch cho kh\u00f4ng gian n\u1ed9i th\u1ea5t<\/p>\n<figure id=\"attachment_3040\" aria-describedby=\"caption-attachment-3040\" style=\"width: 442px\" class=\"wp-caption alignnone\"><img decoding=\"async\" class=\"size-full wp-image-3040\" src=\"http:\/\/royalstone.com.vn\/wp-content\/uploads\/2025\/02\/BQ8560.png\" alt=\"Bq8560\" width=\"442\" height=\"347\" title=\"\" srcset=\"https:\/\/royalstone.com.vn\/wp-content\/uploads\/2025\/02\/BQ8560.png 442w, https:\/\/royalstone.com.vn\/wp-content\/uploads\/2025\/02\/BQ8560-300x236.png 300w, https:\/\/royalstone.com.vn\/wp-content\/uploads\/2025\/02\/BQ8560-15x12.png 15w\" sizes=\"(max-width: 442px) 100vw, 442px\" \/><figcaption id=\"caption-attachment-3040\" class=\"wp-caption-text\">Bq8560<\/figcaption><\/figure>","protected":false},"excerpt":{"rendered":"<h2>Th\u00f4ng s\u1ed1 k\u1ef9 thu\u1eadt<\/h2>\n<p>KH\u1ed4 K\u00cdCH TH\u01af\u1edaC C\u1ee6A T\u1ea4M \u0110\u00c1<\/p>\n<p>K\u00edch th\u01b0\u1edbc ti\u00eau chu\u1ea9n (normal size) 144cm x 305cm (119\u201d x 56\u201d)<\/p>\n<p>\u0110\u1ed8 D\u00c0Y TI\u00caU CHU\u1ea8N<\/p>\n<p>12mm (1\/2\u201d)<br \/>\n20mm (3\/4\u201d)<br \/>\n30mm (1 1\/6\u201d)<\/p>\n<p>C\u00c1C LO\u1ea0I B\u1ec0 M\u1eb6T<\/p>\n<p>Polished<\/p>","protected":false},"featured_media":3040,"comment_status":"closed","ping_status":"closed","template":"","meta":{"inline_featured_image":false},"product_cat":[102],"product_tag":[],"class_list":{"0":"post-3039","1":"product","2":"type-product","3":"status-publish","4":"has-post-thumbnail","6":"product_cat-vicostone-nhom-c","8":"first","9":"instock","10":"shipping-taxable","11":"purchasable","12":"product-type-simple"},"_links":{"self":[{"href":"https:\/\/royalstone.com.vn\/en\/wp-json\/wp\/v2\/product\/3039","targetHints":{"allow":["GET"]}}],"collection":[{"href":"https:\/\/royalstone.com.vn\/en\/wp-json\/wp\/v2\/product"}],"about":[{"href":"https:\/\/royalstone.com.vn\/en\/wp-json\/wp\/v2\/types\/product"}],"replies":[{"embeddable":true,"href":"https:\/\/royalstone.com.vn\/en\/wp-json\/wp\/v2\/comments?post=3039"}],"wp:featuredmedia":[{"embeddable":true,"href":"https:\/\/royalstone.com.vn\/en\/wp-json\/wp\/v2\/media\/3040"}],"wp:attachment":[{"href":"https:\/\/royalstone.com.vn\/en\/wp-json\/wp\/v2\/media?parent=3039"}],"wp:term":[{"taxonomy":"product_cat","embeddable":true,"href":"https:\/\/royalstone.com.vn\/en\/wp-json\/wp\/v2\/product_cat?post=3039"},{"taxonomy":"product_tag","embeddable":true,"href":"https:\/\/royalstone.com.vn\/en\/wp-json\/wp\/v2\/product_tag?post=3039"}],"curies":[{"name":"wp","href":"https:\/\/api.w.org\/{rel}","templated":true}]}}