{"id":3030,"date":"2025-02-07T19:01:25","date_gmt":"2025-02-07T12:01:25","guid":{"rendered":"http:\/\/royalstone.com.vn\/?post_type=product&#038;p=3030"},"modified":"2025-03-09T22:09:56","modified_gmt":"2025-03-09T15:09:56","slug":"vicostone-naxos-bq8864","status":"publish","type":"product","link":"https:\/\/royalstone.com.vn\/en\/vicostone-naxos-bq8864\/","title":{"rendered":"Vicostone Naxos BQ8864"},"content":{"rendered":"<h2>Naxos BQ8864<\/h2>\n<p>L\u1ea5y c\u1ea3m h\u1ee9ng t\u1eeb b\u1ec1 m\u1eb7t xi m\u0103ng trong c\u00e1c thi\u1ebft k\u1ebf hi\u1ec7n \u0111\u1ea1i v\u00e0 phong c\u00e1ch urban &#8211; industrial, Naxos BQ8864 c\u1ee7a <b><a href=\"https:\/\/royalstone.com.vn\/en\/vicostone-denali-bq2605\/\">Vicostone<\/a><\/b> tr\u1edf n\u00ean \u0111\u1ed9c \u0111\u00e1o h\u01a1n v\u1edbi hi\u1ec7u \u1ee9ng v\u00e2n m\u1ed1c tr\u00ean n\u1ec1n x\u00e1m s\u00e1ng. S\u1ea3n ph\u1ea9m n\u00e0y mang \u0111\u1ebfn v\u1ebb \u0111\u1eb9p m\u1ea1nh m\u1ebd, c\u00e1 t\u00ednh v\u00e0 \u0111\u1ea7y \u1ea5n t\u01b0\u1ee3ng cho kh\u00f4ng gian n\u1ed9i th\u1ea5t. Naxos BQ8864 thu\u1ed9c B\u1ed9 s\u01b0u t\u1eadp Natural, n\u01a1i v\u1ebb \u0111\u1eb9p m\u1ea1nh m\u1ebd c\u1ee7a <b><a href=\"https:\/\/royalstone.com.vn\/en\/da-granite-3-cm-la-lua-chon-hoan-hao\/\">granite<\/a><\/b> c\u00f9ng s\u1ef1 thanh tho\u00e1t c\u1ee7a \u0111\u00e1 c\u1ea9m th\u1ea1ch \u0111\u01b0\u1ee3c t\u00f4n vinh, t\u1ea1o d\u1ef1ng kh\u00f4ng gian n\u1ed9i th\u1ea5t th\u00e2n thi\u1ec7n v\u1edbi thi\u00ean nhi\u00ean.<\/p>\n<h2>T\u1eeb B\u1ed9 s\u01b0u t\u1eadp Natural<\/h2>\n<p>B\u1ed9 s\u01b0u t\u1eadp Natural, n\u01a1i v\u1ebb \u0111\u1eb9p m\u1ea1nh m\u1ebd c\u1ee7a \u0111\u00e1 granite c\u00f9ng s\u1ef1 thanh tho\u00e1t c\u1ee7a \u0111\u00e1 c\u1ea9m th\u1ea1ch \u0111\u01b0\u1ee3c t\u00f4n vinh, t\u1ea1o d\u1ef1ng kh\u00f4ng gian n\u1ed9i th\u1ea5t th\u00e2n thi\u1ec7n v\u1edbi thi\u00ean nhi\u00ean.<\/p>\n<figure id=\"attachment_3031\" aria-describedby=\"caption-attachment-3031\" style=\"width: 442px\" class=\"wp-caption alignnone\"><img decoding=\"async\" class=\"size-full wp-image-3031\" src=\"http:\/\/royalstone.com.vn\/wp-content\/uploads\/2025\/02\/BQ8864.png\" alt=\"Bq8864\" width=\"442\" height=\"344\" title=\"\" srcset=\"https:\/\/royalstone.com.vn\/wp-content\/uploads\/2025\/02\/BQ8864.png 442w, https:\/\/royalstone.com.vn\/wp-content\/uploads\/2025\/02\/BQ8864-300x233.png 300w, https:\/\/royalstone.com.vn\/wp-content\/uploads\/2025\/02\/BQ8864-15x12.png 15w\" sizes=\"(max-width: 442px) 100vw, 442px\" \/><figcaption id=\"caption-attachment-3031\" class=\"wp-caption-text\">Bq8864<\/figcaption><\/figure>","protected":false},"excerpt":{"rendered":"<h2>Th\u00f4ng s\u1ed1 k\u1ef9 thu\u1eadt<\/h2>\n<p>KH\u1ed4 K\u00cdCH TH\u01af\u1edaC C\u1ee6A T\u1ea4M \u0110\u00c1<\/p>\n<p>K\u00edch th\u01b0\u1edbc kh\u1ed5 l\u1edbn (jumbo size) 165cm x 330cm (129&#8243; x 65&#8243;)<\/p>\n<p>\u0110\u1ed8 D\u00c0Y TI\u00caU CHU\u1ea8N<\/p>\n<p>20mm (3\/4\u201d)<br \/>\n30mm (1 1\/6\u201d)<\/p>\n<p>C\u00c1C LO\u1ea0I B\u1ec0 M\u1eb6T<\/p>","protected":false},"featured_media":3031,"comment_status":"closed","ping_status":"closed","template":"","meta":{"inline_featured_image":false},"product_cat":[102],"product_tag":[],"class_list":{"0":"post-3030","1":"product","2":"type-product","3":"status-publish","4":"has-post-thumbnail","6":"product_cat-vicostone-nhom-c","8":"first","9":"instock","10":"shipping-taxable","11":"purchasable","12":"product-type-simple"},"_links":{"self":[{"href":"https:\/\/royalstone.com.vn\/en\/wp-json\/wp\/v2\/product\/3030","targetHints":{"allow":["GET"]}}],"collection":[{"href":"https:\/\/royalstone.com.vn\/en\/wp-json\/wp\/v2\/product"}],"about":[{"href":"https:\/\/royalstone.com.vn\/en\/wp-json\/wp\/v2\/types\/product"}],"replies":[{"embeddable":true,"href":"https:\/\/royalstone.com.vn\/en\/wp-json\/wp\/v2\/comments?post=3030"}],"wp:featuredmedia":[{"embeddable":true,"href":"https:\/\/royalstone.com.vn\/en\/wp-json\/wp\/v2\/media\/3031"}],"wp:attachment":[{"href":"https:\/\/royalstone.com.vn\/en\/wp-json\/wp\/v2\/media?parent=3030"}],"wp:term":[{"taxonomy":"product_cat","embeddable":true,"href":"https:\/\/royalstone.com.vn\/en\/wp-json\/wp\/v2\/product_cat?post=3030"},{"taxonomy":"product_tag","embeddable":true,"href":"https:\/\/royalstone.com.vn\/en\/wp-json\/wp\/v2\/product_tag?post=3030"}],"curies":[{"name":"wp","href":"https:\/\/api.w.org\/{rel}","templated":true}]}}