{"id":3004,"date":"2025-02-07T16:54:07","date_gmt":"2025-02-07T09:54:07","guid":{"rendered":"http:\/\/royalstone.com.vn\/?post_type=product&#038;p=3004"},"modified":"2025-03-09T22:04:18","modified_gmt":"2025-03-09T15:04:18","slug":"vicostone-pure-black-bq2101","status":"publish","type":"product","link":"https:\/\/royalstone.com.vn\/en\/vicostone-pure-black-bq2101\/","title":{"rendered":"Vicostone Pure Black BQ2101"},"content":{"rendered":"<h2>Pure Black BQ2101<\/h2>\n<p>Pure Black BQ2101 l\u00e0 d\u00f2ng \u0111\u00e1 <b><a href=\"https:\/\/royalstone.com.vn\/en\/vicostone-denali-bq2605\/\">Vicostone<\/a><\/b> \u0111en tuy\u1ec1n, \u0111\u01b0\u1ee3c m\u1ec7nh danh l\u00e0 <b><a href=\"https:\/\/royalstone.com.vn\/en\/da-thach-anh-2-cm-ve-dep-hoan-hao-cho-khong-gian\/\">\u0111\u00e1 th\u1ea1ch anh<\/a><\/b> nh\u00e2n t\u1ea1o \u0111en nh\u1ea5t th\u1ebf gi\u1edbi. V\u1ebb \u0111\u1eb9p huy\u1ec1n b\u00ed, sang tr\u1ecdng c\u1ee7a s\u1ea3n ph\u1ea9m s\u1ebd mang \u0111\u1ebfn \u0111i\u1ec3m nh\u1ea5n \u0111\u1ed9c \u0111\u00e1o v\u00e0 \u0111\u1eb3ng c\u1ea5p cho m\u1ecdi kh\u00f4ng gian n\u1ed9i th\u1ea5t. Pure Black BQ2101 thu\u1ed9c B\u1ed9 s\u01b0u t\u1eadp Classic, n\u01a1i nh\u1eefng gam m\u00e0u kinh \u0111i\u1ec3n mang \u0111\u1ebfn n\u00e9t tao nh\u00e3, sang tr\u1ecdng, ph\u00f9 h\u1ee3p v\u1edbi m\u1ecdi c\u00f4ng tr\u00ecnh ki\u1ebfn tr\u00fac.<\/p>\n<h2>T\u1eeb B\u1ed9 s\u01b0u t\u1eadp Classic<\/h2>\n<p>B\u1ed9 s\u01b0u t\u1eadp Classic, n\u01a1i nh\u1eefng thi\u1ebft k\u1ebf kinh \u0111i\u1ec3n mang \u0111\u1ebfn s\u1ef1 tao nh\u00e3 cho m\u1ecdi c\u00f4ng tr\u00ecnh ki\u1ebfn tr\u00fac.<\/p>\n<figure id=\"attachment_3005\" aria-describedby=\"caption-attachment-3005\" style=\"width: 444px\" class=\"wp-caption alignnone\"><img decoding=\"async\" class=\"size-full wp-image-3005\" src=\"http:\/\/royalstone.com.vn\/wp-content\/uploads\/2025\/02\/BQ2101.png\" alt=\"Bq2101\" width=\"444\" height=\"348\" title=\"\" srcset=\"https:\/\/royalstone.com.vn\/wp-content\/uploads\/2025\/02\/BQ2101.png 444w, https:\/\/royalstone.com.vn\/wp-content\/uploads\/2025\/02\/BQ2101-300x235.png 300w, https:\/\/royalstone.com.vn\/wp-content\/uploads\/2025\/02\/BQ2101-15x12.png 15w\" sizes=\"(max-width: 444px) 100vw, 444px\" \/><figcaption id=\"caption-attachment-3005\" class=\"wp-caption-text\">Bq2101<\/figcaption><\/figure>","protected":false},"excerpt":{"rendered":"<h2>Th\u00f4ng s\u1ed1 k\u1ef9 thu\u1eadt<\/h2>\n<p>KH\u1ed4 K\u00cdCH TH\u01af\u1edaC C\u1ee6A T\u1ea4M \u0110\u00c1<\/p>\n<p>K\u00edch th\u01b0\u1edbc ti\u00eau chu\u1ea9n (normal size) 143cm x 303cm (119\u201d x 56\u201d)<\/p>\n<p>K\u00edch th\u01b0\u1edbc kh\u1ed5 l\u1edbn (jumbo size) 330cm x 165cm (130\u201d x 65\u201d)<\/p>\n<p>\u0110\u1ed8 D\u00c0Y TI\u00caU CHU\u1ea8N<\/p>\n<p>12mm (1\/2\u201d)<br \/>\n20mm (3\/4\u201d)<br \/>\n30mm (1 1\/6\u201d)<\/p>\n<p>C\u00c1C LO\u1ea0I B\u1ec0 M\u1eb6T<\/p>\n<p>Polished\\Brushed<\/p>","protected":false},"featured_media":3005,"comment_status":"closed","ping_status":"closed","template":"","meta":{"inline_featured_image":false},"product_cat":[98],"product_tag":[],"class_list":{"0":"post-3004","1":"product","2":"type-product","3":"status-publish","4":"has-post-thumbnail","6":"product_cat-vicostone-nhom-b","8":"first","9":"instock","10":"shipping-taxable","11":"purchasable","12":"product-type-simple"},"_links":{"self":[{"href":"https:\/\/royalstone.com.vn\/en\/wp-json\/wp\/v2\/product\/3004","targetHints":{"allow":["GET"]}}],"collection":[{"href":"https:\/\/royalstone.com.vn\/en\/wp-json\/wp\/v2\/product"}],"about":[{"href":"https:\/\/royalstone.com.vn\/en\/wp-json\/wp\/v2\/types\/product"}],"replies":[{"embeddable":true,"href":"https:\/\/royalstone.com.vn\/en\/wp-json\/wp\/v2\/comments?post=3004"}],"wp:featuredmedia":[{"embeddable":true,"href":"https:\/\/royalstone.com.vn\/en\/wp-json\/wp\/v2\/media\/3005"}],"wp:attachment":[{"href":"https:\/\/royalstone.com.vn\/en\/wp-json\/wp\/v2\/media?parent=3004"}],"wp:term":[{"taxonomy":"product_cat","embeddable":true,"href":"https:\/\/royalstone.com.vn\/en\/wp-json\/wp\/v2\/product_cat?post=3004"},{"taxonomy":"product_tag","embeddable":true,"href":"https:\/\/royalstone.com.vn\/en\/wp-json\/wp\/v2\/product_tag?post=3004"}],"curies":[{"name":"wp","href":"https:\/\/api.w.org\/{rel}","templated":true}]}}