{"id":298,"date":"2023-11-21T02:20:18","date_gmt":"2023-11-21T02:20:18","guid":{"rendered":"http:\/\/royalstone.com.vn\/?post_type=product&#038;p=298"},"modified":"2024-03-16T16:59:05","modified_gmt":"2024-03-16T09:59:05","slug":"da-granite-fiorito","status":"publish","type":"product","link":"https:\/\/royalstone.com.vn\/en\/da-granite-fiorito\/","title":{"rendered":"Granite Fiorito"},"content":{"rendered":"<h2 data-sourcepos=\"1:1-1:243\"><strong>\u0110\u00e1 Granite Fiorito l\u00e0 g\u00ec?<\/strong><\/h2>\n<p><a href=\"http:\/\/royalstone.com.vn\/en\/da-granite-fiorito\/\"><em><strong>Granite Fiorito<\/strong><\/em><\/a> is a kind of <b><a href=\"https:\/\/royalstone.com.vn\/en\/da-granite-3-cm-la-lua-chon-hoan-hao\/\">granite<\/a><\/b> \u0111\u01b0\u1ee3c s\u1eed d\u1ee5ng r\u1ed9ng r\u00e3i trong ng\u00e0nh x\u00e2y d\u1ef1ng v\u00e0 trang tr\u00ed n\u1ed9i th\u1ea5t. &#8220;Fiorito&#8221; c\u00f3 ngh\u0129a l\u00e0 &#8220;hoa&#8221;, v\u00e0 t\u00ean n\u00e0y th\u01b0\u1eddng \u0111\u01b0\u1ee3c \u00e1p d\u1ee5ng cho c\u00e1c lo\u1ea1i <b><a href=\"https:\/\/royalstone.com.vn\/en\/da-granite-tim-bieu-tuong-cua-ve-dep-sang-trong\/\">granite<\/a><\/b> c\u00f3 m\u00e0u s\u1eafc hoa v\u0103n, ph\u1ee9c t\u1ea1p v\u00e0 \u0111\u1eb9p m\u1eaft.<\/p>\n<p data-sourcepos=\"1:1-1:243\">\u0110\u00e1 Granite Fiorito l\u00e0 m\u1ed9t lo\u1ea1i \u0111\u00e1 granite <span class=\"citation-0\">bi\u1ebfn \u0111\u1ed5i trung b\u00ecnh c\u1ee7a m\u00e0u \u0111en v\u00e0 m\u00e0u v\u00e0ng. \u0110\u00e1 granit b\u1ec1n n\u00e0y c\u00f3 s\u1eb5n trong c\u00e1c t\u1ea5m v\u00e0 \u0111\u01b0\u1ee3c khuy\u1ebfn ngh\u1ecb cho c\u1ea3 t\u00e0i s\u1ea3n th\u01b0\u01a1ng m\u1ea1i v\u00e0 d\u00e2n c\u01b0 cho t\u1ea5t c\u1ea3 c\u00e1c d\u1ef1 \u00e1n bao g\u1ed3m s\u00e0n, c\u1ea3nh quan v\u00e0 m\u1eb7t b\u00e0n.<\/span><\/p>\n<p data-sourcepos=\"3:1-3:189\"><span class=\"citation-0 citation-end-0\">Granite<\/span> Fiorito \u0111\u01b0\u1ee3c khai th\u00e1c \u1edf Espirito Santo, Brazil. N\u00f3 c\u00f3 m\u00e0u v\u00e0ng kem nh\u1eb9 v\u1edbi c\u00e1c \u0111\u1ed1m m\u00e0u n\u00e2u s\u1eabm ho\u1eb7c \u0111en. Hoa v\u0103n n\u00e0y t\u1ea1o n\u00ean v\u1ebb \u0111\u1eb9p \u0111\u1ed9c \u0111\u00e1o v\u00e0 sang tr\u1ecdng cho lo\u1ea1i \u0111\u00e1 n\u00e0y.<\/p>\n<p data-sourcepos=\"5:1-5:159\">\u0110\u00e1 Granite Fiorito c\u00f3 \u0111\u1ed9 c\u1ee9ng cao, ch\u1ed1ng tr\u1ea7y x\u01b0\u1edbc, ch\u1ecbu nhi\u1ec7t v\u00e0 ch\u1ed1ng th\u1ea5m t\u1ed1t. Do \u0111\u00f3, n\u00f3 l\u00e0 m\u1ed9t l\u1ef1a ch\u1ecdn tuy\u1ec7t v\u1eddi cho c\u00e1c \u1ee9ng d\u1ee5ng trong nh\u00e0 v\u00e0 ngo\u00e0i tr\u1eddi.<\/p>\n<p data-sourcepos=\"5:1-5:159\"><img decoding=\"async\" class=\"wp-image-299 size-medium\" style=\"color: #333333; font-size: 14.4px;\" title=\"Granite Fiorito\" src=\"http:\/\/royalstone.com.vn\/wp-content\/uploads\/2023\/11\/da-granite-fiorito-300x212.jpg\" alt=\"Granite Fiorito\" width=\"300\" height=\"212\" srcset=\"https:\/\/royalstone.com.vn\/wp-content\/uploads\/2023\/11\/da-granite-fiorito-300x212.jpg 300w, https:\/\/royalstone.com.vn\/wp-content\/uploads\/2023\/11\/da-granite-fiorito.jpg 406w\" sizes=\"(max-width: 300px) 100vw, 300px\" \/><\/p>\n<h3 data-sourcepos=\"5:1-5:159\"><strong>\u1ee8ng d\u1ee5ng c\u1ee7a \u0111\u00e1 Granite Fiorito<\/strong><\/h3>\n<p data-sourcepos=\"7:1-7:56\">M\u1ed9t s\u1ed1 \u1ee9ng d\u1ee5ng ph\u1ed5 bi\u1ebfn c\u1ee7a \u0111\u00e1 Granite Fiorito bao g\u1ed3m:<\/p>\n<ul data-sourcepos=\"9:1-15:0\">\n<li data-sourcepos=\"9:1-9:13\">M\u1eb7t b\u00e0n b\u1ebfp<\/li>\n<li data-sourcepos=\"10:1-10:16\">M\u1eb7t b\u00e0n <b><a href=\"https:\/\/royalstone.com.vn\/en\/lavabo-rua-mat-bang-da-ua-chuong-nhat-hien-nay\/\">lavabo<\/a><\/b><\/li>\n<li data-sourcepos=\"11:1-11:9\">S\u00e0n nh\u00e0<\/li>\n<li data-sourcepos=\"12:1-12:15\">B\u1eadc c\u1ea7u thang<\/li>\n<li data-sourcepos=\"13:1-13:5\">C\u1ed9t<\/li>\n<li data-sourcepos=\"14:1-15:0\">C\u1ea3nh quan<\/li>\n<\/ul>\n<p data-sourcepos=\"16:1-16:169\">\u0110\u00e1 Granite Fiorito l\u00e0 m\u1ed9t lo\u1ea1i \u0111\u00e1 t\u1ef1 nhi\u00ean \u0111\u1eb9p v\u00e0 b\u1ec1n. N\u00f3 c\u00f3 th\u1ec3 \u0111\u01b0\u1ee3c s\u1eed d\u1ee5ng cho nhi\u1ec1u \u1ee9ng d\u1ee5ng kh\u00e1c nhau, mang l\u1ea1i v\u1ebb \u0111\u1eb9p v\u00e0 s\u1ef1 sang tr\u1ecdng cho kh\u00f4ng gian s\u1ed1ng c\u1ee7a b\u1ea1n<\/p>\n<h3 data-sourcepos=\"5:1-5:159\"><strong>\u0110\u1eb7c \u0111i\u1ec3m c\u1ee7a \u0111\u00e1 Granite Fiorito<\/strong><\/h3>\n<p>\u0110\u1eb7c \u0111i\u1ec3m c\u1ee7a <a href=\"http:\/\/royalstone.com.vn\/en\/da-granite\/\"><em><strong>Granite<\/strong><\/em><\/a> Fiorito c\u00f3 th\u1ec3 bao g\u1ed3m m\u00e0u s\u1eafc \u0111a d\u1ea1ng nh\u01b0 v\u00e0ng, cam, \u0111\u1ecf, \u0111en, v\u00e0 tr\u1eafng, t\u1ea1o n\u00ean c\u00e1c hoa v\u0103n v\u00e0 ghi ch\u00fa t\u1ef1 nhi\u00ean. Nh\u1eefng \u0111\u1eb7c \u0111i\u1ec3m n\u00e0y l\u00e0m cho n\u00f3 tr\u1edf th\u00e0nh l\u1ef1a ch\u1ecdn ph\u1ed5 bi\u1ebfn cho vi\u1ec7c l\u00e0m \u0111\u00e1 b\u00e0n, s\u00e0n nh\u00e0, t\u01b0\u1eddng, l\u1ed1i \u0111i, v\u00e0 c\u00e1c s\u1ea3n ph\u1ea9m trang tr\u00ed kh\u00e1c.<\/p>\n<p>M\u1ed7i vi\u00ean \u0111\u00e1 Granite Fiorito c\u00f3 m\u1ed9t hoa v\u0103n \u0111\u1ed9c \u0111\u00e1o do qu\u00e1 tr\u00ecnh h\u00ecnh th\u00e0nh t\u1ef1 nhi\u00ean v\u00e0 c\u00e1ch m\u00e0 kho\u00e1ng ch\u1ea5t kh\u00e1c nhau t\u01b0\u01a1ng t\u00e1c trong qu\u00e1 tr\u00ecnh t\u1ea1o ra \u0111\u00e1. \u0110i\u1ec1u n\u00e0y l\u00e0m cho m\u1ed7i s\u1ea3n ph\u1ea9m t\u1eeb \u0111\u00e1 Granite Fiorito tr\u1edf n\u00ean \u0111\u1ed9c \u0111\u00e1o v\u00e0 kh\u00f4ng gi\u1ed1ng nhau.<\/p>\n<p>\u0110\u00e1 Granite n\u00f3i chung l\u00e0 m\u1ed9t v\u1eadt li\u1ec7u r\u1ea5t ch\u1eafc ch\u1eafn, ch\u1ed1ng ch\u1ecbu t\u1ed1t v\u1edbi \u00e1nh n\u1eafng m\u1eb7t tr\u1eddi, v\u00e0 c\u00f3 \u0111\u1ed9 b\u1ec1n cao, l\u00e0m cho n\u00f3 th\u00edch h\u1ee3p cho vi\u1ec7c s\u1eed d\u1ee5ng trong c\u00e1c d\u1ef1 \u00e1n x\u00e2y d\u1ef1ng v\u00e0 trang tr\u00ed.<\/p>\n<h2><strong>C\u00f4ng tr\u00ecnh th\u1ef1c t\u1ebf s\u1eed d\u1ee5ng \u0111\u00e1 Granite t\u1ef1 nhi\u00ean Fiorito do Royal Stone th\u1ef1c hi\u1ec7n<\/strong><\/h2>\n<p>\u0110\u00e1 granite Fiorito \u1ed1p b\u00e0n b\u1ebfp<\/p>\n<p>\u0110\u00e1 granite Fiorito \u1ed1p b\u00e0n lavabo<\/p>\n<h3><strong>Contact information Royal Stone<\/strong><\/h3>\n<p><strong>COMPANY LIMITED ROYAL STONE<\/strong><\/p>\n<p>\u260e Hotline: 0963 689 531<\/p>\n<p>? Trading office : 283 Tay Mo Ward, Dai Mo ward, Nam tu Liem district, Ha Noi City.<\/p>\n<p>? Factory: T<span style=\"color: #333333; font-size: 14.4px;\">drive 10 Yen The town, Luc Yen district, Yen Bai province<\/span><\/p>\n<p>? Warehouse Ha Noi: Lane 24, Dai Mo, tu Liem, Ha Noi (falling edge 4 Van Phuc, Ha Dong)<\/p>\n<p>? Website:\u00a0<a href=\"https:\/\/royalstone.com.vn\/en\/\">www.royalstone.com.vn<\/a><\/p>\n<h3 class=\"ftwp-heading\"><strong>Connect with Royal Stone<\/strong><\/h3>\n<div class=\"textwidget custom-html-widget\">\n<div class=\"textwidget custom-html-widget\">\n<div><a href=\"http:\/\/www.youtube.com\/@royalstone-datunhiencaocap\" target=\"_blank\" rel=\"noopener nofollow\"><img decoding=\"async\" class=\"entered lazyloaded\" title=\"ROYAL STONE - natural Stone premium\" src=\"http:\/\/royalstone.com.vn\/wp-content\/uploads\/2023\/11\/youtube-royalstone.jpg\" alt=\"ROYAL STONE - natural Stone premium\" width=\"30\" height=\"30\" data-lazy-src=\"http:\/\/royalstone.com.vn\/wp-content\/uploads\/2023\/11\/youtube-royalstone.jpg\" data-ll-status=\"loaded\" data-lazy-=\"\" \/><\/a><a href=\"https:\/\/www.facebook.com\/RoyalstoneDaTuNhienCaoCap\" target=\"_blank\" rel=\"noopener nofollow\"><img decoding=\"async\" class=\"entered lazyloaded\" title=\"ROYAL STONE - natural Stone premium\" src=\"http:\/\/royalstone.com.vn\/wp-content\/uploads\/2023\/11\/facebook-royalstone.jpg\" alt=\"ROYAL STONE - natural Stone premium\" width=\"30\" height=\"30\" data-lazy-src=\"http:\/\/royalstone.com.vn\/wp-content\/uploads\/2023\/11\/facebook-royalstone.jpg\" data-ll-status=\"loaded\" data-lazy-=\"\" \/><\/a><a href=\"https:\/\/twitter.com\/royalstonedatn\" target=\"_blank\" rel=\"noopener nofollow\"><img decoding=\"async\" class=\"entered lazyloaded\" title=\"ROYAL STONE - natural Stone premium\" src=\"http:\/\/royalstone.com.vn\/wp-content\/uploads\/2023\/11\/twitter-royalstone.jpg\" alt=\"ROYAL STONE - natural Stone premium\" width=\"30\" height=\"30\" data-lazy-src=\"http:\/\/royalstone.com.vn\/wp-content\/uploads\/2023\/11\/twitter-royalstone.jpg\" data-ll-status=\"loaded\" data-lazy-=\"\" \/><\/a><a href=\"https:\/\/www.pinterest.com\/royalstonedatunhiencaocap\/\" target=\"_blank\" rel=\"noopener nofollow\"><img decoding=\"async\" class=\"entered lazyloaded\" title=\"ROYAL STONE - natural Stone premium\" src=\"http:\/\/royalstone.com.vn\/wp-content\/uploads\/2023\/11\/printerest-royalstone.jpg\" alt=\"ROYAL STONE - natural Stone premium\" width=\"30\" height=\"30\" data-lazy-src=\"http:\/\/royalstone.com.vn\/wp-content\/uploads\/2023\/11\/printerest-royalstone.jpg\" data-ll-status=\"loaded\" data-lazy-=\"\" \/><\/a><a href=\"https:\/\/www.linkedin.com\/in\/royalstone-datunhien\/\" target=\"_blank\" rel=\"noopener nofollow\"><img decoding=\"async\" class=\"entered lazyloaded\" title=\"ROYAL STONE - natural Stone premium\" src=\"http:\/\/royalstone.com.vn\/wp-content\/uploads\/2023\/11\/linkedin-royalstone.jpg\" alt=\"ROYAL STONE - natural Stone premium\" width=\"30\" height=\"30\" data-lazy-src=\"http:\/\/royalstone.com.vn\/wp-content\/uploads\/2023\/11\/linkedin-royalstone.jpg\" data-ll-status=\"loaded\" data-lazy-=\"\" \/><\/a><\/div>\n<\/div>\n<\/div>","protected":false},"excerpt":{"rendered":"<ul class=\"l pr-des-featured\">\n<li>MSP: RSGF2023<\/li>\n<li>Place of origin: Brazil<\/li>\n<li>Color: Gold<\/li>\n<li>Type of stone: Granite<\/li>\n<li>Size: large<\/li>\n<li>Thickness: 3.0 cm<\/li>\n<\/ul>","protected":false},"featured_media":299,"comment_status":"closed","ping_status":"closed","template":"","meta":{"inline_featured_image":false},"product_cat":[23,24],"product_tag":[],"class_list":{"0":"post-298","1":"product","2":"type-product","3":"status-publish","4":"has-post-thumbnail","6":"product_cat-da-granite","7":"product_cat-da-granite-3-0-cm","9":"first","10":"instock","11":"sale","12":"shipping-taxable","13":"purchasable","14":"product-type-simple"},"_links":{"self":[{"href":"https:\/\/royalstone.com.vn\/en\/wp-json\/wp\/v2\/product\/298","targetHints":{"allow":["GET"]}}],"collection":[{"href":"https:\/\/royalstone.com.vn\/en\/wp-json\/wp\/v2\/product"}],"about":[{"href":"https:\/\/royalstone.com.vn\/en\/wp-json\/wp\/v2\/types\/product"}],"replies":[{"embeddable":true,"href":"https:\/\/royalstone.com.vn\/en\/wp-json\/wp\/v2\/comments?post=298"}],"wp:featuredmedia":[{"embeddable":true,"href":"https:\/\/royalstone.com.vn\/en\/wp-json\/wp\/v2\/media\/299"}],"wp:attachment":[{"href":"https:\/\/royalstone.com.vn\/en\/wp-json\/wp\/v2\/media?parent=298"}],"wp:term":[{"taxonomy":"product_cat","embeddable":true,"href":"https:\/\/royalstone.com.vn\/en\/wp-json\/wp\/v2\/product_cat?post=298"},{"taxonomy":"product_tag","embeddable":true,"href":"https:\/\/royalstone.com.vn\/en\/wp-json\/wp\/v2\/product_tag?post=298"}],"curies":[{"name":"wp","href":"https:\/\/api.w.org\/{rel}","templated":true}]}}