{"id":2946,"date":"2025-02-07T16:23:47","date_gmt":"2025-02-07T09:23:47","guid":{"rendered":"http:\/\/royalstone.com.vn\/?post_type=product&#038;p=2946"},"modified":"2025-03-09T22:05:21","modified_gmt":"2025-03-09T15:05:21","slug":"vicostone-imperio-bq8810","status":"publish","type":"product","link":"https:\/\/royalstone.com.vn\/en\/vicostone-imperio-bq8810\/","title":{"rendered":"Vicostone Imperio BQ8810"},"content":{"rendered":"<h2>Imperio BQ8810<\/h2>\n<p>Imperio BQ8810 l\u00e0 m\u1ed9t thi\u1ebft k\u1ebf \u0111\u1ed9c \u0111\u00e1o c\u1ee7a <b><a href=\"https:\/\/royalstone.com.vn\/en\/vicostone-denali-bq2605\/\">Vicostone<\/a><\/b> v\u1edbi s\u1ef1 k\u1ebft h\u1ee3p tinh t\u1ebf c\u1ee7a hai l\u1edbp v\u00e2n: l\u1edbp v\u00e2n r\u1ed1i n\u1ec1n nh\u1eb9 nh\u00e0ng v\u00e0 l\u1edbp v\u00e2n ch\u1ec9 m\u1ecfng, h\u00e0i h\u00f2a tr\u00ean n\u1ec1n x\u00e1m n\u00e2u. Imperio BQ8810 thu\u1ed9c B\u1ed9 s\u01b0u t\u1eadp Natural, n\u01a1i v\u1ebb \u0111\u1eb9p m\u1ea1nh m\u1ebd c\u1ee7a <b><a href=\"https:\/\/royalstone.com.vn\/en\/da-granite-3-cm-la-lua-chon-hoan-hao\/\">granite<\/a><\/b> v\u00e0 n\u00e9t thanh tho\u00e1t c\u1ee7a \u0111\u00e1 c\u1ea9m th\u1ea1ch h\u00f2a quy\u1ec7n, mang \u0111\u1ebfn kh\u00f4ng gian n\u1ed9i th\u1ea5t g\u1ea7n g\u0169i v\u1edbi thi\u00ean nhi\u00ean.<\/p>\n<h2>T\u1eeb B\u1ed9 s\u01b0u t\u1eadp Natural<\/h2>\n<p>B\u1ed9 s\u01b0u t\u1eadp Natural, n\u01a1i nh\u1eefng thi\u1ebft k\u1ebf \u0111\u1ed9c \u0111\u00e1o mang \u0111\u1ebfn v\u1ebb \u0111\u1eb9p t\u1ef1 nhi\u00ean, thanh l\u1ecbch cho kh\u00f4ng gian n\u1ed9i th\u1ea5t.<\/p>\n<figure id=\"attachment_2947\" aria-describedby=\"caption-attachment-2947\" style=\"width: 442px\" class=\"wp-caption alignnone\"><img decoding=\"async\" class=\"size-full wp-image-2947\" src=\"http:\/\/royalstone.com.vn\/wp-content\/uploads\/2025\/02\/BQ8810.png\" alt=\"Bq8810\" width=\"442\" height=\"345\" title=\"\" srcset=\"https:\/\/royalstone.com.vn\/wp-content\/uploads\/2025\/02\/BQ8810.png 442w, https:\/\/royalstone.com.vn\/wp-content\/uploads\/2025\/02\/BQ8810-300x234.png 300w, https:\/\/royalstone.com.vn\/wp-content\/uploads\/2025\/02\/BQ8810-15x12.png 15w\" sizes=\"(max-width: 442px) 100vw, 442px\" \/><figcaption id=\"caption-attachment-2947\" class=\"wp-caption-text\">Bq8810<\/figcaption><\/figure>","protected":false},"excerpt":{"rendered":"<h2>Th\u00f4ng s\u1ed1 k\u1ef9 thu\u1eadt<\/h2>\n<p>KH\u1ed4 K\u00cdCH TH\u01af\u1edaC C\u1ee6A T\u1ea4M \u0110\u00c1<\/p>\n<p>K\u00edch th\u01b0\u1edbc ti\u00eau chu\u1ea9n (normal size) 143cm x 303cm (119\u201d x 56\u201d)<\/p>\n<p>K\u00edch th\u01b0\u1edbc kh\u1ed5 l\u1edbn (jumbo size) 330cm x 165cm (130\u201d x 65\u201d)<\/p>\n<p>\u0110\u1ed8 D\u00c0Y TI\u00caU CHU\u1ea8N<\/p>\n<p>12mm (1\/2\u201d)<br \/>\n20mm (3\/4\u201d)<br \/>\n30mm (1 1\/6\u201d)<\/p>\n<p>C\u00c1C LO\u1ea0I B\u1ec0 M\u1eb6T<\/p>\n<p>Polished<\/p>","protected":false},"featured_media":2947,"comment_status":"closed","ping_status":"closed","template":"","meta":{"inline_featured_image":false},"product_cat":[98],"product_tag":[],"class_list":{"0":"post-2946","1":"product","2":"type-product","3":"status-publish","4":"has-post-thumbnail","6":"product_cat-vicostone-nhom-b","8":"first","9":"instock","10":"shipping-taxable","11":"purchasable","12":"product-type-simple"},"_links":{"self":[{"href":"https:\/\/royalstone.com.vn\/en\/wp-json\/wp\/v2\/product\/2946","targetHints":{"allow":["GET"]}}],"collection":[{"href":"https:\/\/royalstone.com.vn\/en\/wp-json\/wp\/v2\/product"}],"about":[{"href":"https:\/\/royalstone.com.vn\/en\/wp-json\/wp\/v2\/types\/product"}],"replies":[{"embeddable":true,"href":"https:\/\/royalstone.com.vn\/en\/wp-json\/wp\/v2\/comments?post=2946"}],"wp:featuredmedia":[{"embeddable":true,"href":"https:\/\/royalstone.com.vn\/en\/wp-json\/wp\/v2\/media\/2947"}],"wp:attachment":[{"href":"https:\/\/royalstone.com.vn\/en\/wp-json\/wp\/v2\/media?parent=2946"}],"wp:term":[{"taxonomy":"product_cat","embeddable":true,"href":"https:\/\/royalstone.com.vn\/en\/wp-json\/wp\/v2\/product_cat?post=2946"},{"taxonomy":"product_tag","embeddable":true,"href":"https:\/\/royalstone.com.vn\/en\/wp-json\/wp\/v2\/product_tag?post=2946"}],"curies":[{"name":"wp","href":"https:\/\/api.w.org\/{rel}","templated":true}]}}