{"id":2938,"date":"2025-02-07T16:19:45","date_gmt":"2025-02-07T09:19:45","guid":{"rendered":"http:\/\/royalstone.com.vn\/?post_type=product&#038;p=2938"},"modified":"2025-03-09T22:05:26","modified_gmt":"2025-03-09T15:05:26","slug":"vicostone-avalon-bq8618","status":"publish","type":"product","link":"https:\/\/royalstone.com.vn\/en\/vicostone-avalon-bq8618\/","title":{"rendered":"Vicostone Avalon BQ8618"},"content":{"rendered":"<h2>Avalon BQ8618<\/h2>\n<p>Avalon BQ8618 n\u1ed5i b\u1eadt v\u1edbi thi\u1ebft k\u1ebf c\u00e1c d\u1ea3i h\u1ea1t l\u1edbn, t\u1ea1o hi\u1ec7u \u1ee9ng tr\u1ea7m t\u00edch \u0111\u1ed9c \u0111\u00e1o, mang v\u1ebb \u0111\u1eb9p v\u01b0\u1ee3t th\u1eddi gian. T\u00f4ng m\u00e0u trung t\u00ednh c\u1ee7a s\u1ea3n ph\u1ea9m d\u1ec5 d\u00e0ng ph\u1ed1i h\u1ee3p v\u1edbi nhi\u1ec1u phong c\u00e1ch t\u1ee7 b\u1ebfp, t\u1ea1o n\u00ean kh\u00f4ng gian h\u00e0i h\u00f2a, \u1ea5m c\u00fang. Avalon BQ8618 thu\u1ed9c B\u1ed9 s\u01b0u t\u1eadp Classic, n\u01a1i nh\u1eefng gam m\u00e0u kinh \u0111i\u1ec3n mang \u0111\u1ebfn n\u00e9t tao nh\u00e3, sang tr\u1ecdng, ph\u00f9 h\u1ee3p v\u1edbi m\u1ecdi c\u00f4ng tr\u00ecnh ki\u1ebfn tr\u00fac.<\/p>\n<h2>T\u1eeb B\u1ed9 s\u01b0u t\u1eadp Classic<\/h2>\n<p>B\u1ed9 s\u01b0u t\u1eadp Classic, n\u01a1i nh\u1eefng thi\u1ebft k\u1ebf kinh \u0111i\u1ec3n v\u01b0\u1ee3t th\u1eddi gian mang \u0111\u1ebfn s\u1ef1 tao nh\u00e3 cho m\u1ecdi c\u00f4ng tr\u00ecnh ki\u1ebfn tr\u00fac.<\/p>\n<figure id=\"attachment_2939\" aria-describedby=\"caption-attachment-2939\" style=\"width: 444px\" class=\"wp-caption alignnone\"><img decoding=\"async\" class=\"size-full wp-image-2939\" src=\"http:\/\/royalstone.com.vn\/wp-content\/uploads\/2025\/02\/BQ8618.png\" alt=\"Bq8618\" width=\"444\" height=\"348\" title=\"\" srcset=\"https:\/\/royalstone.com.vn\/wp-content\/uploads\/2025\/02\/BQ8618.png 444w, https:\/\/royalstone.com.vn\/wp-content\/uploads\/2025\/02\/BQ8618-300x235.png 300w, https:\/\/royalstone.com.vn\/wp-content\/uploads\/2025\/02\/BQ8618-15x12.png 15w\" sizes=\"(max-width: 444px) 100vw, 444px\" \/><figcaption id=\"caption-attachment-2939\" class=\"wp-caption-text\">Bq8618<\/figcaption><\/figure>","protected":false},"excerpt":{"rendered":"<h2>Th\u00f4ng s\u1ed1 k\u1ef9 thu\u1eadt<\/h2>\n<p>KH\u1ed4 K\u00cdCH TH\u01af\u1edaC C\u1ee6A T\u1ea4M \u0110\u00c1<\/p>\n<p>K\u00edch th\u01b0\u1edbc ti\u00eau chu\u1ea9n (normal size) 144cm x 305cm (119\u201d x 56\u201d)<\/p>\n<p>\u0110\u1ed8 D\u00c0Y TI\u00caU CHU\u1ea8N<\/p>\n<p>12mm (1\/2\u201d)<br \/>\n20mm (3\/4\u201d)<br \/>\n30mm (1 1\/6\u201d)<\/p>\n<p>C\u00c1C LO\u1ea0I B\u1ec0 M\u1eb6T<\/p>\n<p>Polished<\/p>","protected":false},"featured_media":2939,"comment_status":"closed","ping_status":"closed","template":"","meta":{"inline_featured_image":false},"product_cat":[98],"product_tag":[],"class_list":{"0":"post-2938","1":"product","2":"type-product","3":"status-publish","4":"has-post-thumbnail","6":"product_cat-vicostone-nhom-b","8":"first","9":"instock","10":"shipping-taxable","11":"purchasable","12":"product-type-simple"},"_links":{"self":[{"href":"https:\/\/royalstone.com.vn\/en\/wp-json\/wp\/v2\/product\/2938","targetHints":{"allow":["GET"]}}],"collection":[{"href":"https:\/\/royalstone.com.vn\/en\/wp-json\/wp\/v2\/product"}],"about":[{"href":"https:\/\/royalstone.com.vn\/en\/wp-json\/wp\/v2\/types\/product"}],"replies":[{"embeddable":true,"href":"https:\/\/royalstone.com.vn\/en\/wp-json\/wp\/v2\/comments?post=2938"}],"wp:featuredmedia":[{"embeddable":true,"href":"https:\/\/royalstone.com.vn\/en\/wp-json\/wp\/v2\/media\/2939"}],"wp:attachment":[{"href":"https:\/\/royalstone.com.vn\/en\/wp-json\/wp\/v2\/media?parent=2938"}],"wp:term":[{"taxonomy":"product_cat","embeddable":true,"href":"https:\/\/royalstone.com.vn\/en\/wp-json\/wp\/v2\/product_cat?post=2938"},{"taxonomy":"product_tag","embeddable":true,"href":"https:\/\/royalstone.com.vn\/en\/wp-json\/wp\/v2\/product_tag?post=2938"}],"curies":[{"name":"wp","href":"https:\/\/api.w.org\/{rel}","templated":true}]}}