{"id":2848,"date":"2025-02-07T15:26:18","date_gmt":"2025-02-07T08:26:18","guid":{"rendered":"http:\/\/royalstone.com.vn\/?post_type=product&#038;p=2848"},"modified":"2025-03-09T22:56:16","modified_gmt":"2025-03-09T15:56:16","slug":"da-vicostone-crystal-pepper-bq940","status":"publish","type":"product","link":"https:\/\/royalstone.com.vn\/en\/da-vicostone-crystal-pepper-bq940\/","title":{"rendered":"\u0110\u00e1 Vicostone Crystal Pepper BQ940"},"content":{"rendered":"<h2>Crystal Pepper BQ940<\/h2>\n<p>Crystal Pepper BQ940 s\u1eed d\u1ee5ng c\u00e1c h\u1ea1t th\u1ea1ch anh trong su\u1ed1t, k\u00edch th\u01b0\u1edbc l\u1edbn, t\u1ea1o hi\u1ec7u \u1ee9ng chi\u1ec1u s\u00e2u \u0111\u1ed9c \u0111\u00e1o nh\u01b0 g\u01b0\u01a1ng k\u00ednh. S\u1ef1 k\u1ebft h\u1ee3p gi\u1eefa c\u00e1c h\u1ea1t th\u1ea1ch anh l\u1ea5p l\u00e1nh v\u00e0 \u00e1nh s\u00e1ng trong kh\u00f4ng gian n\u1ed9i th\u1ea5t mang \u0111\u1ebfn v\u1ebb \u0111\u1eb9p \u1ea5n t\u01b0\u1ee3ng, thu h\u00fat m\u1ecdi \u00e1nh nh\u00ecn. S\u1ea3n ph\u1ea9m thu\u1ed9c B\u1ed9 s\u01b0u t\u1eadp Classic, n\u01a1i nh\u1eefng gam m\u00e0u kinh \u0111i\u1ec3n mang \u0111\u1ebfn n\u00e9t tao nh\u00e3, sang tr\u1ecdng, ph\u00f9 h\u1ee3p v\u1edbi m\u1ecdi c\u00f4ng tr\u00ecnh ki\u1ebfn tr\u00fac.<\/p>\n<h2>T\u1eeb B\u1ed9 s\u01b0u t\u1eadp Classic<\/h2>\n<p>Crystal Pepper BQ940 thu\u1ed9c B\u1ed9 s\u01b0u t\u1eadp Classic, n\u01a1i nh\u1eefng thi\u1ebft k\u1ebf kinh \u0111i\u1ec3n v\u01b0\u1ee3t th\u1eddi gian mang \u0111\u1ebfn s\u1ef1 tao nh\u00e3 cho m\u1ecdi c\u00f4ng tr\u00ecnh ki\u1ebfn tr\u00fac.<\/p>\n<figure id=\"attachment_2849\" aria-describedby=\"caption-attachment-2849\" style=\"width: 444px\" class=\"wp-caption alignnone\"><img decoding=\"async\" class=\"size-full wp-image-2849\" src=\"http:\/\/royalstone.com.vn\/wp-content\/uploads\/2025\/02\/BQ940.png\" alt=\"Bq940\" width=\"444\" height=\"347\" title=\"\" srcset=\"https:\/\/royalstone.com.vn\/wp-content\/uploads\/2025\/02\/BQ940.png 444w, https:\/\/royalstone.com.vn\/wp-content\/uploads\/2025\/02\/BQ940-300x234.png 300w, https:\/\/royalstone.com.vn\/wp-content\/uploads\/2025\/02\/BQ940-15x12.png 15w\" sizes=\"(max-width: 444px) 100vw, 444px\" \/><figcaption id=\"caption-attachment-2849\" class=\"wp-caption-text\">Bq940<\/figcaption><\/figure>","protected":false},"excerpt":{"rendered":"<h2>Th\u00f4ng s\u1ed1 k\u1ef9 thu\u1eadt<\/h2>\n<p>KH\u1ed4 K\u00cdCH TH\u01af\u1edaC C\u1ee6A T\u1ea4M \u0110\u00c1<\/p>\n<p>K\u00edch th\u01b0\u1edbc ti\u00eau chu\u1ea9n (normal size) 144cm x 305cm (119\u201d x 56\u201d)<\/p>\n<p>\u0110\u1ed8 D\u00c0Y TI\u00caU CHU\u1ea8N<\/p>\n<p>12mm (1\/2\u201d)<br \/>\n20mm (3\/4\u201d)<br \/>\n30mm (1 1\/6\u201d)<\/p>\n<p>C\u00c1C LO\u1ea0I B\u1ec0 M\u1eb6T<\/p>\n<p>Polished<\/p>","protected":false},"featured_media":2849,"comment_status":"closed","ping_status":"closed","template":"","meta":{"inline_featured_image":false},"product_cat":[97],"product_tag":[],"class_list":{"0":"post-2848","1":"product","2":"type-product","3":"status-publish","4":"has-post-thumbnail","6":"product_cat-vicostone-nhom-a","8":"first","9":"instock","10":"shipping-taxable","11":"purchasable","12":"product-type-simple"},"_links":{"self":[{"href":"https:\/\/royalstone.com.vn\/en\/wp-json\/wp\/v2\/product\/2848","targetHints":{"allow":["GET"]}}],"collection":[{"href":"https:\/\/royalstone.com.vn\/en\/wp-json\/wp\/v2\/product"}],"about":[{"href":"https:\/\/royalstone.com.vn\/en\/wp-json\/wp\/v2\/types\/product"}],"replies":[{"embeddable":true,"href":"https:\/\/royalstone.com.vn\/en\/wp-json\/wp\/v2\/comments?post=2848"}],"wp:featuredmedia":[{"embeddable":true,"href":"https:\/\/royalstone.com.vn\/en\/wp-json\/wp\/v2\/media\/2849"}],"wp:attachment":[{"href":"https:\/\/royalstone.com.vn\/en\/wp-json\/wp\/v2\/media?parent=2848"}],"wp:term":[{"taxonomy":"product_cat","embeddable":true,"href":"https:\/\/royalstone.com.vn\/en\/wp-json\/wp\/v2\/product_cat?post=2848"},{"taxonomy":"product_tag","embeddable":true,"href":"https:\/\/royalstone.com.vn\/en\/wp-json\/wp\/v2\/product_tag?post=2848"}],"curies":[{"name":"wp","href":"https:\/\/api.w.org\/{rel}","templated":true}]}}