{"id":2605,"date":"2024-04-25T11:08:30","date_gmt":"2024-04-25T04:08:30","guid":{"rendered":"http:\/\/royalstone.com.vn\/?post_type=product&#038;p=2605"},"modified":"2024-04-25T11:08:34","modified_gmt":"2024-04-25T04:08:34","slug":"da-nung-ket-macchia","status":"publish","type":"product","link":"https:\/\/royalstone.com.vn\/en\/da-nung-ket-macchia\/","title":{"rendered":"\u0110\u00c1 NUNG K\u1ebeT MACCHIA"},"content":{"rendered":"<h2 data-sourcepos=\"3:1-3:33\"><strong>1. \u0110\u00c1 NUNG K\u1ebeT MACCHIA l\u00e0 g\u00ec?<\/strong><\/h2>\n<p data-sourcepos=\"5:1-5:347\"><a href=\"http:\/\/royalstone.com.vn\/en\/da-nung-ket-macchia\/\"><em><strong>\u0110\u00e1 nung k\u1ebft Macchia<\/strong><\/em><\/a> l\u00e0 lo\u1ea1i <b><a href=\"https:\/\/royalstone.com.vn\/en\/da-nung-ket-ve-dep-hoan-hao-cho-khong-gian\/\">\u0111\u00e1 nh\u00e2n t\u1ea1o<\/a><\/b> cao c\u1ea5p \u0111\u01b0\u1ee3c s\u1ea3n xu\u1ea5t b\u1eb1ng c\u00f4ng ngh\u1ec7 nung k\u1ebft hi\u1ec7n \u0111\u1ea1i, k\u1ebft h\u1ee3p b\u1ed9t <b><a href=\"https:\/\/royalstone.com.vn\/en\/da-thach-anh-2-cm-ve-dep-hoan-hao-cho-khong-gian\/\">\u0111\u00e1 th\u1ea1ch anh<\/a><\/b>, kho\u00e1ng ch\u1ea5t v\u00e0 ph\u1ee5 gia theo t\u1ef7 l\u1ec7 nh\u1ea5t \u0111\u1ecbnh. Nung n\u00f3ng h\u1ed7n h\u1ee3p n\u00e0y \u1edf nhi\u1ec7t \u0111\u1ed9 v\u00e0 \u00e1p su\u1ea5t cao, t\u1ea1o ra c\u1ea5u tr\u00fac \u0111\u1eb7c ch\u1eafc, li\u00ean k\u1ebft ch\u1eb7t ch\u1ebd gi\u1eefa c\u00e1c h\u1ea1t, cho \u0111\u1ed9 c\u1ee9ng v\u00e0 \u0111\u1ed9 b\u1ec1n v\u01b0\u1ee3t tr\u1ed9i so v\u1edbi c\u00e1c lo\u1ea1i \u0111\u00e1 nh\u00e2n t\u1ea1o th\u00f4ng th\u01b0\u1eddng.<\/p>\n<figure id=\"attachment_2606\" aria-describedby=\"caption-attachment-2606\" style=\"width: 588px\" class=\"wp-caption alignnone\"><img decoding=\"async\" class=\"size-full wp-image-2606\" src=\"http:\/\/royalstone.com.vn\/wp-content\/uploads\/2024\/04\/Da-Nung-Ket-Macchia.jpg\" alt=\"\u0110\u00e1 Nung K\u1ebft Macchia\" width=\"588\" height=\"427\" title=\"\" srcset=\"https:\/\/royalstone.com.vn\/wp-content\/uploads\/2024\/04\/Da-Nung-Ket-Macchia.jpg 588w, https:\/\/royalstone.com.vn\/wp-content\/uploads\/2024\/04\/Da-Nung-Ket-Macchia-300x218.jpg 300w, https:\/\/royalstone.com.vn\/wp-content\/uploads\/2024\/04\/Da-Nung-Ket-Macchia-18x12.jpg 18w\" sizes=\"(max-width: 588px) 100vw, 588px\" \/><figcaption id=\"caption-attachment-2606\" class=\"wp-caption-text\"><b><a href=\"https:\/\/royalstone.com.vn\/en\/da-nung-ket-ve-dep-hoan-hao-cho-khong-gian\/\">Stone Sintering<\/a><\/b> Macchia<\/figcaption><\/figure>\n<h2 data-sourcepos=\"7:1-7:54\"><strong>2. \u1ee8ng d\u1ee5ng c\u1ee7a \u0110\u00c1 NUNG K\u1ebeT MACCHIA trong x\u00e2y d\u1ef1ng<\/strong><\/h2>\n<p data-sourcepos=\"9:1-9:107\">V\u1edbi \u0111\u1ed9 d\u00e0y 1.5cm, <a href=\"http:\/\/royalstone.com.vn\/en\/da-nung-ket\/\"><em><strong>\u0110\u00e1 nung k\u1ebft<\/strong><\/em><\/a> Macchia xu\u1ea5t x\u1ee9 \u1ea4n \u0110\u1ed9 \u0111\u01b0\u1ee3c \u1ee9ng d\u1ee5ng r\u1ed9ng r\u00e3i trong c\u00e1c h\u1ea1ng m\u1ee5c thi c\u00f4ng nh\u01b0:<\/p>\n<ul data-sourcepos=\"11:1-21:0\">\n<li data-sourcepos=\"11:1-12:42\"><strong>L\u00e1t n\u1ec1n nh\u00e0: <\/strong>\u0110\u00e1 Macchia s\u1edf h\u1eefu \u0111\u1ed9 c\u1ee9ng cao, ch\u1ecbu l\u1ef1c t\u1ed1t, ch\u1ed1ng tr\u1ea7y x\u01b0\u1edbc, m\u00e0i m\u00f2n, th\u00edch h\u1ee3p cho khu v\u1ef1c c\u00f3 l\u01b0u l\u01b0\u1ee3ng di chuy\u1ec3n cao nh\u01b0 ph\u00f2ng kh\u00e1ch, s\u1ea3nh nh\u00e0, h\u00e0nh lang,&#8230;<\/li>\n<li data-sourcepos=\"11:1-12:42\"><strong>Wall cladding:<\/strong>Gam m\u00e0u tr\u1eafng v\u00e2n m\u00e2y v\u00e0ng tinh t\u1ebf c\u1ee7a \u0110\u00e1 Macchia mang \u0111\u1ebfn v\u1ebb \u0111\u1eb9p sang tr\u1ecdng, hi\u1ec7n \u0111\u1ea1i cho kh\u00f4ng gian n\u1ed9i th\u1ea5t. B\u1ec1 m\u1eb7t \u0111\u00e1 ph\u1eb3ng m\u1ecbn, d\u1ec5 d\u00e0ng v\u1ec7 sinh, t\u1ea1o c\u1ea3m gi\u00e1c r\u1ed9ng r\u00e3i cho c\u0103n ph\u00f2ng.<\/li>\n<li data-sourcepos=\"11:1-12:42\"><strong>M\u1eb7t b\u00e0n b\u1ebfp:<\/strong>\u0110\u00e1 Macchia c\u00f3 kh\u1ea3 n\u0103ng ch\u1ed1ng th\u1ea5m n\u01b0\u1edbc, ch\u1ed1ng nhi\u1ec7t, ch\u1ed1ng \u1ed1 b\u1ea9n, an to\u00e0n cho s\u1ee9c kh\u1ecfe, th\u00edch h\u1ee3p \u0111\u1ec3 ch\u1ebf bi\u1ebfn th\u1ef1c ph\u1ea9m.<\/li>\n<li data-sourcepos=\"11:1-12:42\"><strong>\u1ed0p qu\u1ea7y bar, lavobo:<\/strong>\u0110\u00e1 Macchia mang \u0111\u1ebfn v\u1ebb \u0111\u1eb9p sang tr\u1ecdng, \u0111\u1eb3ng c\u1ea5p cho khu v\u1ef1c qu\u1ea7y bar, lavobo, \u0111\u1ed3ng th\u1eddi d\u1ec5 d\u00e0ng v\u1ec7 sinh sau khi s\u1eed d\u1ee5ng.<\/li>\n<li data-sourcepos=\"11:1-12:42\"><strong>Interior decoration:<\/strong>\u0110\u00e1 Macchia c\u00f3 th\u1ec3 \u0111\u01b0\u1ee3c s\u1eed d\u1ee5ng \u0111\u1ec3 trang tr\u00ed m\u1eb7t ti\u1ec1n nh\u00e0, s\u1ea3nh thang m\u00e1y, c\u1ea7u thang,&#8230; t\u1ea1o \u0111i\u1ec3m nh\u1ea5n \u1ea5n t\u01b0\u1ee3ng cho c\u00f4ng tr\u00ecnh<\/li>\n<\/ul>\n<h2 data-sourcepos=\"22:1-22:46\"><strong>3. \u01afu \u0111i\u1ec3m n\u1ed5i b\u1eadt c\u1ee7a \u0110\u00c1 NUNG K\u1ebeT MACCHIA<\/strong><\/h2>\n<ul data-sourcepos=\"24:1-33:0\">\n<li data-sourcepos=\"24:1-24:151\"><strong>High hardness, good bearing:<\/strong> \u0110\u00e1 Macchia c\u00f3 \u0111\u1ed9 c\u1ee9ng g\u1ea5p 5 l\u1ea7n so v\u1edbi <b><a href=\"https:\/\/royalstone.com.vn\/en\/da-granite-3-cm-la-lua-chon-hoan-hao\/\">Granite<\/a><\/b>, ch\u1ecbu \u0111\u01b0\u1ee3c l\u1ef1c n\u00e9n v\u00e0 va \u0111\u1eadp m\u1ea1nh, \u0111\u1ea3m b\u1ea3o \u0111\u1ed9 b\u1ec1n b\u1ec9 theo th\u1eddi gian.<\/li>\n<li data-sourcepos=\"25:1-25:161\"><strong>Ch\u1ed1ng th\u1ea5m n\u01b0\u1edbc tuy\u1ec7t \u0111\u1ed1i:<\/strong> C\u1ea5u tr\u00fac \u0111\u1eb7c ch\u1eafc c\u1ee7a \u0111\u00e1 Macchia ng\u0103n ch\u1eb7n s\u1ef1 x\u00e2m nh\u1eadp c\u1ee7a n\u01b0\u1edbc, \u0111\u1ea3m b\u1ea3o v\u1ec7 sinh an to\u00e0n th\u1ef1c ph\u1ea9m, ch\u1ed1ng \u1ea9m m\u1ed1c cho c\u00f4ng tr\u00ecnh.<\/li>\n<li data-sourcepos=\"26:1-26:137\"><strong>Ch\u1ed1ng tr\u1ea7y x\u01b0\u1edbc, m\u00e0i m\u00f2n:<\/strong> B\u1ec1 m\u1eb7t \u0111\u00e1 Macchia c\u00f3 \u0111\u1ed9 c\u1ee9ng cao, ch\u1ed1ng tr\u1ea7y x\u01b0\u1edbc do v\u1eadt s\u1eafc nh\u1ecdn, va ch\u1ea1m, \u0111\u1ea3m b\u1ea3o t\u00ednh th\u1ea9m m\u1ef9 l\u00e2u d\u00e0i.<\/li>\n<li data-sourcepos=\"27:1-27:143\"><strong>Ch\u1ed1ng nhi\u1ec7t, ch\u1ed1ng ch\u00e1y:<\/strong> \u0110\u00e1 Macchia ch\u1ecbu \u0111\u01b0\u1ee3c nhi\u1ec7t \u0111\u1ed9 cao, kh\u00f4ng b\u1ecb cong v\u00eanh, n\u1ee9t v\u1ee1 khi ti\u1ebfp x\u00fac v\u1edbi l\u1eeda, an to\u00e0n cho khu v\u1ef1c b\u1ebfp n\u1ea5u.<\/li>\n<li data-sourcepos=\"28:1-28:138\"><strong>Ch\u1ed1ng \u1ed1 b\u1ea9n, d\u1ec5 d\u00e0ng v\u1ec7 sinh:<\/strong> B\u1ec1 m\u1eb7t \u0111\u00e1 Macchia ph\u1eb3ng m\u1ecbn, kh\u00f4ng b\u00e1m b\u1ee5i b\u1ea9n, d\u1ec5 d\u00e0ng lau ch\u00f9i, v\u1ec7 sinh b\u1eb1ng dung d\u1ecbch th\u00f4ng th\u01b0\u1eddng.<\/li>\n<li data-sourcepos=\"29:1-29:146\"><strong>M\u00e0u s\u1eafc v\u00e0 v\u00e2n \u0111\u00e1 \u0111a d\u1ea1ng:<\/strong> \u0110\u00e1 Macchia s\u1edf h\u1eefu gam m\u00e0u tr\u1eafng v\u00e2n m\u00e2y v\u00e0ng tinh t\u1ebf, sang tr\u1ecdng, ph\u00f9 h\u1ee3p v\u1edbi nhi\u1ec1u phong c\u00e1ch thi\u1ebft k\u1ebf n\u1ed9i th\u1ea5t.<\/li>\n<li data-sourcepos=\"30:1-30:108\"><strong>\u0110\u1ed9 b\u1ec1n m\u00e0u cao:<\/strong> M\u00e0u s\u1eafc c\u1ee7a \u0111\u00e1 Macchia kh\u00f4ng b\u1ecb phai m\u00e0u theo th\u1eddi gian, \u0111\u1ea3m b\u1ea3o t\u00ednh th\u1ea9m m\u1ef9 l\u00e2u d\u00e0i.<\/li>\n<li data-sourcepos=\"31:1-31:112\"><strong>Size variety:<\/strong> \u0110\u00e1 Macchia \u0111\u01b0\u1ee3c s\u1ea3n xu\u1ea5t v\u1edbi nhi\u1ec1u k\u00edch th\u01b0\u1edbc kh\u00e1c nhau, \u0111\u00e1p \u1ee9ng m\u1ecdi nhu c\u1ea7u thi c\u00f4ng.<\/li>\n<li data-sourcepos=\"32:1-33:0\"><strong>Reasonable price:<\/strong> So v\u1edbi c\u00e1c lo\u1ea1i \u0111\u00e1 t\u1ef1 nhi\u00ean c\u00f3 c\u00f9ng \u0111\u1ed9 b\u1ec1n v\u00e0 t\u00ednh th\u1ea9m m\u1ef9, \u0110\u00e1 Macchia c\u00f3 gi\u00e1 th\u00e0nh h\u1ee3p l\u00fd h\u01a1n, ph\u00f9 h\u1ee3p v\u1edbi nhi\u1ec1u \u0111\u1ed1i t\u01b0\u1ee3ng kh\u00e1ch h\u00e0ng.<\/li>\n<\/ul>\n<h2 data-sourcepos=\"34:1-34:44\"><strong>4. L\u01b0u \u00fd khi s\u1eed d\u1ee5ng \u0110\u00c1 NUNG K\u1ebeT MACCHIA<\/strong><\/h2>\n<ul data-sourcepos=\"36:1-38:96\">\n<li data-sourcepos=\"36:1-36:115\"><strong>S\u1eed d\u1ee5ng keo d\u00e1n chuy\u00ean d\u1ee5ng:<\/strong> N\u00ean s\u1eed d\u1ee5ng keo d\u00e1n chuy\u00ean d\u1ee5ng cho \u0111\u00e1 nh\u00e2n t\u1ea1o \u0111\u1ec3 \u0111\u1ea3m b\u1ea3o \u0111\u1ed9 b\u00e1m d\u00ednh t\u1ed1t nh\u1ea5t.<\/li>\n<li data-sourcepos=\"37:1-37:126\"><strong>L\u1ea5y ron \u0111\u00e1 \u0111\u1ed3ng m\u00e0u v\u1edbi \u0111\u00e1:<\/strong> Vi\u1ec7c s\u1eed d\u1ee5ng ron \u0111\u00e1 \u0111\u1ed3ng m\u00e0u v\u1edbi \u0111\u00e1 Macchia s\u1ebd t\u1ea1o n\u00ean s\u1ef1 li\u1ec1n m\u1ea1ch, tinh t\u1ebf cho c\u00f4ng tr\u00ecnh.<\/li>\n<li data-sourcepos=\"38:1-38:96\"><strong>Hygiene routine:<\/strong> N\u00ean v\u1ec7 sinh \u0111\u00e1 Macchia \u0111\u1ecbnh k\u1ef3 b\u1eb1ng dung d\u1ecbch lau ch\u00f9i chuy\u00ean d\u1ee5ng \u0111\u1ec3 b\u1ea3o v\u1ec7 b\u1ec1 m\u1eb7t s\u1ea3n ph\u1ea9m<\/li>\n<\/ul>\n<h2 data-sourcepos=\"40:1-40:42\"><strong>\u0110\u1ecba ch\u1ec9 mua \u0111\u00e1 Macchia uy t\u00edn<\/strong><\/h2>\n<p data-sourcepos=\"42:1-42:260\"><em><strong>Royal Stone \u2013 natural Stone premium<\/strong><\/em> l\u00e0 \u0111\u1ecba ch\u1ec9 uy t\u00edn chuy\u00ean cung c\u1ea5p c\u00e1c lo\u1ea1i \u0111\u00e1 t\u1ef1 nhi\u00ean cao c\u1ea5p, bao g\u1ed3m c\u1ea3 \u0111\u00e1 Macchia. V\u1edbi nhi\u1ec1u n\u0103m kinh nghi\u1ec7m trong l\u0129nh v\u1ef1c \u0111\u00e1 \u1ed1p l\u00e1t, ch\u00fang t\u00f4i cam k\u1ebft mang \u0111\u1ebfn cho kh\u00e1ch h\u00e0ng nh\u1eefng s\u1ea3n ph\u1ea9m ch\u1ea5t l\u01b0\u1ee3ng t\u1ed1t nh\u1ea5t v\u1edbi gi\u00e1 c\u1ea3 h\u1ee3p l\u00fd.<\/p>\n<p data-sourcepos=\"46:1-46:199\">\u0111\u00e1 Macchia l\u00e0 lo\u1ea1i \u0111\u00e1 nung k\u1ebft c\u00f3 nhi\u1ec1u \u01b0u \u0111i\u1ec3m v\u01b0\u1ee3t tr\u1ed9i, ph\u00f9 h\u1ee3p v\u1edbi nhi\u1ec1u \u1ee9ng d\u1ee5ng kh\u00e1c nhau. V\u1edbi v\u1ebb \u0111\u1eb9p sang tr\u1ecdng v\u00e0 tinh t\u1ebf. \u0111\u00e1 Macchia mang \u0111\u1ebfn s\u1ef1 ho\u00e0n h\u1ea3o cho m\u1ecdi kh\u00f4ng gian s\u1ed1ng.<\/p>\n<h3><strong>Contact information Royal Stone \u2013 natural Stone premium<\/strong><\/h3>\n<p><strong>COMPANY LIMITED ROYAL STONE<\/strong><\/p>\n<p>\u260e Hotline: 0963 689 531<\/p>\n<p>? Trading office : 283 Tay Mo Ward, Dai Mo ward, Nam tu Liem district, Ha Noi City.<\/p>\n<p>? Factory: the 10 Yen The town, Luc Yen district, Yen Bai province<\/p>\n<p>? Warehouse Ha Noi: Lane 24, Dai Mo, tu Liem, Ha Noi (falling edge 4 Van Phuc, Ha Dong)<\/p>\n<p>? Website:\u00a0<a href=\"https:\/\/royalstone.com.vn\/en\/\">www.royalstone.com.vn<\/a><\/p>\n<h3 class=\"ftwp-heading\"><strong>Connect with Royal Stone<\/strong><\/h3>\n<div class=\"textwidget custom-html-widget\">\n<div class=\"textwidget custom-html-widget\">\n<div><a href=\"https:\/\/www.youtube.com\/@royalstone-datunhiencaocap\" target=\"_blank\" rel=\"noopener nofollow\"><img decoding=\"async\" class=\"entered lazyloaded\" title=\"ROYAL STONE - natural Stone premium\" src=\"http:\/\/royalstone.com.vn\/wp-content\/uploads\/2023\/11\/youtube-royalstone.jpg\" alt=\"ROYAL STONE - natural Stone premium\" width=\"30\" height=\"30\" data-lazy-src=\"http:\/\/royalstone.com.vn\/wp-content\/uploads\/2023\/11\/youtube-royalstone.jpg\" data-ll-status=\"loaded\" data-lazy-=\"\" \/><\/a><a href=\"https:\/\/www.facebook.com\/RoyalstoneDaTuNhienCaoCap\" target=\"_blank\" rel=\"noopener nofollow\"><img decoding=\"async\" class=\"entered lazyloaded\" title=\"ROYAL STONE - natural Stone premium\" src=\"http:\/\/royalstone.com.vn\/wp-content\/uploads\/2023\/11\/facebook-royalstone.jpg\" alt=\"ROYAL STONE - natural Stone premium\" width=\"30\" height=\"30\" data-lazy-src=\"http:\/\/royalstone.com.vn\/wp-content\/uploads\/2023\/11\/facebook-royalstone.jpg\" data-ll-status=\"loaded\" data-lazy-=\"\" \/><\/a><a href=\"https:\/\/twitter.com\/royalstonedatn\" target=\"_blank\" rel=\"noopener nofollow\"><img decoding=\"async\" class=\"entered lazyloaded\" title=\"ROYAL STONE - natural Stone premium\" src=\"http:\/\/royalstone.com.vn\/wp-content\/uploads\/2023\/11\/twitter-royalstone.jpg\" alt=\"ROYAL STONE - natural Stone premium\" width=\"30\" height=\"30\" data-lazy-src=\"http:\/\/royalstone.com.vn\/wp-content\/uploads\/2023\/11\/twitter-royalstone.jpg\" data-ll-status=\"loaded\" data-lazy-=\"\" \/><\/a><a href=\"https:\/\/www.pinterest.com\/royalstonedatunhiencaocap\/\" target=\"_blank\" rel=\"noopener nofollow\"><img decoding=\"async\" class=\"entered lazyloaded\" title=\"ROYAL STONE - natural Stone premium\" src=\"http:\/\/royalstone.com.vn\/wp-content\/uploads\/2023\/11\/printerest-royalstone.jpg\" alt=\"ROYAL STONE - natural Stone premium\" width=\"30\" height=\"30\" data-lazy-src=\"http:\/\/royalstone.com.vn\/wp-content\/uploads\/2023\/11\/printerest-royalstone.jpg\" data-ll-status=\"loaded\" data-lazy-=\"\" \/><\/a><a href=\"https:\/\/www.linkedin.com\/in\/royalstone-datunhien\/\" target=\"_blank\" rel=\"noopener nofollow\"><img decoding=\"async\" class=\"entered lazyloaded\" title=\"ROYAL STONE - natural Stone premium\" src=\"http:\/\/royalstone.com.vn\/wp-content\/uploads\/2023\/11\/linkedin-royalstone.jpg\" alt=\"ROYAL STONE - natural Stone premium\" width=\"30\" height=\"30\" data-lazy-src=\"http:\/\/royalstone.com.vn\/wp-content\/uploads\/2023\/11\/linkedin-royalstone.jpg\" data-ll-status=\"loaded\" data-lazy-=\"\" \/><\/a><\/div>\n<\/div>\n<\/div>","protected":false},"excerpt":{"rendered":"<ul class=\"l pr-des-featured\">\n<li>MSP: RSDNKMA2024<\/li>\n<li>Place of origin: China<\/li>\n<li>M\u00e0u s\u1eafc: Tr\u1eafng \u2013 V\u00e0ng<\/li>\n<li>Lo\u1ea1i: \u0110\u00e1 nung k\u1ebft<\/li>\n<li>Size: small size<\/li>\n<li>\u0110\u1ed9 d\u00e0y: 1.5cm<\/li>\n<\/ul>","protected":false},"featured_media":2606,"comment_status":"closed","ping_status":"closed","template":"","meta":{"inline_featured_image":false},"product_cat":[72],"product_tag":[],"class_list":{"0":"post-2605","1":"product","2":"type-product","3":"status-publish","4":"has-post-thumbnail","6":"product_cat-da-nung-ket","8":"first","9":"instock","10":"shipping-taxable","11":"product-type-simple"},"_links":{"self":[{"href":"https:\/\/royalstone.com.vn\/en\/wp-json\/wp\/v2\/product\/2605","targetHints":{"allow":["GET"]}}],"collection":[{"href":"https:\/\/royalstone.com.vn\/en\/wp-json\/wp\/v2\/product"}],"about":[{"href":"https:\/\/royalstone.com.vn\/en\/wp-json\/wp\/v2\/types\/product"}],"replies":[{"embeddable":true,"href":"https:\/\/royalstone.com.vn\/en\/wp-json\/wp\/v2\/comments?post=2605"}],"wp:featuredmedia":[{"embeddable":true,"href":"https:\/\/royalstone.com.vn\/en\/wp-json\/wp\/v2\/media\/2606"}],"wp:attachment":[{"href":"https:\/\/royalstone.com.vn\/en\/wp-json\/wp\/v2\/media?parent=2605"}],"wp:term":[{"taxonomy":"product_cat","embeddable":true,"href":"https:\/\/royalstone.com.vn\/en\/wp-json\/wp\/v2\/product_cat?post=2605"},{"taxonomy":"product_tag","embeddable":true,"href":"https:\/\/royalstone.com.vn\/en\/wp-json\/wp\/v2\/product_tag?post=2605"}],"curies":[{"name":"wp","href":"https:\/\/api.w.org\/{rel}","templated":true}]}}