{"id":2587,"date":"2024-04-25T09:57:26","date_gmt":"2024-04-25T02:57:26","guid":{"rendered":"http:\/\/royalstone.com.vn\/?post_type=product&#038;p=2587"},"modified":"2024-04-25T09:57:30","modified_gmt":"2024-04-25T02:57:30","slug":"da-nung-ket-carrara-arbescato","status":"publish","type":"product","link":"https:\/\/royalstone.com.vn\/en\/da-nung-ket-carrara-arbescato\/","title":{"rendered":"\u0110\u00c1 NUNG K\u1ebeT CARRARA ARBESCATO"},"content":{"rendered":"<h2 data-sourcepos=\"3:1-3:69\"><strong>1. \u0110\u00c1 NUNG K\u1ebeT CARRARA ARBESCATO &#8211; V\u1ebb \u0110\u1eb9p Tinh T\u1ebf C\u1ee7a Thi\u00ean Nhi\u00ean<\/strong><\/h2>\n<p data-sourcepos=\"5:1-5:327\"><a href=\"http:\/\/royalstone.com.vn\/en\/da-nung-ket-carrara-arbescato\/\"><em><strong>\u0110\u00c1 NUNG K\u1ebeT CARRARA ARBESCATO<\/strong><\/em><\/a>, c\u00f2n \u0111\u01b0\u1ee3c bi\u1ebft \u0111\u1ebfn v\u1edbi t\u00ean g\u1ecdi <b><a href=\"https:\/\/royalstone.com.vn\/en\/da-granite-3-cm-la-lua-chon-hoan-hao\/\">Granite<\/a><\/b> Nung Carrara Arbescato, l\u00e0 d\u00f2ng \u0111\u00e1 \u1ed1p l\u00e1t cao c\u1ea5p \u0111\u01b0\u1ee3c s\u1ea3n xu\u1ea5t b\u1edfi c\u00f4ng ngh\u1ec7 hi\u1ec7n \u0111\u1ea1i c\u1ee7a \u1ea4n \u0110\u1ed9. Lo\u1ea1i \u0111\u00e1 n\u00e0y s\u1edf h\u1eefu v\u1ebb \u0111\u1eb9p tinh t\u1ebf v\u1edbi gam m\u00e0u tr\u1eafng tinh khi\u1ebft \u0111i\u1ec3m xuy\u1ebft nh\u1eefng \u0111\u01b0\u1eddng v\u00e2n x\u00e1m nh\u1eb9 nh\u00e0ng, mang \u0111\u1ebfn s\u1ef1 sang tr\u1ecdng v\u00e0 thanh l\u1ecbch cho m\u1ecdi kh\u00f4ng gian.<\/p>\n<figure id=\"attachment_2588\" aria-describedby=\"caption-attachment-2588\" style=\"width: 591px\" class=\"wp-caption alignnone\"><img decoding=\"async\" class=\"size-full wp-image-2588\" src=\"http:\/\/royalstone.com.vn\/wp-content\/uploads\/2024\/04\/Da-Nung-Ket-Carrara-Arbescato.jpg\" alt=\"\u0110\u00e1 Nung K\u1ebft Carrara Arbescato\" width=\"591\" height=\"425\" title=\"\" srcset=\"https:\/\/royalstone.com.vn\/wp-content\/uploads\/2024\/04\/Da-Nung-Ket-Carrara-Arbescato.jpg 591w, https:\/\/royalstone.com.vn\/wp-content\/uploads\/2024\/04\/Da-Nung-Ket-Carrara-Arbescato-300x216.jpg 300w, https:\/\/royalstone.com.vn\/wp-content\/uploads\/2024\/04\/Da-Nung-Ket-Carrara-Arbescato-18x12.jpg 18w\" sizes=\"(max-width: 591px) 100vw, 591px\" \/><figcaption id=\"caption-attachment-2588\" class=\"wp-caption-text\"><b><a href=\"https:\/\/royalstone.com.vn\/en\/da-nung-ket-ve-dep-hoan-hao-cho-khong-gian\/\">Stone Sintering<\/a><\/b> Carrara Arbescato<\/figcaption><\/figure>\n<h2 data-sourcepos=\"7:1-7:57\"><strong>2. \u1ee8ng D\u1ee5ng \u0110a D\u1ea1ng C\u1ee7a \u0110\u00c1 NUNG K\u1ebeT CARRARA ARBESCATO<\/strong><\/h2>\n<p data-sourcepos=\"9:1-9:163\">Nh\u1edd v\u00e0o t\u00ednh th\u1ea9m m\u1ef9 v\u01b0\u1ee3t tr\u1ed9i c\u00f9ng \u0111\u1ed9 b\u1ec1n b\u1ec9 \u1ea5n t\u01b0\u1ee3ng, \u0110\u00c1 NUNG K\u1ebeT CARRARA ARBESCATO \u0111\u01b0\u1ee3c \u1ee9ng d\u1ee5ng r\u1ed9ng r\u00e3i cho nhi\u1ec1u h\u1ea1ng m\u1ee5c trong c\u00f4ng tr\u00ecnh x\u00e2y d\u1ef1ng, bao g\u1ed3m:<\/p>\n<ul data-sourcepos=\"11:1-16:0\">\n<li data-sourcepos=\"11:1-11:176\"><strong>L\u00e1t n\u1ec1n:<\/strong> <a href=\"http:\/\/royalstone.com.vn\/en\/da-nung-ket\/\"><em><strong>\u0110\u00c1 NUNG K\u1ebeT<\/strong><\/em><\/a> CARRARA ARBESCATO v\u1edbi k\u00edch th\u01b0\u1edbc l\u1edbn 800x3000mm v\u00e0 \u0111\u1ed9 d\u00e0y 1.5cm t\u1ea1o n\u00ean s\u1ef1 li\u1ec1n m\u1ea1ch, sang tr\u1ecdng cho khu v\u1ef1c s\u1ea3nh ch\u00ednh, ph\u00f2ng kh\u00e1ch, khu v\u1ef1c b\u1ebfp,&#8230;<\/li>\n<li data-sourcepos=\"12:1-12:213\"><strong>Wall cladding:<\/strong> Gam m\u00e0u tr\u1eafng tinh khi\u1ebft c\u00f9ng h\u1ecda ti\u1ebft v\u00e2n x\u00e1m tinh t\u1ebf c\u1ee7a \u0110\u00c1 NUNG K\u1ebeT CARRARA ARBESCATO bi\u1ebfn b\u1ee9c t\u01b0\u1eddng tr\u1edf th\u00e0nh \u0111i\u1ec3m nh\u1ea5n thu h\u00fat m\u1ecdi \u00e1nh nh\u00ecn, th\u00edch h\u1ee3p cho ph\u00f2ng kh\u00e1ch, ph\u00f2ng ng\u1ee7, ph\u00f2ng t\u1eafm,&#8230;<\/li>\n<li data-sourcepos=\"13:1-13:169\"><strong>M\u1eb7t ti\u1ec1n:<\/strong> L\u1ef1a ch\u1ecdn \u0110\u00c1 NUNG K\u1ebeT CARRARA ARBESCATO \u0111\u1ec3 \u1ed1p m\u1eb7t ti\u1ec1n s\u1ebd mang \u0111\u1ebfn v\u1ebb \u0111\u1eb9p sang tr\u1ecdng v\u00e0 thanh l\u1ecbch cho ng\u00f4i nh\u00e0, thu h\u00fat s\u1ef1 ch\u00fa \u00fd v\u00e0 t\u1ea1o \u1ea5n t\u01b0\u1ee3ng m\u1ea1nh m\u1ebd.<\/li>\n<li data-sourcepos=\"14:1-14:192\"><strong>C\u1ea7u thang, thang m\u00e1y:<\/strong> \u0110\u1ed9 b\u1ec1n b\u1ec9 v\u00e0 kh\u1ea3 n\u0103ng ch\u1ed1ng tr\u01a1n tr\u01b0\u1ee3t cao c\u1ee7a \u0110\u00c1 NUNG K\u1ebeT CARRARA ARBESCATO \u0111\u1ea3m b\u1ea3o an to\u00e0n cho khu v\u1ef1c di chuy\u1ec3n, \u0111\u1ed3ng th\u1eddi mang l\u1ea1i v\u1ebb \u0111\u1eb9p sang tr\u1ecdng v\u00e0 tinh t\u1ebf.<\/li>\n<li data-sourcepos=\"15:1-16:0\"><strong>B\u1eadc tam c\u1ea5p:<\/strong> Gam m\u00e0u tr\u1eafng tinh khi\u1ebft c\u00f9ng \u0111\u01b0\u1eddng v\u00e2n x\u00e1m n\u1ed5i b\u1eadt c\u1ee7a \u0110\u00c1 NUNG K\u1ebeT CARRARA ARBESCATO t\u1ea1o \u0111i\u1ec3m nh\u1ea5n \u1ea5n t\u01b0\u1ee3ng cho khu v\u1ef1c b\u1eadc tam c\u1ea5p, g\u00f3p ph\u1ea7n n\u00e2ng t\u1ea7m gi\u00e1 tr\u1ecb th\u1ea9m m\u1ef9 cho c\u00f4ng tr\u00ecnh.<\/li>\n<\/ul>\n<h2 data-sourcepos=\"17:1-17:55\"><strong>3. V\u1ebb \u0110\u1eb9p Tinh T\u1ebf C\u1ee7a \u0110\u00c1 NUNG K\u1ebeT CARRARA ARBESCATO<\/strong><\/h2>\n<p data-sourcepos=\"19:1-19:129\">S\u1edf h\u1eefu nh\u1eefng \u01b0u \u0111i\u1ec3m v\u01b0\u1ee3t tr\u1ed9i so v\u1edbi c\u00e1c lo\u1ea1i g\u1ea1ch \u1ed1p l\u00e1t th\u00f4ng th\u01b0\u1eddng, \u0110\u00c1 NUNG K\u1ebeT CARRARA ARBESCATO chinh ph\u1ee5c kh\u00e1ch h\u00e0ng b\u1edfi:<\/p>\n<ul data-sourcepos=\"21:1-26:0\">\n<li data-sourcepos=\"21:1-21:152\"><strong>Th\u1ea9m m\u1ef9 tinh t\u1ebf:<\/strong> Gam m\u00e0u tr\u1eafng tinh khi\u1ebft c\u00f9ng h\u1ecda ti\u1ebft v\u00e2n x\u00e1m tinh t\u1ebf mang \u0111\u1ebfn v\u1ebb \u0111\u1eb9p sang tr\u1ecdng, thanh l\u1ecbch v\u00e0 \u0111\u1ea7y \u1ea5n t\u01b0\u1ee3ng cho m\u1ecdi kh\u00f4ng gian.<\/li>\n<li data-sourcepos=\"22:1-22:200\"><strong>\u0110\u1ed9 b\u1ec1n b\u1ec9 cao:<\/strong> \u0110\u01b0\u1ee3c s\u1ea3n xu\u1ea5t b\u1eb1ng c\u00f4ng ngh\u1ec7 nung k\u1ebft hi\u1ec7n \u0111\u1ea1i, \u0110\u00c1 NUNG K\u1ebeT CARRARA ARBESCATO c\u00f3 \u0111\u1ed9 c\u1ee9ng cao, ch\u1ecbu l\u1ef1c t\u1ed1t, ch\u1ed1ng tr\u1ea7y x\u01b0\u1edbc, m\u00e0i m\u00f2n, kh\u00f4ng b\u1ecb cong v\u00eanh hay n\u1ee9t n\u1ebb theo th\u1eddi gian.<\/li>\n<li data-sourcepos=\"23:1-23:265\"><strong>Kh\u1ea3 n\u0103ng ch\u1ed1ng th\u1ea5m tuy\u1ec7t v\u1eddi:<\/strong> s\u1ea3n ph\u1ea9m c\u00f3 kh\u1ea3 n\u0103ng ch\u1ed1ng th\u1ea5m g\u1ea7n nh\u01b0 tuy\u1ec7t \u0111\u1ed1i, gi\u00fap b\u1ea3o v\u1ec7 khu v\u1ef1c thi c\u00f4ng kh\u1ecfi t\u00ecnh tr\u1ea1ng \u1ea9m \u01b0\u1edbt, n\u1ea5m m\u1ed1c, \u0111\u1eb7c bi\u1ec7t th\u00edch h\u1ee3p cho nh\u1eefng khu v\u1ef1c th\u01b0\u1eddng xuy\u00ean ti\u1ebfp x\u00fac v\u1edbi n\u01b0\u1edbc nh\u01b0 ph\u00f2ng t\u1eafm, nh\u00e0 b\u1ebfp,&#8230;<\/li>\n<li data-sourcepos=\"24:1-24:183\"><strong>Easy cleaning:<\/strong> B\u1ec1 m\u1eb7t men b\u00f3ng cao c\u1ea5p c\u1ee7a s\u1ea3n ph\u1ea9m h\u1ea1n ch\u1ebf b\u00e1m b\u1ee5i b\u1ea9n, d\u1ec5 d\u00e0ng lau ch\u00f9i, v\u1ec7 sinh, gi\u00fap ti\u1ebft ki\u1ec7m th\u1eddi gian v\u00e0 c\u00f4ng s\u1ee9c cho vi\u1ec7c d\u1ecdn d\u1eb9p.<\/li>\n<li data-sourcepos=\"25:1-26:0\"><strong>An to\u00e0n cho s\u1ee9c kh\u1ecfe:<\/strong> \u0110\u01b0\u1ee3c s\u1ea3n xu\u1ea5t t\u1eeb nguy\u00ean li\u1ec7u an to\u00e0n, kh\u00f4ng ch\u1ee9a h\u00f3a ch\u1ea5t \u0111\u1ed9c h\u1ea1i, s\u1ea3n ph\u1ea9m\u00a0\u0111\u1ea3m b\u1ea3o an to\u00e0n cho s\u1ee9c kh\u1ecfe ng\u01b0\u1eddi s\u1eed d\u1ee5ng v\u00e0 m\u00f4i tr\u01b0\u1eddng.<\/li>\n<\/ul>\n<h2 data-sourcepos=\"27:1-27:54\"><strong>4. L\u01b0u \u00dd Khi S\u1eed d\u1ee5ng \u0110\u00c1 NUNG K\u1ebeT CARRARA ARBESCATO<\/strong><\/h2>\n<p data-sourcepos=\"29:1-29:110\">\u0110\u1ec3 \u0111\u1ea3m b\u1ea3o hi\u1ec7u qu\u1ea3 s\u1eed d\u1ee5ng v\u00e0 \u0111\u1ed9 b\u1ec1n \u0111\u1eb9p t\u1ed1i \u01b0u cho \u0110\u00c1 NUNG K\u1ebeT CARRARA ARBESCATO, c\u1ea7n l\u01b0u \u00fd m\u1ed9t s\u1ed1 \u0111i\u1ec3m sau:<\/p>\n<ul data-sourcepos=\"31:1-33:64\">\n<li data-sourcepos=\"31:1-31:176\"><strong>L\u1ef1a ch\u1ecdn nh\u00e0 cung c\u1ea5p uy t\u00edn:<\/strong> N\u00ean ch\u1ecdn mua s\u1ea3n ph\u1ea9m t\u1ea1i c\u00e1c \u0111\u1ea1i l\u00fd, nh\u00e0 ph\u00e2n ph\u1ed1i uy t\u00edn \u0111\u1ec3 \u0111\u1ea3m b\u1ea3o ch\u1ea5t l\u01b0\u1ee3ng s\u1ea3n ph\u1ea9m v\u00e0 d\u1ecbch v\u1ee5 b\u1ea3o h\u00e0nh t\u1ed1t nh\u1ea5t.<\/li>\n<li data-sourcepos=\"32:1-32:189\"><strong>Thi c\u00f4ng chuy\u00ean nghi\u1ec7p:<\/strong> Vi\u1ec7c thi c\u00f4ng s\u1ea3n ph\u1ea9m c\u1ea7n \u0111\u01b0\u1ee3c th\u1ef1c hi\u1ec7n b\u1edfi \u0111\u1ed9i ng\u0169 th\u1ee3 thi c\u00f4ng c\u00f3 tay ngh\u1ec1 cao, \u0111\u1ea3m b\u1ea3o \u0111\u1ed9 b\u00e1m d\u00ednh t\u1ed1t v\u00e0 th\u1ea9m m\u1ef9 cao cho c\u00f4ng tr\u00ecnh.<\/li>\n<\/ul>\n<h2 data-sourcepos=\"9:1-9:65\"><strong>5. G\u1ee3i \u00dd Ph\u1ed1i C\u1ea3nh N\u1ed9i Th\u1ea5t V\u1edbi \u0110\u00e1 Nung K\u1ebft Carrara Arbescato<\/strong><\/h2>\n<p data-sourcepos=\"11:1-11:173\">V\u1edbi v\u1ebb \u0111\u1eb9p tinh t\u1ebf v\u00e0 thanh l\u1ecbch, \u0110\u00c1 NUNG K\u1ebeT CARRARA ARBESCATO ph\u00f9 h\u1ee3p v\u1edbi nhi\u1ec1u phong c\u00e1ch n\u1ed9i th\u1ea5t kh\u00e1c nhau. D\u01b0\u1edbi \u0111\u00e2y l\u00e0 m\u1ed9t s\u1ed1 g\u1ee3i \u00fd ph\u1ed1i c\u1ea3nh n\u1ed9i th\u1ea5t v\u1edbi lo\u1ea1i \u0111\u00e1 n\u00e0y:<\/p>\n<ul data-sourcepos=\"13:1-16:0\">\n<li data-sourcepos=\"13:1-13:142\"><strong>Phong c\u00e1ch hi\u1ec7n \u0111\u1ea1i:<\/strong> K\u1ebft h\u1ee3p \u0110\u00c1 NUNG K\u1ebeT CARRARA ARBESCATO v\u1edbi c\u00e1c gam m\u00e0u tr\u1eafng, \u0111en, x\u00e1m \u0111\u1ec3 t\u1ea1o n\u00ean kh\u00f4ng gian hi\u1ec7n \u0111\u1ea1i v\u00e0 sang tr\u1ecdng.<\/li>\n<li data-sourcepos=\"14:1-14:144\"><strong>Phong c\u00e1ch c\u1ed5 \u0111i\u1ec3n:<\/strong> S\u1eed d\u1ee5ng \u0110\u00c1 NUNG K\u1ebeT CARRARA ARBESCATO l\u00e0m \u0111i\u1ec3m nh\u1ea5n cho c\u00e1c chi ti\u1ebft n\u1ed9i th\u1ea5t c\u1ed5 \u0111i\u1ec3n nh\u01b0 l\u00f2 s\u01b0\u1edfi, <b><a href=\"https:\/\/royalstone.com.vn\/en\/ban-an-net-dep-sang-trong-cho-khong-gian-bep\/\">b\u00e0n \u0103n<\/a><\/b>, k\u1ec7 tivi,&#8230;<\/li>\n<li data-sourcepos=\"15:1-16:0\"><strong>Phong c\u00e1ch t\u1ed1i gi\u1ea3n:<\/strong> Ph\u1ed1i h\u1ee3p \u0110\u00c1 NUNG K\u1ebeT CARRARA ARBESCATO v\u1edbi c\u00e1c gam m\u00e0u trung t\u00ednh v\u00e0 n\u1ed9i th\u1ea5t \u0111\u01a1n gi\u1ea3n \u0111\u1ec3 t\u1ea1o n\u00ean kh\u00f4ng gian thanh l\u1ecbch v\u00e0 nh\u1eb9 nh\u00e0ng.<\/li>\n<\/ul>\n<h2 data-sourcepos=\"40:1-40:42\"><strong>\u0110\u1ecba ch\u1ec9 mua \u0110\u00e1 Nung K\u1ebft Portoro Flame uy t\u00edn<\/strong><\/h2>\n<p data-sourcepos=\"42:1-42:260\"><em><strong>Royal Stone \u2013 natural Stone premium<\/strong><\/em> l\u00e0 \u0111\u1ecba ch\u1ec9 uy t\u00edn chuy\u00ean cung c\u1ea5p c\u00e1c lo\u1ea1i \u0111\u00e1 t\u1ef1 nhi\u00ean cao c\u1ea5p, bao g\u1ed3m c\u1ea3 \u0110\u00c1 NUNG K\u1ebeT CARRARA ARBESCATO. V\u1edbi nhi\u1ec1u n\u0103m kinh nghi\u1ec7m trong l\u0129nh v\u1ef1c \u0111\u00e1 \u1ed1p l\u00e1t, ch\u00fang t\u00f4i cam k\u1ebft mang \u0111\u1ebfn cho kh\u00e1ch h\u00e0ng nh\u1eefng s\u1ea3n ph\u1ea9m ch\u1ea5t l\u01b0\u1ee3ng t\u1ed1t nh\u1ea5t v\u1edbi gi\u00e1 c\u1ea3 h\u1ee3p l\u00fd.<\/p>\n<p data-sourcepos=\"46:1-46:199\">\u0110\u00c1 NUNG K\u1ebeT CARRARA ARBESCATO l\u00e0 lo\u1ea1i \u0111\u00e1 nung k\u1ebft c\u00f3 nhi\u1ec1u \u01b0u \u0111i\u1ec3m v\u01b0\u1ee3t tr\u1ed9i, ph\u00f9 h\u1ee3p v\u1edbi nhi\u1ec1u \u1ee9ng d\u1ee5ng kh\u00e1c nhau. V\u1edbi v\u1ebb \u0111\u1eb9p sang tr\u1ecdng v\u00e0 tinh t\u1ebf. \u0110\u00c1 NUNG K\u1ebeT CARRARA ARBESCATO \u0111\u1ebfn s\u1ef1 ho\u00e0n h\u1ea3o cho m\u1ecdi kh\u00f4ng gian s\u1ed1ng.<\/p>\n<h3><strong>Contact information Royal Stone \u2013 natural Stone premium<\/strong><\/h3>\n<p><strong>COMPANY LIMITED ROYAL STONE<\/strong><\/p>\n<p>\u260e Hotline: 0963 689 531<\/p>\n<p>? Trading office : 283 Tay Mo Ward, Dai Mo ward, Nam tu Liem district, Ha Noi City.<\/p>\n<p>? Factory: the 10 Yen The town, Luc Yen district, Yen Bai province<\/p>\n<p>? Warehouse Ha Noi: Lane 24, Dai Mo, tu Liem, Ha Noi (falling edge 4 Van Phuc, Ha Dong)<\/p>\n<p>? Website:\u00a0<a href=\"https:\/\/royalstone.com.vn\/en\/\">www.royalstone.com.vn<\/a><\/p>\n<h3 class=\"ftwp-heading\"><strong>Connect with Royal Stone<\/strong><\/h3>\n<div class=\"textwidget custom-html-widget\">\n<div class=\"textwidget custom-html-widget\">\n<div><a href=\"https:\/\/www.youtube.com\/@royalstone-datunhiencaocap\" target=\"_blank\" rel=\"noopener nofollow\"><img decoding=\"async\" class=\"entered lazyloaded\" title=\"ROYAL STONE - natural Stone premium\" src=\"http:\/\/royalstone.com.vn\/wp-content\/uploads\/2023\/11\/youtube-royalstone.jpg\" alt=\"ROYAL STONE - natural Stone premium\" width=\"30\" height=\"30\" data-lazy-src=\"http:\/\/royalstone.com.vn\/wp-content\/uploads\/2023\/11\/youtube-royalstone.jpg\" data-ll-status=\"loaded\" data-lazy-=\"\" \/><\/a><a href=\"https:\/\/www.facebook.com\/RoyalstoneDaTuNhienCaoCap\" target=\"_blank\" rel=\"noopener nofollow\"><img decoding=\"async\" class=\"entered lazyloaded\" title=\"ROYAL STONE - natural Stone premium\" src=\"http:\/\/royalstone.com.vn\/wp-content\/uploads\/2023\/11\/facebook-royalstone.jpg\" alt=\"ROYAL STONE - natural Stone premium\" width=\"30\" height=\"30\" data-lazy-src=\"http:\/\/royalstone.com.vn\/wp-content\/uploads\/2023\/11\/facebook-royalstone.jpg\" data-ll-status=\"loaded\" data-lazy-=\"\" \/><\/a><a href=\"https:\/\/twitter.com\/royalstonedatn\" target=\"_blank\" rel=\"noopener nofollow\"><img decoding=\"async\" class=\"entered lazyloaded\" title=\"ROYAL STONE - natural Stone premium\" src=\"http:\/\/royalstone.com.vn\/wp-content\/uploads\/2023\/11\/twitter-royalstone.jpg\" alt=\"ROYAL STONE - natural Stone premium\" width=\"30\" height=\"30\" data-lazy-src=\"http:\/\/royalstone.com.vn\/wp-content\/uploads\/2023\/11\/twitter-royalstone.jpg\" data-ll-status=\"loaded\" data-lazy-=\"\" \/><\/a><a href=\"https:\/\/www.pinterest.com\/royalstonedatunhiencaocap\/\" target=\"_blank\" rel=\"noopener nofollow\"><img decoding=\"async\" class=\"entered lazyloaded\" title=\"ROYAL STONE - natural Stone premium\" src=\"http:\/\/royalstone.com.vn\/wp-content\/uploads\/2023\/11\/printerest-royalstone.jpg\" alt=\"ROYAL STONE - natural Stone premium\" width=\"30\" height=\"30\" data-lazy-src=\"http:\/\/royalstone.com.vn\/wp-content\/uploads\/2023\/11\/printerest-royalstone.jpg\" data-ll-status=\"loaded\" data-lazy-=\"\" \/><\/a><a href=\"https:\/\/www.linkedin.com\/in\/royalstone-datunhien\/\" target=\"_blank\" rel=\"noopener nofollow\"><img decoding=\"async\" class=\"entered lazyloaded\" title=\"ROYAL STONE - natural Stone premium\" src=\"http:\/\/royalstone.com.vn\/wp-content\/uploads\/2023\/11\/linkedin-royalstone.jpg\" alt=\"ROYAL STONE - natural Stone premium\" width=\"30\" height=\"30\" data-lazy-src=\"http:\/\/royalstone.com.vn\/wp-content\/uploads\/2023\/11\/linkedin-royalstone.jpg\" data-ll-status=\"loaded\" data-lazy-=\"\" \/><\/a><\/div>\n<\/div>\n<\/div>","protected":false},"excerpt":{"rendered":"<ul class=\"l pr-des-featured\">\n<li>MSP: RSDNKC2024<\/li>\n<li>Place of origin: India<\/li>\n<li>Color: White<\/li>\n<li>Lo\u1ea1i: \u0110\u00e1 nung k\u1ebft<\/li>\n<li>Size: small size<\/li>\n<li>\u0110\u1ed9 d\u00e0y: 1.5cm<\/li>\n<\/ul>","protected":false},"featured_media":2588,"comment_status":"closed","ping_status":"closed","template":"","meta":{"inline_featured_image":false},"product_cat":[72],"product_tag":[],"class_list":{"0":"post-2587","1":"product","2":"type-product","3":"status-publish","4":"has-post-thumbnail","6":"product_cat-da-nung-ket","8":"first","9":"instock","10":"shipping-taxable","11":"product-type-simple"},"_links":{"self":[{"href":"https:\/\/royalstone.com.vn\/en\/wp-json\/wp\/v2\/product\/2587","targetHints":{"allow":["GET"]}}],"collection":[{"href":"https:\/\/royalstone.com.vn\/en\/wp-json\/wp\/v2\/product"}],"about":[{"href":"https:\/\/royalstone.com.vn\/en\/wp-json\/wp\/v2\/types\/product"}],"replies":[{"embeddable":true,"href":"https:\/\/royalstone.com.vn\/en\/wp-json\/wp\/v2\/comments?post=2587"}],"wp:featuredmedia":[{"embeddable":true,"href":"https:\/\/royalstone.com.vn\/en\/wp-json\/wp\/v2\/media\/2588"}],"wp:attachment":[{"href":"https:\/\/royalstone.com.vn\/en\/wp-json\/wp\/v2\/media?parent=2587"}],"wp:term":[{"taxonomy":"product_cat","embeddable":true,"href":"https:\/\/royalstone.com.vn\/en\/wp-json\/wp\/v2\/product_cat?post=2587"},{"taxonomy":"product_tag","embeddable":true,"href":"https:\/\/royalstone.com.vn\/en\/wp-json\/wp\/v2\/product_tag?post=2587"}],"curies":[{"name":"wp","href":"https:\/\/api.w.org\/{rel}","templated":true}]}}