{"id":2576,"date":"2024-04-25T09:09:23","date_gmt":"2024-04-25T02:09:23","guid":{"rendered":"http:\/\/royalstone.com.vn\/?post_type=product&#038;p=2576"},"modified":"2024-04-25T09:36:48","modified_gmt":"2024-04-25T02:36:48","slug":"da-nung-ket-ambrato-nero","status":"publish","type":"product","link":"https:\/\/royalstone.com.vn\/en\/da-nung-ket-ambrato-nero\/","title":{"rendered":"\u0110\u00c1 NUNG K\u1ebeT AMBRATO NERO"},"content":{"rendered":"<div class=\"response-container ng-tns-c2864072552-6005 ng-star-inserted response-container-has-multiple-responses\">\n<div class=\"presented-response-container ng-tns-c2864072552-6005\">\n<div class=\"response-container-content ng-tns-c2864072552-6005 tunable-selection-with-avatar\">\n<div class=\"response-content ng-tns-c2864072552-6005\">\n<div class=\"markdown markdown-main-panel\" dir=\"ltr\">\n<h2 data-sourcepos=\"3:1-3:38\"><strong>1. \u0110\u00c1 NUNG K\u1ebeT AMBRATO NERO L\u00e0 G\u00ec?<\/strong><\/h2>\n<p data-sourcepos=\"5:1-5:317\"><a href=\"http:\/\/royalstone.com.vn\/en\/da-nung-ket-ambrato-nero\/\"><em><strong>\u0110\u00e1 nung k\u1ebft Ambrato Nero<\/strong><\/em><\/a>, c\u00f2n \u0111\u01b0\u1ee3c g\u1ecdi l\u00e0 <b><a href=\"https:\/\/royalstone.com.vn\/en\/da-nung-ket-ve-dep-hoan-hao-cho-khong-gian\/\">\u0111\u00e1 nung k\u1ebft<\/a><\/b> \u0111en Ambrato Nero, l\u00e0 \u0111\u00e1 nung k\u1ebft cao c\u1ea5p \u0111\u01b0\u1ee3c s\u1ea3n xu\u1ea5t b\u1edfi c\u00f4ng ngh\u1ec7 hi\u1ec7n \u0111\u1ea1i c\u1ee7a Trung Qu\u1ed1c. Lo\u1ea1i \u0111\u00e1 n\u00e0y s\u1edf h\u1eefu k\u00edch th\u01b0\u1edbc kh\u1ed5 l\u1edbn c\u00f9ng gam m\u00e0u \u0111en huy\u1ec1n b\u00ed, \u0111i\u1ec3m xuy\u1ebft nh\u1eefng \u0111\u01b0\u1eddng v\u00e2n v\u00e0ng sang tr\u1ecdng, mang \u0111\u1ebfn v\u1ebb \u0111\u1eb9p \u0111\u1eb3ng c\u1ea5p v\u00e0 tinh t\u1ebf cho m\u1ecdi c\u00f4ng tr\u00ecnh.<\/p>\n<figure id=\"attachment_2580\" aria-describedby=\"caption-attachment-2580\" style=\"width: 586px\" class=\"wp-caption alignnone\"><img decoding=\"async\" class=\"wp-image-2580 size-full\" src=\"http:\/\/royalstone.com.vn\/wp-content\/uploads\/2024\/04\/Da-Nung-Ket-Ambrato-Nero-1.jpg\" alt=\"\u0110\u00e1 Nung K\u1ebft Ambrato Nero 1\" width=\"586\" height=\"423\" title=\"\" srcset=\"https:\/\/royalstone.com.vn\/wp-content\/uploads\/2024\/04\/Da-Nung-Ket-Ambrato-Nero-1.jpg 586w, https:\/\/royalstone.com.vn\/wp-content\/uploads\/2024\/04\/Da-Nung-Ket-Ambrato-Nero-1-300x217.jpg 300w, https:\/\/royalstone.com.vn\/wp-content\/uploads\/2024\/04\/Da-Nung-Ket-Ambrato-Nero-1-18x12.jpg 18w\" sizes=\"(max-width: 586px) 100vw, 586px\" \/><figcaption id=\"caption-attachment-2580\" class=\"wp-caption-text\">\u0110\u00e1 Nung K\u1ebft Ambrato Nero 1<\/figcaption><\/figure>\n<h2 data-sourcepos=\"7:1-7:52\"><strong>2. \u1ee8ng D\u1ee5ng \u0110a D\u1ea1ng C\u1ee7a \u0110\u00c1 NUNG K\u1ebeT AMBRATO NERO<\/strong><\/h2>\n<p data-sourcepos=\"9:1-9:158\">Nh\u1edd v\u00e0o t\u00ednh th\u1ea9m m\u1ef9 v\u01b0\u1ee3t tr\u1ed9i c\u00f9ng \u0111\u1ed9 b\u1ec1n b\u1ec9 \u1ea5n t\u01b0\u1ee3ng, s\u1ea3n ph\u1ea9m \u0111\u01b0\u1ee3c \u1ee9ng d\u1ee5ng r\u1ed9ng r\u00e3i cho nhi\u1ec1u h\u1ea1ng m\u1ee5c trong c\u00f4ng tr\u00ecnh x\u00e2y d\u1ef1ng, bao g\u1ed3m:<\/p>\n<ul data-sourcepos=\"11:1-16:0\">\n<li data-sourcepos=\"11:1-11:170\"><strong>L\u00e1t n\u1ec1n:<\/strong> <a href=\"http:\/\/royalstone.com.vn\/en\/da-nung-ket\/\"><strong>\u0110\u00c1 NUNG K\u1ebeT<\/strong><\/a> AMBRATO NERO v\u1edbi k\u00edch th\u01b0\u1edbc l\u1edbn 800x3000mm v\u00e0 \u0111\u1ed9 d\u00e0y 15mm t\u1ea1o n\u00ean s\u1ef1 li\u1ec1n m\u1ea1ch, sang tr\u1ecdng cho khu v\u1ef1c s\u1ea3nh ch\u00ednh, ph\u00f2ng kh\u00e1ch, khu v\u1ef1c b\u1ebfp,&#8230;<\/li>\n<li data-sourcepos=\"12:1-12:201\"><strong>Wall cladding:<\/strong> Gam m\u00e0u \u0111en huy\u1ec1n b\u00ed c\u00f9ng h\u1ecda ti\u1ebft v\u00e0ng tinh t\u1ebf c\u1ee7a s\u1ea3n ph\u1ea9m bi\u1ebfn b\u1ee9c t\u01b0\u1eddng tr\u1edf th\u00e0nh \u0111i\u1ec3m nh\u1ea5n thu h\u00fat m\u1ecdi \u00e1nh nh\u00ecn, th\u00edch h\u1ee3p cho ph\u00f2ng kh\u00e1ch, ph\u00f2ng ng\u1ee7, ph\u00f2ng t\u1eafm,&#8230;<\/li>\n<li data-sourcepos=\"13:1-13:163\"><strong>M\u1eb7t ti\u1ec1n:<\/strong> L\u1ef1a ch\u1ecdn \u0110\u00c1 NUNG K\u1ebeT AMBRATO NERO \u0111\u1ec3 \u1ed1p m\u1eb7t ti\u1ec1n s\u1ebd mang \u0111\u1ebfn v\u1ebb \u0111\u1eb9p \u0111\u1eb3ng c\u1ea5p v\u00e0 th\u1eddi th\u01b0\u1ee3ng cho ng\u00f4i nh\u00e0, thu h\u00fat s\u1ef1 ch\u00fa \u00fd v\u00e0 t\u1ea1o \u1ea5n t\u01b0\u1ee3ng m\u1ea1nh m\u1ebd.<\/li>\n<li data-sourcepos=\"14:1-14:187\"><strong>C\u1ea7u thang, thang m\u00e1y:<\/strong> \u0110\u1ed9 b\u1ec1n b\u1ec9 v\u00e0 kh\u1ea3 n\u0103ng ch\u1ed1ng tr\u01a1n tr\u01b0\u1ee3t cao c\u1ee7a \u0110\u00c1 NUNG K\u1ebeT AMBRATO NERO \u0111\u1ea3m b\u1ea3o an to\u00e0n cho khu v\u1ef1c di chuy\u1ec3n, \u0111\u1ed3ng th\u1eddi mang l\u1ea1i v\u1ebb \u0111\u1eb9p sang tr\u1ecdng v\u00e0 tinh t\u1ebf.<\/li>\n<li data-sourcepos=\"15:1-16:0\"><strong>B\u1eadc tam c\u1ea5p:<\/strong> Gam m\u00e0u \u0111en huy\u1ec1n b\u00ed c\u00f9ng \u0111\u01b0\u1eddng v\u00e2n v\u00e0ng n\u1ed5i b\u1eadt c\u1ee7a \u0110\u00c1 NUNG K\u1ebeT AMBRATO NERO t\u1ea1o \u0111i\u1ec3m nh\u1ea5n \u1ea5n t\u01b0\u1ee3ng cho khu v\u1ef1c b\u1eadc tam c\u1ea5p, g\u00f3p ph\u1ea7n n\u00e2ng t\u1ea7m gi\u00e1 tr\u1ecb th\u1ea9m m\u1ef9 cho c\u00f4ng tr\u00ecnh.<\/li>\n<\/ul>\n<h2 data-sourcepos=\"17:1-17:51\"><strong>3. \u01afu \u0110i\u1ec3m N\u1ed5i B\u1eadt C\u1ee7a \u0110\u00c1 NUNG K\u1ebeT AMBRATO NERO<\/strong><\/h2>\n<p data-sourcepos=\"19:1-19:124\">S\u1edf h\u1eefu nh\u1eefng \u01b0u \u0111i\u1ec3m v\u01b0\u1ee3t tr\u1ed9i so v\u1edbi c\u00e1c lo\u1ea1i g\u1ea1ch \u1ed1p l\u00e1t th\u00f4ng th\u01b0\u1eddng, \u0110\u00c1 NUNG K\u1ebeT AMBRATO NERO chinh ph\u1ee5c kh\u00e1ch h\u00e0ng b\u1edfi:<\/p>\n<ul data-sourcepos=\"21:1-27:0\">\n<li data-sourcepos=\"21:1-21:191\"><strong>\u0110\u1ed9 b\u1ec1n b\u1ec9:<\/strong> \u0110\u01b0\u1ee3c s\u1ea3n xu\u1ea5t b\u1eb1ng c\u00f4ng ngh\u1ec7 nung k\u1ebft hi\u1ec7n \u0111\u1ea1i, \u0110\u00c1 NUNG K\u1ebeT AMBRATO NERO c\u00f3 \u0111\u1ed9 c\u1ee9ng cao, ch\u1ecbu l\u1ef1c t\u1ed1t, ch\u1ed1ng tr\u1ea7y x\u01b0\u1edbc, m\u00e0i m\u00f2n, kh\u00f4ng b\u1ecb cong v\u00eanh hay n\u1ee9t n\u1ebb theo th\u1eddi gian.<\/li>\n<li data-sourcepos=\"22:1-22:175\"><strong>Ch\u1ed1ng th\u1ea5m n\u01b0\u1edbc:<\/strong> Kh\u1ea3 n\u0103ng ch\u1ed1ng th\u1ea5m g\u1ea7n nh\u01b0 tuy\u1ec7t \u0111\u1ed1i gi\u00fap \u0110\u00c1 NUNG K\u1ebeT AMBRATO NERO lu\u00f4n kh\u00f4 r\u00e1o, s\u1ea1ch s\u1ebd, th\u00edch h\u1ee3p cho nh\u1eefng khu v\u1ef1c \u1ea9m \u01b0\u1edbt nh\u01b0 ph\u00f2ng t\u1eafm, nh\u00e0 b\u1ebfp,&#8230;<\/li>\n<li data-sourcepos=\"23:1-23:176\"><strong>Ch\u1ed1ng b\u00e1m b\u1ea9n:<\/strong> B\u1ec1 m\u1eb7t men b\u00f3ng cao c\u1ea5p c\u1ee7a \u0110\u00c1 NUNG K\u1ebeT AMBRATO NERO h\u1ea1n ch\u1ebf b\u00e1m b\u1ee5i b\u1ea9n, d\u1ec5 d\u00e0ng lau ch\u00f9i, v\u1ec7 sinh, gi\u00fap ti\u1ebft ki\u1ec7m th\u1eddi gian v\u00e0 c\u00f4ng s\u1ee9c cho vi\u1ec7c d\u1ecdn d\u1eb9p.<\/li>\n<li data-sourcepos=\"24:1-24:170\"><strong>Ch\u1ecbu nhi\u1ec7t t\u1ed1t:<\/strong> \u0110\u00c1 NUNG K\u1ebeT AMBRATO NERO c\u00f3 kh\u1ea3 n\u0103ng ch\u1ecbu nhi\u1ec7t cao, kh\u00f4ng b\u1ecb bi\u1ebfn d\u1ea1ng hay n\u1ee9t n\u1ebb do t\u00e1c \u0111\u1ed9ng c\u1ee7a nhi\u1ec7t \u0111\u1ed9, th\u00edch h\u1ee3p cho khu v\u1ef1c b\u1ebfp, l\u00f2 n\u01b0\u1edbng,&#8230;<\/li>\n<li data-sourcepos=\"25:1-25:177\"><strong>An to\u00e0n cho s\u1ee9c kh\u1ecfe:<\/strong> \u0110\u01b0\u1ee3c s\u1ea3n xu\u1ea5t t\u1eeb nguy\u00ean li\u1ec7u an to\u00e0n, kh\u00f4ng ch\u1ee9a h\u00f3a ch\u1ea5t \u0111\u1ed9c h\u1ea1i, \u0110\u00c1 NUNG K\u1ebeT AMBRATO NERO \u0111\u1ea3m b\u1ea3o an to\u00e0n cho s\u1ee9c kh\u1ecfe ng\u01b0\u1eddi s\u1eed d\u1ee5ng v\u00e0 m\u00f4i tr\u01b0\u1eddng.<\/li>\n<li data-sourcepos=\"26:1-27:0\"><strong>Th\u1ea9m m\u1ef9 cao:<\/strong> Gam m\u00e0u \u0111en huy\u1ec1n b\u00ed c\u00f9ng h\u1ecda ti\u1ebft v\u00e0ng sang tr\u1ecdng t\u1ea1o n\u00ean v\u1ebb \u0111\u1eb9p \u0111\u1eb3ng c\u1ea5p, tinh t\u1ebf cho m\u1ecdi kh\u00f4ng gian, g\u00f3p ph\u1ea7n n\u00e2ng t\u1ea7m gi\u00e1 tr\u1ecb th\u1ea9m m\u1ef9 cho c\u00f4ng tr\u00ecnh.<\/li>\n<\/ul>\n<h2 data-sourcepos=\"28:1-28:49\"><strong>4. L\u01b0u \u00dd Khi S\u1eed d\u1ee5ng \u0110\u00c1 NUNG K\u1ebeT AMBRATO NERO<\/strong><\/h2>\n<p data-sourcepos=\"30:1-30:105\">\u0110\u1ec3 \u0111\u1ea3m b\u1ea3o hi\u1ec7u qu\u1ea3 s\u1eed d\u1ee5ng v\u00e0 \u0111\u1ed9 b\u1ec1n \u0111\u1eb9p t\u1ed1i \u01b0u cho \u0110\u00c1 NUNG K\u1ebeT AMBRATO NERO, c\u1ea7n l\u01b0u \u00fd m\u1ed9t s\u1ed1 \u0111i\u1ec3m sau:<\/p>\n<ul data-sourcepos=\"32:1-33:140\">\n<li data-sourcepos=\"32:1-32:171\"><strong>L\u1ef1a ch\u1ecdn nh\u00e0 cung c\u1ea5p uy t\u00edn:<\/strong> N\u00ean ch\u1ecdn mua \u0110\u00c1 NUNG K\u1ebeT AMBRATO NERO t\u1ea1i c\u00e1c \u0111\u1ea1i l\u00fd, nh\u00e0 ph\u00e2n ph\u1ed1i uy t\u00edn \u0111\u1ec3 \u0111\u1ea3m b\u1ea3o ch\u1ea5t l\u01b0\u1ee3ng s\u1ea3n ph\u1ea9m v\u00e0 d\u1ecbch v\u1ee5 b\u1ea3o h\u00e0nh t\u1ed1t nh\u1ea5t.<\/li>\n<li data-sourcepos=\"33:1-33:140\"><strong>Thi c\u00f4ng chuy\u00ean nghi\u1ec7p:<\/strong> Vi\u1ec7c thi c\u00f4ng \u0110\u00c1 NUNG K\u1ebeT AMBRATO NERO c\u1ea7n \u0111\u01b0\u1ee3c th\u1ef1c hi\u1ec7n b\u1edfi \u0111\u1ed9i ng\u0169 th\u1ee3 thi c\u00f4ng c\u00f3 tay ngh\u1ec1 cao, \u0111\u1ea3m b\u1ea3o \u0111\u1ed9<\/li>\n<\/ul>\n<\/div>\n<div class=\"response-footer gap complete\"><\/div>\n<\/div>\n<\/div>\n<\/div>\n<div class=\"response-container-footer ng-tns-c2864072552-6005\">\n<div class=\"actions-container-v2 ng-star-inserted\">\n<div class=\"buttons-container-v2 ng-star-inserted\">\n<div class=\"menu-button-wrapper ng-star-inserted\">\n<h2 data-sourcepos=\"40:1-40:42\"><strong>\u0110\u1ecba ch\u1ec9 mua \u0110\u00c1 NUNG K\u1ebeT AMBRATO NERO uy t\u00edn<\/strong><\/h2>\n<p data-sourcepos=\"42:1-42:260\"><em><strong>Royal Stone \u2013 natural Stone premium<\/strong><\/em> l\u00e0 \u0111\u1ecba ch\u1ec9 uy t\u00edn chuy\u00ean cung c\u1ea5p c\u00e1c lo\u1ea1i \u0111\u00e1 t\u1ef1 nhi\u00ean cao c\u1ea5p, bao g\u1ed3m c\u1ea3 <strong>\u0110\u00c1 NUNG K\u1ebeT AMBRATO NERO<\/strong>. V\u1edbi nhi\u1ec1u n\u0103m kinh nghi\u1ec7m trong l\u0129nh v\u1ef1c \u0111\u00e1 \u1ed1p l\u00e1t, ch\u00fang t\u00f4i cam k\u1ebft mang \u0111\u1ebfn cho kh\u00e1ch h\u00e0ng nh\u1eefng s\u1ea3n ph\u1ea9m ch\u1ea5t l\u01b0\u1ee3ng t\u1ed1t nh\u1ea5t v\u1edbi gi\u00e1 c\u1ea3 h\u1ee3p l\u00fd.<\/p>\n<p data-sourcepos=\"46:1-46:199\">Stone Forest Marble is a natural stone, have more advantages, suitable for many different applications. With beauty, luxury and sophistication. Stone Forest Marble brings the perfect for every living space.<\/p>\n<h3><strong>Contact information Royal Stone \u2013 natural Stone premium<\/strong><\/h3>\n<p><strong>COMPANY LIMITED ROYAL STONE<\/strong><\/p>\n<p>\u260e Hotline: 0963 689 531<\/p>\n<p>? Trading office : 283 Tay Mo Ward, Dai Mo ward, Nam tu Liem district, Ha Noi City.<\/p>\n<p>? Factory: the 10 Yen The town, Luc Yen district, Yen Bai province<\/p>\n<p>? Warehouse Ha Noi: Lane 24, Dai Mo, tu Liem, Ha Noi (falling edge 4 Van Phuc, Ha Dong)<\/p>\n<p>? Website:\u00a0<a href=\"https:\/\/royalstone.com.vn\/en\/\">www.royalstone.com.vn<\/a><\/p>\n<h3 class=\"ftwp-heading\"><strong>Connect with Royal Stone<\/strong><\/h3>\n<div class=\"textwidget custom-html-widget\">\n<div class=\"textwidget custom-html-widget\">\n<div><a href=\"https:\/\/www.youtube.com\/@royalstone-datunhiencaocap\" target=\"_blank\" rel=\"noopener nofollow\"><img decoding=\"async\" class=\"entered lazyloaded\" title=\"ROYAL STONE - natural Stone premium\" src=\"http:\/\/royalstone.com.vn\/wp-content\/uploads\/2023\/11\/youtube-royalstone.jpg\" alt=\"ROYAL STONE - natural Stone premium\" width=\"30\" height=\"30\" data-lazy-src=\"http:\/\/royalstone.com.vn\/wp-content\/uploads\/2023\/11\/youtube-royalstone.jpg\" data-ll-status=\"loaded\" data-lazy-=\"\" \/><\/a><a href=\"https:\/\/www.facebook.com\/RoyalstoneDaTuNhienCaoCap\" target=\"_blank\" rel=\"noopener nofollow\"><img decoding=\"async\" class=\"entered lazyloaded\" title=\"ROYAL STONE - natural Stone premium\" src=\"http:\/\/royalstone.com.vn\/wp-content\/uploads\/2023\/11\/facebook-royalstone.jpg\" alt=\"ROYAL STONE - natural Stone premium\" width=\"30\" height=\"30\" data-lazy-src=\"http:\/\/royalstone.com.vn\/wp-content\/uploads\/2023\/11\/facebook-royalstone.jpg\" data-ll-status=\"loaded\" data-lazy-=\"\" \/><\/a><a href=\"https:\/\/twitter.com\/royalstonedatn\" target=\"_blank\" rel=\"noopener nofollow\"><img decoding=\"async\" class=\"entered lazyloaded\" title=\"ROYAL STONE - natural Stone premium\" src=\"http:\/\/royalstone.com.vn\/wp-content\/uploads\/2023\/11\/twitter-royalstone.jpg\" alt=\"ROYAL STONE - natural Stone premium\" width=\"30\" height=\"30\" data-lazy-src=\"http:\/\/royalstone.com.vn\/wp-content\/uploads\/2023\/11\/twitter-royalstone.jpg\" data-ll-status=\"loaded\" data-lazy-=\"\" \/><\/a><a href=\"https:\/\/www.pinterest.com\/royalstonedatunhiencaocap\/\" target=\"_blank\" rel=\"noopener nofollow\"><img decoding=\"async\" class=\"entered lazyloaded\" title=\"ROYAL STONE - natural Stone premium\" src=\"http:\/\/royalstone.com.vn\/wp-content\/uploads\/2023\/11\/printerest-royalstone.jpg\" alt=\"ROYAL STONE - natural Stone premium\" width=\"30\" height=\"30\" data-lazy-src=\"http:\/\/royalstone.com.vn\/wp-content\/uploads\/2023\/11\/printerest-royalstone.jpg\" data-ll-status=\"loaded\" data-lazy-=\"\" \/><\/a><a href=\"https:\/\/www.linkedin.com\/in\/royalstone-datunhien\/\" target=\"_blank\" rel=\"noopener nofollow\"><img decoding=\"async\" class=\"entered lazyloaded\" title=\"ROYAL STONE - natural Stone premium\" src=\"http:\/\/royalstone.com.vn\/wp-content\/uploads\/2023\/11\/linkedin-royalstone.jpg\" alt=\"ROYAL STONE - natural Stone premium\" width=\"30\" height=\"30\" data-lazy-src=\"http:\/\/royalstone.com.vn\/wp-content\/uploads\/2023\/11\/linkedin-royalstone.jpg\" data-ll-status=\"loaded\" data-lazy-=\"\" \/><\/a><\/div>\n<\/div>\n<\/div>\n<\/div>\n<\/div>\n<\/div>\n<\/div>\n<\/div>\n<div id=\"feedback-form-0\" class=\"feedback-form-turn-index\"><\/div>","protected":false},"excerpt":{"rendered":"<ul class=\"l pr-des-featured\">\n<li>M\u00e3 s\u1ea3n ph\u1ea9m: RSDNKA2024<\/li>\n<li>Place of origin: China<\/li>\n<li>Color: Black<\/li>\n<li>Lo\u1ea1i \u0111\u00e1: \u0110\u00e1 nung k\u1ebft<\/li>\n<li>Size: small size<\/li>\n<li>\u0110\u1ed9 d\u00e0y: 1.5 cm<\/li>\n<\/ul>","protected":false},"featured_media":2580,"comment_status":"closed","ping_status":"closed","template":"","meta":{"inline_featured_image":false},"product_cat":[76,72,95],"product_tag":[],"class_list":{"0":"post-2576","1":"product","2":"type-product","3":"status-publish","4":"has-post-thumbnail","6":"product_cat-da-cong-trinh","7":"product_cat-da-nung-ket","8":"product_cat-da-nung-ket-da-cong-trinh","10":"first","11":"instock","12":"shipping-taxable","13":"product-type-simple"},"_links":{"self":[{"href":"https:\/\/royalstone.com.vn\/en\/wp-json\/wp\/v2\/product\/2576","targetHints":{"allow":["GET"]}}],"collection":[{"href":"https:\/\/royalstone.com.vn\/en\/wp-json\/wp\/v2\/product"}],"about":[{"href":"https:\/\/royalstone.com.vn\/en\/wp-json\/wp\/v2\/types\/product"}],"replies":[{"embeddable":true,"href":"https:\/\/royalstone.com.vn\/en\/wp-json\/wp\/v2\/comments?post=2576"}],"wp:featuredmedia":[{"embeddable":true,"href":"https:\/\/royalstone.com.vn\/en\/wp-json\/wp\/v2\/media\/2580"}],"wp:attachment":[{"href":"https:\/\/royalstone.com.vn\/en\/wp-json\/wp\/v2\/media?parent=2576"}],"wp:term":[{"taxonomy":"product_cat","embeddable":true,"href":"https:\/\/royalstone.com.vn\/en\/wp-json\/wp\/v2\/product_cat?post=2576"},{"taxonomy":"product_tag","embeddable":true,"href":"https:\/\/royalstone.com.vn\/en\/wp-json\/wp\/v2\/product_tag?post=2576"}],"curies":[{"name":"wp","href":"https:\/\/api.w.org\/{rel}","templated":true}]}}