{"id":1795,"date":"2024-01-05T21:23:40","date_gmt":"2024-01-05T14:23:40","guid":{"rendered":"http:\/\/royalstone.com.vn\/?post_type=product&#038;p=1795"},"modified":"2024-03-16T09:29:12","modified_gmt":"2024-03-16T02:29:12","slug":"ban-da-dat-lavabo-tron","status":"publish","type":"product","link":"https:\/\/royalstone.com.vn\/en\/ban-da-dat-lavabo-tron\/","title":{"rendered":"Stone countertops Set Faucet round"},"content":{"rendered":"<p><strong>Kh\u00e1m Ph\u00e1 S\u1ef1 Sang Tr\u1ecdng v\u00e0 Ti\u1ec7n \u00cdch c\u1ee7a B\u00e0n \u0110\u00e1 \u0110\u1eb7t <b><a href=\"https:\/\/royalstone.com.vn\/en\/lavabo-rua-mat-bang-da-ua-chuong-nhat-hien-nay\/\">Lavabo<\/a><\/b> &#8211; N\u00e9t \u0110\u1eb9p Ho\u00e0n H\u1ea3o Cho Ph\u00f2ng T\u1eafm<\/strong><\/p>\n<p>B\u00e0n \u0110\u00e1 \u0110\u1eb7t Lavabo &#8211; n\u01a1i tinh t\u1ebf g\u1eb7p g\u1ee1 v\u1edbi t\u00ednh ti\u1ec7n \u00edch, t\u1ea1o n\u00ean kh\u00f4ng gian ph\u00f2ng t\u1eafm sang tr\u1ecdng v\u00e0 tho\u1ea3i m\u00e1i. Ch\u00fang t\u00f4i t\u1ef1 h\u00e0o gi\u1edbi thi\u1ec7u s\u1ea3n ph\u1ea9m n\u00e0y, mang l\u1ea1i kh\u00f4ng ch\u1ec9 l\u00e0 s\u1ef1 ch\u1eafc ch\u1eafn m\u00e0 c\u00f2n l\u00e0 v\u1ebb \u0111\u1eb9p \u0111\u1ed9c \u0111\u00e1o, \u0111\u00e1p \u1ee9ng \u0111\u1ea7y \u0111\u1ee7 nhu c\u1ea7u c\u1ee7a b\u1ea1n trong vi\u1ec7c trang tr\u00ed v\u00e0 s\u1eed d\u1ee5ng. H\u00e3y c\u00f9ng ch\u00fang t\u00f4i kh\u00e1m ph\u00e1 nh\u1eefng \u0111\u1eb7c \u0111i\u1ec3m n\u1ed5i b\u1eadt c\u1ee7a B\u00e0n \u0110\u00e1 \u0110\u1eb7t Lavabo v\u00e0 t\u1ea1i sao n\u00f3 tr\u1edf th\u00e0nh m\u1ed9t l\u1ef1a ch\u1ecdn h\u00e0ng \u0111\u1ea7u trong thi\u1ebft k\u1ebf ph\u00f2ng t\u1eafm.<\/p>\n<h3><strong>I. \u0110\u1eb7c \u0110i\u1ec3m N\u1ed5i B\u1eadt c\u1ee7a B\u00e0n \u0110\u00e1 \u0110\u1eb7t Lavabo:<\/strong><\/h3>\n<ol>\n<li><strong>Ch\u1ea5t Li\u1ec7u \u0110\u1ec9nh Cao:<\/strong>\n<ul>\n<li>B\u00e0n \u0110\u00e1 \u0110\u1eb7t Lavabo \u0111\u01b0\u1ee3c ch\u1ebf t\u00e1c t\u1eeb nh\u1eefng kh\u1ed1i \u0111\u00e1 t\u1ef1 nhi\u00ean cao c\u1ea5p, \u0111\u1ea3m b\u1ea3o \u0111\u1ed9 b\u1ec1n v\u00e0 \u0111\u1ed9 ch\u1eafc ch\u1eafn cao. Ch\u1ea5t li\u1ec7u n\u00e0y kh\u00f4ng ch\u1ec9 t\u1ea1o n\u00ean v\u1ebb ngo\u1ea1i h\u00ecnh \u0111\u1eb9p m\u1eaft m\u00e0 c\u00f2n gi\u1eef cho s\u1ea3n ph\u1ea9m nguy\u00ean v\u1eb9n qua th\u1eddi gian.<\/li>\n<\/ul>\n<\/li>\n<li><strong>Thi\u1ebft K\u1ebf Tinh T\u1ebf:<\/strong>\n<ul>\n<li>V\u1edbi s\u1ef1 k\u1ebft h\u1ee3p gi\u1eefa ngh\u1ec7 thu\u1eadt v\u00e0 c\u00f4ng n\u0103ng, B\u00e0n \u0110\u00e1 \u0110\u1eb7t Lavabo \u0111\u01b0\u1ee3c thi\u1ebft k\u1ebf v\u1edbi \u0111\u01b0\u1eddng n\u00e9t tinh t\u1ebf, hoa v\u0103n \u0111\u1ed9c \u0111\u00e1o, t\u1ea1o \u0111i\u1ec3m nh\u1ea5n cho kh\u00f4ng gian ph\u00f2ng t\u1eafm.<\/li>\n<\/ul>\n<\/li>\n<li><strong>Ti\u1ec7n \u00cdch v\u00e0 Linh Ho\u1ea1t:<\/strong>\n<ul>\n<li>B\u00e0n \u0111\u00e1 kh\u00f4ng ch\u1ec9 l\u00e0m \u0111\u1eb9p kh\u00f4ng gian m\u00e0 c\u00f2n t\u0103ng c\u01b0\u1eddng ti\u1ec7n \u00edch cho vi\u1ec7c s\u1eed d\u1ee5ng. V\u1edbi k\u00edch th\u01b0\u1edbc v\u00e0 \u0111\u1ed9 d\u00e0y l\u1edbn, n\u00f3 c\u00f3 kh\u1ea3 n\u0103ng ch\u1ee9a \u0111\u1ef1ng lavabo m\u1ed9t c\u00e1ch an to\u00e0n v\u00e0 thu\u1eadn ti\u1ec7n.<\/li>\n<\/ul>\n<\/li>\n<li><strong>Ch\u1ed1ng N\u01b0\u1edbc v\u00e0 D\u1ec5 D\u00e0ng V\u1ec7 Sinh:<\/strong>\n<ul>\n<li>\u0110\u00e1 t\u1ef1 nhi\u00ean c\u00f3 kh\u1ea3 n\u0103ng ch\u1ed1ng n\u01b0\u1edbc t\u1ed1t, gi\u00fap b\u1ea3o v\u1ec7 kh\u00f4ng gian xung quanh t\u1eeb t\u00e1c \u0111\u1ed9ng c\u1ee7a n\u01b0\u1edbc. B\u1ea1n c\u0169ng d\u1ec5 d\u00e0ng v\u1ec7 sinh b\u00e0n \u0111\u00e1, gi\u1eef cho n\u00f3 lu\u00f4n s\u00e1ng b\u00f3ng nh\u01b0 m\u1edbi.<\/li>\n<\/ul>\n<\/li>\n<\/ol>\n<figure id=\"attachment_1796\" aria-describedby=\"caption-attachment-1796\" style=\"width: 785px\" class=\"wp-caption aligncenter\"><img decoding=\"async\" class=\"wp-image-1796 size-full\" title=\"Stone countertops Set Faucet round\" src=\"http:\/\/royalstone.com.vn\/wp-content\/uploads\/2024\/01\/ban-da-dat-lavabo-tron.jpg\" alt=\"Stone countertops Set Faucet round\" width=\"785\" height=\"553\" srcset=\"https:\/\/royalstone.com.vn\/wp-content\/uploads\/2024\/01\/ban-da-dat-lavabo-tron.jpg 785w, https:\/\/royalstone.com.vn\/wp-content\/uploads\/2024\/01\/ban-da-dat-lavabo-tron-300x211.jpg 300w, https:\/\/royalstone.com.vn\/wp-content\/uploads\/2024\/01\/ban-da-dat-lavabo-tron-768x541.jpg 768w, https:\/\/royalstone.com.vn\/wp-content\/uploads\/2024\/01\/ban-da-dat-lavabo-tron-18x12.jpg 18w, https:\/\/royalstone.com.vn\/wp-content\/uploads\/2024\/01\/ban-da-dat-lavabo-tron-600x423.jpg 600w\" sizes=\"(max-width: 785px) 100vw, 785px\" \/><figcaption id=\"caption-attachment-1796\" class=\"wp-caption-text\">Stone countertops Set Faucet round<\/figcaption><\/figure>\n<h3><strong>II. \u01afu Vi\u1ec7t trong Thi\u1ebft K\u1ebf Ph\u00f2ng T\u1eafm:<\/strong><\/h3>\n<ol>\n<li><strong>S\u1ef1 H\u00e0i H\u00f2a v\u1edbi N\u1ed9i Th\u1ea5t:<\/strong>\n<ul>\n<li>B\u00e0n \u0110\u00e1 \u0110\u1eb7t Lavabo kh\u00f4ng ch\u1ec9 l\u00e0 s\u1ea3n ph\u1ea9m ch\u1ee9c n\u0103ng m\u00e0 c\u00f2n l\u00e0 m\u1ed9t ph\u1ea7n c\u1ee7a ngh\u1ec7 thu\u1eadt trang tr\u00ed. N\u00f3 s\u1ebd h\u00e0i h\u00f2a v\u1edbi b\u1ea5t k\u1ef3 lo\u1ea1i n\u1ed9i th\u1ea5t n\u00e0o, t\u1eeb truy\u1ec1n th\u1ed1ng \u0111\u1ebfn hi\u1ec7n \u0111\u1ea1i.<\/li>\n<\/ul>\n<\/li>\n<li><strong>L\u1ef1a Ch\u1ecdn Phong C\u00e1ch \u0110a D\u1ea1ng:<\/strong>\n<ul>\n<li>V\u1edbi nhi\u1ec1u m\u1eabu m\u00e3 v\u00e0 ki\u1ec3u d\u00e1ng kh\u00e1c nhau, B\u00e0n \u0110\u00e1 \u0110\u1eb7t Lavabo \u0111\u00e1p \u1ee9ng nhu c\u1ea7u \u0111a d\u1ea1ng c\u1ee7a kh\u00e1ch h\u00e0ng, t\u1eeb phong c\u00e1ch c\u1ed5 \u0111i\u1ec3n \u0111\u1ebfn hi\u1ec7n \u0111\u1ea1i, t\u1eeb \u0111\u01a1n gi\u1ea3n \u0111\u1ebfn ph\u1ee9c t\u1ea1p.<\/li>\n<\/ul>\n<\/li>\n<\/ol>\n<h3><strong>III. S\u1ef1 Uy T\u00edn v\u00e0 Tin C\u1eady t\u1eeb Ch\u00fang T\u00f4i:<\/strong><\/h3>\n<ol>\n<li><strong>Commitment to quality:<\/strong>\n<ul>\n<li>Ch\u00fang t\u00f4i cam k\u1ebft mang \u0111\u1ebfn cho b\u1ea1n nh\u1eefng s\u1ea3n ph\u1ea9m ch\u1ea5t l\u01b0\u1ee3ng nh\u1ea5t, \u0111\u01b0\u1ee3c s\u1ea3n xu\u1ea5t v\u1edbi c\u00f4ng ngh\u1ec7 hi\u1ec7n \u0111\u1ea1i v\u00e0 ki\u1ec3m so\u00e1t ch\u1ea5t l\u01b0\u1ee3ng nghi\u00eam ng\u1eb7t.<\/li>\n<\/ul>\n<\/li>\n<li><strong>D\u1ecbch V\u1ee5 Thi\u1ebft K\u1ebf v\u00e0 L\u1eafp \u0110\u1eb7t Chuy\u00ean Nghi\u1ec7p:<\/strong>\n<ul>\n<li>\u0110\u1ed9i ng\u0169 k\u1ef9 thu\u1eadt vi\u00ean v\u00e0 nh\u00e0 thi\u1ebft k\u1ebf c\u1ee7a ch\u00fang t\u00f4i s\u1ebd h\u1ed7 tr\u1ee3 b\u1ea1n t\u1eeb kh\u00e2u l\u1ef1a ch\u1ecdn \u0111\u1ebfn l\u1eafp \u0111\u1eb7t, mang l\u1ea1i tr\u1ea3i nghi\u1ec7m mua s\u1eafm v\u00e0 s\u1eed d\u1ee5ng t\u1ed1t nh\u1ea5t.<\/li>\n<\/ul>\n<\/li>\n<li><strong>Giao H\u00e0ng Nhanh Ch\u00f3ng v\u00e0 An To\u00e0n:<\/strong>\n<ul>\n<li>Ch\u00fang t\u00f4i cam k\u1ebft giao h\u00e0ng nhanh ch\u00f3ng v\u00e0 an to\u00e0n \u0111\u1ebfn t\u1eadn tay kh\u00e1ch h\u00e0ng, \u0111\u1ea3m b\u1ea3o s\u1ea3n ph\u1ea9m \u0111\u1ebfn tay b\u1ea1n m\u1ed9t c\u00e1ch ho\u00e0n h\u1ea3o nh\u1ea5t.<\/li>\n<\/ul>\n<\/li>\n<\/ol>\n<p>B\u00e0n \u0110\u00e1 \u0110\u1eb7t Lavabo kh\u00f4ng ch\u1ec9 l\u00e0 s\u1ea3n ph\u1ea9m trang tr\u00ed m\u00e0 c\u00f2n l\u00e0 m\u1ed9t ph\u1ea7n quan tr\u1ecdng c\u1ee7a kh\u00f4ng gian s\u1ed1ng. H\u00e3y \u0111\u1ec3 ch\u00fang t\u00f4i \u0111\u1ed3ng h\u00e0nh c\u00f9ng b\u1ea1n, t\u1ea1o n\u00ean kh\u00f4ng gian ph\u00f2ng t\u1eafm tuy\u1ec7t v\u1eddi nh\u1ea5t v\u1edbi s\u1ef1 h\u00e0i l\u00f2ng v\u00e0 tin t\u01b0\u1edfng t\u1eeb B\u00e0n \u0110\u00e1 \u0110\u1eb7t Lavabo. \u0110\u1ebfn v\u1edbi ch\u00fang t\u00f4i, b\u1ea1n \u0111ang ch\u1ecdn l\u1ef1a s\u1ef1 ho\u00e0n h\u1ea3o v\u00e0 ch\u1ea5t l\u01b0\u1ee3ng!<\/p>\n<h3><strong>Contact information Royal Stone \u2013 natural Stone premium<\/strong><\/h3>\n<p><strong>COMPANY LIMITED ROYAL STONE<\/strong><\/p>\n<p>\u260e Hotline: 0963 689 531<\/p>\n<p>? Trading office : 283 Tay Mo Ward, Dai Mo ward, Nam tu Liem district, Ha Noi City.<\/p>\n<p>? Factory: the 10 Yen The town, Luc Yen district, Yen Bai province<\/p>\n<p>? Warehouse Ha Noi: Lane 24, Dai Mo, tu Liem, Ha Noi (falling edge 4 Van Phuc, Ha Dong)<\/p>\n<p>? Website:\u00a0<a href=\"https:\/\/royalstone.com.vn\/en\/\">www.royalstone.com.vn<\/a><\/p>\n<h3 class=\"ftwp-heading\"><strong>Connect with Royal Stone<\/strong><\/h3>\n<div class=\"textwidget custom-html-widget\">\n<div class=\"textwidget custom-html-widget\">\n<div><a href=\"https:\/\/www.youtube.com\/@royalstone-datunhiencaocap\" target=\"_blank\" rel=\"noopener nofollow\"><img decoding=\"async\" class=\"entered lazyloaded\" title=\"ROYAL STONE - natural Stone premium\" src=\"http:\/\/royalstone.com.vn\/wp-content\/uploads\/2023\/11\/youtube-royalstone.jpg\" alt=\"ROYAL STONE - natural Stone premium\" width=\"30\" height=\"30\" data-lazy-src=\"http:\/\/royalstone.com.vn\/wp-content\/uploads\/2023\/11\/youtube-royalstone.jpg\" data-ll-status=\"loaded\" data-lazy-=\"\" \/><\/a><a href=\"https:\/\/www.facebook.com\/RoyalstoneDaTuNhienCaoCap\" target=\"_blank\" rel=\"noopener nofollow\"><img decoding=\"async\" class=\"entered lazyloaded\" title=\"ROYAL STONE - natural Stone premium\" src=\"http:\/\/royalstone.com.vn\/wp-content\/uploads\/2023\/11\/facebook-royalstone.jpg\" alt=\"ROYAL STONE - natural Stone premium\" width=\"30\" height=\"30\" data-lazy-src=\"http:\/\/royalstone.com.vn\/wp-content\/uploads\/2023\/11\/facebook-royalstone.jpg\" data-ll-status=\"loaded\" data-lazy-=\"\" \/><\/a><a href=\"https:\/\/twitter.com\/royalstonedatn\" target=\"_blank\" rel=\"noopener nofollow\"><img decoding=\"async\" class=\"entered lazyloaded\" title=\"ROYAL STONE - natural Stone premium\" src=\"http:\/\/royalstone.com.vn\/wp-content\/uploads\/2023\/11\/twitter-royalstone.jpg\" alt=\"ROYAL STONE - natural Stone premium\" width=\"30\" height=\"30\" data-lazy-src=\"http:\/\/royalstone.com.vn\/wp-content\/uploads\/2023\/11\/twitter-royalstone.jpg\" data-ll-status=\"loaded\" data-lazy-=\"\" \/><\/a><a href=\"https:\/\/www.pinterest.com\/royalstonedatunhiencaocap\/\" target=\"_blank\" rel=\"noopener nofollow\"><img decoding=\"async\" class=\"entered lazyloaded\" title=\"ROYAL STONE - natural Stone premium\" src=\"http:\/\/royalstone.com.vn\/wp-content\/uploads\/2023\/11\/printerest-royalstone.jpg\" alt=\"ROYAL STONE - natural Stone premium\" width=\"30\" height=\"30\" data-lazy-src=\"http:\/\/royalstone.com.vn\/wp-content\/uploads\/2023\/11\/printerest-royalstone.jpg\" data-ll-status=\"loaded\" data-lazy-=\"\" \/><\/a><a href=\"https:\/\/www.linkedin.com\/in\/royalstone-datunhien\/\" target=\"_blank\" rel=\"noopener nofollow\"><img decoding=\"async\" class=\"entered lazyloaded\" title=\"ROYAL STONE - natural Stone premium\" src=\"http:\/\/royalstone.com.vn\/wp-content\/uploads\/2023\/11\/linkedin-royalstone.jpg\" alt=\"ROYAL STONE - natural Stone premium\" width=\"30\" height=\"30\" data-lazy-src=\"http:\/\/royalstone.com.vn\/wp-content\/uploads\/2023\/11\/linkedin-royalstone.jpg\" data-ll-status=\"loaded\" data-lazy-=\"\" \/><\/a><\/div>\n<\/div>\n<\/div>","protected":false},"excerpt":{"rendered":"<ul class=\"l pr-des-featured\">\n<li>MSP: RSBDDL2023<\/li>\n<li>Place of origin: Vietnam<\/li>\n<li>M\u00e0u s\u1eafc: xanh<\/li>\n<li>Type of stone: Granite<\/li>\n<li>Size: large<\/li>\n<li>Thickness: 2.0 cm<\/li>\n<\/ul>\n<ul>\n<li>\u1ee8ng d\u1ee5ng: \u0111\u1eb7t lavabo<\/li>\n<\/ul>","protected":false},"featured_media":1796,"comment_status":"closed","ping_status":"closed","template":"","meta":{"inline_featured_image":false},"product_cat":[89],"product_tag":[],"class_list":{"0":"post-1795","1":"product","2":"type-product","3":"status-publish","4":"has-post-thumbnail","6":"product_cat-ban-da-dat-lavabo","8":"first","9":"instock","10":"shipping-taxable","11":"product-type-simple"},"_links":{"self":[{"href":"https:\/\/royalstone.com.vn\/en\/wp-json\/wp\/v2\/product\/1795","targetHints":{"allow":["GET"]}}],"collection":[{"href":"https:\/\/royalstone.com.vn\/en\/wp-json\/wp\/v2\/product"}],"about":[{"href":"https:\/\/royalstone.com.vn\/en\/wp-json\/wp\/v2\/types\/product"}],"replies":[{"embeddable":true,"href":"https:\/\/royalstone.com.vn\/en\/wp-json\/wp\/v2\/comments?post=1795"}],"wp:featuredmedia":[{"embeddable":true,"href":"https:\/\/royalstone.com.vn\/en\/wp-json\/wp\/v2\/media\/1796"}],"wp:attachment":[{"href":"https:\/\/royalstone.com.vn\/en\/wp-json\/wp\/v2\/media?parent=1795"}],"wp:term":[{"taxonomy":"product_cat","embeddable":true,"href":"https:\/\/royalstone.com.vn\/en\/wp-json\/wp\/v2\/product_cat?post=1795"},{"taxonomy":"product_tag","embeddable":true,"href":"https:\/\/royalstone.com.vn\/en\/wp-json\/wp\/v2\/product_tag?post=1795"}],"curies":[{"name":"wp","href":"https:\/\/api.w.org\/{rel}","templated":true}]}}