{"id":1785,"date":"2024-01-05T21:06:39","date_gmt":"2024-01-05T14:06:39","guid":{"rendered":"http:\/\/royalstone.com.vn\/?post_type=product&#038;p=1785"},"modified":"2024-01-05T21:06:40","modified_gmt":"2024-01-05T14:06:40","slug":"da-bo-via-vuon-xanh-reu","status":"publish","type":"product","link":"https:\/\/royalstone.com.vn\/en\/da-bo-via-vuon-xanh-reu\/","title":{"rendered":"Stone curb garden, moss green"},"content":{"rendered":"<h2><strong>Kh\u00e1m Ph\u00e1 \u0110\u1eb3ng C\u1ea5p v\u1edbi \u0110\u00e1 B\u00f3 V\u1ec9a V\u01b0\u1eddn Xanh R\u00eau &#8211; S\u1ef1 L\u1ef1a Ch\u1ecdn Ho\u00e0n H\u1ea3o Cho C\u1ea3nh Quan \u0110\u00f4 Th\u1ecb<\/strong><\/h2>\n<h3><strong>I. Characteristics Stand Out:<\/strong><\/h3>\n<ol>\n<li><strong>\u0110\u1ed9 B\u1ec1n v\u00e0 Ch\u1ecbu L\u1ef1c:<\/strong>\n<ul>\n<li>\u0110\u00e1 B\u00f3 V\u1ec9a \u0111\u01b0\u1ee3c thi\u1ebft k\u1ebf \u0111\u1ec3 ch\u1ecbu l\u1ef1c v\u00e0 t\u00e1c \u0111\u1ed9ng l\u1edbn t\u1eeb c\u00e1c ngu\u1ed3n ngo\u1ea1i l\u1ef1c nh\u01b0 s\u1ee9c \u0111\u00e8 t\u1eeb v\u1ec9a h\u00e8 v\u00e0 l\u1ef1c \u0111\u1ea9y t\u1eeb r\u1ec5 c\u00e2y l\u1edbn m\u00e0 kh\u00f4ng bi\u1ebfn d\u1ea1ng hay n\u1ee9t n\u1ebb.<\/li>\n<\/ul>\n<\/li>\n<li><strong>Ch\u1ed1ng Tr\u01a1n Tr\u01b0\u1ee3t v\u00e0 An To\u00e0n:<\/strong>\n<ul>\n<li>B\u1ec1 m\u1eb7t nh\u00e1m c\u1ee7a \u0110\u00e1 B\u00f3 V\u1ec9a cung c\u1ea5p \u0111\u1ed9 ma s\u00e1t cao, gi\u00fap ch\u1ed1ng tr\u01a1n tr\u01b0\u1ee3t v\u00e0 \u0111\u1ea3m b\u1ea3o an to\u00e0n cho nh\u1eefng ng\u01b0\u1eddi \u0111i \u0111\u01b0\u1eddng, \u0111\u1eb7c bi\u1ec7t l\u00e0 trong \u0111i\u1ec1u ki\u1ec7n th\u1eddi ti\u1ebft \u1ea9m \u01b0\u1edbt.<\/li>\n<\/ul>\n<\/li>\n<li><strong>D\u1ec5 D\u00e0ng L\u00e0m S\u1ea1ch v\u00e0 B\u1ea3o Qu\u1ea3n:<\/strong>\n<ul>\n<li>B\u1ec1 m\u1eb7t nh\u1eb5n \u0111\u1eb9p c\u1ee7a \u0110\u00e1 B\u00f3 V\u1ec9a kh\u00f4ng ch\u1ec9 t\u1ea1o \u0111i\u1ec3m nh\u1ea5n cho kh\u00f4ng gian, m\u00e0 c\u00f2n d\u1ec5 d\u00e0ng l\u00e0m s\u1ea1ch. K\u1ebft h\u1ee3p v\u1edbi b\u1ed3n c\u00e2y xanh, t\u1ea1o ra m\u1ed9t kh\u00f4ng gian xanh, s\u1ea1ch v\u00e0 \u0111\u1eb9p m\u1eaft.<\/li>\n<\/ul>\n<\/li>\n<\/ol>\n<figure id=\"attachment_1789\" aria-describedby=\"caption-attachment-1789\" style=\"width: 416px\" class=\"wp-caption aligncenter\"><img decoding=\"async\" class=\"wp-image-1789 size-full\" title=\"Stone curb garden, moss green\" src=\"http:\/\/royalstone.com.vn\/wp-content\/uploads\/2024\/01\/da-bo-via-vuon-xanh-reu.jpg\" alt=\"Stone curb garden, moss green\" width=\"416\" height=\"390\" srcset=\"https:\/\/royalstone.com.vn\/wp-content\/uploads\/2024\/01\/da-bo-via-vuon-xanh-reu.jpg 416w, https:\/\/royalstone.com.vn\/wp-content\/uploads\/2024\/01\/da-bo-via-vuon-xanh-reu-300x281.jpg 300w, https:\/\/royalstone.com.vn\/wp-content\/uploads\/2024\/01\/da-bo-via-vuon-xanh-reu-13x12.jpg 13w\" sizes=\"(max-width: 416px) 100vw, 416px\" \/><figcaption id=\"caption-attachment-1789\" class=\"wp-caption-text\">Stone curb garden, moss green<\/figcaption><\/figure>\n<h3><strong>II. S\u1ef1 \u0110a D\u1ea1ng Trong K\u00edch Th\u01b0\u1edbc:<\/strong><\/h3>\n<ol>\n<li><strong>\u0110\u00e1 B\u00f3 V\u1ec9a H\u00e8:<\/strong>\n<ul>\n<li>K\u00edch th\u01b0\u1edbc chu\u1ea9n 23x26cm d\u00e0i 60cm, l\u00e0 s\u1ef1 l\u1ef1a ch\u1ecdn ph\u1ed5 bi\u1ebfn cho c\u00e1c c\u00f4ng tr\u00ecnh c\u1ea5p qu\u1ed1c gia. Tuy nhi\u00ean, \u0111\u1ec3 ti\u1ebft ki\u1ec7m chi ph\u00ed, kh\u00e1ch h\u00e0ng c\u00f3 th\u1ec3 l\u1ef1a ch\u1ecdn k\u00edch th\u01b0\u1edbc nh\u1ecf h\u01a1n nh\u01b0 10x15cm ho\u1eb7c 10x10cm.<\/li>\n<\/ul>\n<\/li>\n<li><strong>\u0110\u00e1 B\u00f3 V\u1ec9a V\u01b0\u1eddn:<\/strong>\n<ul>\n<li>Th\u01b0\u1eddng c\u00f3 k\u00edch th\u01b0\u1edbc 10x10cm d\u00e0i 60cm, l\u00e0 s\u1ef1 l\u1ef1a ch\u1ecdn th\u00edch h\u1ee3p cho c\u00e1c c\u00f4ng tr\u00ecnh bi\u1ec7t th\u1ef1 t\u01b0 nh\u00e2n. \u0110\u00e1 B\u00f3 V\u1ec9a V\u01b0\u1eddn gi\u00fap t\u1ea1o ra nh\u1eefng \u0111\u01b0\u1eddng n\u00e9t tinh t\u1ebf v\u00e0 sang tr\u1ecdng.<\/li>\n<\/ul>\n<\/li>\n<\/ol>\n<h3><strong>III. Uy T\u00edn v\u00e0 Ch\u1ea5t L\u01b0\u1ee3ng T\u1eeb Ch\u00fang T\u00f4i:<\/strong><\/h3>\n<p>Ch\u00fang t\u00f4i t\u1ef1 h\u00e0o l\u00e0 \u0111\u1ed1i t\u00e1c uy t\u00edn trong l\u0129nh v\u1ef1c \u0111\u00e1 t\u1ef1 nhi\u00ean cao c\u1ea5p. D\u01b0\u1edbi \u0111\u00e2y l\u00e0 nh\u1eefng \u0111i\u1ec3m n\u1ed5i b\u1eadt v\u1ec1 uy t\u00edn v\u00e0 ch\u1ea5t l\u01b0\u1ee3ng:<\/p>\n<ul>\n<li><strong>Experience and Professionalism:<\/strong> V\u1edbi h\u01a1n m\u1ed9t th\u1eadp k\u1ef7 ho\u1ea1t \u0111\u1ed9ng, ch\u00fang t\u00f4i c\u00f3 \u0111\u1ed9i ng\u0169 nh\u00e2n vi\u00ean chuy\u00ean nghi\u1ec7p v\u00e0 gi\u00e0u kinh nghi\u1ec7m.<\/li>\n<li><strong>Commitment to quality:<\/strong> M\u1ed7i t\u1ea5m \u0110\u00e1 B\u00f3 V\u1ec9a \u0111\u01b0\u1ee3c s\u1ea3n xu\u1ea5t v\u1edbi ti\u00eau chu\u1ea9n cao nh\u1ea5t, \u0111\u1ea3m b\u1ea3o \u0111\u1ed9 ch\u00ednh x\u00e1c v\u00e0 \u0111\u1ed3ng \u0111\u1ec1u t\u1eebng s\u1ea3n ph\u1ea9m.<\/li>\n<li><strong>Professional Construction Services:<\/strong> We provide professional construction services, ensuring your project will be completed perfectly.<\/li>\n<\/ul>\n<p><strong>K\u1ebft Lu\u1eadn:<\/strong> \u0110\u00e1 B\u00f3 V\u1ec9a V\u01b0\u1eddn Xanh R\u00eau kh\u00f4ng ch\u1ec9 l\u00e0 v\u1eadt li\u1ec7u x\u00e2y d\u1ef1ng, m\u00e0 c\u00f2n l\u00e0 b\u00ed quy\u1ebft \u0111\u1ec3 t\u1ea1o n\u00ean m\u1ed9t kh\u00f4ng gian xanh, an to\u00e0n v\u00e0 tinh t\u1ebf. H\u00e3y li\u00ean h\u1ec7 ngay v\u1edbi ch\u00fang t\u00f4i \u0111\u1ec3 tr\u1ea3i nghi\u1ec7m s\u1ef1 kh\u00e1c bi\u1ec7t v\u00e0 s\u1ef1 \u0111\u1eb3ng c\u1ea5p trong m\u1ecdi c\u00f4ng tr\u00ecnh c\u1ee7a b\u1ea1n!<\/p>","protected":false},"excerpt":{"rendered":"<ul class=\"l pr-des-featured\">\n<li>MSP: RSDBVXR2023<\/li>\n<li>Place of origin: Vietnam<\/li>\n<li>M\u00e0u s\u1eafc: xanh<\/li>\n<li>Type of stone: Granite<\/li>\n<li>Size: large<\/li>\n<li>Thickness: 2.0 cm<\/li>\n<\/ul>\n<ul>\n<li>\u1ee8ng d\u1ee5ng: \u0110\u00e1 b\u00f3 v\u1ec9a<\/li>\n<\/ul>","protected":false},"featured_media":1789,"comment_status":"closed","ping_status":"closed","template":"","meta":{"inline_featured_image":false},"product_cat":[79],"product_tag":[],"class_list":{"0":"post-1785","1":"product","2":"type-product","3":"status-publish","4":"has-post-thumbnail","6":"product_cat-da-lat-via-he","8":"first","9":"instock","10":"shipping-taxable","11":"product-type-simple"},"_links":{"self":[{"href":"https:\/\/royalstone.com.vn\/en\/wp-json\/wp\/v2\/product\/1785","targetHints":{"allow":["GET"]}}],"collection":[{"href":"https:\/\/royalstone.com.vn\/en\/wp-json\/wp\/v2\/product"}],"about":[{"href":"https:\/\/royalstone.com.vn\/en\/wp-json\/wp\/v2\/types\/product"}],"replies":[{"embeddable":true,"href":"https:\/\/royalstone.com.vn\/en\/wp-json\/wp\/v2\/comments?post=1785"}],"wp:featuredmedia":[{"embeddable":true,"href":"https:\/\/royalstone.com.vn\/en\/wp-json\/wp\/v2\/media\/1789"}],"wp:attachment":[{"href":"https:\/\/royalstone.com.vn\/en\/wp-json\/wp\/v2\/media?parent=1785"}],"wp:term":[{"taxonomy":"product_cat","embeddable":true,"href":"https:\/\/royalstone.com.vn\/en\/wp-json\/wp\/v2\/product_cat?post=1785"},{"taxonomy":"product_tag","embeddable":true,"href":"https:\/\/royalstone.com.vn\/en\/wp-json\/wp\/v2\/product_tag?post=1785"}],"curies":[{"name":"wp","href":"https:\/\/api.w.org\/{rel}","templated":true}]}}