{"id":1348,"date":"2023-12-18T09:32:22","date_gmt":"2023-12-18T09:32:22","guid":{"rendered":"http:\/\/royalstone.com.vn\/?post_type=product&#038;p=1348"},"modified":"2023-12-18T09:35:21","modified_gmt":"2023-12-18T09:35:21","slug":"da-marble-van-go-cat","status":"publish","type":"product","link":"https:\/\/royalstone.com.vn\/en\/da-marble-van-go-cat\/","title":{"rendered":"Marble And Wood Sand"},"content":{"rendered":"<p data-sourcepos=\"5:1-5:221\"><a href=\"http:\/\/royalstone.com.vn\/en\/da-marble-van-go-cat\/\"><em><strong>Marble And Wood Sand<\/strong><\/em><\/a> is a kind of natural stone is formed from limestone metamorphic. The stone has a crystal form, shiny surfaces, with the ridges of natural wood, unique, bring elegance and sophistication to the space.<\/p>\n<p data-sourcepos=\"7:1-7:152\"><b><a href=\"https:\/\/royalstone.com.vn\/en\/da-marble-3-cm-san-pham-danh-cho-noi-that\/\">Marble<\/a><\/b> Wood Sand derived from many countries around the world, which is the most popular countries such as Italy, Spain, Portuguese, Chinese,...<\/p>\n<h2 data-sourcepos=\"7:1-7:152\"><strong>Marble and Wood Sand \u2013 the chic beauty of nature brings to the space<\/strong><\/h2>\n<h3 data-sourcepos=\"9:1-9:41\"><strong>Characteristics of Marble and Wood Sand<\/strong><\/h3>\n<p data-sourcepos=\"11:1-11:51\"><b><a href=\"https:\/\/royalstone.com.vn\/en\/da-marble-van-go-ve-dep-doc-dao-cho-khong-gian\/\">Marble And Wood<\/a><\/b> C\u00e1t c\u00f3 nh\u1eefng \u0111\u1eb7c \u0111i\u1ec3m n\u1ed5i b\u1eadt sau:<\/p>\n<ul data-sourcepos=\"13:1-18:0\">\n<li data-sourcepos=\"13:1-13:167\"><strong>Color:<\/strong>\u00a0Stone whose color varied, ranging from grey, white, yellow to blue, pink,... However, the most common is gray with the ridges of the natural wood.<\/li>\n<li data-sourcepos=\"14:1-14:103\"><strong>Size:<\/strong>\u00a0Marble and Wood Sand have varied sizes, from size large sheets to small size.<\/li>\n<li data-sourcepos=\"15:1-15:75\"><strong>Thickness:<\/strong>\u00a0Thickness Marble and Wood Sand typically range from 18mm to 20mm.<\/li>\n<li data-sourcepos=\"16:1-16:65\"><strong>Hardness:<\/strong>\u00a0Marble and Wood Sand has high hardness, good bearing.<\/li>\n<li data-sourcepos=\"17:1-18:0\"><strong>Durability:<\/strong>\u00a0Marble and Wood Sand is durable, can use for long time without being damaged.<\/li>\n<\/ul>\n<figure id=\"attachment_1349\" aria-describedby=\"caption-attachment-1349\" style=\"width: 497px\" class=\"wp-caption alignnone\"><img decoding=\"async\" class=\"wp-image-1349 size-full\" title=\"Marble And Wood Sand\" src=\"http:\/\/royalstone.com.vn\/wp-content\/uploads\/2023\/12\/da-marble-van-go-cat.jpg\" alt=\"Black-marble-van-go-cat\" width=\"497\" height=\"339\" srcset=\"https:\/\/royalstone.com.vn\/wp-content\/uploads\/2023\/12\/da-marble-van-go-cat.jpg 497w, https:\/\/royalstone.com.vn\/wp-content\/uploads\/2023\/12\/da-marble-van-go-cat-300x205.jpg 300w\" sizes=\"(max-width: 497px) 100vw, 497px\" \/><figcaption id=\"caption-attachment-1349\" class=\"wp-caption-text\">Marble And Wood Sand<\/figcaption><\/figure>\n<h3 data-sourcepos=\"19:1-19:42\"><strong>Application of Marble and Wood Sand<\/strong><\/h3>\n<p data-sourcepos=\"21:1-21:85\">Marble and Wood Sand is widely used in many construction items, including:<\/p>\n<ul data-sourcepos=\"23:1-28:0\">\n<li data-sourcepos=\"23:1-23:164\"><strong>Tiling facades:<\/strong>\u00a0Marble and Wood Sand has beauty, elegance and sophistication, suitable for tiling facades of buildings such as houses, villas, commercial centers,...<\/li>\n<li data-sourcepos=\"24:1-24:126\"><strong>Paving living room, kitchen:<\/strong>\u00a0Marble and Wood Sand create a chic and cozy for living room, kitchen.<\/li>\n<li data-sourcepos=\"25:1-25:128\"><strong>Tiling stairs, steps:<\/strong>\u00a0Marble and Wood Sand has high strength, good load bearing, suitable for cladding, paving, stairs, steps.<\/li>\n<li data-sourcepos=\"26:1-26:118\"><strong>\u1ed0p l\u00e1t b\u00e0n b\u1ebfp, <b><a href=\"https:\/\/royalstone.com.vn\/en\/ban-an-net-dep-sang-trong-cho-khong-gian-bep\/\">b\u00e0n \u0103n<\/a><\/b>:<\/strong>\u00a0Marble and Wood Sand with a shiny surface, easy to clean, suitable for tiling the kitchen table, the dining table.<\/li>\n<li data-sourcepos=\"27:1-28:0\"><strong>L\u00e0m <b><a href=\"https:\/\/royalstone.com.vn\/en\/da-hoa-van-chu-nhat-net-dep-sang-trong-cho-khong-gian\/\">tranh \u0111\u00e1<\/a><\/b>, ph\u00f9 \u0111i\u00eau:<\/strong>\u00a0Marble Wood, Sand is the natural wood unique, fit to make stone painting, bas-reliefs.<\/li>\n<\/ul>\n<h2 data-sourcepos=\"29:1-29:42\"><strong>How to preserve Marble and Wood Sand<\/strong><\/h2>\n<p data-sourcepos=\"31:1-31:72\">To Marble and Wood Sand always beautiful, durable, noting the way storage the following:<\/p>\n<ul data-sourcepos=\"33:1-36:0\">\n<li data-sourcepos=\"33:1-33:63\"><strong>Avoid to stone direct contact with strong chemical cleaners.<\/strong><\/li>\n<li data-sourcepos=\"34:1-34:33\"><strong>Avoid to rock plummeting.<\/strong><\/li>\n<li data-sourcepos=\"35:1-36:0\"><strong>Cleaned regularly with a soft towel and clean water.<\/strong><\/li>\n<\/ul>\n<h2 data-sourcepos=\"37:1-37:42\"><strong>Some samples of Marble and Wood Sand beautiful<\/strong><\/h2>\n<p data-sourcepos=\"39:1-39:162\">On the market today there are many templates <a href=\"http:\/\/royalstone.com.vn\/en\/da-marble\/\"><em><strong>Marble<\/strong><\/em><\/a> Wood, Sand with the grain of the natural wood unique, bringing elegance and sophistication to the space.<\/p>\n<p data-sourcepos=\"41:1-41:77\">Below are some samples of Marble and Wood grain beautiful Sandy is the most popular today:<\/p>\n<ul data-sourcepos=\"43:1-46:0\">\n<li data-sourcepos=\"43:1-43:140\"><strong>Marble And Wood Sand Serperg Gray:<\/strong>\u00a0Rocks are grey with the natural wood curving, creating beauty, luxury and sophistication.<\/li>\n<li data-sourcepos=\"44:1-44:134\"><strong>Marble And Wood Sand Moca Cream:<\/strong>\u00a0Stones are creamy yellow with the the natural wood color brown, make up beauty, cozy, and luxurious.<\/li>\n<li data-sourcepos=\"45:1-46:0\"><strong>Marble And Wood Sand Calacatta Oro:<\/strong>\u00a0The stone is white with the natural wood color, gold, make up beauty, elegance and nobility.<\/li>\n<\/ul>\n<p data-sourcepos=\"49:1-49:218\">Marble and Wood Sand is a kind of natural stone beautiful, luxurious and exquisite, popular used in many construction items. Hope this article has provided you with useful information about Marble Wood grain of Sand.<\/p>\n<h3><strong>Contact information Royal Stone \u2013 natural Stone premium<\/strong><\/h3>\n<p><strong>COMPANY LIMITED ROYAL STONE<\/strong><\/p>\n<p>\u260e Hotline: 0963 689 531<\/p>\n<p>\ud83c\udfe0 Office : 283 Tay Mo Ward, Dai Mo ward, Nam tu Liem district, Ha Noi City.<\/p>\n<p>\ud83c\udfe0 Factory: the 10 Yen The town, Luc Yen district, Yen Bai province<\/p>\n<p>\ud83c\udfe0 Warehouse Ha Noi: Lane 24, Dai Mo, tu Liem, Ha Noi (falling edge 4 Van Phuc, Ha Dong)<\/p>\n<p>\ud83c\udf10 Website:\u00a0<a href=\"https:\/\/royalstone.com.vn\/en\/\">www.royalstone.com.vn<\/a><\/p>\n<h3 class=\"ftwp-heading\"><strong>Connect with Royal Stone<\/strong><\/h3>\n<div class=\"textwidget custom-html-widget\">\n<div class=\"textwidget custom-html-widget\">\n<div><a href=\"https:\/\/www.youtube.com\/@royalstone-datunhiencaocap\" target=\"_blank\" rel=\"noopener nofollow\"><img decoding=\"async\" class=\"entered lazyloaded\" title=\"ROYAL STONE - natural Stone premium\" src=\"http:\/\/royalstone.com.vn\/wp-content\/uploads\/2023\/11\/youtube-royalstone.jpg\" alt=\"ROYAL STONE - natural Stone premium\" width=\"30\" height=\"30\" data-lazy-src=\"http:\/\/royalstone.com.vn\/wp-content\/uploads\/2023\/11\/youtube-royalstone.jpg\" data-ll-status=\"loaded\" data-lazy-=\"\" \/><\/a><a href=\"https:\/\/www.facebook.com\/RoyalstoneDaTuNhienCaoCap\" target=\"_blank\" rel=\"noopener nofollow\"><img decoding=\"async\" class=\"entered lazyloaded\" title=\"ROYAL STONE - natural Stone premium\" src=\"http:\/\/royalstone.com.vn\/wp-content\/uploads\/2023\/11\/facebook-royalstone.jpg\" alt=\"ROYAL STONE - natural Stone premium\" width=\"30\" height=\"30\" data-lazy-src=\"http:\/\/royalstone.com.vn\/wp-content\/uploads\/2023\/11\/facebook-royalstone.jpg\" data-ll-status=\"loaded\" data-lazy-=\"\" \/><\/a><a href=\"https:\/\/twitter.com\/royalstonedatn\" target=\"_blank\" rel=\"noopener nofollow\"><img decoding=\"async\" class=\"entered lazyloaded\" title=\"ROYAL STONE - natural Stone premium\" src=\"http:\/\/royalstone.com.vn\/wp-content\/uploads\/2023\/11\/twitter-royalstone.jpg\" alt=\"ROYAL STONE - natural Stone premium\" width=\"30\" height=\"30\" data-lazy-src=\"http:\/\/royalstone.com.vn\/wp-content\/uploads\/2023\/11\/twitter-royalstone.jpg\" data-ll-status=\"loaded\" data-lazy-=\"\" \/><\/a><a href=\"https:\/\/www.pinterest.com\/royalstonedatunhiencaocap\/\" target=\"_blank\" rel=\"noopener nofollow\"><img decoding=\"async\" class=\"entered lazyloaded\" title=\"ROYAL STONE - natural Stone premium\" src=\"http:\/\/royalstone.com.vn\/wp-content\/uploads\/2023\/11\/printerest-royalstone.jpg\" alt=\"ROYAL STONE - natural Stone premium\" width=\"30\" height=\"30\" data-lazy-src=\"http:\/\/royalstone.com.vn\/wp-content\/uploads\/2023\/11\/printerest-royalstone.jpg\" data-ll-status=\"loaded\" data-lazy-=\"\" \/><\/a><a href=\"https:\/\/www.linkedin.com\/in\/royalstone-datunhien\/\" target=\"_blank\" rel=\"noopener nofollow\"><img decoding=\"async\" class=\"entered lazyloaded\" title=\"ROYAL STONE - natural Stone premium\" src=\"http:\/\/royalstone.com.vn\/wp-content\/uploads\/2023\/11\/linkedin-royalstone.jpg\" alt=\"ROYAL STONE - natural Stone premium\" width=\"30\" height=\"30\" data-lazy-src=\"http:\/\/royalstone.com.vn\/wp-content\/uploads\/2023\/11\/linkedin-royalstone.jpg\" data-ll-status=\"loaded\" data-lazy-=\"\" \/><\/a><\/div>\n<\/div>\n<\/div>","protected":false},"excerpt":{"rendered":"<p>\u0110\u00e1 Marble V\u00e2n G\u1ed7 C\u00e1t l\u00e0 m\u1ed9t lo\u1ea1i \u0111\u00e1 t\u1ef1 nhi\u00ean \u0111\u01b0\u1ee3c h\u00ecnh th\u00e0nh t\u1eeb \u0111\u00e1 v\u00f4i bi\u1ebfn ch\u1ea5t. \u0110\u00e1 c\u00f3 c\u1ea5u t\u1ea1o d\u1ea1ng tinh th\u1ec3, b\u1ec1 m\u1eb7t s\u00e1ng b\u00f3ng, v\u1edbi c\u00e1c \u0111\u01b0\u1eddng v\u00e2n g\u1ed7 t\u1ef1 nhi\u00ean \u0111\u1ed9c \u0111\u00e1o, mang l\u1ea1i v\u1ebb \u0111\u1eb9p sang tr\u1ecdng v\u00e0 tinh t\u1ebf cho kh\u00f4ng gian. \u0110\u00e1 Marble V\u00e2n G\u1ed7&#8230;<\/p>","protected":false},"featured_media":1349,"comment_status":"closed","ping_status":"closed","template":"","meta":{"inline_featured_image":false},"product_cat":[35,41],"product_tag":[],"class_list":{"0":"post-1348","1":"product","2":"type-product","3":"status-publish","4":"has-post-thumbnail","6":"product_cat-da-marble","7":"product_cat-da-marble-van-go","9":"first","10":"instock","11":"shipping-taxable","12":"product-type-simple"},"_links":{"self":[{"href":"https:\/\/royalstone.com.vn\/en\/wp-json\/wp\/v2\/product\/1348","targetHints":{"allow":["GET"]}}],"collection":[{"href":"https:\/\/royalstone.com.vn\/en\/wp-json\/wp\/v2\/product"}],"about":[{"href":"https:\/\/royalstone.com.vn\/en\/wp-json\/wp\/v2\/types\/product"}],"replies":[{"embeddable":true,"href":"https:\/\/royalstone.com.vn\/en\/wp-json\/wp\/v2\/comments?post=1348"}],"wp:featuredmedia":[{"embeddable":true,"href":"https:\/\/royalstone.com.vn\/en\/wp-json\/wp\/v2\/media\/1349"}],"wp:attachment":[{"href":"https:\/\/royalstone.com.vn\/en\/wp-json\/wp\/v2\/media?parent=1348"}],"wp:term":[{"taxonomy":"product_cat","embeddable":true,"href":"https:\/\/royalstone.com.vn\/en\/wp-json\/wp\/v2\/product_cat?post=1348"},{"taxonomy":"product_tag","embeddable":true,"href":"https:\/\/royalstone.com.vn\/en\/wp-json\/wp\/v2\/product_tag?post=1348"}],"curies":[{"name":"wp","href":"https:\/\/api.w.org\/{rel}","templated":true}]}}