{"id":1345,"date":"2023-12-18T09:25:47","date_gmt":"2023-12-18T09:25:47","guid":{"rendered":"http:\/\/royalstone.com.vn\/?post_type=product&#038;p=1345"},"modified":"2023-12-18T09:28:31","modified_gmt":"2023-12-18T09:28:31","slug":"da-marble-van-go-thang","status":"publish","type":"product","link":"https:\/\/royalstone.com.vn\/en\/da-marble-van-go-thang\/","title":{"rendered":"Marble And Wood Straight"},"content":{"rendered":"<p data-sourcepos=\"3:1-3:216\"><a href=\"http:\/\/royalstone.com.vn\/en\/da-marble-van-go-thang\/\"><em><strong>Marble and wood straight<\/strong><\/em><\/a> is a type of natural stone which is formed from the metamorphism of limestone. The rock is characterized by the wood grain running straight in one direction, creating luxury beauty and natural to the space.<\/p>\n<h2 data-sourcepos=\"3:1-3:216\"><strong>Marble and Wood Straight \u2013 elegance for your works from nature<\/strong><\/h2>\n<h3 data-sourcepos=\"5:1-5:42\"><strong>Characteristics of Marble and wood straight<\/strong><\/h3>\n<p data-sourcepos=\"7:1-7:176\"><b><a href=\"https:\/\/royalstone.com.vn\/en\/da-marble-3-cm-san-pham-danh-cho-noi-that\/\">Marble<\/a><\/b> v\u00e2n g\u1ed7 th\u1eb3ng c\u00f3 \u0111\u1eb7c \u0111i\u1ec3m n\u1ed5i b\u1eadt l\u00e0 nh\u1eefng \u0111\u01b0\u1eddng v\u00e2n g\u1ed7 ch\u1ea1y th\u1eb3ng theo m\u1ed9t h\u01b0\u1edbng. \u0110\u01b0\u1eddng v\u00e2n c\u00f3 th\u1ec3 c\u00f3 m\u00e0u s\u1eafc v\u00e0 k\u00edch th\u01b0\u1edbc kh\u00e1c nhau, t\u00f9y thu\u1ed9c v\u00e0o ngu\u1ed3n g\u1ed1c c\u1ee7a \u0111\u00e1.<\/p>\n<p data-sourcepos=\"9:1-9:79\">Ngo\u00e0i ra, <b><a href=\"https:\/\/royalstone.com.vn\/en\/da-marble-mau-kem-ve-dep-dem-lai-su-tuyet-tac\/\">Marble<\/a><\/b> v\u00e2n g\u1ed7 th\u1eb3ng c\u00f2n c\u00f3 nh\u1eefng \u0111\u1eb7c \u0111i\u1ec3m chung c\u1ee7a \u0111\u00e1 Marble nh\u01b0:<\/p>\n<ul data-sourcepos=\"11:1-14:0\">\n<li data-sourcepos=\"11:1-11:28\">High hardness, good bearing.<\/li>\n<li data-sourcepos=\"12:1-12:30\">Varied colors and luxurious.<\/li>\n<li data-sourcepos=\"13:1-14:0\">Glossy surface, easy to clean.<\/li>\n<\/ul>\n<h3 data-sourcepos=\"15:1-15:41\"><strong>Advantages of Marble and wood straight<\/strong><\/h3>\n<p data-sourcepos=\"17:1-17:57\"><b><a href=\"https:\/\/royalstone.com.vn\/en\/da-marble-van-go-ve-dep-doc-dao-cho-khong-gian\/\">\u0110\u00e1 Marble v\u00e2n g\u1ed7<\/a><\/b> th\u1eb3ng c\u00f3 nhi\u1ec1u \u01b0u \u0111i\u1ec3m n\u1ed5i b\u1eadt, bao g\u1ed3m:<\/p>\n<ul data-sourcepos=\"19:1-22:0\">\n<li data-sourcepos=\"19:1-19:193\">Luxury beauty and nature: The wood bring the unique beauty and sophistication for the space. Marble and wood straight fit with many design styles ranging from classic to modern.<\/li>\n<li data-sourcepos=\"20:1-20:120\">Durability: Marble there is high hardness, good bearing. Thanks to this, the stone can be used in long time without being damaged.<\/li>\n<li data-sourcepos=\"21:1-22:0\">Easy to clean: smooth Surface, the ball of rock to help the toilet becomes easy.<\/li>\n<\/ul>\n<figure id=\"attachment_1346\" aria-describedby=\"caption-attachment-1346\" style=\"width: 496px\" class=\"wp-caption alignnone\"><img decoding=\"async\" class=\"wp-image-1346 size-full\" title=\"Marble And Wood Straight\" src=\"http:\/\/royalstone.com.vn\/wp-content\/uploads\/2023\/12\/da-marble-van-go-thang.jpg\" alt=\"Black-marble-van-go-stairs\" width=\"496\" height=\"337\" srcset=\"https:\/\/royalstone.com.vn\/wp-content\/uploads\/2023\/12\/da-marble-van-go-thang.jpg 496w, https:\/\/royalstone.com.vn\/wp-content\/uploads\/2023\/12\/da-marble-van-go-thang-300x204.jpg 300w\" sizes=\"(max-width: 496px) 100vw, 496px\" \/><figcaption id=\"caption-attachment-1346\" class=\"wp-caption-text\">Marble And Wood Straight<\/figcaption><\/figure>\n<h3 data-sourcepos=\"23:1-23:42\"><strong>Application of Marble and wood straight<\/strong><\/h3>\n<p data-sourcepos=\"25:1-25:94\">Marble wood, straight lines are widely used in interior decoration and exterior, including:<\/p>\n<ul data-sourcepos=\"27:1-32:0\">\n<li data-sourcepos=\"27:1-27:112\">Flooring: Marble, wood grain is the perfect option for area flooring, living room, kitchen, bedroom,...<\/li>\n<li data-sourcepos=\"28:1-28:108\">Wall tiles: Marble wood straight help create a focal point for the space, bringing beauty, elegance and sophistication.<\/li>\n<li data-sourcepos=\"29:1-29:87\">Paneled staircase: Marble wood straight helps stairs add the elegance and class.<\/li>\n<li data-sourcepos=\"30:1-30:87\">Tangent kitchen table: Marble and wood straight help desk more clean and easy toilet.<\/li>\n<li data-sourcepos=\"31:1-32:0\">Cladding facades: Marble wood straight help facade more the impression and stand out.<\/li>\n<\/ul>\n<h2 data-sourcepos=\"33:1-33:39\"><strong>How to select Marble wood straight<\/strong><\/h2>\n<p data-sourcepos=\"35:1-35:62\">When options <a href=\"http:\/\/royalstone.com.vn\/en\/da-marble\/\"><em><strong>Marble<\/strong><\/em><\/a> wood straight, should note the following points:<\/p>\n<ul data-sourcepos=\"37:1-40:0\">\n<li data-sourcepos=\"37:1-37:188\">Choose the type of stone has good quality: Marble wood straight there are many different types, depending on the source and quality. Should choose stones of good quality, ensures durability and aesthetics.<\/li>\n<li data-sourcepos=\"38:1-38:180\">Choose the color and size fits space: Marble wood straight has many colors and different sizes. Should choose the color and size match with the space used.<\/li>\n<li data-sourcepos=\"39:1-40:0\">Select units offer credits: Should select units offer reputable, experienced in the field of paving stones.<\/li>\n<\/ul>\n<h2 data-sourcepos=\"51:1-51:39\"><strong>Maintenance of Marble and wood straight how is the best?<\/strong><\/h2>\n<p data-sourcepos=\"53:1-53:84\">To Marble and wood straight always beautiful, durable, need to do the measures of maintenance of the following:<\/p>\n<ul data-sourcepos=\"55:1-58:0\">\n<li data-sourcepos=\"55:1-55:163\">Regular cleaning: Should toilet Marble and wood, often with a soft towel and clean water. Avoid using strong detergents can damage the surface of the stone.<\/li>\n<li data-sourcepos=\"56:1-56:153\">Avoid strong impact: Marble wood straight has high hardness, but can still be cracked if strong impact. Be careful when using Marble and wood straight.<\/li>\n<li data-sourcepos=\"57:1-58:0\">Waterproof: it Should be waterproof for Marble wood straight to avoid being waterproof, causing yellowing and damage.<\/li>\n<\/ul>\n<h3><strong>Contact information Royal Stone \u2013 natural Stone premium<\/strong><\/h3>\n<p><strong>COMPANY LIMITED ROYAL STONE<\/strong><\/p>\n<p>\u260e Hotline: 0963 689 531<\/p>\n<p>\ud83c\udfe0 Office : 283 Tay Mo Ward, Dai Mo ward, Nam tu Liem district, Ha Noi City.<\/p>\n<p>\ud83c\udfe0 Factory: the 10 Yen The town, Luc Yen district, Yen Bai province<\/p>\n<p>\ud83c\udfe0 Warehouse Ha Noi: Lane 24, Dai Mo, tu Liem, Ha Noi (falling edge 4 Van Phuc, Ha Dong)<\/p>\n<p>\ud83c\udf10 Website:\u00a0<a href=\"https:\/\/royalstone.com.vn\/en\/\">www.royalstone.com.vn<\/a><\/p>\n<h3 class=\"ftwp-heading\"><strong>Connect with Royal Stone<\/strong><\/h3>\n<div class=\"textwidget custom-html-widget\">\n<div class=\"textwidget custom-html-widget\">\n<div><a href=\"https:\/\/www.youtube.com\/@royalstone-datunhiencaocap\" target=\"_blank\" rel=\"noopener nofollow\"><img decoding=\"async\" class=\"entered lazyloaded\" title=\"ROYAL STONE - natural Stone premium\" src=\"http:\/\/royalstone.com.vn\/wp-content\/uploads\/2023\/11\/youtube-royalstone.jpg\" alt=\"ROYAL STONE - natural Stone premium\" width=\"30\" height=\"30\" data-lazy-src=\"http:\/\/royalstone.com.vn\/wp-content\/uploads\/2023\/11\/youtube-royalstone.jpg\" data-ll-status=\"loaded\" data-lazy-=\"\" \/><\/a><a href=\"https:\/\/www.facebook.com\/RoyalstoneDaTuNhienCaoCap\" target=\"_blank\" rel=\"noopener nofollow\"><img decoding=\"async\" class=\"entered lazyloaded\" title=\"ROYAL STONE - natural Stone premium\" src=\"http:\/\/royalstone.com.vn\/wp-content\/uploads\/2023\/11\/facebook-royalstone.jpg\" alt=\"ROYAL STONE - natural Stone premium\" width=\"30\" height=\"30\" data-lazy-src=\"http:\/\/royalstone.com.vn\/wp-content\/uploads\/2023\/11\/facebook-royalstone.jpg\" data-ll-status=\"loaded\" data-lazy-=\"\" \/><\/a><a href=\"https:\/\/twitter.com\/royalstonedatn\" target=\"_blank\" rel=\"noopener nofollow\"><img decoding=\"async\" class=\"entered lazyloaded\" title=\"ROYAL STONE - natural Stone premium\" src=\"http:\/\/royalstone.com.vn\/wp-content\/uploads\/2023\/11\/twitter-royalstone.jpg\" alt=\"ROYAL STONE - natural Stone premium\" width=\"30\" height=\"30\" data-lazy-src=\"http:\/\/royalstone.com.vn\/wp-content\/uploads\/2023\/11\/twitter-royalstone.jpg\" data-ll-status=\"loaded\" data-lazy-=\"\" \/><\/a><a href=\"https:\/\/www.pinterest.com\/royalstonedatunhiencaocap\/\" target=\"_blank\" rel=\"noopener nofollow\"><img decoding=\"async\" class=\"entered lazyloaded\" title=\"ROYAL STONE - natural Stone premium\" src=\"http:\/\/royalstone.com.vn\/wp-content\/uploads\/2023\/11\/printerest-royalstone.jpg\" alt=\"ROYAL STONE - natural Stone premium\" width=\"30\" height=\"30\" data-lazy-src=\"http:\/\/royalstone.com.vn\/wp-content\/uploads\/2023\/11\/printerest-royalstone.jpg\" data-ll-status=\"loaded\" data-lazy-=\"\" \/><\/a><a href=\"https:\/\/www.linkedin.com\/in\/royalstone-datunhien\/\" target=\"_blank\" rel=\"noopener nofollow\"><img decoding=\"async\" class=\"entered lazyloaded\" title=\"ROYAL STONE - natural Stone premium\" src=\"http:\/\/royalstone.com.vn\/wp-content\/uploads\/2023\/11\/linkedin-royalstone.jpg\" alt=\"ROYAL STONE - natural Stone premium\" width=\"30\" height=\"30\" data-lazy-src=\"http:\/\/royalstone.com.vn\/wp-content\/uploads\/2023\/11\/linkedin-royalstone.jpg\" data-ll-status=\"loaded\" data-lazy-=\"\" \/><\/a><\/div>\n<\/div>\n<\/div>","protected":false},"excerpt":{"rendered":"<p>\u0110\u00e1 Marble v\u00e2n g\u1ed7 th\u1eb3ng l\u00e0 m\u1ed9t lo\u1ea1i \u0111\u00e1 t\u1ef1 nhi\u00ean \u0111\u01b0\u1ee3c h\u00ecnh th\u00e0nh t\u1eeb qu\u00e1 tr\u00ecnh bi\u1ebfn ch\u1ea5t c\u1ee7a \u0111\u00e1 v\u00f4i. \u0110\u00e1 c\u00f3 \u0111\u1eb7c tr\u01b0ng l\u00e0 nh\u1eefng \u0111\u01b0\u1eddng v\u00e2n g\u1ed7 ch\u1ea1y th\u1eb3ng theo m\u1ed9t h\u01b0\u1edbng, t\u1ea1o n\u00ean v\u1ebb \u0111\u1eb9p sang tr\u1ecdng v\u00e0 t\u1ef1 nhi\u00ean cho kh\u00f4ng gian. \u0110\u00e1 Marble V\u00e2n G\u1ed7 Th\u1eb3ng &#8211; V\u1ebb&#8230;<\/p>","protected":false},"featured_media":1346,"comment_status":"closed","ping_status":"closed","template":"","meta":{"inline_featured_image":false},"product_cat":[35,41],"product_tag":[],"class_list":{"0":"post-1345","1":"product","2":"type-product","3":"status-publish","4":"has-post-thumbnail","6":"product_cat-da-marble","7":"product_cat-da-marble-van-go","9":"first","10":"instock","11":"shipping-taxable","12":"product-type-simple"},"_links":{"self":[{"href":"https:\/\/royalstone.com.vn\/en\/wp-json\/wp\/v2\/product\/1345","targetHints":{"allow":["GET"]}}],"collection":[{"href":"https:\/\/royalstone.com.vn\/en\/wp-json\/wp\/v2\/product"}],"about":[{"href":"https:\/\/royalstone.com.vn\/en\/wp-json\/wp\/v2\/types\/product"}],"replies":[{"embeddable":true,"href":"https:\/\/royalstone.com.vn\/en\/wp-json\/wp\/v2\/comments?post=1345"}],"wp:featuredmedia":[{"embeddable":true,"href":"https:\/\/royalstone.com.vn\/en\/wp-json\/wp\/v2\/media\/1346"}],"wp:attachment":[{"href":"https:\/\/royalstone.com.vn\/en\/wp-json\/wp\/v2\/media?parent=1345"}],"wp:term":[{"taxonomy":"product_cat","embeddable":true,"href":"https:\/\/royalstone.com.vn\/en\/wp-json\/wp\/v2\/product_cat?post=1345"},{"taxonomy":"product_tag","embeddable":true,"href":"https:\/\/royalstone.com.vn\/en\/wp-json\/wp\/v2\/product_tag?post=1345"}],"curies":[{"name":"wp","href":"https:\/\/api.w.org\/{rel}","templated":true}]}}