{"id":1342,"date":"2023-12-18T09:19:47","date_gmt":"2023-12-18T09:19:47","guid":{"rendered":"http:\/\/royalstone.com.vn\/?post_type=product&#038;p=1342"},"modified":"2023-12-18T09:22:24","modified_gmt":"2023-12-18T09:22:24","slug":"da-marble-van-go-xam","status":"publish","type":"product","link":"https:\/\/royalstone.com.vn\/en\/da-marble-van-go-xam\/","title":{"rendered":"Marble Wood Grey"},"content":{"rendered":"<p data-sourcepos=\"5:1-5:230\"><a href=\"http:\/\/royalstone.com.vn\/en\/da-marble-van-go-xam\/\"><em><strong>Marble wood grey<\/strong><\/em><\/a> is a kind of natural stone, the marble, formed by metamorphism of limestone. Stone grey dominant, combined with the natural wood, to create beauty, elegance, sophistication to every project.<\/p>\n<p data-sourcepos=\"7:1-7:214\"><b><a href=\"https:\/\/royalstone.com.vn\/en\/da-marble-3-cm-san-pham-danh-cho-noi-that\/\">Marble<\/a><\/b> wood grey are derived from many countries around the world, in which the most famous is the rocks come from Italy, China, Brazil,... In Vietnam <b><a href=\"https:\/\/royalstone.com.vn\/en\/da-marble-mau-kem-ve-dep-dem-lai-su-tuyet-tac\/\">Marble<\/a><\/b> wood grey also is mined and used in common.<\/p>\n<h2 data-sourcepos=\"7:1-7:214\"><strong>Marble Wood Grey \u2013 beauty, elegance, sophistication shown exceptional level<\/strong><\/h2>\n<h3 data-sourcepos=\"9:1-9:40\"><strong>Characteristics of Marble wood grey<\/strong><\/h3>\n<p data-sourcepos=\"11:1-11:51\"><b><a href=\"https:\/\/royalstone.com.vn\/en\/da-marble-van-go-ve-dep-doc-dao-cho-khong-gian\/\">\u0110\u00e1 Marble v\u00e2n g\u1ed7<\/a><\/b> x\u00e1m c\u00f3 nh\u1eefng \u0111\u1eb7c \u0111i\u1ec3m n\u1ed5i b\u1eadt sau:<\/p>\n<ul data-sourcepos=\"13:1-16:0\">\n<li data-sourcepos=\"13:1-13:153\">Color: gray as the main color of the Marble wood grey. Gray brings beauty, elegance, sophistication, suitable for many styles different designs.<\/li>\n<li data-sourcepos=\"14:1-14:168\">The van: The wood grain of the Marble wood grey brings natural beauty, unique to soccer. The van could be the van, straight path so twisted ridges winding,...<\/li>\n<li data-sourcepos=\"15:1-16:0\">Texture: Marble wood grey texture fine-grained, evenly. This helps for stone is durable, waterproof, anti-scratch good.<\/li>\n<\/ul>\n<figure id=\"attachment_1343\" aria-describedby=\"caption-attachment-1343\" style=\"width: 497px\" class=\"wp-caption aligncenter\"><img decoding=\"async\" class=\"wp-image-1343 size-full\" title=\"Marble Wood Grey\" src=\"http:\/\/royalstone.com.vn\/wp-content\/uploads\/2023\/12\/da-marble-van-go-xam.jpg\" alt=\"Black-marble-van-go-black\" width=\"497\" height=\"338\" srcset=\"https:\/\/royalstone.com.vn\/wp-content\/uploads\/2023\/12\/da-marble-van-go-xam.jpg 497w, https:\/\/royalstone.com.vn\/wp-content\/uploads\/2023\/12\/da-marble-van-go-xam-300x204.jpg 300w\" sizes=\"(max-width: 497px) 100vw, 497px\" \/><figcaption id=\"caption-attachment-1343\" class=\"wp-caption-text\">Marble Wood Grey<\/figcaption><\/figure>\n<h3 data-sourcepos=\"17:1-17:40\"><strong>Application of Marble wood grey<\/strong><\/h3>\n<p data-sourcepos=\"19:1-19:85\"><a href=\"http:\/\/royalstone.com.vn\/en\/da-marble\/\"><em><strong>Marble <\/strong><\/em><\/a>wood gray is widely used in many construction items, including:<\/p>\n<ul data-sourcepos=\"21:1-26:0\">\n<li data-sourcepos=\"21:1-21:149\">Tiling floor: Marble wood grey is the perfect choice for areas, floors, stairs, lobby,... Stone help create a space of luxury, class.<\/li>\n<li data-sourcepos=\"22:1-22:114\">Tiling wall: Marble wood grey also be used to tiling wall and create accents for the interior space.<\/li>\n<li data-sourcepos=\"23:1-23:130\">Tiling kitchen: Marble wood grey has good heat resistance, waterproof, anti-fouling,... so it is very suitable for tiling kitchen.<\/li>\n<li data-sourcepos=\"24:1-24:116\">Tiling <b><a href=\"https:\/\/royalstone.com.vn\/en\/ban-an-net-dep-sang-trong-cho-khong-gian-bep\/\">b\u00e0n \u0103n<\/a><\/b>: \u0110\u00e1 Marble v\u00e2n g\u1ed7 x\u00e1m mang \u0111\u1ebfn v\u1ebb \u0111\u1eb9p sang tr\u1ecdng, tinh t\u1ebf cho b\u00e0n \u0103n, t\u1ea1o n\u00ean b\u1eefa \u0103n ngon mi\u1ec7ng h\u01a1n.<\/li>\n<li data-sourcepos=\"25:1-26:0\">Tiling <b><a href=\"https:\/\/royalstone.com.vn\/en\/lavabo-rua-mat-bang-da-ua-chuong-nhat-hien-nay\/\">lavabo<\/a><\/b>: Marble wood grey helps to create accents for faucet brings elegance and class to the bathroom space.<\/li>\n<\/ul>\n<h2 data-sourcepos=\"35:1-35:42\"><strong>How to maintain Marble wood grey help prolong the life<\/strong><\/h2>\n<p data-sourcepos=\"37:1-37:142\">To Marble wood grey always durable and beautiful over time, attention should be paid maintenance stone the right way. Here are a number of ways maintenance Marble wood grey that experts recommend:<\/p>\n<ul data-sourcepos=\"39:1-43:0\">\n<li data-sourcepos=\"39:1-39:47\">Regularly clean stones with a soft towel, clean.<\/li>\n<li data-sourcepos=\"40:1-40:49\">Avoid to exposed rock with strong detergents, chemicals<\/li>\n<li data-sourcepos=\"41:1-41:55\">Not to rock the direct contact with the sun.<\/li>\n<li data-sourcepos=\"42:1-43:0\">When cleaning the stone, it should use the solution to wipe down dedicated for Marble.<\/li>\n<\/ul>\n<h3><strong>Contact information Royal Stone \u2013 natural Stone premium<\/strong><\/h3>\n<p><strong>COMPANY LIMITED ROYAL STONE<\/strong><\/p>\n<p>\u260e Hotline: 0963 689 531<\/p>\n<p>\ud83c\udfe0 Office : 283 Tay Mo Ward, Dai Mo ward, Nam tu Liem district, Ha Noi City.<\/p>\n<p>\ud83c\udfe0 Factory: the 10 Yen The town, Luc Yen district, Yen Bai province<\/p>\n<p>\ud83c\udfe0 Warehouse Ha Noi: Lane 24, Dai Mo, tu Liem, Ha Noi (falling edge 4 Van Phuc, Ha Dong)<\/p>\n<p>\ud83c\udf10 Website:\u00a0<a href=\"https:\/\/royalstone.com.vn\/en\/\">www.royalstone.com.vn<\/a><\/p>\n<h3 class=\"ftwp-heading\"><strong>Connect with Royal Stone<\/strong><\/h3>\n<div class=\"textwidget custom-html-widget\">\n<div class=\"textwidget custom-html-widget\">\n<div><a href=\"https:\/\/www.youtube.com\/@royalstone-datunhiencaocap\" target=\"_blank\" rel=\"noopener nofollow\"><img decoding=\"async\" class=\"entered lazyloaded\" title=\"ROYAL STONE - natural Stone premium\" src=\"http:\/\/royalstone.com.vn\/wp-content\/uploads\/2023\/11\/youtube-royalstone.jpg\" alt=\"ROYAL STONE - natural Stone premium\" width=\"30\" height=\"30\" data-lazy-src=\"http:\/\/royalstone.com.vn\/wp-content\/uploads\/2023\/11\/youtube-royalstone.jpg\" data-ll-status=\"loaded\" data-lazy-=\"\" \/><\/a><a href=\"https:\/\/www.facebook.com\/RoyalstoneDaTuNhienCaoCap\" target=\"_blank\" rel=\"noopener nofollow\"><img decoding=\"async\" class=\"entered lazyloaded\" title=\"ROYAL STONE - natural Stone premium\" src=\"http:\/\/royalstone.com.vn\/wp-content\/uploads\/2023\/11\/facebook-royalstone.jpg\" alt=\"ROYAL STONE - natural Stone premium\" width=\"30\" height=\"30\" data-lazy-src=\"http:\/\/royalstone.com.vn\/wp-content\/uploads\/2023\/11\/facebook-royalstone.jpg\" data-ll-status=\"loaded\" data-lazy-=\"\" \/><\/a><a href=\"https:\/\/twitter.com\/royalstonedatn\" target=\"_blank\" rel=\"noopener nofollow\"><img decoding=\"async\" class=\"entered lazyloaded\" title=\"ROYAL STONE - natural Stone premium\" src=\"http:\/\/royalstone.com.vn\/wp-content\/uploads\/2023\/11\/twitter-royalstone.jpg\" alt=\"ROYAL STONE - natural Stone premium\" width=\"30\" height=\"30\" data-lazy-src=\"http:\/\/royalstone.com.vn\/wp-content\/uploads\/2023\/11\/twitter-royalstone.jpg\" data-ll-status=\"loaded\" data-lazy-=\"\" \/><\/a><a href=\"https:\/\/www.pinterest.com\/royalstonedatunhiencaocap\/\" target=\"_blank\" rel=\"noopener nofollow\"><img decoding=\"async\" class=\"entered lazyloaded\" title=\"ROYAL STONE - natural Stone premium\" src=\"http:\/\/royalstone.com.vn\/wp-content\/uploads\/2023\/11\/printerest-royalstone.jpg\" alt=\"ROYAL STONE - natural Stone premium\" width=\"30\" height=\"30\" data-lazy-src=\"http:\/\/royalstone.com.vn\/wp-content\/uploads\/2023\/11\/printerest-royalstone.jpg\" data-ll-status=\"loaded\" data-lazy-=\"\" \/><\/a><a href=\"https:\/\/www.linkedin.com\/in\/royalstone-datunhien\/\" target=\"_blank\" rel=\"noopener nofollow\"><img decoding=\"async\" class=\"entered lazyloaded\" title=\"ROYAL STONE - natural Stone premium\" src=\"http:\/\/royalstone.com.vn\/wp-content\/uploads\/2023\/11\/linkedin-royalstone.jpg\" alt=\"ROYAL STONE - natural Stone premium\" width=\"30\" height=\"30\" data-lazy-src=\"http:\/\/royalstone.com.vn\/wp-content\/uploads\/2023\/11\/linkedin-royalstone.jpg\" data-ll-status=\"loaded\" data-lazy-=\"\" \/><\/a><\/div>\n<\/div>\n<\/div>","protected":false},"excerpt":{"rendered":"<p>\u0110\u00e1 Marble v\u00e2n g\u1ed7 x\u00e1m l\u00e0 m\u1ed9t lo\u1ea1i \u0111\u00e1 t\u1ef1 nhi\u00ean thu\u1ed9c d\u00f2ng \u0111\u00e1 c\u1ea9m th\u1ea1ch, \u0111\u01b0\u1ee3c h\u00ecnh th\u00e0nh do s\u1ef1 bi\u1ebfn ch\u1ea5t c\u1ee7a \u0111\u00e1 v\u00f4i. \u0110\u00e1 c\u00f3 m\u00e0u x\u00e1m ch\u1ee7 \u0111\u1ea1o, k\u1ebft h\u1ee3p v\u1edbi c\u00e1c \u0111\u01b0\u1eddng v\u00e2n g\u1ed7 t\u1ef1 nhi\u00ean, t\u1ea1o n\u00ean v\u1ebb \u0111\u1eb9p sang tr\u1ecdng, tinh t\u1ebf cho m\u1ecdi c\u00f4ng tr\u00ecnh. \u0110\u00e1 Marble&#8230;<\/p>","protected":false},"featured_media":1343,"comment_status":"closed","ping_status":"closed","template":"","meta":{"inline_featured_image":false},"product_cat":[35,41],"product_tag":[],"class_list":{"0":"post-1342","1":"product","2":"type-product","3":"status-publish","4":"has-post-thumbnail","6":"product_cat-da-marble","7":"product_cat-da-marble-van-go","9":"first","10":"instock","11":"shipping-taxable","12":"product-type-simple"},"_links":{"self":[{"href":"https:\/\/royalstone.com.vn\/en\/wp-json\/wp\/v2\/product\/1342","targetHints":{"allow":["GET"]}}],"collection":[{"href":"https:\/\/royalstone.com.vn\/en\/wp-json\/wp\/v2\/product"}],"about":[{"href":"https:\/\/royalstone.com.vn\/en\/wp-json\/wp\/v2\/types\/product"}],"replies":[{"embeddable":true,"href":"https:\/\/royalstone.com.vn\/en\/wp-json\/wp\/v2\/comments?post=1342"}],"wp:featuredmedia":[{"embeddable":true,"href":"https:\/\/royalstone.com.vn\/en\/wp-json\/wp\/v2\/media\/1343"}],"wp:attachment":[{"href":"https:\/\/royalstone.com.vn\/en\/wp-json\/wp\/v2\/media?parent=1342"}],"wp:term":[{"taxonomy":"product_cat","embeddable":true,"href":"https:\/\/royalstone.com.vn\/en\/wp-json\/wp\/v2\/product_cat?post=1342"},{"taxonomy":"product_tag","embeddable":true,"href":"https:\/\/royalstone.com.vn\/en\/wp-json\/wp\/v2\/product_tag?post=1342"}],"curies":[{"name":"wp","href":"https:\/\/api.w.org\/{rel}","templated":true}]}}