{"id":1340,"date":"2023-12-18T09:11:09","date_gmt":"2023-12-18T09:11:09","guid":{"rendered":"http:\/\/royalstone.com.vn\/?post_type=product&#038;p=1340"},"modified":"2023-12-18T09:12:01","modified_gmt":"2023-12-18T09:12:01","slug":"da-marble-van-go-cheo","status":"publish","type":"product","link":"https:\/\/royalstone.com.vn\/en\/da-marble-van-go-cheo\/","title":{"rendered":"Marble And Wood Cross"},"content":{"rendered":"<p data-sourcepos=\"5:1-5:197\"><a href=\"http:\/\/royalstone.com.vn\/en\/da-marble-van-go-cheo\/\"><em><strong>Marble and wood cross<\/strong><\/em><\/a> is a kind of natural marble sourced from Italy. These rocks are characterized by a yellowish color with the wood cross a dark brown color, create unique beauty and elegance.<\/p>\n<p data-sourcepos=\"7:1-7:305\"><b><a href=\"https:\/\/royalstone.com.vn\/en\/da-marble-3-cm-san-pham-danh-cho-noi-that\/\">Marble<\/a><\/b> v\u00e2n g\u1ed7 ch\u00e9o \u0111\u01b0\u1ee3c khai th\u00e1c t\u1eeb c\u00e1c m\u1ecf \u0111\u00e1 t\u1ef1 nhi\u00ean \u1edf \u00dd. Sau khi khai th\u00e1c, \u0111\u00e1 \u0111\u01b0\u1ee3c c\u1eaft, x\u1ebb v\u00e0 gia c\u00f4ng th\u00e0nh c\u00e1c t\u1ea5m \u0111\u00e1 c\u00f3 k\u00edch th\u01b0\u1edbc v\u00e0 \u0111\u1ed9 d\u00e0y kh\u00e1c nhau. <b><a href=\"https:\/\/royalstone.com.vn\/en\/da-marble-van-go-ve-dep-doc-dao-cho-khong-gian\/\">\u0110\u00e1 Marble v\u00e2n g\u1ed7<\/a><\/b> ch\u00e9o \u0111\u01b0\u1ee3c s\u1eed d\u1ee5ng r\u1ed9ng r\u00e3i trong trang tr\u00ed n\u1ed9i th\u1ea5t, \u0111\u1eb7c bi\u1ec7t l\u00e0 c\u00e1c h\u1ea1ng m\u1ee5c nh\u01b0 \u1ed1p t\u01b0\u1eddng, \u1ed1p c\u1ea7u thang, b\u00e0n b\u1ebfp, <b><a href=\"https:\/\/royalstone.com.vn\/en\/ban-an-net-dep-sang-trong-cho-khong-gian-bep\/\">b\u00e0n \u0103n<\/a><\/b>,&#8230;<\/p>\n<h2 data-sourcepos=\"7:1-7:305\"><strong>Marble and Wood Cross \u2013 natural beauty, chic<\/strong><\/h2>\n<h3 data-sourcepos=\"9:1-9:41\"><strong>Characteristics of Marble and wood cross<\/strong><\/h3>\n<p data-sourcepos=\"11:1-11:52\">Marble and wood cross has the following highlights:<\/p>\n<ul data-sourcepos=\"13:1-16:0\">\n<li data-sourcepos=\"13:1-13:169\"><strong>Color:<\/strong>\u00a0Marble and wood cross has a pale yellow color to the wood cross a dark brown color. The color of the rocks that make up the natural beauty, elegance and warmth to the space.<\/li>\n<li data-sourcepos=\"14:1-14:138\"><strong>Texture:<\/strong>\u00a0Marble and wood cross has a crystal structure with high hardness. This stone has the ability to load-bearing, heat-resistant and waterproof good.<\/li>\n<li data-sourcepos=\"15:1-16:0\"><strong>Gloss:<\/strong>\u00a0Marble and wood cross has a high Polish, make up beauty, elegance and class to the space.<\/li>\n<\/ul>\n<h3 data-sourcepos=\"17:1-17:40\"><strong>Advantages of Marble and wood cross<\/strong><\/h3>\n<p data-sourcepos=\"19:1-19:51\">Marble and wood cross has the outstanding advantages below:<\/p>\n<ul data-sourcepos=\"21:1-24:0\">\n<li data-sourcepos=\"21:1-21:150\"><strong>Natural beauty, luxury:<\/strong>\u00a0Marble and wood cross has the colors and lines so unique, creating beauty, natural elegance and warmth to the space.<\/li>\n<li data-sourcepos=\"22:1-22:214\"><strong>Bearing capacity, heat resistant and waterproof good:<\/strong>\u00a0Marble and wood cross has a crystal structure with high hardness. This stone has the ability to load-bearing, heat-resistant and waterproof, good match with many items to use.<\/li>\n<li data-sourcepos=\"23:1-24:0\"><strong>Easy cleaning and maintenance:<\/strong>\u00a0Marble and wood cross has the glossy surface, easy cleaning and maintenance.<\/li>\n<\/ul>\n<figure id=\"attachment_1341\" aria-describedby=\"caption-attachment-1341\" style=\"width: 474px\" class=\"wp-caption aligncenter\"><img decoding=\"async\" class=\"wp-image-1341 size-full\" title=\"Marble And Wood Cross\" src=\"http:\/\/royalstone.com.vn\/wp-content\/uploads\/2023\/12\/da-marble-van-go-cheo.jpg\" alt=\"Black-marble-van-go-cheo\" width=\"474\" height=\"340\" srcset=\"https:\/\/royalstone.com.vn\/wp-content\/uploads\/2023\/12\/da-marble-van-go-cheo.jpg 474w, https:\/\/royalstone.com.vn\/wp-content\/uploads\/2023\/12\/da-marble-van-go-cheo-300x215.jpg 300w\" sizes=\"(max-width: 474px) 100vw, 474px\" \/><figcaption id=\"caption-attachment-1341\" class=\"wp-caption-text\">Marble And Wood Cross<\/figcaption><\/figure>\n<h2 data-sourcepos=\"25:1-25:41\"><strong>Application of Marble and wood cross<\/strong><\/h2>\n<p data-sourcepos=\"27:1-27:99\"><a href=\"http:\/\/royalstone.com.vn\/en\/da-marble\/\"><em><strong>Marble<\/strong><\/em><\/a> wood cross are widely used in interior decoration, especially items such as:<\/p>\n<ul data-sourcepos=\"29:1-33:0\">\n<li data-sourcepos=\"29:1-29:161\"><strong>Wall cladding:<\/strong>\u00a0Marble and wood cross can be used for wall cladding, living room, kitchen, bedroom,... create beauty, elegance and class to the space.<\/li>\n<li data-sourcepos=\"30:1-30:104\"><strong>Tangent of the stairs:<\/strong>\u00a0Marble and wood cross has high hardness, good anti-slip, suitable for cladding stairs.<\/li>\n<li data-sourcepos=\"31:1-31:112\"><strong>Table, kitchen dining table:<\/strong>\u00a0Marble and wood cross has high hardness, good waterproof, suitable for making kitchen countertops, dining table.<\/li>\n<li data-sourcepos=\"32:1-33:0\"><strong>Other interior decoration:<\/strong>\u00a0Marble and wood cross are also used to decorate items other furniture as kitchen island, side table <b><a href=\"https:\/\/royalstone.com.vn\/en\/lavabo-rua-mat-bang-da-ua-chuong-nhat-hien-nay\/\">lavabo<\/a><\/b>,&#8230;<\/li>\n<\/ul>\n<h2 data-sourcepos=\"34:1-34:42\"><strong>Choosing to buy Marble and wood cross<\/strong><\/h2>\n<p data-sourcepos=\"36:1-36:61\">When buying Marble and wood cross, should note the following points:<\/p>\n<ul data-sourcepos=\"38:1-41:0\">\n<li data-sourcepos=\"38:1-38:92\"><strong>Color:<\/strong>\u00a0Should choose the stone has color matching style interior design of the house.<\/li>\n<li data-sourcepos=\"39:1-39:88\"><strong>Size:<\/strong>\u00a0Should choose stones of suitable size with area and space use.<\/li>\n<li data-sourcepos=\"40:1-41:0\"><strong>Quality:<\/strong>\u00a0Should choose stones of good quality, ensures durability and aesthetics.<\/li>\n<\/ul>\n<p data-sourcepos=\"48:1-48:309\">Marble and wood cross is a type of natural stone has natural beauty, luxury and endless application possibilities. These rocks are consistent with many items used in home decor. When buying Marble and wood cross, to note the points above to ensure buy quality products and suit the needs of use.<\/p>\n<h3><strong>Contact information Royal Stone \u2013 natural Stone premium<\/strong><\/h3>\n<p><strong>COMPANY LIMITED ROYAL STONE<\/strong><\/p>\n<p>\u260e Hotline: 0963 689 531<\/p>\n<p>\ud83c\udfe0 Office : 283 Tay Mo Ward, Dai Mo ward, Nam tu Liem district, Ha Noi City.<\/p>\n<p>\ud83c\udfe0 Factory: the 10 Yen The town, Luc Yen district, Yen Bai province<\/p>\n<p>\ud83c\udfe0 Warehouse Ha Noi: Lane 24, Dai Mo, tu Liem, Ha Noi (falling edge 4 Van Phuc, Ha Dong)<\/p>\n<p>\ud83c\udf10 Website:\u00a0<a href=\"https:\/\/royalstone.com.vn\/en\/\">www.royalstone.com.vn<\/a><\/p>\n<h3 class=\"ftwp-heading\"><strong>Connect with Royal Stone<\/strong><\/h3>\n<div class=\"textwidget custom-html-widget\">\n<div class=\"textwidget custom-html-widget\">\n<div><a href=\"https:\/\/www.youtube.com\/@royalstone-datunhiencaocap\" target=\"_blank\" rel=\"noopener nofollow\"><img decoding=\"async\" class=\"entered lazyloaded\" title=\"ROYAL STONE - natural Stone premium\" src=\"http:\/\/royalstone.com.vn\/wp-content\/uploads\/2023\/11\/youtube-royalstone.jpg\" alt=\"ROYAL STONE - natural Stone premium\" width=\"30\" height=\"30\" data-lazy-src=\"http:\/\/royalstone.com.vn\/wp-content\/uploads\/2023\/11\/youtube-royalstone.jpg\" data-ll-status=\"loaded\" data-lazy-=\"\" \/><\/a><a href=\"https:\/\/www.facebook.com\/RoyalstoneDaTuNhienCaoCap\" target=\"_blank\" rel=\"noopener nofollow\"><img decoding=\"async\" class=\"entered lazyloaded\" title=\"ROYAL STONE - natural Stone premium\" src=\"http:\/\/royalstone.com.vn\/wp-content\/uploads\/2023\/11\/facebook-royalstone.jpg\" alt=\"ROYAL STONE - natural Stone premium\" width=\"30\" height=\"30\" data-lazy-src=\"http:\/\/royalstone.com.vn\/wp-content\/uploads\/2023\/11\/facebook-royalstone.jpg\" data-ll-status=\"loaded\" data-lazy-=\"\" \/><\/a><a href=\"https:\/\/twitter.com\/royalstonedatn\" target=\"_blank\" rel=\"noopener nofollow\"><img decoding=\"async\" class=\"entered lazyloaded\" title=\"ROYAL STONE - natural Stone premium\" src=\"http:\/\/royalstone.com.vn\/wp-content\/uploads\/2023\/11\/twitter-royalstone.jpg\" alt=\"ROYAL STONE - natural Stone premium\" width=\"30\" height=\"30\" data-lazy-src=\"http:\/\/royalstone.com.vn\/wp-content\/uploads\/2023\/11\/twitter-royalstone.jpg\" data-ll-status=\"loaded\" data-lazy-=\"\" \/><\/a><a href=\"https:\/\/www.pinterest.com\/royalstonedatunhiencaocap\/\" target=\"_blank\" rel=\"noopener nofollow\"><img decoding=\"async\" class=\"entered lazyloaded\" title=\"ROYAL STONE - natural Stone premium\" src=\"http:\/\/royalstone.com.vn\/wp-content\/uploads\/2023\/11\/printerest-royalstone.jpg\" alt=\"ROYAL STONE - natural Stone premium\" width=\"30\" height=\"30\" data-lazy-src=\"http:\/\/royalstone.com.vn\/wp-content\/uploads\/2023\/11\/printerest-royalstone.jpg\" data-ll-status=\"loaded\" data-lazy-=\"\" \/><\/a><a href=\"https:\/\/www.linkedin.com\/in\/royalstone-datunhien\/\" target=\"_blank\" rel=\"noopener nofollow\"><img decoding=\"async\" class=\"entered lazyloaded\" title=\"ROYAL STONE - natural Stone premium\" src=\"http:\/\/royalstone.com.vn\/wp-content\/uploads\/2023\/11\/linkedin-royalstone.jpg\" alt=\"ROYAL STONE - natural Stone premium\" width=\"30\" height=\"30\" data-lazy-src=\"http:\/\/royalstone.com.vn\/wp-content\/uploads\/2023\/11\/linkedin-royalstone.jpg\" data-ll-status=\"loaded\" data-lazy-=\"\" \/><\/a><\/div>\n<\/div>\n<\/div>","protected":false},"excerpt":{"rendered":"<p>\u0110\u00e1 Marble v\u00e2n g\u1ed7 ch\u00e9o l\u00e0 m\u1ed9t lo\u1ea1i \u0111\u00e1 c\u1ea9m th\u1ea1ch t\u1ef1 nhi\u00ean c\u00f3 ngu\u1ed3n g\u1ed1c t\u1eeb \u00dd. Lo\u1ea1i \u0111\u00e1 n\u00e0y c\u00f3 \u0111\u1eb7c tr\u01b0ng l\u00e0 m\u00e0u s\u1eafc v\u00e0ng nh\u1ea1t v\u1edbi c\u00e1c \u0111\u01b0\u1eddng v\u00e2n g\u1ed7 ch\u00e9o m\u00e0u n\u00e2u \u0111\u1eadm, t\u1ea1o n\u00ean v\u1ebb \u0111\u1eb9p \u0111\u1ed9c \u0111\u00e1o v\u00e0 sang tr\u1ecdng. \u0110\u00e1 Marble v\u00e2n g\u1ed7 ch\u00e9o \u0111\u01b0\u1ee3c khai th\u00e1c&#8230;<\/p>","protected":false},"featured_media":1341,"comment_status":"closed","ping_status":"closed","template":"","meta":{"inline_featured_image":false},"product_cat":[35,41],"product_tag":[],"class_list":{"0":"post-1340","1":"product","2":"type-product","3":"status-publish","4":"has-post-thumbnail","6":"product_cat-da-marble","7":"product_cat-da-marble-van-go","9":"first","10":"instock","11":"shipping-taxable","12":"product-type-simple"},"_links":{"self":[{"href":"https:\/\/royalstone.com.vn\/en\/wp-json\/wp\/v2\/product\/1340","targetHints":{"allow":["GET"]}}],"collection":[{"href":"https:\/\/royalstone.com.vn\/en\/wp-json\/wp\/v2\/product"}],"about":[{"href":"https:\/\/royalstone.com.vn\/en\/wp-json\/wp\/v2\/types\/product"}],"replies":[{"embeddable":true,"href":"https:\/\/royalstone.com.vn\/en\/wp-json\/wp\/v2\/comments?post=1340"}],"wp:featuredmedia":[{"embeddable":true,"href":"https:\/\/royalstone.com.vn\/en\/wp-json\/wp\/v2\/media\/1341"}],"wp:attachment":[{"href":"https:\/\/royalstone.com.vn\/en\/wp-json\/wp\/v2\/media?parent=1340"}],"wp:term":[{"taxonomy":"product_cat","embeddable":true,"href":"https:\/\/royalstone.com.vn\/en\/wp-json\/wp\/v2\/product_cat?post=1340"},{"taxonomy":"product_tag","embeddable":true,"href":"https:\/\/royalstone.com.vn\/en\/wp-json\/wp\/v2\/product_tag?post=1340"}],"curies":[{"name":"wp","href":"https:\/\/api.w.org\/{rel}","templated":true}]}}