{"id":1338,"date":"2023-12-18T09:03:59","date_gmt":"2023-12-18T09:03:59","guid":{"rendered":"http:\/\/royalstone.com.vn\/?post_type=product&#038;p=1338"},"modified":"2023-12-18T09:05:41","modified_gmt":"2023-12-18T09:05:41","slug":"da-marble-van-go-y-den-nau","status":"publish","type":"product","link":"https:\/\/royalstone.com.vn\/en\/da-marble-van-go-y-den-nau\/","title":{"rendered":"Marble, Wood Grain, Italian Black Brown"},"content":{"rendered":"<p data-sourcepos=\"5:1-5:212\"><a href=\"http:\/\/royalstone.com.vn\/en\/da-marble-van-go-y-den-nau\/\"><em><strong>Marble, Wood Grain, Italian Black Brown<\/strong><\/em><\/a> is a kind of natural marble sourced from Italy. This stone is formed from the metamorphism of limestone, contains minerals make the wood unique and impressive.<\/p>\n<p data-sourcepos=\"7:1-7:198\"><b><a href=\"https:\/\/royalstone.com.vn\/en\/da-marble-3-cm-san-pham-danh-cho-noi-that\/\">Marble<\/a><\/b> Wood, Italian, and Brown are the predominant color is brown, with the wood color, light yellow, white, gray,... interwoven with a delicate, creating elegance and class to the living space.<\/p>\n<h2 data-sourcepos=\"7:1-7:198\"><strong>Marble, Wood grain, Italian Black Brown: beauty, elegance, class for modern living space class<\/strong><\/h2>\n<h3 data-sourcepos=\"9:1-9:42\"><strong>Advantages of Marble, Wood grain, Italian Black Brown<\/strong><\/h3>\n<p data-sourcepos=\"11:1-11:56\"><b><a href=\"https:\/\/royalstone.com.vn\/en\/da-marble-van-go-ve-dep-doc-dao-cho-khong-gian\/\">Marble And Wood<\/a><\/b> \u00dd \u0110en N\u00e2u c\u00f3 nh\u1eefng \u01b0u \u0111i\u1ec3m n\u1ed5i b\u1eadt kh\u00f4ng th\u1ec3 nh\u1ea7m l\u1eabn v\u1edbi c\u00e1c <b><a href=\"https:\/\/royalstone.com.vn\/en\/da-ban-bep-hien-dai-cho-khong-gian-bep-cua-ban\/\">s\u1ea3n ph\u1ea9m kh\u00e1c<\/a><\/b> nh\u01b0 sau:<\/p>\n<ul data-sourcepos=\"13:1-17:0\">\n<li data-sourcepos=\"13:1-13:156\"><strong>Beauty, elegance, class:<\/strong>\u00a0V\u1edbi m\u00e0u s\u1eafc v\u00e0 \u0111\u01b0\u1eddng v\u00e2n g\u1ed7 \u0111\u1ed9c \u0111\u00e1o, <b><a href=\"https:\/\/royalstone.com.vn\/en\/da-marble-vang-net-dep-sang-trong-cho-khong-gian\/\">Marble<\/a><\/b> V\u00e2n G\u1ed7 \u00dd \u0110en N\u00e2u mang \u0111\u1ebfn v\u1ebb \u0111\u1eb9p sang tr\u1ecdng, \u0111\u1eb3ng c\u1ea5p cho kh\u00f4ng gian s\u1ed1ng.<\/li>\n<li data-sourcepos=\"14:1-14:147\"><strong>Durability:<\/strong>\u00a0Marble, Wood grain, Italian Black Brown high strength, can withstand the impact force strong, no warping, cracks in the process of use.<\/li>\n<li data-sourcepos=\"15:1-15:155\"><strong>The ability to waterproof, anti-fouling and good:<\/strong>\u00a0Marble Wood Black, Ebony, likely waterproof, anti-fouling, good, help the stone surface is always clean and shiny.<\/li>\n<li data-sourcepos=\"16:1-17:0\"><strong>Aesthetics:<\/strong>\u00a0Marble, Wood grain, Italian Black Brown high aesthetics, can be applied in many different categories.<\/li>\n<\/ul>\n<figure id=\"attachment_1339\" aria-describedby=\"caption-attachment-1339\" style=\"width: 501px\" class=\"wp-caption aligncenter\"><img decoding=\"async\" class=\"wp-image-1339 size-full\" title=\"Marble, Wood Grain, Italian Black Brown\" src=\"http:\/\/royalstone.com.vn\/wp-content\/uploads\/2023\/12\/da-marble-van-go-y-den-nau.jpg\" alt=\"Black-marble-van-go-y-den-nau\" width=\"501\" height=\"333\" srcset=\"https:\/\/royalstone.com.vn\/wp-content\/uploads\/2023\/12\/da-marble-van-go-y-den-nau.jpg 501w, https:\/\/royalstone.com.vn\/wp-content\/uploads\/2023\/12\/da-marble-van-go-y-den-nau-300x199.jpg 300w\" sizes=\"(max-width: 501px) 100vw, 501px\" \/><figcaption id=\"caption-attachment-1339\" class=\"wp-caption-text\">Marble, Wood Grain, Italian Black Brown<\/figcaption><\/figure>\n<h3 data-sourcepos=\"18:1-18:43\"><strong>Application of Marble and Wood, Italian Black Brown<\/strong><\/h3>\n<p data-sourcepos=\"20:1-20:83\"><a href=\"http:\/\/royalstone.com.vn\/en\/da-marble\/\"><em><strong>Marble<\/strong><\/em><\/a> Wood, Italian Black Brown can be applied in many different categories:<\/p>\n<ul data-sourcepos=\"22:1-27:0\">\n<li data-sourcepos=\"22:1-22:141\"><strong>Floor tiling:<\/strong>\u00a0Marble, Wood grain, Italian Black Brown that can be used to tiling the floor, bringing elegance and class to the living space.<\/li>\n<li data-sourcepos=\"23:1-23:122\"><strong>Tiling wall:<\/strong>\u00a0Marble, Wood grain, Italian Black Brown that can be used to tiling wall and create accents for the interior space.<\/li>\n<li data-sourcepos=\"24:1-24:167\"><strong>L\u00e0m m\u1eb7t b\u00e0n b\u1ebfp, <b><a href=\"https:\/\/royalstone.com.vn\/en\/ban-an-net-dep-sang-trong-cho-khong-gian-bep\/\">b\u00e0n \u0103n<\/a><\/b>:<\/strong>\u00a0Marble, Wood grain, Italian Black Brown that can be used to make kitchen countertops, dining table brings elegance and sophistication to space, the kitchen.<\/li>\n<li data-sourcepos=\"25:1-25:173\"><strong>Making stairs, steps:<\/strong>\u00a0Marble, Wood grain, Italian Black Brown that can be used to make stairs, steps, bringing elegance and class to the interior space.<\/li>\n<li data-sourcepos=\"26:1-27:0\"><strong>Facade, fence wall:<\/strong>\u00a0Marble, Wood grain, Italian Black Brown that can be used for facade, fence, bringing elegance and class to the exterior space.<\/li>\n<\/ul>\n<h2 data-sourcepos=\"28:1-28:45\"><strong>How to maintain Marble Wood Black Brown<\/strong><\/h2>\n<p data-sourcepos=\"30:1-30:83\">To Marble, Wood grain, Italian Black Brown always beautiful, durable, you should note the way maintenance:<\/p>\n<ul data-sourcepos=\"32:1-36:0\">\n<li data-sourcepos=\"32:1-32:94\">Cleaning the surface of the stone often with a soft, clean, can use a mild soap to clean.<\/li>\n<li data-sourcepos=\"33:1-33:45\">To avoid rocks exposed to the harsh chemicals.<\/li>\n<li data-sourcepos=\"34:1-34:86\">If the stone soiled, you can use the detergent solution dedicated to toilet.<\/li>\n<li data-sourcepos=\"35:1-36:0\">Periodically Polish the surface of stone to keep the stones are polished.<\/li>\n<\/ul>\n<p data-sourcepos=\"39:1-39:319\">Marble, Wood grain, Italian Brown is a kind of natural marble has the beauty, elegance, class, is many people&#039;s favorite pick. If you are looking for a paving stones natural to bring elegance and class to your living space, then Marble, Wood grain, Italian, and Brown is a perfect choice for you.<\/p>\n<h3><strong>Contact information Royal Stone \u2013 natural Stone premium<\/strong><\/h3>\n<p><strong>COMPANY LIMITED ROYAL STONE<\/strong><\/p>\n<p>\u260e Hotline: 0963 689 531<\/p>\n<p>\ud83c\udfe0 Office : 283 Tay Mo Ward, Dai Mo ward, Nam tu Liem district, Ha Noi City.<\/p>\n<p>\ud83c\udfe0 Factory: the 10 Yen The town, Luc Yen district, Yen Bai province<\/p>\n<p>\ud83c\udfe0 Warehouse Ha Noi: Lane 24, Dai Mo, tu Liem, Ha Noi (falling edge 4 Van Phuc, Ha Dong)<\/p>\n<p>\ud83c\udf10 Website:\u00a0<a href=\"https:\/\/royalstone.com.vn\/en\/\">www.royalstone.com.vn<\/a><\/p>\n<h3 class=\"ftwp-heading\"><strong>Connect with Royal Stone<\/strong><\/h3>\n<div class=\"textwidget custom-html-widget\">\n<div class=\"textwidget custom-html-widget\">\n<div><a href=\"https:\/\/www.youtube.com\/@royalstone-datunhiencaocap\" target=\"_blank\" rel=\"noopener nofollow\"><img decoding=\"async\" class=\"entered lazyloaded\" title=\"ROYAL STONE - natural Stone premium\" src=\"http:\/\/royalstone.com.vn\/wp-content\/uploads\/2023\/11\/youtube-royalstone.jpg\" alt=\"ROYAL STONE - natural Stone premium\" width=\"30\" height=\"30\" data-lazy-src=\"http:\/\/royalstone.com.vn\/wp-content\/uploads\/2023\/11\/youtube-royalstone.jpg\" data-ll-status=\"loaded\" data-lazy-=\"\" \/><\/a><a href=\"https:\/\/www.facebook.com\/RoyalstoneDaTuNhienCaoCap\" target=\"_blank\" rel=\"noopener nofollow\"><img decoding=\"async\" class=\"entered lazyloaded\" title=\"ROYAL STONE - natural Stone premium\" src=\"http:\/\/royalstone.com.vn\/wp-content\/uploads\/2023\/11\/facebook-royalstone.jpg\" alt=\"ROYAL STONE - natural Stone premium\" width=\"30\" height=\"30\" data-lazy-src=\"http:\/\/royalstone.com.vn\/wp-content\/uploads\/2023\/11\/facebook-royalstone.jpg\" data-ll-status=\"loaded\" data-lazy-=\"\" \/><\/a><a href=\"https:\/\/twitter.com\/royalstonedatn\" target=\"_blank\" rel=\"noopener nofollow\"><img decoding=\"async\" class=\"entered lazyloaded\" title=\"ROYAL STONE - natural Stone premium\" src=\"http:\/\/royalstone.com.vn\/wp-content\/uploads\/2023\/11\/twitter-royalstone.jpg\" alt=\"ROYAL STONE - natural Stone premium\" width=\"30\" height=\"30\" data-lazy-src=\"http:\/\/royalstone.com.vn\/wp-content\/uploads\/2023\/11\/twitter-royalstone.jpg\" data-ll-status=\"loaded\" data-lazy-=\"\" \/><\/a><a href=\"https:\/\/www.pinterest.com\/royalstonedatunhiencaocap\/\" target=\"_blank\" rel=\"noopener nofollow\"><img decoding=\"async\" class=\"entered lazyloaded\" title=\"ROYAL STONE - natural Stone premium\" src=\"http:\/\/royalstone.com.vn\/wp-content\/uploads\/2023\/11\/printerest-royalstone.jpg\" alt=\"ROYAL STONE - natural Stone premium\" width=\"30\" height=\"30\" data-lazy-src=\"http:\/\/royalstone.com.vn\/wp-content\/uploads\/2023\/11\/printerest-royalstone.jpg\" data-ll-status=\"loaded\" data-lazy-=\"\" \/><\/a><a href=\"https:\/\/www.linkedin.com\/in\/royalstone-datunhien\/\" target=\"_blank\" rel=\"noopener nofollow\"><img decoding=\"async\" class=\"entered lazyloaded\" title=\"ROYAL STONE - natural Stone premium\" src=\"http:\/\/royalstone.com.vn\/wp-content\/uploads\/2023\/11\/linkedin-royalstone.jpg\" alt=\"ROYAL STONE - natural Stone premium\" width=\"30\" height=\"30\" data-lazy-src=\"http:\/\/royalstone.com.vn\/wp-content\/uploads\/2023\/11\/linkedin-royalstone.jpg\" data-ll-status=\"loaded\" data-lazy-=\"\" \/><\/a><\/div>\n<\/div>\n<\/div>","protected":false},"excerpt":{"rendered":"<p>\u0110\u00e1 Marble V\u00e2n G\u1ed7 \u00dd \u0110en N\u00e2u l\u00e0 m\u1ed9t lo\u1ea1i \u0111\u00e1 c\u1ea9m th\u1ea1ch t\u1ef1 nhi\u00ean c\u00f3 ngu\u1ed3n g\u1ed1c t\u1eeb \u00dd. Lo\u1ea1i \u0111\u00e1 n\u00e0y \u0111\u01b0\u1ee3c h\u00ecnh th\u00e0nh t\u1eeb qu\u00e1 tr\u00ecnh bi\u1ebfn ch\u1ea5t c\u1ee7a \u0111\u00e1 v\u00f4i, c\u00f3 ch\u1ee9a c\u00e1c kho\u00e1ng ch\u1ea5t t\u1ea1o n\u00ean nh\u1eefng \u0111\u01b0\u1eddng v\u00e2n g\u1ed7 \u0111\u1ed9c \u0111\u00e1o, \u1ea5n t\u01b0\u1ee3ng. \u0110\u00e1 Marble V\u00e2n G\u1ed7 \u00dd \u0110en&#8230;<\/p>","protected":false},"featured_media":1339,"comment_status":"closed","ping_status":"closed","template":"","meta":{"inline_featured_image":false},"product_cat":[35,41],"product_tag":[],"class_list":{"0":"post-1338","1":"product","2":"type-product","3":"status-publish","4":"has-post-thumbnail","6":"product_cat-da-marble","7":"product_cat-da-marble-van-go","9":"first","10":"instock","11":"shipping-taxable","12":"product-type-simple"},"_links":{"self":[{"href":"https:\/\/royalstone.com.vn\/en\/wp-json\/wp\/v2\/product\/1338","targetHints":{"allow":["GET"]}}],"collection":[{"href":"https:\/\/royalstone.com.vn\/en\/wp-json\/wp\/v2\/product"}],"about":[{"href":"https:\/\/royalstone.com.vn\/en\/wp-json\/wp\/v2\/types\/product"}],"replies":[{"embeddable":true,"href":"https:\/\/royalstone.com.vn\/en\/wp-json\/wp\/v2\/comments?post=1338"}],"wp:featuredmedia":[{"embeddable":true,"href":"https:\/\/royalstone.com.vn\/en\/wp-json\/wp\/v2\/media\/1339"}],"wp:attachment":[{"href":"https:\/\/royalstone.com.vn\/en\/wp-json\/wp\/v2\/media?parent=1338"}],"wp:term":[{"taxonomy":"product_cat","embeddable":true,"href":"https:\/\/royalstone.com.vn\/en\/wp-json\/wp\/v2\/product_cat?post=1338"},{"taxonomy":"product_tag","embeddable":true,"href":"https:\/\/royalstone.com.vn\/en\/wp-json\/wp\/v2\/product_tag?post=1338"}],"curies":[{"name":"wp","href":"https:\/\/api.w.org\/{rel}","templated":true}]}}