{"id":1335,"date":"2023-12-18T08:52:43","date_gmt":"2023-12-18T08:52:43","guid":{"rendered":"http:\/\/royalstone.com.vn\/?post_type=product&#038;p=1335"},"modified":"2023-12-18T08:57:16","modified_gmt":"2023-12-18T08:57:16","slug":"da-marble-van-go-loan","status":"publish","type":"product","link":"https:\/\/royalstone.com.vn\/en\/da-marble-van-go-loan\/","title":{"rendered":"Marble And Wood Disorders"},"content":{"rendered":"<p data-sourcepos=\"5:1-5:241\"><a href=\"http:\/\/royalstone.com.vn\/en\/da-marble-van-go-loan\/\"><em><strong>Marble And Wood Disorders<\/strong><\/em><\/a> is a kind of <b><a href=\"https:\/\/royalstone.com.vn\/en\/da-marble-3-cm-san-pham-danh-cho-noi-that\/\">Marble<\/a><\/b> natural, sourced from the quarries in Italy, Spain, China,... the Rock is characterized by the wood grain gray, white, natural, beauty make chic, unique and impressive for space use.<\/p>\n<h2 data-sourcepos=\"5:1-5:241\"><strong>Marble and Wood Rebel \u2013 elegance and originality of nature<\/strong><\/h2>\n<h3 data-sourcepos=\"7:1-7:51\"><strong>Composition of Marble and Wood Lo<\/strong><strong>you<\/strong><\/h3>\n<p data-sourcepos=\"9:1-9:187\"><b><a href=\"https:\/\/royalstone.com.vn\/en\/da-marble-mau-kem-ve-dep-dem-lai-su-tuyet-tac\/\">Marble<\/a><\/b> Wood Disorder is formed from the metamorphism of limestone, whose composition is mainly calcite (CaCO3). In addition, the stone also contains a number of other components such as quartz, mica, amphibole,...<\/p>\n<h3 data-sourcepos=\"11:1-11:41\"><strong>Characteristics of Marble and Wood Disorders<\/strong><\/h3>\n<p data-sourcepos=\"13:1-13:52\"><b><a href=\"https:\/\/royalstone.com.vn\/en\/da-marble-van-go-ve-dep-doc-dao-cho-khong-gian\/\">Marble And Wood<\/a><\/b> Lo\u1ea1n c\u00f3 nh\u1eefng \u0111\u1eb7c \u0111i\u1ec3m n\u1ed5i b\u1eadt kh\u00e1c h\u1eb3n v\u1edbi c\u00e1c <b><a href=\"https:\/\/royalstone.com.vn\/en\/da-ban-bep-hien-dai-cho-khong-gian-bep-cua-ban\/\">s\u1ea3n ph\u1ea9m kh\u00e1c<\/a><\/b>:<\/p>\n<ul data-sourcepos=\"15:1-19:0\">\n<li data-sourcepos=\"15:1-15:143\"><strong>About color:<\/strong>\u00a0Stone grey dominant white, combined with the wood, gray black, natural, beauty make chic, unique and impressive.<\/li>\n<li data-sourcepos=\"16:1-16:91\"><strong>About hardness:<\/strong>\u00a0Stone has high hardness, can withstand large forces, not scratched.<\/li>\n<li data-sourcepos=\"17:1-17:105\"><strong>On durability:<\/strong>\u00a0Stone is durable, can withstand the impact of weather, no fading, peeling.<\/li>\n<li data-sourcepos=\"18:1-19:0\"><strong>About waterproofing ability:<\/strong>\u00a0Stones are likely good waterproof, not water-proof, moldy.<\/li>\n<\/ul>\n<figure id=\"attachment_1336\" aria-describedby=\"caption-attachment-1336\" style=\"width: 500px\" class=\"wp-caption alignnone\"><img decoding=\"async\" class=\"wp-image-1336 size-full\" title=\"Marble And Wood Disorders\" src=\"http:\/\/royalstone.com.vn\/wp-content\/uploads\/2023\/12\/da-marble-van-go-loan.jpg\" alt=\"Black-marble-van-go-taiwan\" width=\"500\" height=\"339\" srcset=\"https:\/\/royalstone.com.vn\/wp-content\/uploads\/2023\/12\/da-marble-van-go-loan.jpg 500w, https:\/\/royalstone.com.vn\/wp-content\/uploads\/2023\/12\/da-marble-van-go-loan-300x203.jpg 300w\" sizes=\"(max-width: 500px) 100vw, 500px\" \/><figcaption id=\"caption-attachment-1336\" class=\"wp-caption-text\">Marble And Wood Disorders<\/figcaption><\/figure>\n<h2 data-sourcepos=\"20:1-20:41\"><strong>Application of Marble and Wood Disorders<\/strong><\/h2>\n<p data-sourcepos=\"22:1-22:98\"><a href=\"http:\/\/royalstone.com.vn\/en\/da-marble\/\"><em><strong>Marble<\/strong><\/em><\/a> Wood Disorder is widely used in items tiling interior and exterior such as:<\/p>\n<ul data-sourcepos=\"24:1-28:0\">\n<li data-sourcepos=\"24:1-24:158\"><strong>Floor tiling:<\/strong>\u00a0Marble and Wood Disorder can use to tiling floor living room, kitchen, bedroom,... create elegance and class to the space.<\/li>\n<li data-sourcepos=\"25:1-25:159\"><strong>Tiling wall:<\/strong>\u00a0Marble and Wood Disorder can use to tiling wall living room, bedroom, bathroom... create subtle beauty, contemporary space.<\/li>\n<li data-sourcepos=\"26:1-26:132\"><strong>Tiling stairs:<\/strong>\u00a0Marble and Wood Disorder can use to tiling stairs, make up beauty, elegance and originality to the space.<\/li>\n<li data-sourcepos=\"27:1-28:0\"><strong>\u1ed0p l\u00e1t b\u00e0n b\u1ebfp, <b><a href=\"https:\/\/royalstone.com.vn\/en\/ban-an-net-dep-sang-trong-cho-khong-gian-bep\/\">b\u00e0n \u0103n<\/a><\/b>:<\/strong>\u00a0Marble and Wood Disorders can use for tiling the kitchen table, the dining table, creating elegance and class to the space.<\/li>\n<\/ul>\n<h2 data-sourcepos=\"41:1-41:54\"><strong>Some note when buying Marble and Wood Disorders<\/strong><\/h2>\n<p data-sourcepos=\"43:1-43:62\">When buying Marble and Wood Disorder, need note some points:<\/p>\n<ul data-sourcepos=\"45:1-48:0\">\n<li data-sourcepos=\"45:1-45:156\"><strong>Select the address buying credits:<\/strong>\u00a0Should buy Marble Wood Disorder at the prestigious address, with long experience in the field of providing paving stones naturally.<\/li>\n<li data-sourcepos=\"46:1-46:111\"><strong>Check out rock quality:<\/strong>\u00a0So carefully check the quality of the stone before you buy, including color, hardness, durability,...<\/li>\n<li data-sourcepos=\"47:1-48:0\"><strong>Choose size, thickness fit:<\/strong>\u00a0Should choose the size, the thickness of the stone in accordance with users needs and space.<\/li>\n<\/ul>\n<p data-sourcepos=\"51:1-51:156\">Marble and Wood Disorder is a kind of paving stones nature has beauty and elegance, unique and impressive. Stone is widely used in items tiling interior<\/p>\n<h3><strong>Contact information Royal Stone \u2013 natural Stone premium<\/strong><\/h3>\n<p><strong>COMPANY LIMITED ROYAL STONE<\/strong><\/p>\n<p>\u260e Hotline: 0963 689 531<\/p>\n<p>\ud83c\udfe0 Office : 283 Tay Mo Ward, Dai Mo ward, Nam tu Liem district, Ha Noi City.<\/p>\n<p>\ud83c\udfe0 Factory: the 10 Yen The town, Luc Yen district, Yen Bai province<\/p>\n<p>\ud83c\udfe0 Warehouse Ha Noi: Lane 24, Dai Mo, tu Liem, Ha Noi (falling edge 4 Van Phuc, Ha Dong)<\/p>\n<p>\ud83c\udf10 Website:\u00a0<a href=\"https:\/\/royalstone.com.vn\/en\/\">www.royalstone.com.vn<\/a><\/p>\n<h3 class=\"ftwp-heading\"><strong>Connect with Royal Stone<\/strong><\/h3>\n<div class=\"textwidget custom-html-widget\">\n<div class=\"textwidget custom-html-widget\">\n<div><a href=\"https:\/\/www.youtube.com\/@royalstone-datunhiencaocap\" target=\"_blank\" rel=\"noopener nofollow\"><img decoding=\"async\" class=\"entered lazyloaded\" title=\"ROYAL STONE - natural Stone premium\" src=\"http:\/\/royalstone.com.vn\/wp-content\/uploads\/2023\/11\/youtube-royalstone.jpg\" alt=\"ROYAL STONE - natural Stone premium\" width=\"30\" height=\"30\" data-lazy-src=\"http:\/\/royalstone.com.vn\/wp-content\/uploads\/2023\/11\/youtube-royalstone.jpg\" data-ll-status=\"loaded\" data-lazy-=\"\" \/><\/a><a href=\"https:\/\/www.facebook.com\/RoyalstoneDaTuNhienCaoCap\" target=\"_blank\" rel=\"noopener nofollow\"><img decoding=\"async\" class=\"entered lazyloaded\" title=\"ROYAL STONE - natural Stone premium\" src=\"http:\/\/royalstone.com.vn\/wp-content\/uploads\/2023\/11\/facebook-royalstone.jpg\" alt=\"ROYAL STONE - natural Stone premium\" width=\"30\" height=\"30\" data-lazy-src=\"http:\/\/royalstone.com.vn\/wp-content\/uploads\/2023\/11\/facebook-royalstone.jpg\" data-ll-status=\"loaded\" data-lazy-=\"\" \/><\/a><a href=\"https:\/\/twitter.com\/royalstonedatn\" target=\"_blank\" rel=\"noopener nofollow\"><img decoding=\"async\" class=\"entered lazyloaded\" title=\"ROYAL STONE - natural Stone premium\" src=\"http:\/\/royalstone.com.vn\/wp-content\/uploads\/2023\/11\/twitter-royalstone.jpg\" alt=\"ROYAL STONE - natural Stone premium\" width=\"30\" height=\"30\" data-lazy-src=\"http:\/\/royalstone.com.vn\/wp-content\/uploads\/2023\/11\/twitter-royalstone.jpg\" data-ll-status=\"loaded\" data-lazy-=\"\" \/><\/a><a href=\"https:\/\/www.pinterest.com\/royalstonedatunhiencaocap\/\" target=\"_blank\" rel=\"noopener nofollow\"><img decoding=\"async\" class=\"entered lazyloaded\" title=\"ROYAL STONE - natural Stone premium\" src=\"http:\/\/royalstone.com.vn\/wp-content\/uploads\/2023\/11\/printerest-royalstone.jpg\" alt=\"ROYAL STONE - natural Stone premium\" width=\"30\" height=\"30\" data-lazy-src=\"http:\/\/royalstone.com.vn\/wp-content\/uploads\/2023\/11\/printerest-royalstone.jpg\" data-ll-status=\"loaded\" data-lazy-=\"\" \/><\/a><a href=\"https:\/\/www.linkedin.com\/in\/royalstone-datunhien\/\" target=\"_blank\" rel=\"noopener nofollow\"><img decoding=\"async\" class=\"entered lazyloaded\" title=\"ROYAL STONE - natural Stone premium\" src=\"http:\/\/royalstone.com.vn\/wp-content\/uploads\/2023\/11\/linkedin-royalstone.jpg\" alt=\"ROYAL STONE - natural Stone premium\" width=\"30\" height=\"30\" data-lazy-src=\"http:\/\/royalstone.com.vn\/wp-content\/uploads\/2023\/11\/linkedin-royalstone.jpg\" data-ll-status=\"loaded\" data-lazy-=\"\" \/><\/a><\/div>\n<\/div>\n<\/div>","protected":false},"excerpt":{"rendered":"<p>\u0110\u00e1 Marble V\u00e2n G\u1ed7 Lo\u1ea1n l\u00e0 m\u1ed9t lo\u1ea1i \u0111\u00e1 Marble t\u1ef1 nhi\u00ean, c\u00f3 ngu\u1ed3n g\u1ed1c t\u1eeb c\u00e1c m\u1ecf \u0111\u00e1 \u1edf \u00dd, T\u00e2y Ban Nha, Trung Qu\u1ed1c,&#8230; \u0110\u00e1 c\u00f3 \u0111\u1eb7c tr\u01b0ng l\u00e0 nh\u1eefng \u0111\u01b0\u1eddng v\u00e2n g\u1ed7 x\u00e1m tr\u1eafng t\u1ef1 nhi\u00ean, t\u1ea1o n\u00ean v\u1ebb \u0111\u1eb9p sang tr\u1ecdng, \u0111\u1ed9c \u0111\u00e1o v\u00e0 \u1ea5n t\u01b0\u1ee3ng cho kh\u00f4ng gian s\u1eed d\u1ee5ng&#8230;.<\/p>","protected":false},"featured_media":1336,"comment_status":"closed","ping_status":"closed","template":"","meta":{"inline_featured_image":false},"product_cat":[35,41],"product_tag":[],"class_list":{"0":"post-1335","1":"product","2":"type-product","3":"status-publish","4":"has-post-thumbnail","6":"product_cat-da-marble","7":"product_cat-da-marble-van-go","9":"first","10":"instock","11":"shipping-taxable","12":"product-type-simple"},"_links":{"self":[{"href":"https:\/\/royalstone.com.vn\/en\/wp-json\/wp\/v2\/product\/1335","targetHints":{"allow":["GET"]}}],"collection":[{"href":"https:\/\/royalstone.com.vn\/en\/wp-json\/wp\/v2\/product"}],"about":[{"href":"https:\/\/royalstone.com.vn\/en\/wp-json\/wp\/v2\/types\/product"}],"replies":[{"embeddable":true,"href":"https:\/\/royalstone.com.vn\/en\/wp-json\/wp\/v2\/comments?post=1335"}],"wp:featuredmedia":[{"embeddable":true,"href":"https:\/\/royalstone.com.vn\/en\/wp-json\/wp\/v2\/media\/1336"}],"wp:attachment":[{"href":"https:\/\/royalstone.com.vn\/en\/wp-json\/wp\/v2\/media?parent=1335"}],"wp:term":[{"taxonomy":"product_cat","embeddable":true,"href":"https:\/\/royalstone.com.vn\/en\/wp-json\/wp\/v2\/product_cat?post=1335"},{"taxonomy":"product_tag","embeddable":true,"href":"https:\/\/royalstone.com.vn\/en\/wp-json\/wp\/v2\/product_tag?post=1335"}],"curies":[{"name":"wp","href":"https:\/\/api.w.org\/{rel}","templated":true}]}}