{"id":1329,"date":"2023-12-18T08:22:18","date_gmt":"2023-12-18T08:22:18","guid":{"rendered":"http:\/\/royalstone.com.vn\/?post_type=product&#038;p=1329"},"modified":"2023-12-18T08:23:46","modified_gmt":"2023-12-18T08:23:46","slug":"da-marble-palissandero","status":"publish","type":"product","link":"https:\/\/royalstone.com.vn\/en\/da-marble-palissandero\/","title":{"rendered":"Marble Palissandero"},"content":{"rendered":"<p data-sourcepos=\"5:1-5:239\"><a href=\"http:\/\/royalstone.com.vn\/en\/da-marble-palissandero\/\"><em><strong>Marble Palissandero<\/strong><\/em><\/a> is a type of marble sourced from Spain. The stone has a white background with the gray streaks, light brown or pale green running along van stone. The color of the stone brings elegant beauty, luxury and modern for the space works<\/p>\n<p data-sourcepos=\"7:1-7:229\"><b><a href=\"https:\/\/royalstone.com.vn\/en\/da-marble-3-cm-san-pham-danh-cho-noi-that\/\">Marble<\/a><\/b> Palissandero is mined from the quarry marble oldest of Spain. Stone has high hardness, good strength and waterproof. The stone is widely used in construction, decoration, interior and exterior.<\/p>\n<h2 data-sourcepos=\"7:1-7:229\"><strong>Marble Palissandero \u2013 elegant beauty, luxury interior<\/strong><\/h2>\n<h3 data-sourcepos=\"9:1-9:42\"><strong>Characteristics of Marble Palissandero<\/strong><\/h3>\n<p data-sourcepos=\"11:1-11:53\">Marble Palissandero have the following highlights:<\/p>\n<ul data-sourcepos=\"13:1-17:0\">\n<li data-sourcepos=\"13:1-13:177\"><strong>Color:<\/strong>\u00a0The stone has a white background with the gray streaks, light brown or pale green running along van stone. The color of the stone brings elegant beauty, luxury and modern for the space.<\/li>\n<li data-sourcepos=\"14:1-14:186\"><strong>Size:<\/strong>\u00a0Marble Palissandero have many different size, suitable for various needs uses. The common size of the stone is 30x60cm, 40x80cm, 60x60cm, 80x80cm, 100x100cm,...<\/li>\n<li data-sourcepos=\"15:1-15:161\"><strong>Hardness:<\/strong>\u00a0Marble Palissandero has high hardness, good strength and waterproof. The stone can withstand the impact of external forces, scratches or cracks.<\/li>\n<li data-sourcepos=\"16:1-17:0\"><strong>Durability:<\/strong>\u00a0Marble Palissandero is durable, can use for long time without being damaged.<\/li>\n<\/ul>\n<figure id=\"attachment_1330\" aria-describedby=\"caption-attachment-1330\" style=\"width: 495px\" class=\"wp-caption aligncenter\"><img decoding=\"async\" class=\"wp-image-1330 size-full\" title=\"Marble Palissandero\" src=\"http:\/\/royalstone.com.vn\/wp-content\/uploads\/2023\/12\/da-marble-palissandero.jpg\" alt=\"Black-marble-palissandero\" width=\"495\" height=\"340\" srcset=\"https:\/\/royalstone.com.vn\/wp-content\/uploads\/2023\/12\/da-marble-palissandero.jpg 495w, https:\/\/royalstone.com.vn\/wp-content\/uploads\/2023\/12\/da-marble-palissandero-300x206.jpg 300w\" sizes=\"(max-width: 495px) 100vw, 495px\" \/><figcaption id=\"caption-attachment-1330\" class=\"wp-caption-text\">Marble Palissandero<\/figcaption><\/figure>\n<h3 data-sourcepos=\"18:1-18:42\"><strong>Application of Marble Palissandero<\/strong><\/h3>\n<p data-sourcepos=\"20:1-20:110\"><a href=\"http:\/\/royalstone.com.vn\/en\/da-marble\/\"><em><strong>Marble<\/strong><\/em><\/a> Palissandero is widely used in construction, decoration, interior and exterior.<\/p>\n<ul data-sourcepos=\"22:1-25:0\">\n<li data-sourcepos=\"22:1-22:177\"><strong>Application in construction:<\/strong>\u00a0Marble Palissandero be used for tiling facades, paving, elevator, tiling columns,... Stone brings beauty and modern luxury to the process.<\/li>\n<li data-sourcepos=\"23:1-23:222\"><strong>Application in home decor:<\/strong>\u00a0\u0110\u00e1 Marble Palissandero \u0111\u01b0\u1ee3c s\u1eed d\u1ee5ng \u0111\u1ec3 \u1ed1p l\u00e1t s\u00e0n nh\u00e0, \u1ed1p l\u00e1t t\u01b0\u1eddng, \u1ed1p l\u00e1t b\u00e0n b\u1ebfp, <b><a href=\"https:\/\/royalstone.com.vn\/en\/ban-an-net-dep-sang-trong-cho-khong-gian-bep\/\">b\u00e0n \u0103n<\/a><\/b>, <b><a href=\"https:\/\/royalstone.com.vn\/en\/lavabo-rua-mat-bang-da-ua-chuong-nhat-hien-nay\/\">lavabo<\/a><\/b>,... Stone brings elegant beauty, luxury and sophistication for the interior space.<\/li>\n<li data-sourcepos=\"24:1-25:0\"><strong>Application in decorating the exterior:<\/strong>\u00a0Marble Palissandero be used for tiling facades, tiling, wall tiling, bench table garden,... Stone brings beauty and modern luxury for exterior space.<\/li>\n<\/ul>\n<h2 data-sourcepos=\"26:1-26:44\"><strong>How to prolong the life of the Marble Palissandero<\/strong><\/h2>\n<p data-sourcepos=\"28:1-28:83\">To keep Marble Palissandero always beautiful, durable, noting the way of maintenance following:<\/p>\n<ul data-sourcepos=\"30:1-33:0\">\n<li data-sourcepos=\"30:1-30:158\"><strong>Regular cleaning:<\/strong>\u00a0Should be cleaned regularly using a soft cloth and clean water. Do not use strong detergents, acidic or base to clean the stone.<\/li>\n<li data-sourcepos=\"31:1-31:151\"><strong>Avoid contact with chemicals:<\/strong>\u00a0To avoid rocks exposed to the chemicals such as oil, grease, acids, bases,... These chemicals can stain or damage the stones.<\/li>\n<li data-sourcepos=\"32:1-33:0\"><strong>Avoid strong impact:<\/strong>\u00a0Not to rock under the impact of the strong force can crack the stone.<\/li>\n<\/ul>\n<h2 data-sourcepos=\"34:1-34:46\"><strong>Buy Marble Palissandero where is the credibility?<\/strong><\/h2>\n<p data-sourcepos=\"36:1-36:220\">To buy the Marble Palissandero quality, reputation, need to choose the address distributor stone prestigious. These addresses need to have a business license, products are origin clearly, there&#039;s limited warranty, full maintenance.<\/p>\n<p data-sourcepos=\"38:1-38:109\">In Vietnam, there are many address distribution Marble Palissandero. A number of prestigious address can be listed as:<\/p>\n<ul data-sourcepos=\"40:1-43:0\">\n<li data-sourcepos=\"40:1-40:32\"><strong>Corporation Royal Stone<\/strong><\/li>\n<li data-sourcepos=\"41:1-41:30\"><strong>Co., LTD. YellowStone<\/strong><\/li>\n<li><strong>Co., LTD. Stone Flourishing<\/strong><\/li>\n<\/ul>\n<h3><strong>Contact information Royal Stone \u2013 natural Stone premium<\/strong><\/h3>\n<p><strong>COMPANY LIMITED ROYAL STONE<\/strong><\/p>\n<p>\u260e Hotline: 0963 689 531<\/p>\n<p>\ud83c\udfe0 Office : 283 Tay Mo Ward, Dai Mo ward, Nam tu Liem district, Ha Noi City.<\/p>\n<p>\ud83c\udfe0 Factory: the 10 Yen The town, Luc Yen district, Yen Bai province<\/p>\n<p>\ud83c\udfe0 Warehouse Ha Noi: Lane 24, Dai Mo, tu Liem, Ha Noi (falling edge 4 Van Phuc, Ha Dong)<\/p>\n<p>\ud83c\udf10 Website:\u00a0<a href=\"https:\/\/royalstone.com.vn\/en\/\">www.royalstone.com.vn<\/a><\/p>\n<h3 class=\"ftwp-heading\"><strong>Connect with Royal Stone<\/strong><\/h3>\n<div class=\"textwidget custom-html-widget\">\n<div class=\"textwidget custom-html-widget\">\n<div><a href=\"https:\/\/www.youtube.com\/@royalstone-datunhiencaocap\" target=\"_blank\" rel=\"noopener nofollow\"><img decoding=\"async\" class=\"entered lazyloaded\" title=\"ROYAL STONE - natural Stone premium\" src=\"http:\/\/royalstone.com.vn\/wp-content\/uploads\/2023\/11\/youtube-royalstone.jpg\" alt=\"ROYAL STONE - natural Stone premium\" width=\"30\" height=\"30\" data-lazy-src=\"http:\/\/royalstone.com.vn\/wp-content\/uploads\/2023\/11\/youtube-royalstone.jpg\" data-ll-status=\"loaded\" data-lazy-=\"\" \/><\/a><a href=\"https:\/\/www.facebook.com\/RoyalstoneDaTuNhienCaoCap\" target=\"_blank\" rel=\"noopener nofollow\"><img decoding=\"async\" class=\"entered lazyloaded\" title=\"ROYAL STONE - natural Stone premium\" src=\"http:\/\/royalstone.com.vn\/wp-content\/uploads\/2023\/11\/facebook-royalstone.jpg\" alt=\"ROYAL STONE - natural Stone premium\" width=\"30\" height=\"30\" data-lazy-src=\"http:\/\/royalstone.com.vn\/wp-content\/uploads\/2023\/11\/facebook-royalstone.jpg\" data-ll-status=\"loaded\" data-lazy-=\"\" \/><\/a><a href=\"https:\/\/twitter.com\/royalstonedatn\" target=\"_blank\" rel=\"noopener nofollow\"><img decoding=\"async\" class=\"entered lazyloaded\" title=\"ROYAL STONE - natural Stone premium\" src=\"http:\/\/royalstone.com.vn\/wp-content\/uploads\/2023\/11\/twitter-royalstone.jpg\" alt=\"ROYAL STONE - natural Stone premium\" width=\"30\" height=\"30\" data-lazy-src=\"http:\/\/royalstone.com.vn\/wp-content\/uploads\/2023\/11\/twitter-royalstone.jpg\" data-ll-status=\"loaded\" data-lazy-=\"\" \/><\/a><a href=\"https:\/\/www.pinterest.com\/royalstonedatunhiencaocap\/\" target=\"_blank\" rel=\"noopener nofollow\"><img decoding=\"async\" class=\"entered lazyloaded\" title=\"ROYAL STONE - natural Stone premium\" src=\"http:\/\/royalstone.com.vn\/wp-content\/uploads\/2023\/11\/printerest-royalstone.jpg\" alt=\"ROYAL STONE - natural Stone premium\" width=\"30\" height=\"30\" data-lazy-src=\"http:\/\/royalstone.com.vn\/wp-content\/uploads\/2023\/11\/printerest-royalstone.jpg\" data-ll-status=\"loaded\" data-lazy-=\"\" \/><\/a><a href=\"https:\/\/www.linkedin.com\/in\/royalstone-datunhien\/\" target=\"_blank\" rel=\"noopener nofollow\"><img decoding=\"async\" class=\"entered lazyloaded\" title=\"ROYAL STONE - natural Stone premium\" src=\"http:\/\/royalstone.com.vn\/wp-content\/uploads\/2023\/11\/linkedin-royalstone.jpg\" alt=\"ROYAL STONE - natural Stone premium\" width=\"30\" height=\"30\" data-lazy-src=\"http:\/\/royalstone.com.vn\/wp-content\/uploads\/2023\/11\/linkedin-royalstone.jpg\" data-ll-status=\"loaded\" data-lazy-=\"\" \/><\/a><\/div>\n<\/div>\n<\/div>","protected":false},"excerpt":{"rendered":"<p>\u0110\u00e1 Marble Palissandero l\u00e0 m\u1ed9t lo\u1ea1i \u0111\u00e1 c\u1ea9m th\u1ea1ch c\u00f3 ngu\u1ed3n g\u1ed1c t\u1eeb T\u00e2y Ban Nha. \u0110\u00e1 c\u00f3 m\u00e0u n\u1ec1n tr\u1eafng v\u1edbi c\u00e1c v\u1ec7t m\u00e0u x\u00e1m nh\u1ea1t ho\u1eb7c l\u1ee5c nh\u1ea1t ch\u1ea1y d\u1ecdc theo v\u00e2n \u0111\u00e1. M\u00e0u s\u1eafc c\u1ee7a \u0111\u00e1 mang \u0111\u1ebfn v\u1ebb \u0111\u1eb9p thanh l\u1ecbch, sang tr\u1ecdng v\u00e0 hi\u1ec7n \u0111\u1ea1i cho kh\u00f4ng gian c\u00f4ng tr\u00ecnh&#8230;<\/p>","protected":false},"featured_media":1330,"comment_status":"closed","ping_status":"closed","template":"","meta":{"inline_featured_image":false},"product_cat":[35,40],"product_tag":[],"class_list":{"0":"post-1329","1":"product","2":"type-product","3":"status-publish","4":"has-post-thumbnail","6":"product_cat-da-marble","7":"product_cat-da-marble-trang","9":"first","10":"instock","11":"shipping-taxable","12":"product-type-simple"},"_links":{"self":[{"href":"https:\/\/royalstone.com.vn\/en\/wp-json\/wp\/v2\/product\/1329","targetHints":{"allow":["GET"]}}],"collection":[{"href":"https:\/\/royalstone.com.vn\/en\/wp-json\/wp\/v2\/product"}],"about":[{"href":"https:\/\/royalstone.com.vn\/en\/wp-json\/wp\/v2\/types\/product"}],"replies":[{"embeddable":true,"href":"https:\/\/royalstone.com.vn\/en\/wp-json\/wp\/v2\/comments?post=1329"}],"wp:featuredmedia":[{"embeddable":true,"href":"https:\/\/royalstone.com.vn\/en\/wp-json\/wp\/v2\/media\/1330"}],"wp:attachment":[{"href":"https:\/\/royalstone.com.vn\/en\/wp-json\/wp\/v2\/media?parent=1329"}],"wp:term":[{"taxonomy":"product_cat","embeddable":true,"href":"https:\/\/royalstone.com.vn\/en\/wp-json\/wp\/v2\/product_cat?post=1329"},{"taxonomy":"product_tag","embeddable":true,"href":"https:\/\/royalstone.com.vn\/en\/wp-json\/wp\/v2\/product_tag?post=1329"}],"curies":[{"name":"wp","href":"https:\/\/api.w.org\/{rel}","templated":true}]}}