{"id":1327,"date":"2023-12-18T08:14:54","date_gmt":"2023-12-18T08:14:54","guid":{"rendered":"http:\/\/royalstone.com.vn\/?post_type=product&#038;p=1327"},"modified":"2023-12-18T08:16:52","modified_gmt":"2023-12-18T08:16:52","slug":"da-marble-trang-hy-lap-volakas","status":"publish","type":"product","link":"https:\/\/royalstone.com.vn\/en\/da-marble-trang-hy-lap-volakas\/","title":{"rendered":"White Marble Greece Volakas"},"content":{"rendered":"<p data-sourcepos=\"5:1-5:196\"><a href=\"http:\/\/royalstone.com.vn\/en\/da-marble-trang-hy-lap-volakas\/\"><em><strong>White Marble Greece Volakas<\/strong><\/em><\/a> is a kind of natural stone is mined from the mountains of Volakas, Greece. This stone is known for exquisite beauty, elegance background with stone ivory-white and cloud grey.<\/p>\n<p data-sourcepos=\"7:1-7:169\"><b><a href=\"https:\/\/royalstone.com.vn\/en\/da-marble-3-cm-san-pham-danh-cho-noi-that\/\">Marble<\/a><\/b> White Greek Volakas has high hardness, good strength, anti-slip effect. This stone also has the ability to waterproof, anti-fouling, good easy toilet.<\/p>\n<h2 data-sourcepos=\"7:1-7:169\"><strong>White Marble Greece Volakas \u2013 exquisite beauty, luxury for all projects<\/strong><\/h2>\n<h3 data-sourcepos=\"9:1-9:49\"><strong>Advantages of White Marble, Greece Volakas<\/strong><\/h3>\n<p data-sourcepos=\"11:1-11:65\"><b><a href=\"https:\/\/royalstone.com.vn\/en\/da-marble-trang-thanh-lich-cho-khong-gian\/\">White Marble<\/a><\/b> Hy L\u1ea1p Volakas c\u00f3 nhi\u1ec1u \u01b0u \u0111i\u1ec3m n\u1ed5i b\u1eadt, nh\u01b0:<\/p>\n<ul data-sourcepos=\"13:1-16:0\">\n<li data-sourcepos=\"13:1-13:173\"><strong>Exquisite beauty and luxurious:<\/strong>\u00a0Color ivory white background of stone combined with cloud grey make up beauty gentle, elegant, suitable for many styles different designs.<\/li>\n<li data-sourcepos=\"14:1-14:155\"><strong>High hardness, good bearing:<\/strong>\u00a0White Marble Greece Volakas has high hardness, good strength, anti-slip effect, guarantee safety for users.<\/li>\n<li data-sourcepos=\"15:1-16:0\"><strong>Water-resistant, anti-fouling, good:<\/strong>\u00a0White Marble Greece Volakas are water-resistant, anti-fouling, good easy toilet.<\/li>\n<\/ul>\n<h3 data-sourcepos=\"17:1-17:50\"><strong>Application of White Marble, Greece Volakas<\/strong><\/h3>\n<p data-sourcepos=\"19:1-19:103\"><a href=\"http:\/\/royalstone.com.vn\/en\/da-marble\/\"><em><strong>Marble<\/strong><\/em><\/a> White Greek Volakas is widely used in the interior items, exterior, for example, as follows:<\/p>\n<ul data-sourcepos=\"21:1-25:0\">\n<li data-sourcepos=\"21:1-21:177\"><strong>Floor tiling:<\/strong>\u00a0White Marble Greece Volakas has high hardness, anti-slip effect, suitable for floor tiling in living areas, living room, bedroom,...<\/li>\n<li data-sourcepos=\"22:1-22:138\"><strong>Tiling stairs:<\/strong>\u00a0White Marble Greece Volakas has high hardness, anti-slip effect, creating beauty and elegance for the stairs.<\/li>\n<li data-sourcepos=\"23:1-23:143\"><strong>L\u00e0m b\u00e0n b\u1ebfp, <b><a href=\"https:\/\/royalstone.com.vn\/en\/ban-an-net-dep-sang-trong-cho-khong-gian-bep\/\">b\u00e0n \u0103n<\/a><\/b>:<\/strong>\u00a0White Marble Greece Volakas has high hardness, good strength, anti-fouling effect, suitable for kitchen table, dining table.<\/li>\n<li data-sourcepos=\"24:1-25:0\"><strong>Do septum, wall cladding:<\/strong>\u00a0White Marble Greece Volakas have, exquisite beauty, luxury, make up highlight for the space.<\/li>\n<\/ul>\n<figure id=\"attachment_1328\" aria-describedby=\"caption-attachment-1328\" style=\"width: 495px\" class=\"wp-caption aligncenter\"><img decoding=\"async\" class=\"wp-image-1328 size-full\" title=\"White Marble Greece Volakas\" src=\"http:\/\/royalstone.com.vn\/wp-content\/uploads\/2023\/12\/da-marble-trang-hy-lap-volakas.jpg\" alt=\"Black-marble-home-hy-lap-volakas\" width=\"495\" height=\"339\" srcset=\"https:\/\/royalstone.com.vn\/wp-content\/uploads\/2023\/12\/da-marble-trang-hy-lap-volakas.jpg 495w, https:\/\/royalstone.com.vn\/wp-content\/uploads\/2023\/12\/da-marble-trang-hy-lap-volakas-300x205.jpg 300w\" sizes=\"(max-width: 495px) 100vw, 495px\" \/><figcaption id=\"caption-attachment-1328\" class=\"wp-caption-text\">White Marble Greece Volakas<\/figcaption><\/figure>\n<h2 data-sourcepos=\"26:1-26:51\"><strong>Choosing to buy White Marble Greece Volakas<\/strong><\/h2>\n<p data-sourcepos=\"28:1-28:77\">When choosing to buy White Marble Greece Volakas, you need to note a number of issues here:<\/p>\n<ul data-sourcepos=\"30:1-33:0\">\n<li data-sourcepos=\"30:1-30:222\"><strong>Hardness test:<\/strong>\u00a0White Marble Greece Volakas has high hardness, good bearing. You can check the hardness of the stone using a hammer or other hard objects knocked lightly on the stone surface. If the stone has high hardness, will not crack, break.<\/li>\n<li data-sourcepos=\"31:1-31:111\"><strong>Check out the stone surface:<\/strong>\u00a0The surface of White Marble, Greece Volakas must be smooth, no cracks, breaks, pinholes,...<\/li>\n<li data-sourcepos=\"32:1-33:0\"><strong>Check van stone:<\/strong>\u00a0So White Marble Greece Volakas must be clear, sharp, not broken.<\/li>\n<\/ul>\n<p data-sourcepos=\"46:1-46:262\">\u0110\u00e1 Marble Tr\u1eafng Hy L\u1ea1p Volakas l\u00e0 m\u1ed9t lo\u1ea1i \u0111\u00e1 t\u1ef1 nhi\u00ean cao c\u1ea5p v\u1edbi v\u1ebb \u0111\u1eb9p tinh t\u1ebf, sang tr\u1ecdng, ph\u00f9 h\u1ee3p v\u1edbi nhi\u1ec1u phong c\u00e1ch thi\u1ebft k\u1ebf kh\u00e1c nhau. Lo\u1ea1i \u0111\u00e1 n\u00e0y \u0111\u01b0\u1ee3c \u1ee9ng d\u1ee5ng r\u1ed9ng r\u00e3i trong c\u00e1c h\u1ea1ng m\u1ee5c n\u1ed9i th\u1ea5t, ngo\u1ea1i th\u1ea5t, mang \u0111\u1ebfn v\u1ebb \u0111\u1eb9p sang tr\u1ecdng v\u00e0 \u0111\u1eb3ng c\u1ea5p v\u01b0\u1ee3t tr\u1ed9i so v\u1edbi c\u00e1c <b><a href=\"https:\/\/royalstone.com.vn\/en\/da-ban-bep-hien-dai-cho-khong-gian-bep-cua-ban\/\">s\u1ea3n ph\u1ea9m kh\u00e1c<\/a><\/b><\/p>\n<h3><strong>Contact information Royal Stone \u2013 natural Stone premium<\/strong><\/h3>\n<p><strong>COMPANY LIMITED ROYAL STONE<\/strong><\/p>\n<p>\u260e Hotline: 0963 689 531<\/p>\n<p>\ud83c\udfe0 Office : 283 Tay Mo Ward, Dai Mo ward, Nam tu Liem district, Ha Noi City.<\/p>\n<p>\ud83c\udfe0 Factory: the 10 Yen The town, Luc Yen district, Yen Bai province<\/p>\n<p>\ud83c\udfe0 Warehouse Ha Noi: Lane 24, Dai Mo, tu Liem, Ha Noi (falling edge 4 Van Phuc, Ha Dong)<\/p>\n<p>\ud83c\udf10 Website:\u00a0<a href=\"https:\/\/royalstone.com.vn\/en\/\">www.royalstone.com.vn<\/a><\/p>\n<h3 class=\"ftwp-heading\"><strong>Connect with Royal Stone<\/strong><\/h3>\n<div class=\"textwidget custom-html-widget\">\n<div class=\"textwidget custom-html-widget\">\n<div><a href=\"https:\/\/www.youtube.com\/@royalstone-datunhiencaocap\" target=\"_blank\" rel=\"noopener nofollow\"><img decoding=\"async\" class=\"entered lazyloaded\" title=\"ROYAL STONE - natural Stone premium\" src=\"http:\/\/royalstone.com.vn\/wp-content\/uploads\/2023\/11\/youtube-royalstone.jpg\" alt=\"ROYAL STONE - natural Stone premium\" width=\"30\" height=\"30\" data-lazy-src=\"http:\/\/royalstone.com.vn\/wp-content\/uploads\/2023\/11\/youtube-royalstone.jpg\" data-ll-status=\"loaded\" data-lazy-=\"\" \/><\/a><a href=\"https:\/\/www.facebook.com\/RoyalstoneDaTuNhienCaoCap\" target=\"_blank\" rel=\"noopener nofollow\"><img decoding=\"async\" class=\"entered lazyloaded\" title=\"ROYAL STONE - natural Stone premium\" src=\"http:\/\/royalstone.com.vn\/wp-content\/uploads\/2023\/11\/facebook-royalstone.jpg\" alt=\"ROYAL STONE - natural Stone premium\" width=\"30\" height=\"30\" data-lazy-src=\"http:\/\/royalstone.com.vn\/wp-content\/uploads\/2023\/11\/facebook-royalstone.jpg\" data-ll-status=\"loaded\" data-lazy-=\"\" \/><\/a><a href=\"https:\/\/twitter.com\/royalstonedatn\" target=\"_blank\" rel=\"noopener nofollow\"><img decoding=\"async\" class=\"entered lazyloaded\" title=\"ROYAL STONE - natural Stone premium\" src=\"http:\/\/royalstone.com.vn\/wp-content\/uploads\/2023\/11\/twitter-royalstone.jpg\" alt=\"ROYAL STONE - natural Stone premium\" width=\"30\" height=\"30\" data-lazy-src=\"http:\/\/royalstone.com.vn\/wp-content\/uploads\/2023\/11\/twitter-royalstone.jpg\" data-ll-status=\"loaded\" data-lazy-=\"\" \/><\/a><a href=\"https:\/\/www.pinterest.com\/royalstonedatunhiencaocap\/\" target=\"_blank\" rel=\"noopener nofollow\"><img decoding=\"async\" class=\"entered lazyloaded\" title=\"ROYAL STONE - natural Stone premium\" src=\"http:\/\/royalstone.com.vn\/wp-content\/uploads\/2023\/11\/printerest-royalstone.jpg\" alt=\"ROYAL STONE - natural Stone premium\" width=\"30\" height=\"30\" data-lazy-src=\"http:\/\/royalstone.com.vn\/wp-content\/uploads\/2023\/11\/printerest-royalstone.jpg\" data-ll-status=\"loaded\" data-lazy-=\"\" \/><\/a><a href=\"https:\/\/www.linkedin.com\/in\/royalstone-datunhien\/\" target=\"_blank\" rel=\"noopener nofollow\"><img decoding=\"async\" class=\"entered lazyloaded\" title=\"ROYAL STONE - natural Stone premium\" src=\"http:\/\/royalstone.com.vn\/wp-content\/uploads\/2023\/11\/linkedin-royalstone.jpg\" alt=\"ROYAL STONE - natural Stone premium\" width=\"30\" height=\"30\" data-lazy-src=\"http:\/\/royalstone.com.vn\/wp-content\/uploads\/2023\/11\/linkedin-royalstone.jpg\" data-ll-status=\"loaded\" data-lazy-=\"\" \/><\/a><\/div>\n<\/div>\n<\/div>","protected":false},"excerpt":{"rendered":"<p>\u0110\u00e1 Marble Tr\u1eafng Hy L\u1ea1p Volakas l\u00e0 m\u1ed9t lo\u1ea1i \u0111\u00e1 t\u1ef1 nhi\u00ean \u0111\u01b0\u1ee3c khai th\u00e1c t\u1eeb v\u00f9ng n\u00fai Volakas, Hy L\u1ea1p. Lo\u1ea1i \u0111\u00e1 n\u00e0y \u0111\u01b0\u1ee3c bi\u1ebft \u0111\u1ebfn v\u1edbi v\u1ebb \u0111\u1eb9p tinh t\u1ebf, sang tr\u1ecdng v\u1edbi n\u1ec1n \u0111\u00e1 m\u00e0u tr\u1eafng ng\u00e0 v\u00e0 v\u00e2n m\u00e2y x\u00e1m. \u0110\u00e1 Marble Tr\u1eafng Hy L\u1ea1p Volakas c\u00f3 \u0111\u1ed9 c\u1ee9ng cao, ch\u1ecbu&#8230;<\/p>","protected":false},"featured_media":1328,"comment_status":"closed","ping_status":"closed","template":"","meta":{"inline_featured_image":false},"product_cat":[35,40],"product_tag":[],"class_list":{"0":"post-1327","1":"product","2":"type-product","3":"status-publish","4":"has-post-thumbnail","6":"product_cat-da-marble","7":"product_cat-da-marble-trang","9":"first","10":"instock","11":"shipping-taxable","12":"product-type-simple"},"_links":{"self":[{"href":"https:\/\/royalstone.com.vn\/en\/wp-json\/wp\/v2\/product\/1327","targetHints":{"allow":["GET"]}}],"collection":[{"href":"https:\/\/royalstone.com.vn\/en\/wp-json\/wp\/v2\/product"}],"about":[{"href":"https:\/\/royalstone.com.vn\/en\/wp-json\/wp\/v2\/types\/product"}],"replies":[{"embeddable":true,"href":"https:\/\/royalstone.com.vn\/en\/wp-json\/wp\/v2\/comments?post=1327"}],"wp:featuredmedia":[{"embeddable":true,"href":"https:\/\/royalstone.com.vn\/en\/wp-json\/wp\/v2\/media\/1328"}],"wp:attachment":[{"href":"https:\/\/royalstone.com.vn\/en\/wp-json\/wp\/v2\/media?parent=1327"}],"wp:term":[{"taxonomy":"product_cat","embeddable":true,"href":"https:\/\/royalstone.com.vn\/en\/wp-json\/wp\/v2\/product_cat?post=1327"},{"taxonomy":"product_tag","embeddable":true,"href":"https:\/\/royalstone.com.vn\/en\/wp-json\/wp\/v2\/product_tag?post=1327"}],"curies":[{"name":"wp","href":"https:\/\/api.w.org\/{rel}","templated":true}]}}