{"id":1324,"date":"2023-12-18T08:09:31","date_gmt":"2023-12-18T08:09:31","guid":{"rendered":"http:\/\/royalstone.com.vn\/?post_type=product&#038;p=1324"},"modified":"2023-12-18T08:10:48","modified_gmt":"2023-12-18T08:10:48","slug":"da-marble-trang-y","status":"publish","type":"product","link":"https:\/\/royalstone.com.vn\/en\/da-marble-trang-y\/","title":{"rendered":"White Marble, Italian"},"content":{"rendered":"<p data-sourcepos=\"3:1-3:186\"><a href=\"http:\/\/royalstone.com.vn\/en\/da-marble-trang-y\/\"><em><strong>White Marble, Italian<\/strong><\/em><\/a> is natural stones mined from the quarry in Italy, there are pure white with the natural ridges, bringing elegance and class for space construction.<\/p>\n<h2 data-sourcepos=\"3:1-3:186\"><strong>White Marble \u2013 Italian beauty, elegance, class<\/strong><\/h2>\n<h3 data-sourcepos=\"5:1-5:38\"><strong>Introduction of White Marble, Italian<\/strong><\/h3>\n<p data-sourcepos=\"7:1-7:241\"><b><a href=\"https:\/\/royalstone.com.vn\/en\/da-marble-3-cm-san-pham-danh-cho-noi-that\/\">Marble<\/a><\/b> White Italian is a type of metamorphic rock formed from limestone due to the effects of high temperature and high pressure in the ground. The stone has pure white with the natural ridges, bringing elegance and class to the living space.<\/p>\n<h3 data-sourcepos=\"9:1-9:37\"><strong>Characteristics of White Marble, Italian<\/strong><\/h3>\n<p data-sourcepos=\"11:1-11:48\"><a href=\"http:\/\/royalstone.com.vn\/en\/da-marble\/\"><em><strong>Marble<\/strong><\/em><\/a> White Noted the following highlights:<\/p>\n<ul data-sourcepos=\"13:1-17:0\">\n<li data-sourcepos=\"13:1-13:107\">Color: Stone has pure white is the color that is much loved by the luxury and elegant.<\/li>\n<li data-sourcepos=\"14:1-14:102\">The van: Stone are the natural ridges, diversity, beauty make unique impression for each sheet of ice.<\/li>\n<li data-sourcepos=\"15:1-15:103\">Hardness: Stone have high hardness, strength, good heat resistance, no scratches, easy cleaning and maintenance.<\/li>\n<li data-sourcepos=\"16:1-17:0\">Durability: Stone is durable, can use for long time without being degraded.<\/li>\n<\/ul>\n<figure id=\"attachment_1325\" aria-describedby=\"caption-attachment-1325\" style=\"width: 476px\" class=\"wp-caption aligncenter\"><img decoding=\"async\" class=\"wp-image-1325 size-full\" title=\"White Marble, Italian\" src=\"http:\/\/royalstone.com.vn\/wp-content\/uploads\/2023\/12\/da-marble-trang-y.jpg\" alt=\"Da-marble-trang-y\" width=\"476\" height=\"337\" srcset=\"https:\/\/royalstone.com.vn\/wp-content\/uploads\/2023\/12\/da-marble-trang-y.jpg 476w, https:\/\/royalstone.com.vn\/wp-content\/uploads\/2023\/12\/da-marble-trang-y-300x212.jpg 300w\" sizes=\"(max-width: 476px) 100vw, 476px\" \/><figcaption id=\"caption-attachment-1325\" class=\"wp-caption-text\"><b><a href=\"https:\/\/royalstone.com.vn\/en\/da-marble-trang-thanh-lich-cho-khong-gian\/\">White Marble<\/a><\/b> \u00dd<\/figcaption><\/figure>\n<h3 data-sourcepos=\"18:1-18:37\"><strong>Application of White Marble, Italian<\/strong><\/h3>\n<p data-sourcepos=\"20:1-20:71\">White Marble is widely used in items tiling such as:<\/p>\n<ul data-sourcepos=\"22:1-27:0\">\n<li data-sourcepos=\"22:1-22:96\">Cladding, facade: White Marble, Italian, brings elegance and class to the facade of the house.<\/li>\n<li data-sourcepos=\"23:1-23:93\">Tangent of the stairs: Stone have high hardness, good strength, no scratches, suitable for cladding stairs.<\/li>\n<li data-sourcepos=\"24:1-24:106\">Wall tiles: Stones have color pure white, beauty make up, elegant, luxury interior space.<\/li>\n<li data-sourcepos=\"25:1-25:61\">Cladding, flooring: Stone have high hardness, good bearing, suitable for cladding, flooring.<\/li>\n<li data-sourcepos=\"26:1-27:0\">Tiling kitchen countertops: Stone have high hardness, good heat resistance, suitable for cladding the kitchen table.<\/li>\n<\/ul>\n<h2 data-sourcepos=\"28:1-28:39\"><strong>How to take care of White Marble, Italian<\/strong><\/h2>\n<p data-sourcepos=\"30:1-30:87\">To White Marble are durable over time, the need to perform the steps of maintenance following:<\/p>\n<ul data-sourcepos=\"32:1-35:0\">\n<li data-sourcepos=\"32:1-32:51\">Cleaned regularly with a soft, clean water.<\/li>\n<li data-sourcepos=\"33:1-33:67\">Do not use detergents, acidic, alkali to clean the stone.<\/li>\n<li data-sourcepos=\"34:1-35:0\">Avoid to stone direct exposure to sunlight and chemicals.<\/li>\n<\/ul>\n<p data-sourcepos=\"46:1-46:260\">White Marble, Italian is the type of natural stones, high class, brings elegance and class to the living space. With the outstanding advantages of the colors, the van, the hardness, durable, White Marble, Italian is the perfect choice for items tiling interior and exterior.<\/p>\n<h3><strong>Contact information Royal Stone \u2013 natural Stone premium<\/strong><\/h3>\n<p><strong>COMPANY LIMITED ROYAL STONE<\/strong><\/p>\n<p>\u260e Hotline: 0963 689 531<\/p>\n<p>\ud83c\udfe0 Office : 283 Tay Mo Ward, Dai Mo ward, Nam tu Liem district, Ha Noi City.<\/p>\n<p>\ud83c\udfe0 Factory: the 10 Yen The town, Luc Yen district, Yen Bai province<\/p>\n<p>\ud83c\udfe0 Warehouse Ha Noi: Lane 24, Dai Mo, tu Liem, Ha Noi (falling edge 4 Van Phuc, Ha Dong)<\/p>\n<p>\ud83c\udf10 Website:\u00a0<a href=\"https:\/\/royalstone.com.vn\/en\/\">www.royalstone.com.vn<\/a><\/p>\n<h3 class=\"ftwp-heading\"><strong>Connect with Royal Stone<\/strong><\/h3>\n<div class=\"textwidget custom-html-widget\">\n<div class=\"textwidget custom-html-widget\">\n<div><a href=\"https:\/\/www.youtube.com\/@royalstone-datunhiencaocap\" target=\"_blank\" rel=\"noopener nofollow\"><img decoding=\"async\" class=\"entered lazyloaded\" title=\"ROYAL STONE - natural Stone premium\" src=\"http:\/\/royalstone.com.vn\/wp-content\/uploads\/2023\/11\/youtube-royalstone.jpg\" alt=\"ROYAL STONE - natural Stone premium\" width=\"30\" height=\"30\" data-lazy-src=\"http:\/\/royalstone.com.vn\/wp-content\/uploads\/2023\/11\/youtube-royalstone.jpg\" data-ll-status=\"loaded\" data-lazy-=\"\" \/><\/a><a href=\"https:\/\/www.facebook.com\/RoyalstoneDaTuNhienCaoCap\" target=\"_blank\" rel=\"noopener nofollow\"><img decoding=\"async\" class=\"entered lazyloaded\" title=\"ROYAL STONE - natural Stone premium\" src=\"http:\/\/royalstone.com.vn\/wp-content\/uploads\/2023\/11\/facebook-royalstone.jpg\" alt=\"ROYAL STONE - natural Stone premium\" width=\"30\" height=\"30\" data-lazy-src=\"http:\/\/royalstone.com.vn\/wp-content\/uploads\/2023\/11\/facebook-royalstone.jpg\" data-ll-status=\"loaded\" data-lazy-=\"\" \/><\/a><a href=\"https:\/\/twitter.com\/royalstonedatn\" target=\"_blank\" rel=\"noopener nofollow\"><img decoding=\"async\" class=\"entered lazyloaded\" title=\"ROYAL STONE - natural Stone premium\" src=\"http:\/\/royalstone.com.vn\/wp-content\/uploads\/2023\/11\/twitter-royalstone.jpg\" alt=\"ROYAL STONE - natural Stone premium\" width=\"30\" height=\"30\" data-lazy-src=\"http:\/\/royalstone.com.vn\/wp-content\/uploads\/2023\/11\/twitter-royalstone.jpg\" data-ll-status=\"loaded\" data-lazy-=\"\" \/><\/a><a href=\"https:\/\/www.pinterest.com\/royalstonedatunhiencaocap\/\" target=\"_blank\" rel=\"noopener nofollow\"><img decoding=\"async\" class=\"entered lazyloaded\" title=\"ROYAL STONE - natural Stone premium\" src=\"http:\/\/royalstone.com.vn\/wp-content\/uploads\/2023\/11\/printerest-royalstone.jpg\" alt=\"ROYAL STONE - natural Stone premium\" width=\"30\" height=\"30\" data-lazy-src=\"http:\/\/royalstone.com.vn\/wp-content\/uploads\/2023\/11\/printerest-royalstone.jpg\" data-ll-status=\"loaded\" data-lazy-=\"\" \/><\/a><a href=\"https:\/\/www.linkedin.com\/in\/royalstone-datunhien\/\" target=\"_blank\" rel=\"noopener nofollow\"><img decoding=\"async\" class=\"entered lazyloaded\" title=\"ROYAL STONE - natural Stone premium\" src=\"http:\/\/royalstone.com.vn\/wp-content\/uploads\/2023\/11\/linkedin-royalstone.jpg\" alt=\"ROYAL STONE - natural Stone premium\" width=\"30\" height=\"30\" data-lazy-src=\"http:\/\/royalstone.com.vn\/wp-content\/uploads\/2023\/11\/linkedin-royalstone.jpg\" data-ll-status=\"loaded\" data-lazy-=\"\" \/><\/a><\/div>\n<\/div>\n<\/div>","protected":false},"excerpt":{"rendered":"<p>\u0110\u00e1 Marble Tr\u1eafng \u00dd l\u00e0 lo\u1ea1i \u0111\u00e1 t\u1ef1 nhi\u00ean \u0111\u01b0\u1ee3c khai th\u00e1c t\u1eeb c\u00e1c m\u1ecf \u0111\u00e1 \u1edf \u00dd, c\u00f3 m\u00e0u tr\u1eafng tinh khi\u1ebft v\u1edbi nh\u1eefng \u0111\u01b0\u1eddng v\u00e2n t\u1ef1 nhi\u00ean, mang \u0111\u1ebfn v\u1ebb \u0111\u1eb9p sang tr\u1ecdng, \u0111\u1eb3ng c\u1ea5p cho kh\u00f4ng gian c\u00f4ng tr\u00ecnh x\u00e2y d\u1ef1ng. \u0110\u00e1 Marble Tr\u1eafng \u00dd &#8211; V\u1ebb \u0111\u1eb9p sang tr\u1ecdng, \u0111\u1eb3ng c\u1ea5p&#8230;<\/p>","protected":false},"featured_media":1325,"comment_status":"closed","ping_status":"closed","template":"","meta":{"inline_featured_image":false},"product_cat":[35,40],"product_tag":[],"class_list":{"0":"post-1324","1":"product","2":"type-product","3":"status-publish","4":"has-post-thumbnail","6":"product_cat-da-marble","7":"product_cat-da-marble-trang","9":"first","10":"instock","11":"shipping-taxable","12":"product-type-simple"},"_links":{"self":[{"href":"https:\/\/royalstone.com.vn\/en\/wp-json\/wp\/v2\/product\/1324","targetHints":{"allow":["GET"]}}],"collection":[{"href":"https:\/\/royalstone.com.vn\/en\/wp-json\/wp\/v2\/product"}],"about":[{"href":"https:\/\/royalstone.com.vn\/en\/wp-json\/wp\/v2\/types\/product"}],"replies":[{"embeddable":true,"href":"https:\/\/royalstone.com.vn\/en\/wp-json\/wp\/v2\/comments?post=1324"}],"wp:featuredmedia":[{"embeddable":true,"href":"https:\/\/royalstone.com.vn\/en\/wp-json\/wp\/v2\/media\/1325"}],"wp:attachment":[{"href":"https:\/\/royalstone.com.vn\/en\/wp-json\/wp\/v2\/media?parent=1324"}],"wp:term":[{"taxonomy":"product_cat","embeddable":true,"href":"https:\/\/royalstone.com.vn\/en\/wp-json\/wp\/v2\/product_cat?post=1324"},{"taxonomy":"product_tag","embeddable":true,"href":"https:\/\/royalstone.com.vn\/en\/wp-json\/wp\/v2\/product_tag?post=1324"}],"curies":[{"name":"wp","href":"https:\/\/api.w.org\/{rel}","templated":true}]}}