{"id":1319,"date":"2023-12-18T07:54:55","date_gmt":"2023-12-18T07:54:55","guid":{"rendered":"http:\/\/royalstone.com.vn\/?post_type=product&#038;p=1319"},"modified":"2023-12-18T07:56:39","modified_gmt":"2023-12-18T07:56:39","slug":"da-marble-white-quarm","status":"publish","type":"product","link":"https:\/\/royalstone.com.vn\/en\/da-marble-white-quarm\/","title":{"rendered":"Marble White Quarm"},"content":{"rendered":"<p data-sourcepos=\"5:1-5:263\"><a href=\"http:\/\/royalstone.com.vn\/en\/da-marble-white-quarm\/\"><em><strong>Marble White Quarm<\/strong><\/em><\/a> is a type of natural stone which is formed from the metamorphism of limestone by the action of temperature and pressure. This stone has pure white mixed with the ridges gray gently, bringing elegance and sophistication to any space.<\/p>\n<h2 data-sourcepos=\"5:1-5:263\"><strong>Marble White Quarm \u2013 elegance and sophistication to any space<\/strong><\/h2>\n<h3 data-sourcepos=\"7:1-7:41\"><strong>Characteristics of Marble White Quarm<\/strong><\/h3>\n<ul data-sourcepos=\"9:1-16:0\">\n<li data-sourcepos=\"9:1-9:196\"><strong>Color:<\/strong>\u00a0Pure white is most prominent characteristics of <b><a href=\"https:\/\/royalstone.com.vn\/en\/da-marble-3-cm-san-pham-danh-cho-noi-that\/\">Marble<\/a><\/b> White Quarm. The color white symbolizes purity, purity, bring a feeling of lightness and relaxation to the look.<\/li>\n<li data-sourcepos=\"10:1-10:160\"><strong>Texture:<\/strong>\u00a0<b><a href=\"https:\/\/royalstone.com.vn\/en\/da-marble-mau-kem-ve-dep-dem-lai-su-tuyet-tac\/\">Marble<\/a><\/b> White Quarm has homogeneous structure, high durability. This stone is resistant to scratches, good load bearing, waterproof, easy cleaning.<\/li>\n<li data-sourcepos=\"11:1-16:0\"><strong>Application:<\/strong>\u00a0Marble White Quarm can be applied in many work items, from interior to exterior. Some common applications of this stone include:\n<ul data-sourcepos=\"12:5-16:0\">\n<li data-sourcepos=\"12:5-12:179\">Flooring: Marble White Quarm make up beauty, luxury and sophistication for the interior space. This stone is often used for flooring living room, kitchen, bedroom,...<\/li>\n<li data-sourcepos=\"13:5-13:183\">Wall tiles: Marble White Quarm bring natural beauty and elegance for the interior space. This stone is often used for wall cladding, living room, kitchen, bedroom,...<\/li>\n<li data-sourcepos=\"14:5-14:155\">L\u00e0m b\u00e0n b\u1ebfp, <b><a href=\"https:\/\/royalstone.com.vn\/en\/ban-an-net-dep-sang-trong-cho-khong-gian-bep\/\">b\u00e0n \u0103n<\/a><\/b>, qu\u1ea7y bar,&#8230;: \u0110\u00e1 Marble White Quarm c\u00f3 \u0111\u1ed9 b\u1ec1n cao, ch\u1ecbu l\u1ef1c t\u1ed1t, d\u1ec5 d\u00e0ng v\u1ec7 sinh, th\u00edch h\u1ee3p \u0111\u1ec3 l\u00e0m b\u00e0n b\u1ebfp, b\u00e0n \u0103n, qu\u1ea7y bar,&#8230;<\/li>\n<li data-sourcepos=\"15:5-16:0\">Cladding, stairs, paving: Stone, Marble White Quarm create beauty, elegance and class to the exterior space. This stone is often used to tiles, stairs, paving,...<\/li>\n<\/ul>\n<\/li>\n<\/ul>\n<h3 data-sourcepos=\"17:1-17:40\"><strong>Advantages of Marble White Quarm<\/strong><\/h3>\n<ul data-sourcepos=\"19:1-22:0\">\n<li data-sourcepos=\"19:1-19:183\"><strong>Beauty elegance and sophistication:<\/strong>\u00a0Marble White Quarm has the colour pure white mixed with the ridges gray gently, bringing elegance and sophistication to any space.<\/li>\n<li data-sourcepos=\"20:1-20:191\"><strong>Resistant to scratches, good bearing:<\/strong>\u00a0Marble White Quarm has homogeneous structure, high durability. This stone is resistant to scratches, good load bearing, waterproof, easy cleaning.<\/li>\n<li data-sourcepos=\"21:1-22:0\"><strong>Aesthetics:<\/strong>\u00a0Marble White Quarm has natural beauty, to bring the feeling of relaxation and pleasant to look.<\/li>\n<\/ul>\n<figure id=\"attachment_1320\" aria-describedby=\"caption-attachment-1320\" style=\"width: 473px\" class=\"wp-caption aligncenter\"><img decoding=\"async\" class=\"wp-image-1320 size-full\" title=\"Marble White Quarm\" src=\"http:\/\/royalstone.com.vn\/wp-content\/uploads\/2023\/12\/da-marble-white-quarm.jpg\" alt=\"Black-marble-white-quarm\" width=\"473\" height=\"336\" srcset=\"https:\/\/royalstone.com.vn\/wp-content\/uploads\/2023\/12\/da-marble-white-quarm.jpg 473w, https:\/\/royalstone.com.vn\/wp-content\/uploads\/2023\/12\/da-marble-white-quarm-300x213.jpg 300w\" sizes=\"(max-width: 473px) 100vw, 473px\" \/><figcaption id=\"caption-attachment-1320\" class=\"wp-caption-text\">Marble White Quarm<\/figcaption><\/figure>\n<h3 data-sourcepos=\"23:1-23:43\"><strong>Disadvantages of Marble White Quarm<\/strong><\/h3>\n<ul data-sourcepos=\"25:1-27:0\">\n<li data-sourcepos=\"25:1-25:125\"><strong>Price high:<\/strong>\u00a0<a href=\"http:\/\/royalstone.com.vn\/en\/da-marble\/\"><em><strong>Marble<\/strong><\/em><\/a> White Quarm l\u00e0 m\u1ed9t lo\u1ea1i \u0111\u00e1 t\u1ef1 nhi\u00ean cao c\u1ea5p, c\u00f3 gi\u00e1 th\u00e0nh cao h\u01a1n so v\u1edbi c\u00e1c lo\u1ea1i <b><a href=\"https:\/\/royalstone.com.vn\/en\/da-nung-ket-ve-dep-hoan-hao-cho-khong-gian\/\">\u0111\u00e1 nh\u00e2n t\u1ea1o<\/a><\/b>.<\/li>\n<li data-sourcepos=\"26:1-27:0\"><strong>Easy to crack or break:<\/strong>\u00a0Marble White Quarm has high stiffness but easily cracked if strong impact.<\/li>\n<\/ul>\n<h2 data-sourcepos=\"28:1-28:42\"><strong>How to preserve Marble White Quarm best<\/strong><\/h2>\n<p data-sourcepos=\"30:1-30:88\">To Marble White Quarm always durable and beautiful over time, to note the way storage the following:<\/p>\n<ul data-sourcepos=\"32:1-35:0\">\n<li data-sourcepos=\"32:1-32:168\"><strong>Regular cleaning:<\/strong>\u00a0Should hygienic Marble White Quarm periodically with a soft towel and clean water. Avoid the use of strong chemical cleaners to avoid damaging the surface.<\/li>\n<li data-sourcepos=\"33:1-33:81\"><strong>Avoid strong impact:<\/strong>\u00a0Should not impact strongly on the stone surface, to avoid being cracked, broken.<\/li>\n<li data-sourcepos=\"34:1-35:0\"><strong>Avoid exposure to the sun directly:<\/strong>\u00a0Sun direct sun can fade the color of stone.<\/li>\n<\/ul>\n<h3><strong>Contact information Royal Stone \u2013 natural Stone premium<\/strong><\/h3>\n<p><strong>COMPANY LIMITED ROYAL STONE<\/strong><\/p>\n<p>\u260e Hotline: 0963 689 531<\/p>\n<p>\ud83c\udfe0 Office : 283 Tay Mo Ward, Dai Mo ward, Nam tu Liem district, Ha Noi City.<\/p>\n<p>\ud83c\udfe0 Factory: the 10 Yen The town, Luc Yen district, Yen Bai province<\/p>\n<p>\ud83c\udfe0 Warehouse Ha Noi: Lane 24, Dai Mo, tu Liem, Ha Noi (falling edge 4 Van Phuc, Ha Dong)<\/p>\n<p>\ud83c\udf10 Website:\u00a0<a href=\"https:\/\/royalstone.com.vn\/en\/\">www.royalstone.com.vn<\/a><\/p>\n<h3 class=\"ftwp-heading\"><strong>Connect with Royal Stone<\/strong><\/h3>\n<div class=\"textwidget custom-html-widget\">\n<div class=\"textwidget custom-html-widget\">\n<div><a href=\"https:\/\/www.youtube.com\/@royalstone-datunhiencaocap\" target=\"_blank\" rel=\"noopener nofollow\"><img decoding=\"async\" class=\"entered lazyloaded\" title=\"ROYAL STONE - natural Stone premium\" src=\"http:\/\/royalstone.com.vn\/wp-content\/uploads\/2023\/11\/youtube-royalstone.jpg\" alt=\"ROYAL STONE - natural Stone premium\" width=\"30\" height=\"30\" data-lazy-src=\"http:\/\/royalstone.com.vn\/wp-content\/uploads\/2023\/11\/youtube-royalstone.jpg\" data-ll-status=\"loaded\" data-lazy-=\"\" \/><\/a><a href=\"https:\/\/www.facebook.com\/RoyalstoneDaTuNhienCaoCap\" target=\"_blank\" rel=\"noopener nofollow\"><img decoding=\"async\" class=\"entered lazyloaded\" title=\"ROYAL STONE - natural Stone premium\" src=\"http:\/\/royalstone.com.vn\/wp-content\/uploads\/2023\/11\/facebook-royalstone.jpg\" alt=\"ROYAL STONE - natural Stone premium\" width=\"30\" height=\"30\" data-lazy-src=\"http:\/\/royalstone.com.vn\/wp-content\/uploads\/2023\/11\/facebook-royalstone.jpg\" data-ll-status=\"loaded\" data-lazy-=\"\" \/><\/a><a href=\"https:\/\/twitter.com\/royalstonedatn\" target=\"_blank\" rel=\"noopener nofollow\"><img decoding=\"async\" class=\"entered lazyloaded\" title=\"ROYAL STONE - natural Stone premium\" src=\"http:\/\/royalstone.com.vn\/wp-content\/uploads\/2023\/11\/twitter-royalstone.jpg\" alt=\"ROYAL STONE - natural Stone premium\" width=\"30\" height=\"30\" data-lazy-src=\"http:\/\/royalstone.com.vn\/wp-content\/uploads\/2023\/11\/twitter-royalstone.jpg\" data-ll-status=\"loaded\" data-lazy-=\"\" \/><\/a><a href=\"https:\/\/www.pinterest.com\/royalstonedatunhiencaocap\/\" target=\"_blank\" rel=\"noopener nofollow\"><img decoding=\"async\" class=\"entered lazyloaded\" title=\"ROYAL STONE - natural Stone premium\" src=\"http:\/\/royalstone.com.vn\/wp-content\/uploads\/2023\/11\/printerest-royalstone.jpg\" alt=\"ROYAL STONE - natural Stone premium\" width=\"30\" height=\"30\" data-lazy-src=\"http:\/\/royalstone.com.vn\/wp-content\/uploads\/2023\/11\/printerest-royalstone.jpg\" data-ll-status=\"loaded\" data-lazy-=\"\" \/><\/a><a href=\"https:\/\/www.linkedin.com\/in\/royalstone-datunhien\/\" target=\"_blank\" rel=\"noopener nofollow\"><img decoding=\"async\" class=\"entered lazyloaded\" title=\"ROYAL STONE - natural Stone premium\" src=\"http:\/\/royalstone.com.vn\/wp-content\/uploads\/2023\/11\/linkedin-royalstone.jpg\" alt=\"ROYAL STONE - natural Stone premium\" width=\"30\" height=\"30\" data-lazy-src=\"http:\/\/royalstone.com.vn\/wp-content\/uploads\/2023\/11\/linkedin-royalstone.jpg\" data-ll-status=\"loaded\" data-lazy-=\"\" \/><\/a><\/div>\n<\/div>\n<\/div>","protected":false},"excerpt":{"rendered":"<p>\u0110\u00e1 Marble White Quarm l\u00e0 m\u1ed9t lo\u1ea1i \u0111\u00e1 t\u1ef1 nhi\u00ean \u0111\u01b0\u1ee3c h\u00ecnh th\u00e0nh t\u1eeb s\u1ef1 bi\u1ebfn ch\u1ea5t c\u1ee7a \u0111\u00e1 v\u00f4i do t\u00e1c \u0111\u1ed9ng c\u1ee7a nhi\u1ec7t \u0111\u1ed9 v\u00e0 \u00e1p su\u1ea5t cao. Lo\u1ea1i \u0111\u00e1 n\u00e0y c\u00f3 m\u00e0u tr\u1eafng tinh khi\u1ebft, xen l\u1eabn nh\u1eefng \u0111\u01b0\u1eddng v\u00e2n x\u00e1m nh\u1eb9 nh\u00e0ng, mang l\u1ea1i v\u1ebb \u0111\u1eb9p sang tr\u1ecdng v\u00e0 tinh t\u1ebf&#8230;<\/p>","protected":false},"featured_media":1320,"comment_status":"closed","ping_status":"closed","template":"","meta":{"inline_featured_image":false},"product_cat":[35,40],"product_tag":[],"class_list":{"0":"post-1319","1":"product","2":"type-product","3":"status-publish","4":"has-post-thumbnail","6":"product_cat-da-marble","7":"product_cat-da-marble-trang","9":"first","10":"instock","11":"shipping-taxable","12":"product-type-simple"},"_links":{"self":[{"href":"https:\/\/royalstone.com.vn\/en\/wp-json\/wp\/v2\/product\/1319","targetHints":{"allow":["GET"]}}],"collection":[{"href":"https:\/\/royalstone.com.vn\/en\/wp-json\/wp\/v2\/product"}],"about":[{"href":"https:\/\/royalstone.com.vn\/en\/wp-json\/wp\/v2\/types\/product"}],"replies":[{"embeddable":true,"href":"https:\/\/royalstone.com.vn\/en\/wp-json\/wp\/v2\/comments?post=1319"}],"wp:featuredmedia":[{"embeddable":true,"href":"https:\/\/royalstone.com.vn\/en\/wp-json\/wp\/v2\/media\/1320"}],"wp:attachment":[{"href":"https:\/\/royalstone.com.vn\/en\/wp-json\/wp\/v2\/media?parent=1319"}],"wp:term":[{"taxonomy":"product_cat","embeddable":true,"href":"https:\/\/royalstone.com.vn\/en\/wp-json\/wp\/v2\/product_cat?post=1319"},{"taxonomy":"product_tag","embeddable":true,"href":"https:\/\/royalstone.com.vn\/en\/wp-json\/wp\/v2\/product_tag?post=1319"}],"curies":[{"name":"wp","href":"https:\/\/api.w.org\/{rel}","templated":true}]}}