{"id":1313,"date":"2023-12-18T07:38:08","date_gmt":"2023-12-18T07:38:08","guid":{"rendered":"http:\/\/royalstone.com.vn\/?post_type=product&#038;p=1313"},"modified":"2023-12-18T07:38:51","modified_gmt":"2023-12-18T07:38:51","slug":"da-marble-alexandra-white","status":"publish","type":"product","link":"https:\/\/royalstone.com.vn\/en\/da-marble-alexandra-white\/","title":{"rendered":"Marble Alexandra White"},"content":{"rendered":"<p data-sourcepos=\"3:1-3:267\"><a href=\"http:\/\/royalstone.com.vn\/en\/da-marble-alexandra-white\/\"><em><strong>Marble Alexandra White<\/strong><\/em><\/a> is the type of natural stone has pure white, combined with soft ridges, creating beauty, luxury and elegant. Stone is widely used in construction, interior, bring up the living space and impressive.<\/p>\n<h2 data-sourcepos=\"5:1-5:13\"><strong>Marble Alexandra White \u2013 pure beauty and luxury<\/strong><\/h2>\n<p data-sourcepos=\"9:1-9:206\"><b><a href=\"https:\/\/royalstone.com.vn\/en\/da-marble-3-cm-san-pham-danh-cho-noi-that\/\">Marble<\/a><\/b> Alexandra White is the type of natural stone is formed from limestone, metamorphic, derived from Greek. Stone pure white color combined with soft ridges, creating beauty, luxury and elegant.<\/p>\n<h3 data-sourcepos=\"11:1-11:45\"><strong>Characteristics of Marble Alexandra White<\/strong><\/h3>\n<p data-sourcepos=\"13:1-13:56\">Marble Alexandra White has the following highlights:<\/p>\n<ul data-sourcepos=\"15:1-20:0\">\n<li data-sourcepos=\"15:1-15:96\">Color: Stone has pure white, bring a sense of elegant and tasteful space.<\/li>\n<li data-sourcepos=\"16:1-16:84\">Ridges: ridges of rock soft, natural, beauty make up, unique and impressive.<\/li>\n<li data-sourcepos=\"17:1-17:68\">Hardness: Stone of medium hardness, reaching about 3 to 5 on the Mohs scale.<\/li>\n<li data-sourcepos=\"18:1-18:84\">Water permeability: the Stone of waterproof high, need to be processed waterproof before use.<\/li>\n<li data-sourcepos=\"19:1-20:0\">Durability: Stone is durable, can long-term use in many different environments.<\/li>\n<\/ul>\n<figure id=\"attachment_1314\" aria-describedby=\"caption-attachment-1314\" style=\"width: 481px\" class=\"wp-caption aligncenter\"><img decoding=\"async\" class=\"wp-image-1314 size-full\" title=\"Marble Alexandra White\" src=\"http:\/\/royalstone.com.vn\/wp-content\/uploads\/2023\/12\/da-marble-alexandra-white.jpg\" alt=\"Black-marble-alexandra-white\" width=\"481\" height=\"331\" srcset=\"https:\/\/royalstone.com.vn\/wp-content\/uploads\/2023\/12\/da-marble-alexandra-white.jpg 481w, https:\/\/royalstone.com.vn\/wp-content\/uploads\/2023\/12\/da-marble-alexandra-white-300x206.jpg 300w\" sizes=\"(max-width: 481px) 100vw, 481px\" \/><figcaption id=\"caption-attachment-1314\" class=\"wp-caption-text\">Marble Alexandra White<\/figcaption><\/figure>\n<h3 data-sourcepos=\"21:1-21:45\"><strong>Application of Marble Alexandra White<\/strong><\/h3>\n<p data-sourcepos=\"23:1-23:177\"><a href=\"http:\/\/royalstone.com.vn\/en\/da-marble\/\"><em><strong>Marble<\/strong><\/em><\/a> Alexandra White is widely used in construction, interior, bring up the living space and impressive. Some common applications of the stone include:<\/p>\n<ul data-sourcepos=\"25:1-29:0\">\n<li data-sourcepos=\"25:1-25:116\">Tiling the floor: Marble Alexandra White have pure color, create the living space, luxury and elegant.<\/li>\n<li data-sourcepos=\"26:1-26:83\">Tiling wall: Stone has soft ridges, creating a striking focal point for the space.<\/li>\n<li data-sourcepos=\"27:1-27:133\">\u1ed0p l\u00e1t b\u00e0n b\u1ebfp, <b><a href=\"https:\/\/royalstone.com.vn\/en\/ban-an-net-dep-sang-trong-cho-khong-gian-bep\/\">b\u00e0n \u0103n<\/a><\/b>: \u0110\u00e1 c\u00f3 \u0111\u1ed9 c\u1ee9ng cao, d\u1ec5 d\u00e0ng v\u1ec7 sinh, ph\u00f9 h\u1ee3p \u0111\u1ec3 \u1ed1p l\u00e1t c\u00e1c khu v\u1ef1c th\u01b0\u1eddng xuy\u00ean ti\u1ebfp x\u00fac v\u1edbi n\u01b0\u1edbc v\u00e0 d\u1ea7u m\u1ee1.<\/li>\n<li data-sourcepos=\"28:1-29:0\">Tiling stairs: Stone is durable, suitable for tiling stairs to living spaces with luxury and class.<\/li>\n<\/ul>\n<h2 data-sourcepos=\"30:1-30:46\"><strong>Use and preservation Marble Alexandra White out?<\/strong><\/h2>\n<p data-sourcepos=\"32:1-32:77\">To Marble Alexandra White is always beautiful, durable, noting the way storage the following:<\/p>\n<ul data-sourcepos=\"34:1-38:0\">\n<li data-sourcepos=\"34:1-34:51\">Cleaned regularly with a soft, clean water.<\/li>\n<li data-sourcepos=\"35:1-35:58\">Do not use strong detergents, acidic, alkaline.<\/li>\n<li data-sourcepos=\"36:1-36:67\">Avoid to exposed rock with sharp objects, easy to scratch the stone surface.<\/li>\n<li data-sourcepos=\"37:1-38:0\">Periodically government more maintenance class for stone for increased durability and a beautiful shade.<\/li>\n<\/ul>\n<p data-sourcepos=\"49:1-49:290\">Marble Alexandra White is the type of natural stone has pure beauty and elegance, is widely used in construction, interior. If you are looking for paving stones bring to the living space and impressive, then Marble Alexandra White is an option worth considering.<\/p>\n<h3><strong>Contact information Royal Stone \u2013 natural Stone premium<\/strong><\/h3>\n<p><strong>COMPANY LIMITED ROYAL STONE<\/strong><\/p>\n<p>\u260e Hotline: 0963 689 531<\/p>\n<p>\ud83c\udfe0 Office : 283 Tay Mo Ward, Dai Mo ward, Nam tu Liem district, Ha Noi City.<\/p>\n<p>\ud83c\udfe0 Factory: the 10 Yen The town, Luc Yen district, Yen Bai province<\/p>\n<p>\ud83c\udfe0 Warehouse Ha Noi: Lane 24, Dai Mo, tu Liem, Ha Noi (falling edge 4 Van Phuc, Ha Dong)<\/p>\n<p>\ud83c\udf10 Website:\u00a0<a href=\"https:\/\/royalstone.com.vn\/en\/\">www.royalstone.com.vn<\/a><\/p>\n<h3 class=\"ftwp-heading\"><strong>Connect with Royal Stone<\/strong><\/h3>\n<div class=\"textwidget custom-html-widget\">\n<div class=\"textwidget custom-html-widget\">\n<div><a href=\"https:\/\/www.youtube.com\/@royalstone-datunhiencaocap\" target=\"_blank\" rel=\"noopener nofollow\"><img decoding=\"async\" class=\"entered lazyloaded\" title=\"ROYAL STONE - natural Stone premium\" src=\"http:\/\/royalstone.com.vn\/wp-content\/uploads\/2023\/11\/youtube-royalstone.jpg\" alt=\"ROYAL STONE - natural Stone premium\" width=\"30\" height=\"30\" data-lazy-src=\"http:\/\/royalstone.com.vn\/wp-content\/uploads\/2023\/11\/youtube-royalstone.jpg\" data-ll-status=\"loaded\" data-lazy-=\"\" \/><\/a><a href=\"https:\/\/www.facebook.com\/RoyalstoneDaTuNhienCaoCap\" target=\"_blank\" rel=\"noopener nofollow\"><img decoding=\"async\" class=\"entered lazyloaded\" title=\"ROYAL STONE - natural Stone premium\" src=\"http:\/\/royalstone.com.vn\/wp-content\/uploads\/2023\/11\/facebook-royalstone.jpg\" alt=\"ROYAL STONE - natural Stone premium\" width=\"30\" height=\"30\" data-lazy-src=\"http:\/\/royalstone.com.vn\/wp-content\/uploads\/2023\/11\/facebook-royalstone.jpg\" data-ll-status=\"loaded\" data-lazy-=\"\" \/><\/a><a href=\"https:\/\/twitter.com\/royalstonedatn\" target=\"_blank\" rel=\"noopener nofollow\"><img decoding=\"async\" class=\"entered lazyloaded\" title=\"ROYAL STONE - natural Stone premium\" src=\"http:\/\/royalstone.com.vn\/wp-content\/uploads\/2023\/11\/twitter-royalstone.jpg\" alt=\"ROYAL STONE - natural Stone premium\" width=\"30\" height=\"30\" data-lazy-src=\"http:\/\/royalstone.com.vn\/wp-content\/uploads\/2023\/11\/twitter-royalstone.jpg\" data-ll-status=\"loaded\" data-lazy-=\"\" \/><\/a><a href=\"https:\/\/www.pinterest.com\/royalstonedatunhiencaocap\/\" target=\"_blank\" rel=\"noopener nofollow\"><img decoding=\"async\" class=\"entered lazyloaded\" title=\"ROYAL STONE - natural Stone premium\" src=\"http:\/\/royalstone.com.vn\/wp-content\/uploads\/2023\/11\/printerest-royalstone.jpg\" alt=\"ROYAL STONE - natural Stone premium\" width=\"30\" height=\"30\" data-lazy-src=\"http:\/\/royalstone.com.vn\/wp-content\/uploads\/2023\/11\/printerest-royalstone.jpg\" data-ll-status=\"loaded\" data-lazy-=\"\" \/><\/a><a href=\"https:\/\/www.linkedin.com\/in\/royalstone-datunhien\/\" target=\"_blank\" rel=\"noopener nofollow\"><img decoding=\"async\" class=\"entered lazyloaded\" title=\"ROYAL STONE - natural Stone premium\" src=\"http:\/\/royalstone.com.vn\/wp-content\/uploads\/2023\/11\/linkedin-royalstone.jpg\" alt=\"ROYAL STONE - natural Stone premium\" width=\"30\" height=\"30\" data-lazy-src=\"http:\/\/royalstone.com.vn\/wp-content\/uploads\/2023\/11\/linkedin-royalstone.jpg\" data-ll-status=\"loaded\" data-lazy-=\"\" \/><\/a><\/div>\n<\/div>\n<\/div>","protected":false},"excerpt":{"rendered":"<p>\u0110\u00e1 Marble Alexandra White l\u00e0 lo\u1ea1i \u0111\u00e1 t\u1ef1 nhi\u00ean c\u00f3 m\u00e0u tr\u1eafng tinh khi\u1ebft, k\u1ebft h\u1ee3p v\u1edbi \u0111\u01b0\u1eddng v\u00e2n m\u1ec1m m\u1ea1i, t\u1ea1o n\u00ean v\u1ebb \u0111\u1eb9p sang tr\u1ecdng v\u00e0 thanh l\u1ecbch. \u0110\u00e1 \u0111\u01b0\u1ee3c \u1ee9ng d\u1ee5ng r\u1ed9ng r\u00e3i trong c\u00e1c c\u00f4ng tr\u00ecnh x\u00e2y d\u1ef1ng, n\u1ed9i th\u1ea5t, mang \u0111\u1ebfn kh\u00f4ng gian s\u1ed1ng \u0111\u1eb3ng c\u1ea5p v\u00e0 \u1ea5n t\u01b0\u1ee3ng. \u0110\u00e1&#8230;<\/p>","protected":false},"featured_media":1314,"comment_status":"closed","ping_status":"closed","template":"","meta":{"inline_featured_image":false},"product_cat":[35,40],"product_tag":[],"class_list":{"0":"post-1313","1":"product","2":"type-product","3":"status-publish","4":"has-post-thumbnail","6":"product_cat-da-marble","7":"product_cat-da-marble-trang","9":"first","10":"instock","11":"shipping-taxable","12":"product-type-simple"},"_links":{"self":[{"href":"https:\/\/royalstone.com.vn\/en\/wp-json\/wp\/v2\/product\/1313","targetHints":{"allow":["GET"]}}],"collection":[{"href":"https:\/\/royalstone.com.vn\/en\/wp-json\/wp\/v2\/product"}],"about":[{"href":"https:\/\/royalstone.com.vn\/en\/wp-json\/wp\/v2\/types\/product"}],"replies":[{"embeddable":true,"href":"https:\/\/royalstone.com.vn\/en\/wp-json\/wp\/v2\/comments?post=1313"}],"wp:featuredmedia":[{"embeddable":true,"href":"https:\/\/royalstone.com.vn\/en\/wp-json\/wp\/v2\/media\/1314"}],"wp:attachment":[{"href":"https:\/\/royalstone.com.vn\/en\/wp-json\/wp\/v2\/media?parent=1313"}],"wp:term":[{"taxonomy":"product_cat","embeddable":true,"href":"https:\/\/royalstone.com.vn\/en\/wp-json\/wp\/v2\/product_cat?post=1313"},{"taxonomy":"product_tag","embeddable":true,"href":"https:\/\/royalstone.com.vn\/en\/wp-json\/wp\/v2\/product_tag?post=1313"}],"curies":[{"name":"wp","href":"https:\/\/api.w.org\/{rel}","templated":true}]}}