{"id":1177,"date":"2023-12-09T03:08:34","date_gmt":"2023-12-09T03:08:34","guid":{"rendered":"http:\/\/royalstone.com.vn\/?post_type=product&#038;p=1177"},"modified":"2023-12-09T03:09:09","modified_gmt":"2023-12-09T03:09:09","slug":"da-granite-sparkle-brown","status":"publish","type":"product","link":"https:\/\/royalstone.com.vn\/en\/da-granite-sparkle-brown\/","title":{"rendered":"Granite Sparkle Brown"},"content":{"rendered":"<h2 data-sourcepos=\"1:1-1:35\"><strong>\u0110\u00e1 Granite Sparkle Brown l\u00e0 g\u00ec?<\/strong><\/h2>\n<p data-sourcepos=\"3:1-3:219\"><a href=\"http:\/\/royalstone.com.vn\/en\/da-granite-sparkle-brown\/\"><em><strong>Granite Sparkle Brown<\/strong><\/em><\/a> l\u00e0 m\u1ed9t lo\u1ea1i \u0111\u00e1 t\u1ef1 nhi\u00ean \u0111\u01b0\u1ee3c h\u00ecnh th\u00e0nh t\u1eeb \u0111\u00e1 v\u00f4i bi\u1ebfn ch\u1ea5t, c\u00f3 m\u00e0u n\u00e2u nh\u1ea1t v\u1edbi c\u00e1c h\u1ea1t kho\u00e1ng s\u1ea3n l\u1ea5p l\u00e1nh, mang v\u1ebb \u0111\u1eb9p sang tr\u1ecdng v\u00e0 hi\u1ec7n \u0111\u1ea1i. \u0110\u00e1 th\u01b0\u1eddng \u0111\u01b0\u1ee3c khai th\u00e1c t\u1ea1i c\u00e1c m\u1ecf \u0111\u00e1 \u1edf Brazil.<\/p>\n<figure id=\"attachment_1178\" aria-describedby=\"caption-attachment-1178\" style=\"width: 726px\" class=\"wp-caption alignnone\"><img decoding=\"async\" class=\"size-full wp-image-1178\" src=\"http:\/\/royalstone.com.vn\/wp-content\/uploads\/2023\/12\/da-granite-sparkle-brown.jpg\" alt=\"Granite Sparkle Brown\" width=\"726\" height=\"498\" title=\"\" srcset=\"https:\/\/royalstone.com.vn\/wp-content\/uploads\/2023\/12\/da-granite-sparkle-brown.jpg 726w, https:\/\/royalstone.com.vn\/wp-content\/uploads\/2023\/12\/da-granite-sparkle-brown-300x206.jpg 300w, https:\/\/royalstone.com.vn\/wp-content\/uploads\/2023\/12\/da-granite-sparkle-brown-600x412.jpg 600w\" sizes=\"(max-width: 726px) 100vw, 726px\" \/><figcaption id=\"caption-attachment-1178\" class=\"wp-caption-text\"><b><a href=\"https:\/\/royalstone.com.vn\/en\/da-granite-3-cm-la-lua-chon-hoan-hao\/\">Granite<\/a><\/b> Sparkle Brown<\/figcaption><\/figure>\n<h3><strong>The type of this rock used to do for the building?<\/strong><\/h3>\n<ul data-sourcepos=\"9:1-12:0\">\n<li data-sourcepos=\"9:1-9:190\"><strong>Interior decoration:<\/strong>\u00a0<a href=\"http:\/\/royalstone.com.vn\/en\/da-granite\/\"><em><strong>Granite<\/strong><\/em><\/a> Sparkle Brown c\u00f3 m\u00e0u s\u1eafc sang tr\u1ecdng v\u00e0 hi\u1ec7n \u0111\u1ea1i,\u00a0ph\u00f9 h\u1ee3p v\u1edbi nhi\u1ec1u phong c\u00e1ch thi\u1ebft k\u1ebf n\u1ed9i th\u1ea5t.\u00a0\u0110\u00e1 th\u01b0\u1eddng \u0111\u01b0\u1ee3c s\u1eed d\u1ee5ng \u0111\u1ec3 trang tr\u00ed t\u01b0\u1eddng,\u00a0tr\u1ea7n,\u00a0c\u1ed9t,&#8230;<\/li>\n<li data-sourcepos=\"10:1-10:179\"><strong>Exterior decoration:<\/strong>\u00a0\u0110\u00e1 Granite Sparkle Brown c\u00f3 \u0111\u1ed9 b\u1ec1n cao,\u00a0ch\u1ecbu \u0111\u01b0\u1ee3c th\u1eddi ti\u1ebft kh\u1eafc nghi\u1ec7t,\u00a0ph\u00f9 h\u1ee3p \u0111\u1ec3 s\u1eed d\u1ee5ng cho c\u00e1c khu v\u1ef1c ngo\u1ea1i th\u1ea5t nh\u01b0 m\u1eb7t ti\u1ec1n,\u00a0c\u1ed5ng,\u00a0h\u00e0ng r\u00e0o,&#8230;<\/li>\n<li data-sourcepos=\"11:1-12:0\"><strong>Used in the public works:<\/strong>\u00a0\u0110\u00e1 Granite Sparkle Brown c\u00f3 gi\u00e1 th\u00e0nh h\u1ee3p l\u00fd,\u00a0d\u1ec5 thi c\u00f4ng,\u00a0ph\u00f9 h\u1ee3p \u0111\u1ec3 s\u1eed d\u1ee5ng trong c\u00e1c c\u00f4ng tr\u00ecnh c\u00f4ng c\u1ed9ng nh\u01b0 tr\u01b0\u1eddng h\u1ecdc,\u00a0b\u1ec7nh vi\u1ec7n,&#8230;<\/li>\n<\/ul>\n<h3 data-sourcepos=\"13:1-13:47\"><strong>\u01afu \u0111i\u1ec3m c\u1ee7a \u0110\u00e1 Granite Sparkle Brown l\u00e0 g\u00ec?<\/strong><\/h3>\n<ul data-sourcepos=\"17:1-21:0\">\n<li data-sourcepos=\"17:1-17:216\"><strong>M\u00e0u s\u1eafc sang tr\u1ecdng v\u00e0 hi\u1ec7n \u0111\u1ea1i:<\/strong>\u00a0\u0110\u00e1 Granite Sparkle Brown c\u00f3 m\u00e0u s\u1eafc n\u00e2u nh\u1ea1t v\u1edbi c\u00e1c h\u1ea1t kho\u00e1ng s\u1ea3n l\u1ea5p l\u00e1nh,\u00a0t\u1ea1o n\u00ean v\u1ebb \u0111\u1eb9p sang tr\u1ecdng v\u00e0 hi\u1ec7n \u0111\u1ea1i,\u00a0ph\u00f9 h\u1ee3p v\u1edbi nhi\u1ec1u phong c\u00e1ch thi\u1ebft k\u1ebf n\u1ed9i th\u1ea5t v\u00e0 ngo\u1ea1i th\u1ea5t.<\/li>\n<li data-sourcepos=\"18:1-18:129\"><strong>Durability:<\/strong>\u00a0\u0110\u00e1 Granite Sparkle Brown c\u00f3 \u0111\u1ed9 b\u1ec1n cao,\u00a0ch\u1ecbu \u0111\u01b0\u1ee3c th\u1eddi ti\u1ebft kh\u1eafc nghi\u1ec7t,\u00a0\u00edt b\u1ecb h\u01b0 h\u1ecfng trong qu\u00e1 tr\u00ecnh s\u1eed d\u1ee5ng.<\/li>\n<li data-sourcepos=\"19:1-19:150\"><strong>Waterproof performance good:<\/strong>\u00a0\u0110\u00e1 Granite Sparkle Brown c\u00f3 kh\u1ea3 n\u0103ng ch\u1ed1ng th\u1ea5m t\u1ed1t,\u00a0kh\u00f4ng b\u1ecb th\u1ea5m n\u01b0\u1edbc,\u00a0\u1ea9m m\u1ed1c,\u00a0ph\u00f9 h\u1ee3p v\u1edbi c\u1ea3 n\u1ed9i th\u1ea5t v\u00e0 ngo\u1ea1i th\u1ea5t.<\/li>\n<li data-sourcepos=\"20:1-21:0\"><strong>Easy construction:<\/strong>\u00a0\u0110\u00e1 Granite Sparkle Brown c\u00f3 th\u1ec3 \u0111\u01b0\u1ee3c thi c\u00f4ng d\u1ec5 d\u00e0ng,\u00a0kh\u00f4ng \u0111\u00f2i h\u1ecfi k\u1ef9 thu\u1eadt cao.<\/li>\n<\/ul>\n<h3 data-sourcepos=\"22:1-22:60\"><strong>Nh\u1eefng g\u00ec l\u01b0u \u00fd khi s\u1eed d\u1ee5ng lo\u1ea1i \u0110\u00e1 Granite Sparkle Brown<\/strong><\/h3>\n<ul data-sourcepos=\"26:1-29:0\">\n<li data-sourcepos=\"26:1-26:161\"><strong>Avoid strong impact:<\/strong>\u00a0\u0110\u00e1 Granite Sparkle Brown c\u00f3 \u0111\u1ed9 c\u1ee9ng cao,\u00a0nh\u01b0ng c\u0169ng c\u00f3 th\u1ec3 b\u1ecb v\u1ee1 n\u1ebfu ch\u1ecbu t\u00e1c \u0111\u1ed9ng m\u1ea1nh.\u00a0Do \u0111\u00f3,\u00a0c\u1ea7n tr\u00e1nh t\u00e1c \u0111\u1ed9ng m\u1ea1nh l\u00ean b\u1ec1 m\u1eb7t \u0111\u00e1.<\/li>\n<li data-sourcepos=\"27:1-27:182\"><strong>Avoid contact with chemicals:<\/strong>\u00a0\u0110\u00e1 Granite Sparkle Brown c\u00f3 th\u1ec3 b\u1ecb \u0103n m\u00f2n b\u1edfi c\u00e1c h\u00f3a ch\u1ea5t m\u1ea1nh,\u00a0ch\u1eb3ng h\u1ea1n nh\u01b0 axit,\u00a0baz\u01a1,&#8230;\u00a0Do \u0111\u00f3,\u00a0c\u1ea7n tr\u00e1nh \u0111\u1ec3 \u0111\u00e1 ti\u1ebfp x\u00fac v\u1edbi c\u00e1c h\u00f3a ch\u1ea5t n\u00e0y.<\/li>\n<li data-sourcepos=\"28:1-29:0\"><strong>Regular cleaning:<\/strong>\u00a0\u0110\u00e1 Granite Sparkle Brown c\u00f3 b\u1ec1 m\u1eb7t nh\u1eb5n b\u00f3ng,\u00a0d\u1ec5 d\u00e0ng v\u1ec7 sinh.\u00a0Tuy nhi\u00ean,\u00a0b\u1ea1n c\u0169ng c\u1ea7n l\u01b0u \u00fd v\u1ec7 sinh \u0111\u00e1 th\u01b0\u1eddng xuy\u00ean \u0111\u1ec3 tr\u00e1nh t\u00edch t\u1ee5 b\u1ee5i b\u1ea9n,\u00a0g\u00e2y \u1ea3nh h\u01b0\u1edfng \u0111\u1ebfn t\u00ednh th\u1ea9m m\u1ef9 c\u1ee7a \u0111\u00e1.<\/li>\n<li data-sourcepos=\"34:1-34:135\">When using decorative stone interior, it is necessary to note the contrast of stone with the other items in the room to create harmony.<\/li>\n<li data-sourcepos=\"35:1-35:110\">When using decorative stone exterior, need to pay attention to the weather factors to protect the stone from being damaged.<\/li>\n<li data-sourcepos=\"36:1-37:0\">When cleaning the stone, it should use the cleaners dedicated to natural stone, to avoid damaging the stone.<\/li>\n<\/ul>\n<h2 data-sourcepos=\"40:1-40:42\"><strong>\u0110\u1ecba ch\u1ec9 mua \u0110\u00e1 Granite Sparkle Brown uy t\u00edn<\/strong><\/h2>\n<p data-sourcepos=\"42:1-42:260\"><em><strong>Royal Stone \u2013 natural Stone premium<\/strong><\/em> l\u00e0 \u0111\u1ecba ch\u1ec9 uy t\u00edn chuy\u00ean cung c\u1ea5p c\u00e1c lo\u1ea1i \u0111\u00e1 t\u1ef1 nhi\u00ean cao c\u1ea5p, bao g\u1ed3m c\u1ea3 \u0110\u00e1 Granite Sparkle Brown. V\u1edbi nhi\u1ec1u n\u0103m kinh nghi\u1ec7m trong l\u0129nh v\u1ef1c \u0111\u00e1 \u1ed1p l\u00e1t, ch\u00fang t\u00f4i cam k\u1ebft mang \u0111\u1ebfn cho kh\u00e1ch h\u00e0ng nh\u1eefng s\u1ea3n ph\u1ea9m ch\u1ea5t l\u01b0\u1ee3ng t\u1ed1t nh\u1ea5t v\u1edbi gi\u00e1 c\u1ea3 h\u1ee3p l\u00fd.<\/p>\n<p data-sourcepos=\"46:1-46:199\">\u0110\u00e1 Granite Sparkle Brown l\u00e0 lo\u1ea1i \u0111\u00e1 t\u1ef1 nhi\u00ean c\u00f3 nhi\u1ec1u \u01b0u \u0111i\u1ec3m v\u01b0\u1ee3t tr\u1ed9i, ph\u00f9 h\u1ee3p v\u1edbi nhi\u1ec1u \u1ee9ng d\u1ee5ng kh\u00e1c nhau. V\u1edbi v\u1ebb \u0111\u1eb9p sang tr\u1ecdng v\u00e0 tinh t\u1ebf. \u0110\u00e1 Granite Sparkle Brown mang \u0111\u1ebfn s\u1ef1 ho\u00e0n h\u1ea3o cho m\u1ecdi kh\u00f4ng gian s\u1ed1ng.<\/p>\n<h3><strong>Contact information Royal Stone \u2013 natural Stone premium<\/strong><\/h3>\n<p><strong>COMPANY LIMITED ROYAL STONE<\/strong><\/p>\n<p>\u260e Hotline: 0963 689 531<\/p>\n<p>\ud83c\udfe0 Office : 283 Tay Mo Ward, Dai Mo ward, Nam tu Liem district, Ha Noi City.<\/p>\n<p>\ud83c\udfe0 Factory: the 10 Yen The town, Luc Yen district, Yen Bai province<\/p>\n<p>\ud83c\udfe0 Warehouse Ha Noi: Lane 24, Dai Mo, tu Liem, Ha Noi (falling edge 4 Van Phuc, Ha Dong)<\/p>\n<p>\ud83c\udf10 Website:\u00a0<a href=\"https:\/\/royalstone.com.vn\/en\/\">www.royalstone.com.vn<\/a><\/p>\n<h3 class=\"ftwp-heading\"><strong>Connect with Royal Stone<\/strong><\/h3>\n<div class=\"textwidget custom-html-widget\">\n<div class=\"textwidget custom-html-widget\">\n<div><a href=\"https:\/\/www.youtube.com\/@royalstone-datunhiencaocap\" target=\"_blank\" rel=\"noopener nofollow\"><img decoding=\"async\" class=\"entered lazyloaded\" title=\"ROYAL STONE - natural Stone premium\" src=\"http:\/\/royalstone.com.vn\/wp-content\/uploads\/2023\/11\/youtube-royalstone.jpg\" alt=\"ROYAL STONE - natural Stone premium\" width=\"30\" height=\"30\" data-lazy-src=\"http:\/\/royalstone.com.vn\/wp-content\/uploads\/2023\/11\/youtube-royalstone.jpg\" data-ll-status=\"loaded\" data-lazy-=\"\" \/><\/a><a href=\"https:\/\/www.facebook.com\/RoyalstoneDaTuNhienCaoCap\" target=\"_blank\" rel=\"noopener nofollow\"><img decoding=\"async\" class=\"entered lazyloaded\" title=\"ROYAL STONE - natural Stone premium\" src=\"http:\/\/royalstone.com.vn\/wp-content\/uploads\/2023\/11\/facebook-royalstone.jpg\" alt=\"ROYAL STONE - natural Stone premium\" width=\"30\" height=\"30\" data-lazy-src=\"http:\/\/royalstone.com.vn\/wp-content\/uploads\/2023\/11\/facebook-royalstone.jpg\" data-ll-status=\"loaded\" data-lazy-=\"\" \/><\/a><a href=\"https:\/\/twitter.com\/royalstonedatn\" target=\"_blank\" rel=\"noopener nofollow\"><img decoding=\"async\" class=\"entered lazyloaded\" title=\"ROYAL STONE - natural Stone premium\" src=\"http:\/\/royalstone.com.vn\/wp-content\/uploads\/2023\/11\/twitter-royalstone.jpg\" alt=\"ROYAL STONE - natural Stone premium\" width=\"30\" height=\"30\" data-lazy-src=\"http:\/\/royalstone.com.vn\/wp-content\/uploads\/2023\/11\/twitter-royalstone.jpg\" data-ll-status=\"loaded\" data-lazy-=\"\" \/><\/a><a href=\"https:\/\/www.pinterest.com\/royalstonedatunhiencaocap\/\" target=\"_blank\" rel=\"noopener nofollow\"><img decoding=\"async\" class=\"entered lazyloaded\" title=\"ROYAL STONE - natural Stone premium\" src=\"http:\/\/royalstone.com.vn\/wp-content\/uploads\/2023\/11\/printerest-royalstone.jpg\" alt=\"ROYAL STONE - natural Stone premium\" width=\"30\" height=\"30\" data-lazy-src=\"http:\/\/royalstone.com.vn\/wp-content\/uploads\/2023\/11\/printerest-royalstone.jpg\" data-ll-status=\"loaded\" data-lazy-=\"\" \/><\/a><a href=\"https:\/\/www.linkedin.com\/in\/royalstone-datunhien\/\" target=\"_blank\" rel=\"noopener nofollow\"><img decoding=\"async\" class=\"entered lazyloaded\" title=\"ROYAL STONE - natural Stone premium\" src=\"http:\/\/royalstone.com.vn\/wp-content\/uploads\/2023\/11\/linkedin-royalstone.jpg\" alt=\"ROYAL STONE - natural Stone premium\" width=\"30\" height=\"30\" data-lazy-src=\"http:\/\/royalstone.com.vn\/wp-content\/uploads\/2023\/11\/linkedin-royalstone.jpg\" data-ll-status=\"loaded\" data-lazy-=\"\" \/><\/a><\/div>\n<\/div>\n<\/div>","protected":false},"excerpt":{"rendered":"<ul class=\"l pr-des-featured\">\n<li>MSP: RSGS2023<\/li>\n<li>Place of origin: Brazil<\/li>\n<li>Color: Red<\/li>\n<li>Type of stone: Granite<\/li>\n<li>Size: large<\/li>\n<li>Thickness: 2.0 cm<\/li>\n<\/ul>\n<ul>\n<li>Application<\/li>\n<li>Cladding facade<\/li>\n<li>Paneled staircase<\/li>\n<li>Tangent floor<\/li>\n<li>Wall cladding<\/li>\n<\/ul>","protected":false},"featured_media":1178,"comment_status":"closed","ping_status":"closed","template":"","meta":{"inline_featured_image":false},"product_cat":[23,27],"product_tag":[],"class_list":{"0":"post-1177","1":"product","2":"type-product","3":"status-publish","4":"has-post-thumbnail","6":"product_cat-da-granite","7":"product_cat-da-granite-do","9":"first","10":"instock","11":"shipping-taxable","12":"product-type-simple"},"_links":{"self":[{"href":"https:\/\/royalstone.com.vn\/en\/wp-json\/wp\/v2\/product\/1177","targetHints":{"allow":["GET"]}}],"collection":[{"href":"https:\/\/royalstone.com.vn\/en\/wp-json\/wp\/v2\/product"}],"about":[{"href":"https:\/\/royalstone.com.vn\/en\/wp-json\/wp\/v2\/types\/product"}],"replies":[{"embeddable":true,"href":"https:\/\/royalstone.com.vn\/en\/wp-json\/wp\/v2\/comments?post=1177"}],"wp:featuredmedia":[{"embeddable":true,"href":"https:\/\/royalstone.com.vn\/en\/wp-json\/wp\/v2\/media\/1178"}],"wp:attachment":[{"href":"https:\/\/royalstone.com.vn\/en\/wp-json\/wp\/v2\/media?parent=1177"}],"wp:term":[{"taxonomy":"product_cat","embeddable":true,"href":"https:\/\/royalstone.com.vn\/en\/wp-json\/wp\/v2\/product_cat?post=1177"},{"taxonomy":"product_tag","embeddable":true,"href":"https:\/\/royalstone.com.vn\/en\/wp-json\/wp\/v2\/product_tag?post=1177"}],"curies":[{"name":"wp","href":"https:\/\/api.w.org\/{rel}","templated":true}]}}