{"id":1081,"date":"2023-12-01T09:38:30","date_gmt":"2023-12-01T09:38:30","guid":{"rendered":"http:\/\/royalstone.com.vn\/?post_type=product&#038;p=1081"},"modified":"2024-03-15T15:45:06","modified_gmt":"2024-03-15T08:45:06","slug":"da-granite-charcol-grey","status":"publish","type":"product","link":"https:\/\/royalstone.com.vn\/en\/da-granite-charcol-grey\/","title":{"rendered":"Granite Charcol Grey"},"content":{"rendered":"<h2 data-sourcepos=\"1:1-1:34\"><strong>Granite Charcol Grey is what?<\/strong><\/h2>\n<p data-sourcepos=\"3:1-3:208\"><a href=\"http:\/\/royalstone.com.vn\/en\/da-granite-charcol-grey\/\"><em><strong>Granite Charcol Grey<\/strong><\/em><\/a> is a kind of natural stone is formed from limestone, metamorphic, gray, black with ridges of white bring elegance and sophistication.<\/p>\n<figure id=\"attachment_1082\" aria-describedby=\"caption-attachment-1082\" style=\"width: 778px\" class=\"wp-caption alignnone\"><img decoding=\"async\" class=\"size-full wp-image-1082\" src=\"http:\/\/royalstone.com.vn\/wp-content\/uploads\/2023\/12\/da-granite-charcol-grey.jpg\" alt=\"Granite Charcol Grey\" width=\"778\" height=\"499\" title=\"\"><figcaption id=\"caption-attachment-1082\" class=\"wp-caption-text\"><b><a href=\"https:\/\/royalstone.com.vn\/en\/da-granite-3-cm-la-lua-chon-hoan-hao\/\">Granite<\/a><\/b> Charcol Grey<\/figcaption><\/figure>\n<h3 data-sourcepos=\"7:1-7:99\"><strong>Granite Charcol Grey can be used for a number of items in the construction process, including:<\/strong><\/h3>\n<ul data-sourcepos=\"9:1-12:0\">\n<li data-sourcepos=\"9:1-9:188\"><strong>Interior decoration:\u00a0<\/strong><a href=\"http:\/\/royalstone.com.vn\/en\/da-granite\/\"><em><strong>Granite<\/strong><\/em><\/a> Charcol Grey c\u00f3 m\u00e0u s\u1eafc sang tr\u1ecdng v\u00e0 tinh t\u1ebf,\u00a0ph\u00f9 h\u1ee3p v\u1edbi nhi\u1ec1u phong c\u00e1ch thi\u1ebft k\u1ebf n\u1ed9i th\u1ea5t.\u00a0\u0110\u00e1 th\u01b0\u1eddng \u0111\u01b0\u1ee3c s\u1eed d\u1ee5ng \u0111\u1ec3 trang tr\u00ed t\u01b0\u1eddng,\u00a0tr\u1ea7n,\u00a0c\u1ed9t,&#8230;<\/li>\n<li data-sourcepos=\"10:1-10:178\"><strong>Exterior decoration:\u00a0<\/strong>\u0110\u00e1 Granite Charcol Grey c\u00f3 \u0111\u1ed9 b\u1ec1n cao,\u00a0ch\u1ecbu \u0111\u01b0\u1ee3c s\u1ef1 kh\u1eafc nghi\u1ec7t,\u00a0ph\u00f9 h\u1ee3p \u0111\u1ec3 s\u1eed d\u1ee5ng cho c\u00e1c khu v\u1ef1c ngo\u1ea1i th\u1ea5t nh\u01b0 m\u1eb7t ti\u1ec1n,\u00a0c\u1ed5ng,\u00a0h\u00e0ng r\u00e0o,&#8230;<\/li>\n<li data-sourcepos=\"11:1-12:0\"><strong>Used in the public works:\u00a0<\/strong>\u0110\u00e1 Granite Charcol Grey c\u00f3 gi\u00e1 th\u00e0nh h\u1ee3p l\u00fd,\u00a0d\u1ec5 thi c\u00f4ng,\u00a0ph\u00f9 h\u1ee3p \u0111\u1ec3 s\u1eed d\u1ee5ng trong c\u00e1c c\u00f4ng tr\u00ecnh c\u00f4ng c\u1ed9ng nh\u01b0 tr\u01b0\u1eddng h\u1ecdc,\u00a0b\u1ec7nh vi\u1ec7n,&#8230;<\/li>\n<\/ul>\n<h3 data-sourcepos=\"13:1-13:46\"><strong>Advantages of Granite Charcol Grey is what?<\/strong><\/h3>\n<ul data-sourcepos=\"17:1-22:0\">\n<li data-sourcepos=\"17:1-17:150\"><strong>Color gray black chic:\u00a0<\/strong>\u0110\u00e1 Granite Charcol Grey c\u00f3 m\u00e0u s\u1eafc x\u00e1m \u0111en sang tr\u1ecdng,\u00a0ph\u00f9 h\u1ee3p v\u1edbi nhi\u1ec1u phong c\u00e1ch thi\u1ebft k\u1ebf n\u1ed9i th\u1ea5t v\u00e0 ngo\u1ea1i th\u1ea5t.<\/li>\n<li data-sourcepos=\"18:1-18:128\"><strong>Durability:\u00a0<\/strong>\u0110\u00e1 Granite Charcol Grey c\u00f3 \u0111\u1ed9 b\u1ec1n cao,\u00a0c\u00f3 kh\u1ea3 n\u0103ng gi\u1ea3i quy\u1ebft tri\u1ec7t \u0111\u1ec3,\u00a0\u00edt h\u01b0 h\u1ecfng trong qu\u00e1 tr\u00ecnh s\u1eed d\u1ee5ng.<\/li>\n<li data-sourcepos=\"19:1-19:149\"><strong>The ability to recover well:\u00a0<\/strong>\u0110\u00e1 Granite Charcol Grey c\u00f3 kh\u1ea3 n\u0103ng ph\u1ee5c h\u1ed3i t\u1ed1t,\u00a0kh\u00f4ng kinh t\u1ebf,\u00a0d\u01b0\u1ee1ng ch\u1ea5t,\u00a0ph\u00f9 h\u1ee3p v\u1edbi c\u1ea3 n\u1ed9i th\u1ea5t v\u00e0 ngo\u1ea1i l\u1ec7.<\/li>\n<li data-sourcepos=\"20:1-20:100\"><strong>Easy construction:\u00a0<\/strong>\u0110\u00e1 Granite Charcol Grey c\u00f3 th\u1ec3 thi c\u00f4ng d\u1ec5 d\u00e0ng,\u00a0kh\u00f4ng \u0111\u00f2i h\u1ecfi k\u1ef9 thu\u1eadt cao.<\/li>\n<li data-sourcepos=\"21:1-22:0\"><strong>Reasonable price:\u00a0<\/strong>\u0110\u00e1 Granite Charcol Grey c\u00f3 gi\u00e1 th\u00e0nh h\u1ee3p l\u00fd,\u00a0ph\u00f9 h\u1ee3p v\u1edbi nhi\u1ec1u \u0111\u1ed1i t\u01b0\u1ee3ng kh\u00e1ch h\u00e0ng.<\/li>\n<\/ul>\n<h3 data-sourcepos=\"23:1-23:59\"><strong>Things to note when using this type of Granite Charcol Grey<\/strong><\/h3>\n<ul data-sourcepos=\"27:1-30:0\">\n<li data-sourcepos=\"27:1-27:160\"><strong>Avoid strong impact:\u00a0<\/strong>\u0110\u00e1 Granite Charcol Grey c\u00f3 \u0111\u1ed9 c\u1ee9ng cao\u00a0nh\u01b0ng c\u0169ng c\u00f3 th\u1ec3 b\u1ecb h\u1ecfng n\u1ebfu ch\u1ecbu t\u00e1c \u0111\u1ed9ng m\u1ea1nh.\u00a0Do \u0111\u00f3,\u00a0c\u1ea7n tr\u00e1nh t\u00e1c \u0111\u1ed9ng m\u1ea1nh l\u00ean b\u1ec1 m\u1eb7t \u0111\u00e1.<\/li>\n<li data-sourcepos=\"28:1-28:181\"><strong>Avoid contact with chemicals:\u00a0<\/strong>\u0110\u00e1 Granite Charcol Grey c\u00f3 th\u1ec3 b\u1ecb \u0103n m\u00f2n b\u1edfi c\u00e1c ch\u1ea5t h\u00f3a h\u1ecdc m\u1ea1nh,\u00a0ngo\u1ea1i nh\u01b0 axit,\u00a0baz\u01a1,&#8230;\u00a0Do \u0111\u00f3,\u00a0c\u1ea7n tr\u00e1nh \u0111\u1ec3 \u0111\u00e1 ti\u1ebfp x\u00fac v\u1edbi c\u00e1c ch\u1ea5t h\u00f3a h\u1ecdc n\u00e0y.<\/li>\n<li data-sourcepos=\"29:1-30:0\"><strong>Regular cleaning:\u00a0<\/strong>\u0110\u00e1 Granite Charcol Grey c\u00f3 b\u1ec1 m\u1eb7t m\u1ecbn b\u00f3ng,\u00a0d\u1ec5 d\u00e0ng b\u1ea3o v\u1ec7 sinh h\u1ecdc.\u00a0Tuy nhi\u00ean,\u00a0b\u1ea1n c\u0169ng c\u1ea7n l\u01b0u \u00fd v\u1ec7 sinh \u0111\u00e1 th\u01b0\u1eddng xuy\u00ean \u0111\u1ec3 tr\u00e1nh t\u00edch t\u1ee5 b\u1ee5i b\u1ea9n,\u00a0g\u00e2y \u1ea3nh h\u01b0\u1edfng \u0111\u1ebfn t\u00ednh th\u1ea9m m\u1ef9 c\u1ee7a \u0111\u00e1.<\/li>\n<li data-sourcepos=\"35:1-35:135\">When using decorative stone interior, it is necessary to note the contrast of stone with the other items in the room to create harmony in harmony.<\/li>\n<li data-sourcepos=\"36:1-36:110\">When using decorative stone exterior, need to pay attention to the weather factors to protect the stone from being damaged.<\/li>\n<li data-sourcepos=\"37:1-38:0\">When securing a birth stone, need to use detergents dedicated to natural stone, to avoid damaging the stone.<\/li>\n<\/ul>\n<h2 data-sourcepos=\"40:1-40:42\"><strong>Address buy Granite-Star Gabriel prestigious<\/strong><\/h2>\n<p data-sourcepos=\"42:1-42:260\"><em><strong>Royal Stone \u2013 natural Stone premium<\/strong><\/em> is a prestigious address dedicated to providing the type of natural stones, high level, including Granite Charcol Grey. With many years of experience in the field of paving stones, we are committed to providing our customers with products of best quality with reasonable price.<\/p>\n<p data-sourcepos=\"46:1-46:199\">Granite Charcol Grey is the type of natural stone has many advantages, suitable for many different applications. With beauty, luxury and sophistication. Granite Charcol Grey brings the perfect for every living space.<\/p>\n<h3><strong>Contact information Royal Stone \u2013 natural Stone premium<\/strong><\/h3>\n<p><strong>COMPANY LIMITED ROYAL STONE<\/strong><\/p>\n<p>\u260e Hotline: 0963 689 531<\/p>\n<p>? Trading office : 283 Tay Mo Ward, Dai Mo ward, Nam tu Liem district, Ha Noi City.<\/p>\n<p>? Factory: the 10 Yen The town, Luc Yen district, Yen Bai province<\/p>\n<p>? Warehouse Ha Noi: Lane 24, Dai Mo, tu Liem, Ha Noi (falling edge 4 Van Phuc, Ha Dong)<\/p>\n<p>? Website:\u00a0<a href=\"https:\/\/royalstone.com.vn\/en\/\">www.royalstone.com.vn<\/a><\/p>\n<h3 class=\"ftwp-heading\"><strong>Connect with Royal Stone<\/strong><\/h3>\n<div class=\"textwidget custom-html-widget\">\n<div class=\"textwidget custom-html-widget\">\n<div><a href=\"https:\/\/www.youtube.com\/@royalstone-datunhiencaocap\" target=\"_blank\" rel=\"noopener nofollow\"><img decoding=\"async\" class=\"entered lazyloaded\" title=\"ROYAL STONE - natural Stone premium\" src=\"http:\/\/royalstone.com.vn\/wp-content\/uploads\/2023\/11\/youtube-royalstone.jpg\" alt=\"ROYAL STONE - natural Stone premium\" width=\"30\" height=\"30\" data-lazy-src=\"http:\/\/royalstone.com.vn\/wp-content\/uploads\/2023\/11\/youtube-royalstone.jpg\" data-ll-status=\"loaded\" data-lazy-=\"\" \/><\/a><a href=\"https:\/\/www.facebook.com\/RoyalstoneDaTuNhienCaoCap\" target=\"_blank\" rel=\"noopener nofollow\"><img decoding=\"async\" class=\"entered lazyloaded\" title=\"ROYAL STONE - natural Stone premium\" src=\"http:\/\/royalstone.com.vn\/wp-content\/uploads\/2023\/11\/facebook-royalstone.jpg\" alt=\"ROYAL STONE - natural Stone premium\" width=\"30\" height=\"30\" data-lazy-src=\"http:\/\/royalstone.com.vn\/wp-content\/uploads\/2023\/11\/facebook-royalstone.jpg\" data-ll-status=\"loaded\" data-lazy-=\"\" \/><\/a><a href=\"https:\/\/twitter.com\/royalstonedatn\" target=\"_blank\" rel=\"noopener nofollow\"><img decoding=\"async\" class=\"entered lazyloaded\" title=\"ROYAL STONE - natural Stone premium\" src=\"http:\/\/royalstone.com.vn\/wp-content\/uploads\/2023\/11\/twitter-royalstone.jpg\" alt=\"ROYAL STONE - natural Stone premium\" width=\"30\" height=\"30\" data-lazy-src=\"http:\/\/royalstone.com.vn\/wp-content\/uploads\/2023\/11\/twitter-royalstone.jpg\" data-ll-status=\"loaded\" data-lazy-=\"\" \/><\/a><a href=\"https:\/\/www.pinterest.com\/royalstonedatunhiencaocap\/\" target=\"_blank\" rel=\"noopener nofollow\"><img decoding=\"async\" class=\"entered lazyloaded\" title=\"ROYAL STONE - natural Stone premium\" src=\"http:\/\/royalstone.com.vn\/wp-content\/uploads\/2023\/11\/printerest-royalstone.jpg\" alt=\"ROYAL STONE - natural Stone premium\" width=\"30\" height=\"30\" data-lazy-src=\"http:\/\/royalstone.com.vn\/wp-content\/uploads\/2023\/11\/printerest-royalstone.jpg\" data-ll-status=\"loaded\" data-lazy-=\"\" \/><\/a><a href=\"https:\/\/www.linkedin.com\/in\/royalstone-datunhien\/\" target=\"_blank\" rel=\"noopener nofollow\"><img decoding=\"async\" class=\"entered lazyloaded\" title=\"ROYAL STONE - natural Stone premium\" src=\"http:\/\/royalstone.com.vn\/wp-content\/uploads\/2023\/11\/linkedin-royalstone.jpg\" alt=\"ROYAL STONE - natural Stone premium\" width=\"30\" height=\"30\" data-lazy-src=\"http:\/\/royalstone.com.vn\/wp-content\/uploads\/2023\/11\/linkedin-royalstone.jpg\" data-ll-status=\"loaded\" data-lazy-=\"\" \/><\/a><\/div>\n<\/div>\n<\/div>","protected":false},"excerpt":{"rendered":"<ul class=\"l pr-des-featured\">\n<li>Product code: RSGC2023<\/li>\n<li>Place of origin: BRAZIL<\/li>\n<li>Color: black<\/li>\n<li>Type of stone: Granite<\/li>\n<li>Size: large<\/li>\n<li>Thickness: 2.0 Cm<\/li>\n<\/ul>\n<p>&nbsp;<\/p>\n<ul>\n<li>Application<\/li>\n<li>Cladding facade<\/li>\n<li>Paneled staircase<\/li>\n<li>Tangent floor<\/li>\n<li>Wall cladding<\/li>\n<\/ul>","protected":false},"featured_media":1082,"comment_status":"closed","ping_status":"closed","template":"","meta":{"inline_featured_image":false},"product_cat":[23,26],"product_tag":[],"class_list":{"0":"post-1081","1":"product","2":"type-product","3":"status-publish","4":"has-post-thumbnail","6":"product_cat-da-granite","7":"product_cat-da-granite-den","9":"first","10":"instock","11":"shipping-taxable","12":"product-type-simple"},"_links":{"self":[{"href":"https:\/\/royalstone.com.vn\/en\/wp-json\/wp\/v2\/product\/1081","targetHints":{"allow":["GET"]}}],"collection":[{"href":"https:\/\/royalstone.com.vn\/en\/wp-json\/wp\/v2\/product"}],"about":[{"href":"https:\/\/royalstone.com.vn\/en\/wp-json\/wp\/v2\/types\/product"}],"replies":[{"embeddable":true,"href":"https:\/\/royalstone.com.vn\/en\/wp-json\/wp\/v2\/comments?post=1081"}],"wp:featuredmedia":[{"embeddable":true,"href":"https:\/\/royalstone.com.vn\/en\/wp-json\/wp\/v2\/media\/1082"}],"wp:attachment":[{"href":"https:\/\/royalstone.com.vn\/en\/wp-json\/wp\/v2\/media?parent=1081"}],"wp:term":[{"taxonomy":"product_cat","embeddable":true,"href":"https:\/\/royalstone.com.vn\/en\/wp-json\/wp\/v2\/product_cat?post=1081"},{"taxonomy":"product_tag","embeddable":true,"href":"https:\/\/royalstone.com.vn\/en\/wp-json\/wp\/v2\/product_tag?post=1081"}],"curies":[{"name":"wp","href":"https:\/\/api.w.org\/{rel}","templated":true}]}}